{"id":794,"date":"2016-09-06T10:16:33","date_gmt":"2016-09-06T12:16:33","guid":{"rendered":"http:\/\/sites.usp.br\/lepsis\/?page_id=794"},"modified":"2016-11-22T09:19:35","modified_gmt":"2016-11-22T11:19:35","slug":"2016-2","status":"publish","type":"page","link":"https:\/\/sites.usp.br\/lepsis\/2016-2\/","title":{"rendered":"2016"},"content":{"rendered":"<p><strong>VII Exposa\u00fade &#8211; Prefeitura Municipal de Ribeir\u00e3o Preto<\/strong><\/p>\n<p><em>Nat\u00e1lia Feitosa<\/em><\/p>\n<p>&nbsp;<\/p>\n<p><img loading=\"lazy\" decoding=\"async\" class=\"aligncenter size-full wp-image-917\" src=\"http:\/\/sites.usp.br\/lepsis\/wp-content\/uploads\/sites\/107\/2016\/09\/nat\u00e1lia.jpg\" alt=\"nat\u00e1lia\" width=\"2048\" height=\"1467\" srcset=\"https:\/\/sites.usp.br\/lepsis\/wp-content\/uploads\/sites\/107\/2016\/09\/nat\u00e1lia.jpg 2048w, https:\/\/sites.usp.br\/lepsis\/wp-content\/uploads\/sites\/107\/2016\/09\/nat\u00e1lia-300x215.jpg 300w, https:\/\/sites.usp.br\/lepsis\/wp-content\/uploads\/sites\/107\/2016\/09\/nat\u00e1lia-1024x734.jpg 1024w, https:\/\/sites.usp.br\/lepsis\/wp-content\/uploads\/sites\/107\/2016\/09\/nat\u00e1lia-400x287.jpg 400w\" sizes=\"auto, (max-width: 767px) 89vw, (max-width: 1000px) 54vw, (max-width: 1071px) 543px, 580px\" \/><\/p>\n<p>&nbsp;<\/p>\n<p><strong><span id=\"fbPhotoSnowliftCaption\" class=\"fbPhotosPhotoCaption\"><span class=\"hasCaption\">XIV Encontro Internacional de Pesquisadores em Sa\u00fade Mental e Especialistas em Enfermagem Psiqui\u00e1trica<\/span><\/span><\/strong><span id=\"fbPhotoSnowliftTagList\" class=\"fbPhotoTagList\"><\/span><\/p>\n<p>Ribeir\u00e3o Preto &#8211; SP<\/p>\n<p><em>Cristiana Nelise de Paula Ara\u00fajo<\/em><\/p>\n<p><img loading=\"lazy\" decoding=\"async\" class=\"aligncenter size-full wp-image-915\" src=\"http:\/\/sites.usp.br\/lepsis\/wp-content\/uploads\/sites\/107\/2016\/09\/cris.jpg\" alt=\"cris\" width=\"206\" height=\"274\" \/><\/p>\n<p>&nbsp;<\/p>\n<p><strong>II World Ayahuasca Conference<\/strong><\/p>\n<p>Rio Branco &#8211; Acre<\/p>\n<p><em>Alexandre Augusto de Deus Pontual<\/em><\/p>\n<p><a href=\"http:\/\/sites.usp.br\/lepsis\/wp-content\/uploads\/sites\/107\/2016\/09\/alexandre-pontual.jpg\"><img loading=\"lazy\" decoding=\"async\" class=\"aligncenter size-full wp-image-897\" src=\"http:\/\/sites.usp.br\/lepsis\/wp-content\/uploads\/sites\/107\/2016\/09\/alexandre-pontual.jpg\" alt=\"alexandre pontual\" width=\"526\" height=\"526\" srcset=\"https:\/\/sites.usp.br\/lepsis\/wp-content\/uploads\/sites\/107\/2016\/09\/alexandre-pontual.jpg 526w, https:\/\/sites.usp.br\/lepsis\/wp-content\/uploads\/sites\/107\/2016\/09\/alexandre-pontual-150x150.jpg 150w, https:\/\/sites.usp.br\/lepsis\/wp-content\/uploads\/sites\/107\/2016\/09\/alexandre-pontual-300x300.jpg 300w, https:\/\/sites.usp.br\/lepsis\/wp-content\/uploads\/sites\/107\/2016\/09\/alexandre-pontual-45x45.jpg 45w, https:\/\/sites.usp.br\/lepsis\/wp-content\/uploads\/sites\/107\/2016\/09\/alexandre-pontual-200x200.jpg 200w, https:\/\/sites.usp.br\/lepsis\/wp-content\/uploads\/sites\/107\/2016\/09\/alexandre-pontual-400x400.jpg 400w\" sizes=\"auto, (max-width: 526px) 100vw, 526px\" \/><\/a><\/p>\n","protected":false},"excerpt":{"rendered":"<p>VII Exposa\u00fade &#8211; Prefeitura Municipal de Ribeir\u00e3o Preto Nat\u00e1lia Feitosa &nbsp; &nbsp; XIV Encontro Internacional de Pesquisadores em Sa\u00fade Mental e Especialistas em Enfermagem Psiqui\u00e1trica Ribeir\u00e3o Preto &#8211; SP Cristiana Nelise de Paula Ara\u00fajo &nbsp; II World Ayahuasca Conference Rio Branco &#8211; Acre Alexandre Augusto de Deus Pontual<\/p>\n","protected":false},"author":187,"featured_media":0,"parent":0,"menu_order":0,"comment_status":"closed","ping_status":"closed","template":"","meta":{"footnotes":"","_links_to":"","_links_to_target":""},"class_list":["post-794","page","type-page","status-publish","hentry"],"_links":{"self":[{"href":"https:\/\/sites.usp.br\/lepsis\/wp-json\/wp\/v2\/pages\/794","targetHints":{"allow":["GET"]}}],"collection":[{"href":"https:\/\/sites.usp.br\/lepsis\/wp-json\/wp\/v2\/pages"}],"about":[{"href":"https:\/\/sites.usp.br\/lepsis\/wp-json\/wp\/v2\/types\/page"}],"author":[{"embeddable":true,"href":"https:\/\/sites.usp.br\/lepsis\/wp-json\/wp\/v2\/users\/187"}],"replies":[{"embeddable":true,"href":"https:\/\/sites.usp.br\/lepsis\/wp-json\/wp\/v2\/comments?post=794"}],"version-history":[{"count":5,"href":"https:\/\/sites.usp.br\/lepsis\/wp-json\/wp\/v2\/pages\/794\/revisions"}],"predecessor-version":[{"id":918,"href":"https:\/\/sites.usp.br\/lepsis\/wp-json\/wp\/v2\/pages\/794\/revisions\/918"}],"wp:attachment":[{"href":"https:\/\/sites.usp.br\/lepsis\/wp-json\/wp\/v2\/media?parent=794"}],"curies":[{"name":"wp","href":"https:\/\/api.w.org\/{rel}","templated":true}]}}