{"id":803,"date":"2016-09-06T10:19:51","date_gmt":"2016-09-06T12:19:51","guid":{"rendered":"http:\/\/sites.usp.br\/lepsis\/?page_id=803"},"modified":"2016-09-06T10:31:38","modified_gmt":"2016-09-06T12:31:38","slug":"2012-2","status":"publish","type":"page","link":"https:\/\/sites.usp.br\/lepsis\/2012-2\/","title":{"rendered":"2012"},"content":{"rendered":"<div class=\"layout-cell layout-cell-1 text-align-right\"><strong>Visita aos servi\u00e7os de sa\u00fade mental de Trieste.<\/strong><\/div>\n<div class=\"layout-cell layout-cell-1 text-align-right\"><\/div>\n<div class=\"layout-cell layout-cell-1 text-align-right\">Trieste. It\u00e1lia.<\/div>\n<div class=\"layout-cell layout-cell-1 text-align-right\"><\/div>\n<div class=\"layout-cell layout-cell-1 text-align-right\"><em>Clarissa Corradi-Webster e Tha\u00eds Thom\u00e9 Seni Oliveira Pereira<br \/>\n<\/em><\/div>\n<div class=\"layout-cell layout-cell-1 text-align-right\"><\/div>\n<div class=\"layout-cell layout-cell-1 text-align-right\"><img loading=\"lazy\" decoding=\"async\" class=\"alignleft size-thumbnail wp-image-808\" src=\"http:\/\/sites.usp.br\/lepsis\/wp-content\/uploads\/sites\/107\/2016\/09\/trieste-mapa-150x150.jpg\" alt=\"trieste mapa\" width=\"150\" height=\"150\" srcset=\"https:\/\/sites.usp.br\/lepsis\/wp-content\/uploads\/sites\/107\/2016\/09\/trieste-mapa-150x150.jpg 150w, https:\/\/sites.usp.br\/lepsis\/wp-content\/uploads\/sites\/107\/2016\/09\/trieste-mapa-45x45.jpg 45w, https:\/\/sites.usp.br\/lepsis\/wp-content\/uploads\/sites\/107\/2016\/09\/trieste-mapa-200x200.jpg 200w\" sizes=\"auto, (max-width: 150px) 100vw, 150px\" \/> <a href=\"http:\/\/sites.usp.br\/lepsis\/wp-content\/uploads\/sites\/107\/2016\/09\/triestethais.jpg\"><img loading=\"lazy\" decoding=\"async\" class=\"alignleft size-thumbnail wp-image-809\" src=\"http:\/\/sites.usp.br\/lepsis\/wp-content\/uploads\/sites\/107\/2016\/09\/triestethais-150x150.jpg\" alt=\"triestethais\" width=\"150\" height=\"150\" srcset=\"https:\/\/sites.usp.br\/lepsis\/wp-content\/uploads\/sites\/107\/2016\/09\/triestethais-150x150.jpg 150w, https:\/\/sites.usp.br\/lepsis\/wp-content\/uploads\/sites\/107\/2016\/09\/triestethais-45x45.jpg 45w, https:\/\/sites.usp.br\/lepsis\/wp-content\/uploads\/sites\/107\/2016\/09\/triestethais-200x200.jpg 200w\" sizes=\"auto, (max-width: 150px) 100vw, 150px\" \/><\/a><\/div>\n<div class=\"layout-cell layout-cell-11\"><\/div>\n<div class=\"layout-cell-pad-5\"><\/div>\n<div class=\"layout-cell-pad-5\"><\/div>\n<div class=\"layout-cell-pad-5\"><\/div>\n<div class=\"layout-cell-pad-5\"><\/div>\n<div class=\"layout-cell-pad-5\"><\/div>\n<div class=\"layout-cell-pad-5\"><\/div>\n<div class=\"layout-cell-pad-5\"><\/div>\n<div class=\"layout-cell-pad-5\"><\/div>\n<div class=\"layout-cell-pad-5\"><\/div>\n<div class=\"layout-cell-pad-5\"><\/div>\n<div class=\"layout-cell-pad-5\"><\/div>\n<div class=\"layout-cell-pad-5\"><\/div>\n<div class=\"layout-cell-pad-5\"><\/div>\n<div class=\"layout-cell layout-cell-11\">\n<div class=\"layout-cell-pad-5\"><strong>11th World Congress of the World Association for Psychossocial Rehabilitation<\/strong><\/div>\n<\/div>\n<div class=\"layout-cell-pad-5\"><\/div>\n<div class=\"layout-cell-pad-5\">Mil\u00e3o. It\u00e1lia<\/div>\n<div class=\"layout-cell-pad-5\"><\/div>\n<div class=\"layout-cell-pad-5\"><em>Clarissa Corradi-Webster,\u00a0Tha\u00eds Thom\u00e9 Seni Oliveira Pereira e Fernanda Sousa Vieira<\/em><\/div>\n<div class=\"layout-cell-pad-5\"><\/div>\n<div class=\"layout-cell-pad-5\"><img loading=\"lazy\" decoding=\"async\" class=\"alignleft size-thumbnail wp-image-806\" src=\"http:\/\/sites.usp.br\/lepsis\/wp-content\/uploads\/sites\/107\/2016\/09\/italia-congresso-150x150.jpg\" alt=\"italia congresso\" width=\"150\" height=\"150\" srcset=\"https:\/\/sites.usp.br\/lepsis\/wp-content\/uploads\/sites\/107\/2016\/09\/italia-congresso-150x150.jpg 150w, https:\/\/sites.usp.br\/lepsis\/wp-content\/uploads\/sites\/107\/2016\/09\/italia-congresso-45x45.jpg 45w, https:\/\/sites.usp.br\/lepsis\/wp-content\/uploads\/sites\/107\/2016\/09\/italia-congresso-200x200.jpg 200w\" sizes=\"auto, (max-width: 150px) 100vw, 150px\" \/><\/div>\n","protected":false},"excerpt":{"rendered":"<p>Visita aos servi\u00e7os de sa\u00fade mental de Trieste. Trieste. It\u00e1lia. Clarissa Corradi-Webster e Tha\u00eds Thom\u00e9 Seni Oliveira Pereira 11th World Congress of the World Association for Psychossocial Rehabilitation Mil\u00e3o. It\u00e1lia Clarissa Corradi-Webster,\u00a0Tha\u00eds Thom\u00e9 Seni Oliveira Pereira e Fernanda Sousa Vieira<\/p>\n","protected":false},"author":187,"featured_media":0,"parent":0,"menu_order":0,"comment_status":"closed","ping_status":"closed","template":"","meta":{"footnotes":"","_links_to":"","_links_to_target":""},"class_list":["post-803","page","type-page","status-publish","hentry"],"_links":{"self":[{"href":"https:\/\/sites.usp.br\/lepsis\/wp-json\/wp\/v2\/pages\/803","targetHints":{"allow":["GET"]}}],"collection":[{"href":"https:\/\/sites.usp.br\/lepsis\/wp-json\/wp\/v2\/pages"}],"about":[{"href":"https:\/\/sites.usp.br\/lepsis\/wp-json\/wp\/v2\/types\/page"}],"author":[{"embeddable":true,"href":"https:\/\/sites.usp.br\/lepsis\/wp-json\/wp\/v2\/users\/187"}],"replies":[{"embeddable":true,"href":"https:\/\/sites.usp.br\/lepsis\/wp-json\/wp\/v2\/comments?post=803"}],"version-history":[{"count":6,"href":"https:\/\/sites.usp.br\/lepsis\/wp-json\/wp\/v2\/pages\/803\/revisions"}],"predecessor-version":[{"id":822,"href":"https:\/\/sites.usp.br\/lepsis\/wp-json\/wp\/v2\/pages\/803\/revisions\/822"}],"wp:attachment":[{"href":"https:\/\/sites.usp.br\/lepsis\/wp-json\/wp\/v2\/media?parent=803"}],"curies":[{"name":"wp","href":"https:\/\/api.w.org\/{rel}","templated":true}]}}