{"id":298,"date":"2015-06-22T13:35:09","date_gmt":"2015-06-22T16:35:09","guid":{"rendered":"http:\/\/sites.usp.br\/lesca\/?page_id=298"},"modified":"2025-05-12T08:30:35","modified_gmt":"2025-05-12T11:30:35","slug":"escorpianismo","status":"publish","type":"page","link":"https:\/\/sites.usp.br\/lesca\/escorpianismo\/","title":{"rendered":"Escorpionismo"},"content":{"rendered":"\t\t<div data-elementor-type=\"wp-page\" data-elementor-id=\"298\" class=\"elementor elementor-298\">\n\t\t\t\t\t\t<section class=\"elementor-section elementor-top-section elementor-element elementor-element-a5117f4 elementor-section-boxed elementor-section-height-default elementor-section-height-default\" data-id=\"a5117f4\" data-element_type=\"section\">\n\t\t\t\t\t\t<div class=\"elementor-container elementor-column-gap-default\">\n\t\t\t\t\t<div class=\"elementor-column elementor-col-100 elementor-top-column elementor-element elementor-element-af22c57\" data-id=\"af22c57\" data-element_type=\"column\">\n\t\t\t<div class=\"elementor-widget-wrap elementor-element-populated\">\n\t\t\t\t\t\t<div class=\"elementor-element elementor-element-37960ec elementor-widget__width-inherit elementor-widget elementor-widget-image\" data-id=\"37960ec\" data-element_type=\"widget\" data-widget_type=\"image.default\">\n\t\t\t\t<div class=\"elementor-widget-container\">\n\t\t\t\t\t\t\t\t\t\t\t\t\t<img fetchpriority=\"high\" decoding=\"async\" width=\"1536\" height=\"518\" src=\"https:\/\/sites.usp.br\/lesca\/wp-content\/uploads\/sites\/1615\/2025\/02\/perigo_picada_escorpiao-1536x518.jpg\" class=\"attachment-1536x1536 size-1536x1536 wp-image-1056\" alt=\"\" srcset=\"https:\/\/sites.usp.br\/lesca\/wp-content\/uploads\/sites\/1615\/2025\/02\/perigo_picada_escorpiao-1536x518.jpg 1536w, https:\/\/sites.usp.br\/lesca\/wp-content\/uploads\/sites\/1615\/2025\/02\/perigo_picada_escorpiao-300x101.jpg 300w, https:\/\/sites.usp.br\/lesca\/wp-content\/uploads\/sites\/1615\/2025\/02\/perigo_picada_escorpiao-1024x346.jpg 1024w, https:\/\/sites.usp.br\/lesca\/wp-content\/uploads\/sites\/1615\/2025\/02\/perigo_picada_escorpiao-768x259.jpg 768w, https:\/\/sites.usp.br\/lesca\/wp-content\/uploads\/sites\/1615\/2025\/02\/perigo_picada_escorpiao-400x135.jpg 400w, https:\/\/sites.usp.br\/lesca\/wp-content\/uploads\/sites\/1615\/2025\/02\/perigo_picada_escorpiao.jpg 2000w\" sizes=\"100vw\" \/>\t\t\t\t\t\t\t\t\t\t\t\t\t<\/div>\n\t\t\t\t<\/div>\n\t\t\t\t<div class=\"elementor-element elementor-element-0c3cc0d elementor-widget elementor-widget-spacer\" data-id=\"0c3cc0d\" data-element_type=\"widget\" data-widget_type=\"spacer.default\">\n\t\t\t\t<div class=\"elementor-widget-container\">\n\t\t\t\t\t<div class=\"elementor-spacer\">\n\t\t\t<div class=\"elementor-spacer-inner\"><\/div>\n\t\t<\/div>\n\t\t\t\t<\/div>\n\t\t\t\t<\/div>\n\t\t\t\t<div class=\"elementor-element elementor-element-271376ac elementor-widget elementor-widget-text-editor\" data-id=\"271376ac\" data-element_type=\"widget\" data-widget_type=\"text-editor.default\">\n\t\t\t\t<div class=\"elementor-widget-container\">\n\t\t\t\t\t\t\t<p>\u00a0 \u00a0Escorpionismo \u00e9 o nome dado \u00e0 problem\u00e1tica ligada aos acidentes causados por picadas de escorpi\u00f5es. \u00c9 uma quest\u00e3o que acomete diversas regi\u00f5es no mundo. No Brasil, existem relatos publicados de quase 100 anos atr\u00e1s e o n\u00famero de acidentes cresce a cada ano. O escorpi\u00e3o respons\u00e1vel pela maioria dos acidentes e mortes \u00e9 o escorpi\u00e3o amarelo <i>Tityus serrulatus<\/i>. Este escorpi\u00e3o, originalmente do Sudeste, hoje \u00e9 encontrado em diversas regi\u00f5es do Brasil e at\u00e9 em outros pa\u00edses. Infelizmente, trabalhos cient\u00edficos que abordem formas de controle e entendimento da popula\u00e7\u00e3o sobre o problema s\u00e3o escassos. Por essa raz\u00e3o estudamos formas de controlar estes animais com uma abordagem multi-disciplinar.\u00a0<\/p>\t\t\t\t\t\t<\/div>\n\t\t\t\t<\/div>\n\t\t\t\t\t<\/div>\n\t\t<\/div>\n\t\t\t\t\t<\/div>\n\t\t<\/section>\n\t\t\t\t<section class=\"elementor-section elementor-top-section elementor-element elementor-element-a324001 elementor-section-boxed elementor-section-height-default elementor-section-height-default\" data-id=\"a324001\" data-element_type=\"section\">\n\t\t\t\t\t\t<div class=\"elementor-container elementor-column-gap-default\">\n\t\t\t\t\t<div class=\"elementor-column elementor-col-100 elementor-top-column elementor-element elementor-element-21947d9\" data-id=\"21947d9\" data-element_type=\"column\">\n\t\t\t<div class=\"elementor-widget-wrap elementor-element-populated\">\n\t\t\t\t\t\t<div class=\"elementor-element elementor-element-4048d5f elementor-widget elementor-widget-image\" data-id=\"4048d5f\" data-element_type=\"widget\" data-widget_type=\"image.default\">\n\t\t\t\t<div class=\"elementor-widget-container\">\n\t\t\t\t\t\t\t\t\t\t\t\t\t<img decoding=\"async\" width=\"525\" height=\"210\" src=\"https:\/\/sites.usp.br\/lesca\/wp-content\/uploads\/sites\/1615\/2025\/04\/escorpinao-e1744424211887-1024x410.jpeg\" class=\"attachment-large size-large wp-image-1612\" alt=\"\" srcset=\"https:\/\/sites.usp.br\/lesca\/wp-content\/uploads\/sites\/1615\/2025\/04\/escorpinao-e1744424211887-1024x410.jpeg 1024w, https:\/\/sites.usp.br\/lesca\/wp-content\/uploads\/sites\/1615\/2025\/04\/escorpinao-e1744424211887-300x120.jpeg 300w, https:\/\/sites.usp.br\/lesca\/wp-content\/uploads\/sites\/1615\/2025\/04\/escorpinao-e1744424211887-1536x614.jpeg 1536w, https:\/\/sites.usp.br\/lesca\/wp-content\/uploads\/sites\/1615\/2025\/04\/escorpinao-e1744424211887-400x160.jpeg 400w, https:\/\/sites.usp.br\/lesca\/wp-content\/uploads\/sites\/1615\/2025\/04\/escorpinao-e1744424211887-768x307.jpeg 768w, https:\/\/sites.usp.br\/lesca\/wp-content\/uploads\/sites\/1615\/2025\/04\/escorpinao-e1744424211887.jpeg 1600w\" sizes=\"100vw\" \/>\t\t\t\t\t\t\t\t\t\t\t\t\t<\/div>\n\t\t\t\t<\/div>\n\t\t\t\t\t<\/div>\n\t\t<\/div>\n\t\t\t\t\t<\/div>\n\t\t<\/section>\n\t\t\t\t<section class=\"elementor-section elementor-top-section elementor-element elementor-element-9790ae3 elementor-section-boxed elementor-section-height-default elementor-section-height-default\" data-id=\"9790ae3\" data-element_type=\"section\">\n\t\t\t\t\t\t<div class=\"elementor-container elementor-column-gap-default\">\n\t\t\t\t\t<div class=\"elementor-column elementor-col-100 elementor-top-column elementor-element elementor-element-42f8345\" data-id=\"42f8345\" data-element_type=\"column\">\n\t\t\t<div class=\"elementor-widget-wrap elementor-element-populated\">\n\t\t\t\t\t\t<div class=\"elementor-element elementor-element-e1871bb elementor-widget elementor-widget-text-editor\" data-id=\"e1871bb\" data-element_type=\"widget\" data-widget_type=\"text-editor.default\">\n\t\t\t\t<div class=\"elementor-widget-container\">\n\t\t\t\t\t\t\t<p>\u00a0 \u00a0Para informar o p\u00fablico, desde 2025 iniciamos o Projeto <strong>EscorpiN\u00e3o<\/strong>,<\/p><p>\u00a0 \u00a0O projeto tem o objetivo de informar a popula\u00e7\u00e3o sobre a quest\u00e3o do escorpionismo, envolvendo a realiza\u00e7\u00e3o de oficinas e palestras em universidades, escolas e cidades-alvo.<\/p><p>\u00a0 \u00a0O nome \u201cEscorpiN\u00e3o\u201d foi criado pela nossa ex-aluna Marina Rodrigues e o logo desenvolvido pela nossa ex-aluna Nathalia G Ximenes.\u00a0<\/p>\t\t\t\t\t\t<\/div>\n\t\t\t\t<\/div>\n\t\t\t\t\t<\/div>\n\t\t<\/div>\n\t\t\t\t\t<\/div>\n\t\t<\/section>\n\t\t\t\t<section class=\"elementor-section elementor-top-section elementor-element elementor-element-bfa8023 elementor-section-boxed elementor-section-height-default elementor-section-height-default\" data-id=\"bfa8023\" data-element_type=\"section\">\n\t\t\t\t\t\t<div class=\"elementor-container elementor-column-gap-default\">\n\t\t\t\t\t<div class=\"elementor-column elementor-col-100 elementor-top-column elementor-element elementor-element-1a38727\" data-id=\"1a38727\" data-element_type=\"column\">\n\t\t\t<div class=\"elementor-widget-wrap elementor-element-populated\">\n\t\t\t\t\t\t<div class=\"elementor-element elementor-element-ea9b5ee elementor-widget-divider--view-line_icon elementor-view-default elementor-widget-divider--element-align-center elementor-widget elementor-widget-divider\" data-id=\"ea9b5ee\" data-element_type=\"widget\" data-widget_type=\"divider.default\">\n\t\t\t\t<div class=\"elementor-widget-container\">\n\t\t\t\t\t<div class=\"elementor-divider\">\n\t\t\t<span class=\"elementor-divider-separator\">\n\t\t\t\t\t\t\t<div class=\"elementor-icon elementor-divider__element\">\n\t\t\t\t\t<i aria-hidden=\"true\" class=\"fas fa-spider\"><\/i><\/div>\n\t\t\t\t\t\t<\/span>\n\t\t<\/div>\n\t\t\t\t<\/div>\n\t\t\t\t<\/div>\n\t\t\t\t<div class=\"elementor-element elementor-element-426fac0 elementor-widget elementor-widget-text-editor\" data-id=\"426fac0\" data-element_type=\"widget\" data-widget_type=\"text-editor.default\">\n\t\t\t\t<div class=\"elementor-widget-container\">\n\t\t\t\t\t\t\t<p>\u00a0 \u00a0Aqui est\u00e1 uma curiosidade interessante: escorpi\u00f5es brilham em luz ultravioleta! Capturamos essas imagens da fluoresc\u00eancia em nosso laborat\u00f3rio a partir das ex\u00favias de animais, isto \u00e9, das cut\u00edculas que eles deixaram para tr\u00e1s ap\u00f3s o processo de muda.<\/p>\t\t\t\t\t\t<\/div>\n\t\t\t\t<\/div>\n\t\t\t\t\t<\/div>\n\t\t<\/div>\n\t\t\t\t\t<\/div>\n\t\t<\/section>\n\t\t\t\t<section class=\"elementor-section elementor-top-section elementor-element elementor-element-314a53d elementor-section-boxed elementor-section-height-default elementor-section-height-default\" data-id=\"314a53d\" data-element_type=\"section\">\n\t\t\t\t\t\t<div class=\"elementor-container elementor-column-gap-default\">\n\t\t\t\t\t<div class=\"elementor-column elementor-col-100 elementor-top-column elementor-element elementor-element-2d4c048\" data-id=\"2d4c048\" data-element_type=\"column\">\n\t\t\t<div class=\"elementor-widget-wrap elementor-element-populated\">\n\t\t\t\t\t\t<div class=\"elementor-element elementor-element-7daea4d elementor-widget elementor-widget-image\" data-id=\"7daea4d\" data-element_type=\"widget\" data-widget_type=\"image.default\">\n\t\t\t\t<div class=\"elementor-widget-container\">\n\t\t\t\t\t\t\t\t\t\t\t\t\t<img decoding=\"async\" width=\"525\" height=\"700\" src=\"https:\/\/sites.usp.br\/lesca\/wp-content\/uploads\/sites\/1615\/2025\/04\/IMG_6067-768x1024.jpg\" class=\"attachment-large size-large wp-image-1660\" alt=\"\" srcset=\"https:\/\/sites.usp.br\/lesca\/wp-content\/uploads\/sites\/1615\/2025\/04\/IMG_6067-768x1024.jpg 768w, https:\/\/sites.usp.br\/lesca\/wp-content\/uploads\/sites\/1615\/2025\/04\/IMG_6067-225x300.jpg 225w, https:\/\/sites.usp.br\/lesca\/wp-content\/uploads\/sites\/1615\/2025\/04\/IMG_6067-1152x1536.jpg 1152w, https:\/\/sites.usp.br\/lesca\/wp-content\/uploads\/sites\/1615\/2025\/04\/IMG_6067-1536x2048.jpg 1536w, https:\/\/sites.usp.br\/lesca\/wp-content\/uploads\/sites\/1615\/2025\/04\/IMG_6067-400x533.jpg 400w, https:\/\/sites.usp.br\/lesca\/wp-content\/uploads\/sites\/1615\/2025\/04\/IMG_6067-scaled.jpg 1920w\" sizes=\"100vw\" \/>\t\t\t\t\t\t\t\t\t\t\t\t\t<\/div>\n\t\t\t\t<\/div>\n\t\t\t\t\t<\/div>\n\t\t<\/div>\n\t\t\t\t\t<\/div>\n\t\t<\/section>\n\t\t\t\t<section class=\"elementor-section elementor-top-section elementor-element elementor-element-afc7088 elementor-section-boxed elementor-section-height-default elementor-section-height-default\" data-id=\"afc7088\" data-element_type=\"section\">\n\t\t\t\t\t\t<div class=\"elementor-container elementor-column-gap-default\">\n\t\t\t\t\t<div class=\"elementor-column elementor-col-100 elementor-top-column elementor-element elementor-element-9e6026e\" data-id=\"9e6026e\" data-element_type=\"column\">\n\t\t\t<div class=\"elementor-widget-wrap\">\n\t\t\t\t\t\t\t<\/div>\n\t\t<\/div>\n\t\t\t\t\t<\/div>\n\t\t<\/section>\n\t\t\t\t<\/div>\n\t\t","protected":false},"excerpt":{"rendered":"<p>\u00a0 \u00a0Escorpionismo \u00e9 o nome dado \u00e0 problem\u00e1tica ligada aos acidentes causados por picadas de escorpi\u00f5es. \u00c9 uma quest\u00e3o que acomete diversas regi\u00f5es no mundo. No Brasil, existem relatos publicados de quase 100 anos atr\u00e1s e o n\u00famero de acidentes cresce a cada ano. O escorpi\u00e3o respons\u00e1vel pela maioria dos acidentes e mortes \u00e9 o &hellip; <\/p>\n<p class=\"link-more\"><a href=\"https:\/\/sites.usp.br\/lesca\/escorpianismo\/\" class=\"more-link\">Continue lendo<span class=\"screen-reader-text\"> &#8220;Escorpionismo&#8221;<\/span><\/a><\/p>\n","protected":false},"author":118,"featured_media":0,"parent":0,"menu_order":0,"comment_status":"closed","ping_status":"closed","template":"","meta":{"footnotes":"","_links_to":"","_links_to_target":""},"class_list":["post-298","page","type-page","status-publish","hentry"],"_links":{"self":[{"href":"https:\/\/sites.usp.br\/lesca\/wp-json\/wp\/v2\/pages\/298","targetHints":{"allow":["GET"]}}],"collection":[{"href":"https:\/\/sites.usp.br\/lesca\/wp-json\/wp\/v2\/pages"}],"about":[{"href":"https:\/\/sites.usp.br\/lesca\/wp-json\/wp\/v2\/types\/page"}],"author":[{"embeddable":true,"href":"https:\/\/sites.usp.br\/lesca\/wp-json\/wp\/v2\/users\/118"}],"replies":[{"embeddable":true,"href":"https:\/\/sites.usp.br\/lesca\/wp-json\/wp\/v2\/comments?post=298"}],"version-history":[{"count":4,"href":"https:\/\/sites.usp.br\/lesca\/wp-json\/wp\/v2\/pages\/298\/revisions"}],"predecessor-version":[{"id":1849,"href":"https:\/\/sites.usp.br\/lesca\/wp-json\/wp\/v2\/pages\/298\/revisions\/1849"}],"wp:attachment":[{"href":"https:\/\/sites.usp.br\/lesca\/wp-json\/wp\/v2\/media?parent=298"}],"curies":[{"name":"wp","href":"https:\/\/api.w.org\/{rel}","templated":true}]}}