{"id":741,"date":"2015-09-14T10:31:34","date_gmt":"2015-09-14T13:31:34","guid":{"rendered":"http:\/\/sites.usp.br\/lesca\/?page_id=741"},"modified":"2025-05-09T20:03:08","modified_gmt":"2025-05-09T23:03:08","slug":"home","status":"publish","type":"page","link":"https:\/\/sites.usp.br\/lesca\/","title":{"rendered":"Home"},"content":{"rendered":"\t\t<div data-elementor-type=\"wp-page\" data-elementor-id=\"741\" class=\"elementor elementor-741\">\n\t\t\t\t\t\t<section class=\"elementor-section elementor-top-section elementor-element elementor-element-76ea16e elementor-section-boxed elementor-section-height-default elementor-section-height-default\" data-id=\"76ea16e\" data-element_type=\"section\">\n\t\t\t\t\t\t<div class=\"elementor-container elementor-column-gap-default\">\n\t\t\t\t\t<div class=\"elementor-column elementor-col-100 elementor-top-column elementor-element elementor-element-eaddd37\" data-id=\"eaddd37\" data-element_type=\"column\">\n\t\t\t<div class=\"elementor-widget-wrap elementor-element-populated\">\n\t\t\t\t\t\t<div class=\"elementor-element elementor-element-7048adc elementor-widget elementor-widget-image\" data-id=\"7048adc\" data-element_type=\"widget\" data-widget_type=\"image.default\">\n\t\t\t\t<div class=\"elementor-widget-container\">\n\t\t\t\t\t\t\t\t\t\t\t\t\t<img fetchpriority=\"high\" decoding=\"async\" width=\"525\" height=\"368\" src=\"https:\/\/sites.usp.br\/lesca\/wp-content\/uploads\/sites\/1615\/2025\/04\/lescalogo-e1744760640481.jpeg\" class=\"attachment-large size-large wp-image-1680\" alt=\"\" srcset=\"https:\/\/sites.usp.br\/lesca\/wp-content\/uploads\/sites\/1615\/2025\/04\/lescalogo-e1744760640481.jpeg 530w, https:\/\/sites.usp.br\/lesca\/wp-content\/uploads\/sites\/1615\/2025\/04\/lescalogo-e1744760640481-300x210.jpeg 300w, https:\/\/sites.usp.br\/lesca\/wp-content\/uploads\/sites\/1615\/2025\/04\/lescalogo-e1744760640481-400x280.jpeg 400w\" sizes=\"100vw\" \/>\t\t\t\t\t\t\t\t\t\t\t\t\t<\/div>\n\t\t\t\t<\/div>\n\t\t\t\t\t<\/div>\n\t\t<\/div>\n\t\t\t\t\t<\/div>\n\t\t<\/section>\n\t\t\t\t<section class=\"elementor-section elementor-top-section elementor-element elementor-element-44eb0642 elementor-section-boxed elementor-section-height-default elementor-section-height-default\" data-id=\"44eb0642\" data-element_type=\"section\">\n\t\t\t\t\t\t<div class=\"elementor-container elementor-column-gap-default\">\n\t\t\t\t\t<div class=\"elementor-column elementor-col-100 elementor-top-column elementor-element elementor-element-74d81833\" data-id=\"74d81833\" data-element_type=\"column\">\n\t\t\t<div class=\"elementor-widget-wrap elementor-element-populated\">\n\t\t\t\t\t\t<div class=\"elementor-element elementor-element-191bff54 elementor-widget elementor-widget-text-editor\" data-id=\"191bff54\" data-element_type=\"widget\" data-widget_type=\"text-editor.default\">\n\t\t\t\t<div class=\"elementor-widget-container\">\n\t\t\t\t\t\t\t<p>&nbsp; &nbsp;O LESCA foi fundado em 2009 e est\u00e1 sediado na Escola de Artes, Ci\u00eancias e Humanidades da Universidade de S\u00e3o Paulo. As principais linhas de pesquisa s\u00e3o a ecologia sensorial e intera\u00e7\u00f5es predador-presa com \u00eanfase em aracn\u00eddeos e no&nbsp;controle de escorpi\u00f5es.<\/p>\n<p>&nbsp; &nbsp;Na linha de pesquisa de intera\u00e7\u00e3o predador-presa, adicionamos medidas biomec\u00e2nicas quando necess\u00e1rio, e para controle de escorpi\u00f5es estudamos controles biol\u00f3gico, qu\u00edmico e f\u00edsico, com colabora\u00e7\u00f5es com colegas da f\u00edsica e da qu\u00edmica.Tamb\u00e9m nos interessamos pela interface entre ci\u00eancia e sociedade. Em 2025, o LESCA mudou o design de seu website e passou a se chamar Laborat\u00f3rio de Ecologia Sensorial e Comportamento de \u201cAracn\u00eddeos\u201d, em vez de \u201cArtr\u00f3podes\u201d, dado que todos os trabalhos que publicamos com animais foram em aracn\u00eddeos.&nbsp;<span style=\"font-size: 1rem;\">Leonardo Sousa Carvalho forneceu a foto de capa, do escorpi\u00e3o &#8220;<i>Tityus serrulatus<\/i>&#8220;, um dos animais com que o laborat\u00f3rio trabalha, e o ex-aluno do grupo Luan de Souza fez o design do novo website.<\/span><\/p>\n<p>&nbsp; &nbsp;Na linha de pesquisa de ecologia sensorial, tentamos entender os est\u00edmulos relevantes e as respostas dos animais em diversos contextos como forrageio, encontro e escolha de parceiros sexuais, orienta\u00e7\u00e3o no meio e resposta a predadores. Abordamos os problemas principalmente em 3 frentes: Na frente comportamental, aplicamos os m\u00e9todos descritivo e experimental, trabalhando no laborat\u00f3rio ou no campo. Na frente morfol\u00f3gica, estudamos estruturas sensoriais e glandulares por meio de microscopia \u00f3ptica e eletr\u00f4nica. Na frente qu\u00edmica, investigamos os compostos qu\u00edmicos que podem mediar as intera\u00e7\u00f5es estudadas.&nbsp;<\/p>\n<p>&nbsp; &nbsp;Na linha de pesquisa de intera\u00e7\u00e3o predador-presa, adicionamos medidas biomec\u00e2nicas quando necess\u00e1rio, e para controle de escorpi\u00f5es estudamos controles biol\u00f3gico, qu\u00edmico e f\u00edsico.&nbsp;<\/p>\n<p>&nbsp; &nbsp;Quanto \u00e0 interface entre ci\u00eancia e sociedade, nos interessamos principalmente por cren\u00e7as e religi\u00f5es, com estudos te\u00f3ricos ou de campo.<\/p>\n<p>&nbsp; &nbsp;O laborat\u00f3rio foi montado predominantemente por aux\u00edlio Jovem Pesquisador da FAPESP (Funda\u00e7\u00e3o de Amparo \u00e0 Pesquisa de S\u00e3o Paulo) e por subsequentes aux\u00edlios do mesmo \u00f3rg\u00e3o ao longo dos anos.<\/p>\t\t\t\t\t\t<\/div>\n\t\t\t\t<\/div>\n\t\t\t\t\t<\/div>\n\t\t<\/div>\n\t\t\t\t\t<\/div>\n\t\t<\/section>\n\t\t\t\t<section class=\"elementor-section elementor-top-section elementor-element elementor-element-2c3b9ee elementor-section-boxed elementor-section-height-default elementor-section-height-default\" data-id=\"2c3b9ee\" data-element_type=\"section\">\n\t\t\t\t\t\t<div class=\"elementor-container elementor-column-gap-default\">\n\t\t\t\t\t<div class=\"elementor-column elementor-col-100 elementor-top-column elementor-element elementor-element-ddc2863\" data-id=\"ddc2863\" data-element_type=\"column\">\n\t\t\t<div class=\"elementor-widget-wrap elementor-element-populated\">\n\t\t\t\t\t\t<div class=\"elementor-element elementor-element-1fb4d43 elementor-widget elementor-widget-image\" data-id=\"1fb4d43\" data-element_type=\"widget\" data-widget_type=\"image.default\">\n\t\t\t\t<div class=\"elementor-widget-container\">\n\t\t\t\t\t\t\t\t\t\t\t\t\t<img decoding=\"async\" width=\"525\" height=\"348\" src=\"https:\/\/sites.usp.br\/lesca\/wp-content\/uploads\/sites\/1615\/2025\/04\/each.jpeg\" class=\"attachment-large size-large wp-image-1681\" alt=\"\" srcset=\"https:\/\/sites.usp.br\/lesca\/wp-content\/uploads\/sites\/1615\/2025\/04\/each.jpeg 1024w, https:\/\/sites.usp.br\/lesca\/wp-content\/uploads\/sites\/1615\/2025\/04\/each-300x199.jpeg 300w, https:\/\/sites.usp.br\/lesca\/wp-content\/uploads\/sites\/1615\/2025\/04\/each-768x509.jpeg 768w, https:\/\/sites.usp.br\/lesca\/wp-content\/uploads\/sites\/1615\/2025\/04\/each-400x265.jpeg 400w\" sizes=\"100vw\" \/>\t\t\t\t\t\t\t\t\t\t\t\t\t<\/div>\n\t\t\t\t<\/div>\n\t\t\t\t\t<\/div>\n\t\t<\/div>\n\t\t\t\t\t<\/div>\n\t\t<\/section>\n\t\t\t\t<section class=\"elementor-section elementor-top-section elementor-element elementor-element-b8ef005 elementor-section-boxed elementor-section-height-default elementor-section-height-default\" data-id=\"b8ef005\" data-element_type=\"section\">\n\t\t\t\t\t\t<div class=\"elementor-container elementor-column-gap-default\">\n\t\t\t\t\t<div class=\"elementor-column elementor-col-100 elementor-top-column elementor-element elementor-element-f49254d\" data-id=\"f49254d\" data-element_type=\"column\">\n\t\t\t<div class=\"elementor-widget-wrap elementor-element-populated\">\n\t\t\t\t\t\t<div class=\"elementor-element elementor-element-b7e4928 elementor-widget elementor-widget-text-editor\" data-id=\"b7e4928\" data-element_type=\"widget\" data-widget_type=\"text-editor.default\">\n\t\t\t\t<div class=\"elementor-widget-container\">\n\t\t\t\t\t\t\t<p>\u00a0 \u00a0O laborat\u00f3rio est\u00e1 localizado na EACH (USP Leste) &#8211; Escola de Artes, Ci\u00eancias e Humanidades da Universidade de S\u00e3o Paulo. O laborat\u00f3rio est\u00e1 no pr\u00e9dio A3, este que est\u00e1 em primeiro plano \u00e0 esquerda na foto<\/p><p>\u00a0 \u00a0<\/p>\t\t\t\t\t\t<\/div>\n\t\t\t\t<\/div>\n\t\t\t\t\t<\/div>\n\t\t<\/div>\n\t\t\t\t\t<\/div>\n\t\t<\/section>\n\t\t\t\t<section class=\"elementor-section elementor-top-section elementor-element elementor-element-5f61b4f elementor-section-boxed elementor-section-height-default elementor-section-height-default\" data-id=\"5f61b4f\" data-element_type=\"section\">\n\t\t\t\t\t\t<div class=\"elementor-container elementor-column-gap-default\">\n\t\t\t\t\t<div class=\"elementor-column elementor-col-100 elementor-top-column elementor-element elementor-element-7982f83\" data-id=\"7982f83\" data-element_type=\"column\">\n\t\t\t<div class=\"elementor-widget-wrap elementor-element-populated\">\n\t\t\t\t\t\t<div class=\"elementor-element elementor-element-4345e22 elementor-button-info elementor-align-center elementor-widget elementor-widget-button\" data-id=\"4345e22\" data-element_type=\"widget\" data-widget_type=\"button.default\">\n\t\t\t\t<div class=\"elementor-widget-container\">\n\t\t\t\t\t\t\t<div class=\"elementor-button-wrapper\">\n\t\t\t\t\t<a class=\"elementor-button elementor-button-link elementor-size-sm\" href=\"https:\/\/sites.usp.br\/lesca\/atualizacoes\/\">\n\t\t\t\t\t\t<span class=\"elementor-button-content-wrapper\">\n\t\t\t\t\t\t<span class=\"elementor-button-icon\">\n\t\t\t\t<i aria-hidden=\"true\" class=\"fas fa-spider\"><\/i>\t\t\t<\/span>\n\t\t\t\t\t\t\t\t\t<span class=\"elementor-button-text\">Veja aqui as novidades do LESCA!<\/span>\n\t\t\t\t\t<\/span>\n\t\t\t\t\t<\/a>\n\t\t\t\t<\/div>\n\t\t\t\t\t\t<\/div>\n\t\t\t\t<\/div>\n\t\t\t\t<div class=\"elementor-element elementor-element-f7f2ce3 elementor-widget elementor-widget-spacer\" data-id=\"f7f2ce3\" data-element_type=\"widget\" data-widget_type=\"spacer.default\">\n\t\t\t\t<div class=\"elementor-widget-container\">\n\t\t\t\t\t<div class=\"elementor-spacer\">\n\t\t\t<div class=\"elementor-spacer-inner\"><\/div>\n\t\t<\/div>\n\t\t\t\t<\/div>\n\t\t\t\t<\/div>\n\t\t\t\t<div class=\"elementor-element elementor-element-a297823 elementor-widget-divider--view-line_icon elementor-view-default elementor-widget-divider--element-align-center elementor-widget elementor-widget-divider\" data-id=\"a297823\" data-element_type=\"widget\" data-widget_type=\"divider.default\">\n\t\t\t\t<div class=\"elementor-widget-container\">\n\t\t\t\t\t<div class=\"elementor-divider\">\n\t\t\t<span class=\"elementor-divider-separator\">\n\t\t\t\t\t\t\t<div class=\"elementor-icon elementor-divider__element\">\n\t\t\t\t\t<i aria-hidden=\"true\" class=\"fas fa-spider\"><\/i><\/div>\n\t\t\t\t\t\t<\/span>\n\t\t<\/div>\n\t\t\t\t<\/div>\n\t\t\t\t<\/div>\n\t\t\t\t\t<\/div>\n\t\t<\/div>\n\t\t\t\t\t<\/div>\n\t\t<\/section>\n\t\t\t\t<section class=\"elementor-section elementor-top-section elementor-element elementor-element-7376cf1 elementor-section-boxed elementor-section-height-default elementor-section-height-default\" data-id=\"7376cf1\" data-element_type=\"section\">\n\t\t\t\t\t\t<div class=\"elementor-container elementor-column-gap-default\">\n\t\t\t\t\t<div class=\"elementor-column elementor-col-100 elementor-top-column elementor-element elementor-element-60bf0cd\" data-id=\"60bf0cd\" data-element_type=\"column\">\n\t\t\t<div class=\"elementor-widget-wrap elementor-element-populated\">\n\t\t\t\t\t\t<div class=\"elementor-element elementor-element-38897a8 elementor-widget elementor-widget-image\" data-id=\"38897a8\" data-element_type=\"widget\" data-widget_type=\"image.default\">\n\t\t\t\t<div class=\"elementor-widget-container\">\n\t\t\t\t\t\t\t\t\t\t\t\t\t<img decoding=\"async\" width=\"525\" height=\"427\" src=\"https:\/\/sites.usp.br\/lesca\/wp-content\/uploads\/sites\/1615\/2025\/04\/opili.jpeg\" class=\"attachment-large size-large wp-image-1682\" alt=\"\" srcset=\"https:\/\/sites.usp.br\/lesca\/wp-content\/uploads\/sites\/1615\/2025\/04\/opili.jpeg 741w, https:\/\/sites.usp.br\/lesca\/wp-content\/uploads\/sites\/1615\/2025\/04\/opili-300x244.jpeg 300w, https:\/\/sites.usp.br\/lesca\/wp-content\/uploads\/sites\/1615\/2025\/04\/opili-400x325.jpeg 400w\" sizes=\"100vw\" \/>\t\t\t\t\t\t\t\t\t\t\t\t\t<\/div>\n\t\t\t\t<\/div>\n\t\t\t\t\t<\/div>\n\t\t<\/div>\n\t\t\t\t\t<\/div>\n\t\t<\/section>\n\t\t\t\t<section class=\"elementor-section elementor-top-section elementor-element elementor-element-c594f68 elementor-section-boxed elementor-section-height-default elementor-section-height-default\" data-id=\"c594f68\" data-element_type=\"section\">\n\t\t\t\t\t\t<div class=\"elementor-container elementor-column-gap-default\">\n\t\t\t\t\t<div class=\"elementor-column elementor-col-100 elementor-top-column elementor-element elementor-element-6c8959c\" data-id=\"6c8959c\" data-element_type=\"column\">\n\t\t\t<div class=\"elementor-widget-wrap elementor-element-populated\">\n\t\t\t\t\t\t<div class=\"elementor-element elementor-element-800bd9b elementor-widget elementor-widget-text-editor\" data-id=\"800bd9b\" data-element_type=\"widget\" data-widget_type=\"text-editor.default\">\n\t\t\t\t<div class=\"elementor-widget-container\">\n\t\t\t\t\t\t\t<p>\u00a0 \u00a0Este desenho foi feito acho que no s\u00e9culo passado pelo bi\u00f3logo e cartunista Fernando Gonsales, durante uma tarde de aut\u00f3grafos em uma Semana Tem\u00e1tica da Biologia, no Instituto de Bioci\u00eancias da USP. Est\u00e1 em um livro do personagem N\u00edquel N\u00e1usea que comprei.<\/p>\t\t\t\t\t\t<\/div>\n\t\t\t\t<\/div>\n\t\t\t\t\t<\/div>\n\t\t<\/div>\n\t\t\t\t\t<\/div>\n\t\t<\/section>\n\t\t\t\t<\/div>\n\t\t","protected":false},"excerpt":{"rendered":"<p>&nbsp; &nbsp;O LESCA foi fundado em 2009 e est\u00e1 sediado na Escola de Artes, Ci\u00eancias e Humanidades da Universidade de S\u00e3o Paulo. As principais linhas de pesquisa s\u00e3o a ecologia sensorial e intera\u00e7\u00f5es predador-presa com \u00eanfase em aracn\u00eddeos e no&nbsp;controle de escorpi\u00f5es. &nbsp; &nbsp;Na linha de pesquisa de intera\u00e7\u00e3o predador-presa, adicionamos medidas biomec\u00e2nicas quando necess\u00e1rio, &hellip; <\/p>\n<p class=\"link-more\"><a href=\"https:\/\/sites.usp.br\/lesca\/\" class=\"more-link\">Continue lendo<span class=\"screen-reader-text\"> &#8220;Home&#8221;<\/span><\/a><\/p>\n","protected":false},"author":1,"featured_media":0,"parent":0,"menu_order":0,"comment_status":"open","ping_status":"closed","template":"","meta":{"footnotes":"","_links_to":"","_links_to_target":""},"class_list":["post-741","page","type-page","status-publish","hentry"],"_links":{"self":[{"href":"https:\/\/sites.usp.br\/lesca\/wp-json\/wp\/v2\/pages\/741","targetHints":{"allow":["GET"]}}],"collection":[{"href":"https:\/\/sites.usp.br\/lesca\/wp-json\/wp\/v2\/pages"}],"about":[{"href":"https:\/\/sites.usp.br\/lesca\/wp-json\/wp\/v2\/types\/page"}],"author":[{"embeddable":true,"href":"https:\/\/sites.usp.br\/lesca\/wp-json\/wp\/v2\/users\/1"}],"replies":[{"embeddable":true,"href":"https:\/\/sites.usp.br\/lesca\/wp-json\/wp\/v2\/comments?post=741"}],"version-history":[{"count":4,"href":"https:\/\/sites.usp.br\/lesca\/wp-json\/wp\/v2\/pages\/741\/revisions"}],"predecessor-version":[{"id":1835,"href":"https:\/\/sites.usp.br\/lesca\/wp-json\/wp\/v2\/pages\/741\/revisions\/1835"}],"wp:attachment":[{"href":"https:\/\/sites.usp.br\/lesca\/wp-json\/wp\/v2\/media?parent=741"}],"curies":[{"name":"wp","href":"https:\/\/api.w.org\/{rel}","templated":true}]}}