{"id":824,"date":"2025-02-12T21:45:07","date_gmt":"2025-02-13T00:45:07","guid":{"rendered":"https:\/\/sites.usp.br\/lesca\/?page_id=824"},"modified":"2025-04-15T23:22:51","modified_gmt":"2025-04-16T02:22:51","slug":"colaboradores","status":"publish","type":"page","link":"https:\/\/sites.usp.br\/lesca\/colaboradores\/","title":{"rendered":"Colaboradores"},"content":{"rendered":"\t\t<div data-elementor-type=\"wp-page\" data-elementor-id=\"824\" class=\"elementor elementor-824\">\n\t\t\t\t\t\t<section class=\"elementor-section elementor-top-section elementor-element elementor-element-1bc365c6 elementor-section-boxed elementor-section-height-default elementor-section-height-default\" data-id=\"1bc365c6\" data-element_type=\"section\">\n\t\t\t\t\t\t<div class=\"elementor-container elementor-column-gap-default\">\n\t\t\t\t\t<div class=\"elementor-column elementor-col-100 elementor-top-column elementor-element elementor-element-7d5bfd5\" data-id=\"7d5bfd5\" data-element_type=\"column\">\n\t\t\t<div class=\"elementor-widget-wrap elementor-element-populated\">\n\t\t\t\t\t\t<div class=\"elementor-element elementor-element-1ee18d9a elementor-widget elementor-widget-text-editor\" data-id=\"1ee18d9a\" data-element_type=\"widget\" data-widget_type=\"text-editor.default\">\n\t\t\t\t<div class=\"elementor-widget-container\">\n\t\t\t\t\t\t\t<p>\u00a0\u00a0<span id=\"E938\">A lista abaixo inclui apenas colegas com doutorado e com quem j\u00e1 publicamos ou estamos colaborando no presente momento.<\/span><span id=\"E940\"> A lista n\u00e3o inclui colegas q<\/span><span id=\"E941\">ue colaboraram no livro \u201cWillemart RH 2025 (<\/span><span id=\"E943\">org<\/span><span id=\"E945\">) Ci\u00eancias por dentro e por fora: constru\u00e7\u00e3o de conhecimento e a sociedade. Livraria da F\u00edsica da USP\u201d<\/span><\/p>\t\t\t\t\t\t<\/div>\n\t\t\t\t<\/div>\n\t\t\t\t<div class=\"elementor-element elementor-element-4276a12 elementor-widget elementor-widget-spacer\" data-id=\"4276a12\" data-element_type=\"widget\" data-widget_type=\"spacer.default\">\n\t\t\t\t<div class=\"elementor-widget-container\">\n\t\t\t\t\t<div class=\"elementor-spacer\">\n\t\t\t<div class=\"elementor-spacer-inner\"><\/div>\n\t\t<\/div>\n\t\t\t\t<\/div>\n\t\t\t\t<\/div>\n\t\t\t\t\t<\/div>\n\t\t<\/div>\n\t\t\t\t\t<\/div>\n\t\t<\/section>\n\t\t\t\t<section class=\"elementor-section elementor-top-section elementor-element elementor-element-e9c174b elementor-section-boxed elementor-section-height-default elementor-section-height-default\" data-id=\"e9c174b\" data-element_type=\"section\">\n\t\t\t\t\t\t<div class=\"elementor-container elementor-column-gap-default\">\n\t\t\t\t\t<div class=\"elementor-column elementor-col-33 elementor-top-column elementor-element elementor-element-0e8de3a\" data-id=\"0e8de3a\" data-element_type=\"column\">\n\t\t\t<div class=\"elementor-widget-wrap elementor-element-populated\">\n\t\t\t\t\t\t<div class=\"elementor-element elementor-element-8a456a8 elementor-position-top elementor-widget elementor-widget-image-box\" data-id=\"8a456a8\" data-element_type=\"widget\" data-widget_type=\"image-box.default\">\n\t\t\t\t<div class=\"elementor-widget-container\">\n\t\t\t<div class=\"elementor-image-box-wrapper\"><figure class=\"elementor-image-box-img\"><img fetchpriority=\"high\" decoding=\"async\" width=\"250\" height=\"250\" src=\"https:\/\/sites.usp.br\/lesca\/wp-content\/uploads\/sites\/1615\/2025\/02\/Europe_orthographic_Caucasus_Urals_boundary_with_borders.svg.png\" class=\"attachment-full size-full wp-image-1072\" alt=\"\" srcset=\"https:\/\/sites.usp.br\/lesca\/wp-content\/uploads\/sites\/1615\/2025\/02\/Europe_orthographic_Caucasus_Urals_boundary_with_borders.svg.png 250w, https:\/\/sites.usp.br\/lesca\/wp-content\/uploads\/sites\/1615\/2025\/02\/Europe_orthographic_Caucasus_Urals_boundary_with_borders.svg-150x150.png 150w, https:\/\/sites.usp.br\/lesca\/wp-content\/uploads\/sites\/1615\/2025\/02\/Europe_orthographic_Caucasus_Urals_boundary_with_borders.svg-100x100.png 100w, https:\/\/sites.usp.br\/lesca\/wp-content\/uploads\/sites\/1615\/2025\/02\/Europe_orthographic_Caucasus_Urals_boundary_with_borders.svg-45x45.png 45w, https:\/\/sites.usp.br\/lesca\/wp-content\/uploads\/sites\/1615\/2025\/02\/Europe_orthographic_Caucasus_Urals_boundary_with_borders.svg-200x200.png 200w\" sizes=\"(max-width: 250px) 100vw, 250px\" \/><\/figure><div class=\"elementor-image-box-content\"><h3 class=\"elementor-image-box-title\">Europa<\/h3><\/div><\/div>\t\t<\/div>\n\t\t\t\t<\/div>\n\t\t\t\t\t<\/div>\n\t\t<\/div>\n\t\t\t\t<div class=\"elementor-column elementor-col-66 elementor-top-column elementor-element elementor-element-44ee70a\" data-id=\"44ee70a\" data-element_type=\"column\">\n\t\t\t<div class=\"elementor-widget-wrap elementor-element-populated\">\n\t\t\t\t\t\t<div class=\"elementor-element elementor-element-d744c40 elementor-widget elementor-widget-text-editor\" data-id=\"d744c40\" data-element_type=\"widget\" data-widget_type=\"text-editor.default\">\n\t\t\t\t<div class=\"elementor-widget-container\">\n\t\t\t\t\t\t\t<p><strong>Andrew Spence\u00a0(University of London, Inglaterra)<\/strong><\/p><p>Carsten Mueller (University of Greifswald, Alemanha)<\/p><p><strong>David Silam-Duss\u00e8s (Universit\u00e9 de Paris, Fran\u00e7a)<\/strong><\/p><p><strong>Jean Pierre Farine (Universit\u00e9 de Bourgogne, Fran\u00e7a)<\/strong><\/p><p><strong>Peter Michalik (University of Greifswald, Alemanha)<\/strong><\/p><p><strong style=\"color: var( --e-global-color-text ); font-size: 1rem;\">Roger Santer (Aberystwyth University, Pa\u00eds de Gales)<\/strong><\/p><h2 contenteditable=\"true\" data-elementor-setting-key=\"title\" data-pen-placeholder=\"Digite aqui...\">\u00a0<\/h2>\t\t\t\t\t\t<\/div>\n\t\t\t\t<\/div>\n\t\t\t\t\t<\/div>\n\t\t<\/div>\n\t\t\t\t\t<\/div>\n\t\t<\/section>\n\t\t\t\t<section class=\"elementor-section elementor-top-section elementor-element elementor-element-d4390df elementor-section-boxed elementor-section-height-default elementor-section-height-default\" data-id=\"d4390df\" data-element_type=\"section\">\n\t\t\t\t\t\t<div class=\"elementor-container elementor-column-gap-default\">\n\t\t\t\t\t<div class=\"elementor-column elementor-col-100 elementor-top-column elementor-element elementor-element-903e0b5\" data-id=\"903e0b5\" data-element_type=\"column\">\n\t\t\t<div class=\"elementor-widget-wrap elementor-element-populated\">\n\t\t\t\t\t\t<div class=\"elementor-element elementor-element-0b922a1 elementor-widget-divider--view-line_icon elementor-view-default elementor-widget-divider--element-align-center elementor-widget elementor-widget-divider\" data-id=\"0b922a1\" data-element_type=\"widget\" data-widget_type=\"divider.default\">\n\t\t\t\t<div class=\"elementor-widget-container\">\n\t\t\t\t\t<div class=\"elementor-divider\">\n\t\t\t<span class=\"elementor-divider-separator\">\n\t\t\t\t\t\t\t<div class=\"elementor-icon elementor-divider__element\">\n\t\t\t\t\t<i aria-hidden=\"true\" class=\"fas fa-spider\"><\/i><\/div>\n\t\t\t\t\t\t<\/span>\n\t\t<\/div>\n\t\t\t\t<\/div>\n\t\t\t\t<\/div>\n\t\t\t\t<div class=\"elementor-element elementor-element-28bd0e2 elementor-widget elementor-widget-spacer\" data-id=\"28bd0e2\" data-element_type=\"widget\" data-widget_type=\"spacer.default\">\n\t\t\t\t<div class=\"elementor-widget-container\">\n\t\t\t\t\t<div class=\"elementor-spacer\">\n\t\t\t<div class=\"elementor-spacer-inner\"><\/div>\n\t\t<\/div>\n\t\t\t\t<\/div>\n\t\t\t\t<\/div>\n\t\t\t\t\t<\/div>\n\t\t<\/div>\n\t\t\t\t\t<\/div>\n\t\t<\/section>\n\t\t\t\t<section class=\"elementor-section elementor-top-section elementor-element elementor-element-c220335 elementor-section-boxed elementor-section-height-default elementor-section-height-default\" data-id=\"c220335\" data-element_type=\"section\">\n\t\t\t\t\t\t<div class=\"elementor-container elementor-column-gap-default\">\n\t\t\t\t\t<div class=\"elementor-column elementor-col-33 elementor-top-column elementor-element elementor-element-138c4a8\" data-id=\"138c4a8\" data-element_type=\"column\">\n\t\t\t<div class=\"elementor-widget-wrap elementor-element-populated\">\n\t\t\t\t\t\t<div class=\"elementor-element elementor-element-368a4e8 elementor-position-top elementor-widget elementor-widget-image-box\" data-id=\"368a4e8\" data-element_type=\"widget\" data-widget_type=\"image-box.default\">\n\t\t\t\t<div class=\"elementor-widget-container\">\n\t\t\t<div class=\"elementor-image-box-wrapper\"><figure class=\"elementor-image-box-img\"><img decoding=\"async\" width=\"250\" height=\"250\" src=\"https:\/\/sites.usp.br\/lesca\/wp-content\/uploads\/sites\/1615\/2025\/02\/Location_North_America.svg.png\" class=\"attachment-full size-full wp-image-1070\" alt=\"\" srcset=\"https:\/\/sites.usp.br\/lesca\/wp-content\/uploads\/sites\/1615\/2025\/02\/Location_North_America.svg.png 250w, https:\/\/sites.usp.br\/lesca\/wp-content\/uploads\/sites\/1615\/2025\/02\/Location_North_America.svg-150x150.png 150w, https:\/\/sites.usp.br\/lesca\/wp-content\/uploads\/sites\/1615\/2025\/02\/Location_North_America.svg-100x100.png 100w, https:\/\/sites.usp.br\/lesca\/wp-content\/uploads\/sites\/1615\/2025\/02\/Location_North_America.svg-45x45.png 45w, https:\/\/sites.usp.br\/lesca\/wp-content\/uploads\/sites\/1615\/2025\/02\/Location_North_America.svg-200x200.png 200w\" sizes=\"(max-width: 250px) 100vw, 250px\" \/><\/figure><div class=\"elementor-image-box-content\"><h3 class=\"elementor-image-box-title\">America do Norte<\/h3><\/div><\/div>\t\t<\/div>\n\t\t\t\t<\/div>\n\t\t\t\t\t<\/div>\n\t\t<\/div>\n\t\t\t\t<div class=\"elementor-column elementor-col-66 elementor-top-column elementor-element elementor-element-a2825f3\" data-id=\"a2825f3\" data-element_type=\"column\">\n\t\t\t<div class=\"elementor-widget-wrap elementor-element-populated\">\n\t\t\t\t\t\t<div class=\"elementor-element elementor-element-9ec87c5 elementor-widget elementor-widget-text-editor\" data-id=\"9ec87c5\" data-element_type=\"widget\" data-widget_type=\"text-editor.default\">\n\t\t\t\t<div class=\"elementor-widget-container\">\n\t\t\t\t\t\t\t<p><b><strong>Elizabeth Jakob (University of Massachusetts)<\/strong><\/b><\/p><p><b>Eileen Hebets (University of Nebraska)<\/b><\/p><p><b>Gonzalo Giribet (Harvard University)\u00a0<\/b><\/p><p><b>Jerry Hogan (University of Toronto)<\/b><\/p><p><b>Kasey Fowler-Finn\u00a0 (Saint Louis University)<\/b><\/p><p><b>Marie Claire Chelini (University of California-Mercer)<\/b><\/p><p><b>Prashant Sharma (University of Wisconsin-Madison)<\/b><\/p><p><b style=\"color: var( --e-global-color-text );\">\u00a0<\/b><\/p><p>\u00a0<\/p>\t\t\t\t\t\t<\/div>\n\t\t\t\t<\/div>\n\t\t\t\t\t<\/div>\n\t\t<\/div>\n\t\t\t\t\t<\/div>\n\t\t<\/section>\n\t\t\t\t<section class=\"elementor-section elementor-top-section elementor-element elementor-element-daf7091 elementor-section-boxed elementor-section-height-default elementor-section-height-default\" data-id=\"daf7091\" data-element_type=\"section\">\n\t\t\t\t\t\t<div class=\"elementor-container elementor-column-gap-default\">\n\t\t\t\t\t<div class=\"elementor-column elementor-col-100 elementor-top-column elementor-element elementor-element-a91d437\" data-id=\"a91d437\" data-element_type=\"column\">\n\t\t\t<div class=\"elementor-widget-wrap elementor-element-populated\">\n\t\t\t\t\t\t<div class=\"elementor-element elementor-element-fbfd8ea elementor-widget elementor-widget-spacer\" data-id=\"fbfd8ea\" data-element_type=\"widget\" data-widget_type=\"spacer.default\">\n\t\t\t\t<div class=\"elementor-widget-container\">\n\t\t\t\t\t<div class=\"elementor-spacer\">\n\t\t\t<div class=\"elementor-spacer-inner\"><\/div>\n\t\t<\/div>\n\t\t\t\t<\/div>\n\t\t\t\t<\/div>\n\t\t\t\t<div class=\"elementor-element elementor-element-b3ccbc5 elementor-widget-divider--view-line_icon elementor-view-default elementor-widget-divider--element-align-center elementor-widget elementor-widget-divider\" data-id=\"b3ccbc5\" data-element_type=\"widget\" data-widget_type=\"divider.default\">\n\t\t\t\t<div class=\"elementor-widget-container\">\n\t\t\t\t\t<div class=\"elementor-divider\">\n\t\t\t<span class=\"elementor-divider-separator\">\n\t\t\t\t\t\t\t<div class=\"elementor-icon elementor-divider__element\">\n\t\t\t\t\t<i aria-hidden=\"true\" class=\"fas fa-spider\"><\/i><\/div>\n\t\t\t\t\t\t<\/span>\n\t\t<\/div>\n\t\t\t\t<\/div>\n\t\t\t\t<\/div>\n\t\t\t\t<div class=\"elementor-element elementor-element-09943ca elementor-widget elementor-widget-spacer\" data-id=\"09943ca\" data-element_type=\"widget\" data-widget_type=\"spacer.default\">\n\t\t\t\t<div class=\"elementor-widget-container\">\n\t\t\t\t\t<div class=\"elementor-spacer\">\n\t\t\t<div class=\"elementor-spacer-inner\"><\/div>\n\t\t<\/div>\n\t\t\t\t<\/div>\n\t\t\t\t<\/div>\n\t\t\t\t\t<\/div>\n\t\t<\/div>\n\t\t\t\t\t<\/div>\n\t\t<\/section>\n\t\t\t\t<section class=\"elementor-section elementor-top-section elementor-element elementor-element-53a5217 elementor-section-boxed elementor-section-height-default elementor-section-height-default\" data-id=\"53a5217\" data-element_type=\"section\">\n\t\t\t\t\t\t<div class=\"elementor-container elementor-column-gap-default\">\n\t\t\t\t\t<div class=\"elementor-column elementor-col-33 elementor-top-column elementor-element elementor-element-46152b5\" data-id=\"46152b5\" data-element_type=\"column\">\n\t\t\t<div class=\"elementor-widget-wrap elementor-element-populated\">\n\t\t\t\t\t\t<div class=\"elementor-element elementor-element-7df5ba8 elementor-position-top elementor-widget elementor-widget-image-box\" data-id=\"7df5ba8\" data-element_type=\"widget\" data-widget_type=\"image-box.default\">\n\t\t\t\t<div class=\"elementor-widget-container\">\n\t\t\t<div class=\"elementor-image-box-wrapper\"><figure class=\"elementor-image-box-img\"><img decoding=\"async\" width=\"169\" height=\"169\" src=\"https:\/\/sites.usp.br\/lesca\/wp-content\/uploads\/sites\/1615\/2025\/02\/latina.png\" class=\"attachment-full size-full wp-image-1071\" alt=\"\" srcset=\"https:\/\/sites.usp.br\/lesca\/wp-content\/uploads\/sites\/1615\/2025\/02\/latina.png 169w, https:\/\/sites.usp.br\/lesca\/wp-content\/uploads\/sites\/1615\/2025\/02\/latina-150x150.png 150w, https:\/\/sites.usp.br\/lesca\/wp-content\/uploads\/sites\/1615\/2025\/02\/latina-100x100.png 100w, https:\/\/sites.usp.br\/lesca\/wp-content\/uploads\/sites\/1615\/2025\/02\/latina-45x45.png 45w\" sizes=\"(max-width: 169px) 100vw, 169px\" \/><\/figure><div class=\"elementor-image-box-content\"><h3 class=\"elementor-image-box-title\">America Latina<\/h3><\/div><\/div>\t\t<\/div>\n\t\t\t\t<\/div>\n\t\t\t\t\t<\/div>\n\t\t<\/div>\n\t\t\t\t<div class=\"elementor-column elementor-col-66 elementor-top-column elementor-element elementor-element-84e99f4\" data-id=\"84e99f4\" data-element_type=\"column\">\n\t\t\t<div class=\"elementor-widget-wrap elementor-element-populated\">\n\t\t\t\t\t\t<div class=\"elementor-element elementor-element-e60471f elementor-widget elementor-widget-text-editor\" data-id=\"e60471f\" data-element_type=\"widget\" data-widget_type=\"text-editor.default\">\n\t\t\t\t<div class=\"elementor-widget-container\">\n\t\t\t\t\t\t\t<p><strong>Abel P\u00e9rez Gonz\u00e1lez&nbsp;(Museo Argentino de Ciencias Naturales, Argentina)<\/strong><\/p>\n<p><strong>Alfredo Peretti (Universidad Nacional de Cordoba, Argentina)<\/strong><\/p><p><span>Antonio<\/span><span>&nbsp;Carlos Marques (Universidade de S\u00e3o Paulo)<\/span><\/p>\n<p><strong>Carlos Toscano-Gadea (IEECE, Montevideo, Uruguai)<\/strong><\/p><p><span style=\"color: var( --e-global-color-text ); font-size: 1rem;\">Debora YAC Santos (Universidade de S\u00e3o Paulo)<\/span><\/p><p><span style=\"color: var( --e-global-color-text ); font-size: 1rem;\">Felipe Gawryszewski&nbsp;(Universidade de Bras\u00edlia)<\/span><\/p>\n<p><strong>Fernanda Penaflor&nbsp;(Universidade Federal de Lavras)<\/strong><\/p>\n<p><strong>Fernando Costa&nbsp;(IEECE, Montevideo, Uruguai)<\/strong><\/p>\n<p><strong>Glauco Machado (Universidade de S\u00e3o Paulo)<\/strong><\/p>\n<p><strong>Jos\u00e9 Mauricio Sim\u00f5es Bento (Universidade de S\u00e3o Paulo)<\/strong><\/p>\n<p><strong>Kleber Del Claro (Universidade Federal de Uberl\u00e2ndia, Minas Gerais)<\/strong><\/p>\n<p><strong>Lilian Tan Moriyama&nbsp;(Universidade de S\u00e3o Paulo, S\u00e3o Carlos)<\/strong><\/p>\n<p><strong>Luis Fernando Garc\u00eda Hern\u00e1ndez&nbsp;(Universidad de la Rep\u00fablica, Uruguai)<\/strong><\/p>\n<p><strong>Marcos Ryotaro Hara (Universidade de S\u00e3o Paulo)<\/strong><\/p>\n<p><strong>Miriam Sannomiya&nbsp;(Universidade de S\u00e3o Paulo)<\/strong><\/p>\n<p><strong>Pedro Gnaspini&nbsp;(Universidade de S\u00e3o Paulo)<\/strong><\/p>\n<p><strong>Pedro Ismael da Silva Junior&nbsp;(Instituto Butantan)<\/strong><\/p>\n<p><strong>Ricardo Pinto da Rocha (Universidade de S\u00e3o Paulo)<\/strong><\/p>\n<p><strong>Rogelio Mac\u00edas Ordo\u00f1\u00e9z&nbsp;(Instituto de Ecologia, Mexico)<\/strong><\/p>\n<p><strong>Thierry Gasnier (Universidade Federal do Amazonas, Amazonas)<\/strong><\/p>\n<p><strong style=\"color: var( --e-global-color-text ); font-size: 1rem;\">Welton Dion\u00edsio da Silva (Universidade Federal da Para\u00edba)<\/strong><\/p>\t\t\t\t\t\t<\/div>\n\t\t\t\t<\/div>\n\t\t\t\t\t<\/div>\n\t\t<\/div>\n\t\t\t\t\t<\/div>\n\t\t<\/section>\n\t\t\t\t<\/div>\n\t\t","protected":false},"excerpt":{"rendered":"<p>\u00a0\u00a0A lista abaixo inclui apenas colegas com doutorado e com quem j\u00e1 publicamos ou estamos colaborando no presente momento. A lista n\u00e3o inclui colegas que colaboraram no livro \u201cWillemart RH 2025 (org) Ci\u00eancias por dentro e por fora: constru\u00e7\u00e3o de conhecimento e a sociedade. Livraria da F\u00edsica da USP\u201d Europa Andrew Spence\u00a0(University of London, Inglaterra) &hellip; <\/p>\n<p class=\"link-more\"><a href=\"https:\/\/sites.usp.br\/lesca\/colaboradores\/\" class=\"more-link\">Continue lendo<span class=\"screen-reader-text\"> &#8220;Colaboradores&#8221;<\/span><\/a><\/p>\n","protected":false},"author":24477,"featured_media":0,"parent":0,"menu_order":0,"comment_status":"closed","ping_status":"closed","template":"","meta":{"footnotes":"","_links_to":"","_links_to_target":""},"class_list":["post-824","page","type-page","status-publish","hentry"],"_links":{"self":[{"href":"https:\/\/sites.usp.br\/lesca\/wp-json\/wp\/v2\/pages\/824","targetHints":{"allow":["GET"]}}],"collection":[{"href":"https:\/\/sites.usp.br\/lesca\/wp-json\/wp\/v2\/pages"}],"about":[{"href":"https:\/\/sites.usp.br\/lesca\/wp-json\/wp\/v2\/types\/page"}],"author":[{"embeddable":true,"href":"https:\/\/sites.usp.br\/lesca\/wp-json\/wp\/v2\/users\/24477"}],"replies":[{"embeddable":true,"href":"https:\/\/sites.usp.br\/lesca\/wp-json\/wp\/v2\/comments?post=824"}],"version-history":[{"count":4,"href":"https:\/\/sites.usp.br\/lesca\/wp-json\/wp\/v2\/pages\/824\/revisions"}],"predecessor-version":[{"id":1732,"href":"https:\/\/sites.usp.br\/lesca\/wp-json\/wp\/v2\/pages\/824\/revisions\/1732"}],"wp:attachment":[{"href":"https:\/\/sites.usp.br\/lesca\/wp-json\/wp\/v2\/media?parent=824"}],"curies":[{"name":"wp","href":"https:\/\/api.w.org\/{rel}","templated":true}]}}