{"id":152,"date":"2019-11-19T13:55:22","date_gmt":"2019-11-19T15:55:22","guid":{"rendered":"https:\/\/sites.usp.br\/leticic\/?page_id=152"},"modified":"2019-11-19T13:55:22","modified_gmt":"2019-11-19T15:55:22","slug":"eventos-e-cursos","status":"publish","type":"page","link":"https:\/\/sites.usp.br\/leticic\/eventos-e-cursos\/","title":{"rendered":"Eventos e Cursos"},"content":{"rendered":"<header class=\"entry-header\">\n<h1 class=\"entry-title\">Eventos e Cursos<\/h1>\n<\/header>\n<div class=\"entry-content\">\n<ul>\n<li>Palestras<\/li>\n<li>Cursos FCAV\n<ul>\n<li>MBA-GIC<\/li>\n<li>CEGP-TI<\/li>\n<li>CCGTI<\/li>\n<li>CCBI<\/li>\n<\/ul>\n<\/li>\n<li>PPGEP<\/li>\n<\/ul>\n<p>O Programa de P\u00f3s-gradua\u00e7\u00e3o em Engenharia de Produ\u00e7\u00e3o da POLI\/USP (PPGPRO da EPUSP) est\u00e1 orientado, prioritariamente, para a forma\u00e7\u00e3o de pesquisadores de alto n\u00edvel em Engenharia de Produ\u00e7\u00e3o. Desde sua cria\u00e7\u00e3o, o Programa j\u00e1 diplomou mais de 250 mestres e doutores, que t\u00eam hoje atua\u00e7\u00e3o destacada n\u00e3o apenas no meio acad\u00eamico em institui\u00e7\u00f5es de prest\u00edgio no Brasil, mas tamb\u00e9m, nos quadros de importantes empresas.<\/p>\n<p>O PPGPRO da EPUSP oferece, em cinco diferentes \u00e1reas de pesquisa (listadas a seguir), um conjunto de disciplinas que visa colocar o aluno a par do que est\u00e1 ocorrendo na fronteira do conhecimento e assim desenvolver um tema de pesquisa que seja de relev\u00e2ncia econ\u00f4mica e social para o pa\u00eds:<\/p>\n<ol>\n<li>Economia da Produ\u00e7\u00e3o e Engenharia Financeira<\/li>\n<li>Gest\u00e3o de Opera\u00e7\u00f5es e Log\u00edstica<\/li>\n<li>Gest\u00e3o da Tecnologia da Informa\u00e7\u00e3o<\/li>\n<li>Qualidade e Engenharia do Produto<\/li>\n<li>Trabalho, Tecnologia e Organiza\u00e7\u00e3o<\/li>\n<\/ol>\n<\/div>\n","protected":false},"excerpt":{"rendered":"<p>Eventos e Cursos Palestras Cursos FCAV MBA-GIC CEGP-TI CCGTI CCBI PPGEP O Programa de P\u00f3s-gradua\u00e7\u00e3o em Engenharia de Produ\u00e7\u00e3o da&#46;&#46;&#46;<\/p>\n","protected":false},"author":1228,"featured_media":0,"parent":0,"menu_order":0,"comment_status":"closed","ping_status":"closed","template":"","meta":{"footnotes":"","_links_to":"","_links_to_target":""},"class_list":["post-152","page","type-page","status-publish","hentry"],"_links":{"self":[{"href":"https:\/\/sites.usp.br\/leticic\/wp-json\/wp\/v2\/pages\/152","targetHints":{"allow":["GET"]}}],"collection":[{"href":"https:\/\/sites.usp.br\/leticic\/wp-json\/wp\/v2\/pages"}],"about":[{"href":"https:\/\/sites.usp.br\/leticic\/wp-json\/wp\/v2\/types\/page"}],"author":[{"embeddable":true,"href":"https:\/\/sites.usp.br\/leticic\/wp-json\/wp\/v2\/users\/1228"}],"replies":[{"embeddable":true,"href":"https:\/\/sites.usp.br\/leticic\/wp-json\/wp\/v2\/comments?post=152"}],"version-history":[{"count":1,"href":"https:\/\/sites.usp.br\/leticic\/wp-json\/wp\/v2\/pages\/152\/revisions"}],"predecessor-version":[{"id":153,"href":"https:\/\/sites.usp.br\/leticic\/wp-json\/wp\/v2\/pages\/152\/revisions\/153"}],"wp:attachment":[{"href":"https:\/\/sites.usp.br\/leticic\/wp-json\/wp\/v2\/media?parent=152"}],"curies":[{"name":"wp","href":"https:\/\/api.w.org\/{rel}","templated":true}]}}