{"id":183,"date":"2019-11-19T14:14:03","date_gmt":"2019-11-19T16:14:03","guid":{"rendered":"https:\/\/sites.usp.br\/leticic\/?page_id=183"},"modified":"2020-02-13T17:11:16","modified_gmt":"2020-02-13T19:11:16","slug":"home-2","status":"publish","type":"page","link":"https:\/\/sites.usp.br\/leticic\/home-2\/","title":{"rendered":"Home"},"content":{"rendered":"<p><img loading=\"lazy\" decoding=\"async\" class=\"size-full wp-image-209 aligncenter\" src=\"https:\/\/sites.usp.br\/leticic\/wp-content\/uploads\/sites\/640\/2020\/02\/copy-cropped-banner1.jpg\" alt=\"\" width=\"1000\" height=\"288\" srcset=\"https:\/\/sites.usp.br\/leticic\/wp-content\/uploads\/sites\/640\/2020\/02\/copy-cropped-banner1.jpg 1000w, https:\/\/sites.usp.br\/leticic\/wp-content\/uploads\/sites\/640\/2020\/02\/copy-cropped-banner1-300x86.jpg 300w, https:\/\/sites.usp.br\/leticic\/wp-content\/uploads\/sites\/640\/2020\/02\/copy-cropped-banner1-768x221.jpg 768w, https:\/\/sites.usp.br\/leticic\/wp-content\/uploads\/sites\/640\/2020\/02\/copy-cropped-banner1-400x115.jpg 400w\" sizes=\"auto, (max-width: 1000px) 100vw, 1000px\" \/><\/p>\n<header class=\"entry-header\">\n<h1 class=\"entry-title\">Hist\u00f3rico e antecedentes do LETICIC<\/h1>\n<\/header>\n<div class=\"entry-content\">\nDentre as atividades de pesquisa do PRO existe um hist\u00f3rico de projetos envolvendo as quest\u00f5es relativas \u00e0 Estrat\u00e9gia Competitiva, ao Alinhamento Estrat\u00e9gico da Tecnologia da Informa\u00e7\u00e3o, \u00e0 Gest\u00e3o do Conhecimento, bem como \u00e0s T\u00e9cnicas Quantitativas de An\u00e1lise de Dados e de Informa\u00e7\u00f5es e aos Sistemas de Apoio \u00e0 Decis\u00e3o. H\u00e1 ainda v\u00e1rias iniciativas envolvendo Inova\u00e7\u00e3o\u00a0 com as diversas \u00e1reas da Engenharia de Produ\u00e7\u00e3o.<br \/>\nNos \u00faltimos anos, nota-se que tanto na academia como nas empresas, estes temas t\u00eam sido tratados dentro do tema \u201cintelig\u00eancia competitiva\u201d.<br \/>\nA Intelig\u00eancia Competitiva, visa a monitorar o ambiente competitivo no qual a empresa atua em busca de informa\u00e7\u00f5es relevantes para seus processos de tomada de decis\u00e3o. Est\u00e1 relacionada com a obten\u00e7\u00e3o de informa\u00e7\u00e3o por meios l\u00edcitos e \u00e9ticos, usa fontes p\u00fablicas para buscar informa\u00e7\u00f5es de import\u00e2ncia estrat\u00e9gica para a empresa acerca do mercado e sobre a concorr\u00eancia. N\u00e3o se trata apenas de coletar informa\u00e7\u00f5es de diversas fontes, mas analis\u00e1-las e sintetiz\u00e1-las para estarem dispon\u00edveis para que os gestores da empresa tomem suas decis\u00f5es de forma a obter vantagem competitiva.<br \/>\nNote-se que Intelig\u00eancia Competitiva est\u00e1 relacionada com outro conceito distinto, Business Intelligence que representa a habilidade de se estruturar, acessar e explorar informa\u00e7\u00f5es, com o objetivo de se desenvolver percep\u00e7\u00f5es, entendimentos, conhecimentos os quais podem produzir um melhor processo de tomada de decis\u00e3o. Esta express\u00e3o, pois, est\u00e1 mais ligada \u00e0s aplica\u00e7\u00f5es de TI que permitem tais an\u00e1lises. E v\u00e1rias t\u00e9cnicas estat\u00edsticas s\u00e3o utilizadas por estas aplica\u00e7\u00f5es.<br \/>\nPor sua vez, Intelig\u00eancia Competitiva \u00e9 o processo que investiga o ambiente onde a empresa est\u00e1 inserida, com o prop\u00f3sito de descobrir oportunidades e reduzir os riscos, bem como diagnostica o ambiente interno organizacional, visando o estabelecimento de estrat\u00e9gias de a\u00e7\u00e3o a curto, m\u00e9dio e longo prazo. Quando se fala em intelig\u00eancia, admite-se ainda um duplo significado: posse e cria\u00e7\u00e3o de conhecimento. Desta forma, na id\u00e9ia de Intelig\u00eancia Competitiva s\u00e3o necess\u00e1rios conceitos de Gest\u00e3o do Conhecimento e de Estrat\u00e9gia Competitiva.<br \/>\nAl\u00e9m disto, \u00e9 bastante difundida a rela\u00e7\u00e3o entre TI e inova\u00e7\u00e3o, quer seja de forma direta, quer seja de forma indireta (por facilita\u00e7\u00e3o das atividades de P&amp;D). A Intelig\u00eancia Competitiva, por sua vez, permite que sejam feitas an\u00e1lises e criadas novas abordagens de neg\u00f3cios, resultando em estrat\u00e9gias competitivas inovadoras.<br \/>\nPortanto, os estudos acerca da Intelig\u00eancia Competitiva permitem uma integra\u00e7\u00e3o de v\u00e1rias linhas de pesquisas em curso no PRO.<\/p>\n<\/div>\n","protected":false},"excerpt":{"rendered":"<p>Hist\u00f3rico e antecedentes do LETICIC Dentre as atividades de pesquisa do PRO existe um hist\u00f3rico de projetos envolvendo as quest\u00f5es&#46;&#46;&#46;<\/p>\n","protected":false},"author":1228,"featured_media":0,"parent":0,"menu_order":0,"comment_status":"closed","ping_status":"closed","template":"","meta":{"footnotes":"","_links_to":"","_links_to_target":""},"class_list":["post-183","page","type-page","status-publish","hentry"],"_links":{"self":[{"href":"https:\/\/sites.usp.br\/leticic\/wp-json\/wp\/v2\/pages\/183","targetHints":{"allow":["GET"]}}],"collection":[{"href":"https:\/\/sites.usp.br\/leticic\/wp-json\/wp\/v2\/pages"}],"about":[{"href":"https:\/\/sites.usp.br\/leticic\/wp-json\/wp\/v2\/types\/page"}],"author":[{"embeddable":true,"href":"https:\/\/sites.usp.br\/leticic\/wp-json\/wp\/v2\/users\/1228"}],"replies":[{"embeddable":true,"href":"https:\/\/sites.usp.br\/leticic\/wp-json\/wp\/v2\/comments?post=183"}],"version-history":[{"count":2,"href":"https:\/\/sites.usp.br\/leticic\/wp-json\/wp\/v2\/pages\/183\/revisions"}],"predecessor-version":[{"id":210,"href":"https:\/\/sites.usp.br\/leticic\/wp-json\/wp\/v2\/pages\/183\/revisions\/210"}],"wp:attachment":[{"href":"https:\/\/sites.usp.br\/leticic\/wp-json\/wp\/v2\/media?parent=183"}],"curies":[{"name":"wp","href":"https:\/\/api.w.org\/{rel}","templated":true}]}}