{"id":1131,"date":"2021-10-28T09:13:32","date_gmt":"2021-10-28T12:13:32","guid":{"rendered":"https:\/\/sites.usp.br\/padrao8\/?page_id=1131"},"modified":"2023-04-03T22:41:14","modified_gmt":"2023-04-04T01:41:14","slug":"fale-conosco","status":"publish","type":"page","link":"https:\/\/sites.usp.br\/levoc\/fale-conosco\/","title":{"rendered":"Fale conosco-p\u00e1gina"},"content":{"rendered":"\t\t<div data-elementor-type=\"wp-page\" data-elementor-id=\"1131\" class=\"elementor elementor-1131\" data-elementor-post-type=\"page\">\n\t\t\t\t\t\t<section class=\"elementor-section elementor-top-section elementor-element elementor-element-fe16658 elementor-section-boxed elementor-section-height-default elementor-section-height-default\" data-id=\"fe16658\" data-element_type=\"section\" data-settings=\"{&quot;background_background&quot;:&quot;classic&quot;}\">\n\t\t\t\t\t\t<div class=\"elementor-container elementor-column-gap-default\">\n\t\t\t\t\t<div class=\"elementor-column elementor-col-100 elementor-top-column elementor-element elementor-element-f9b1501\" data-id=\"f9b1501\" data-element_type=\"column\">\n\t\t\t<div class=\"elementor-widget-wrap elementor-element-populated\">\n\t\t\t\t\t\t<div class=\"elementor-element elementor-element-2ecd125 elementor-widget elementor-widget-heading\" data-id=\"2ecd125\" data-element_type=\"widget\" data-widget_type=\"heading.default\">\n\t\t\t\t<div class=\"elementor-widget-container\">\n\t\t\t<h2 class=\"elementor-heading-title elementor-size-default\">FALE CONOSCO<\/h2>\t\t<\/div>\n\t\t\t\t<\/div>\n\t\t\t\t<section class=\"elementor-section elementor-inner-section elementor-element elementor-element-ffc5fc5 elementor-section-boxed elementor-section-height-default elementor-section-height-default\" data-id=\"ffc5fc5\" data-element_type=\"section\">\n\t\t\t\t\t\t<div class=\"elementor-container elementor-column-gap-default\">\n\t\t\t\t\t<div class=\"elementor-column elementor-col-50 elementor-inner-column elementor-element elementor-element-8ca466b\" data-id=\"8ca466b\" data-element_type=\"column\">\n\t\t\t<div class=\"elementor-widget-wrap elementor-element-populated\">\n\t\t\t\t\t\t<div class=\"elementor-element elementor-element-b9d9846 elementor-widget elementor-widget-heading\" data-id=\"b9d9846\" data-element_type=\"widget\" data-widget_type=\"heading.default\">\n\t\t\t\t<div class=\"elementor-widget-container\">\n\t\t\t<h2 class=\"elementor-heading-title elementor-size-default\">Contatos<\/h2>\t\t<\/div>\n\t\t\t\t<\/div>\n\t\t\t\t<div class=\"elementor-element elementor-element-8b22a72 elementor-widget elementor-widget-heading\" data-id=\"8b22a72\" data-element_type=\"widget\" data-widget_type=\"heading.default\">\n\t\t\t\t<div class=\"elementor-widget-container\">\n\t\t\t<h4 class=\"elementor-heading-title elementor-size-default\">Coordena\u00e7\u00e3o:<\/h4>\t\t<\/div>\n\t\t\t\t<\/div>\n\t\t\t\t<div class=\"elementor-element elementor-element-1585429 elementor-widget elementor-widget-text-editor\" data-id=\"1585429\" data-element_type=\"widget\" data-widget_type=\"text-editor.default\">\n\t\t\t\t<div class=\"elementor-widget-container\">\n\t\t\t\t\t\t\t<p align=\"justify\">Prof. Dr. Astolfo G. M. Araujo<br \/>astwolfo@usp.br<\/p>\t\t\t\t\t\t<\/div>\n\t\t\t\t<\/div>\n\t\t\t\t<div class=\"elementor-element elementor-element-753af32 elementor-widget elementor-widget-heading\" data-id=\"753af32\" data-element_type=\"widget\" data-widget_type=\"heading.default\">\n\t\t\t\t<div class=\"elementor-widget-container\">\n\t\t\t<h4 class=\"elementor-heading-title elementor-size-default\">S\u00edtios l\u00edticos:<\/h4>\t\t<\/div>\n\t\t\t\t<\/div>\n\t\t\t\t<div class=\"elementor-element elementor-element-7390374 elementor-widget elementor-widget-text-editor\" data-id=\"7390374\" data-element_type=\"widget\" data-widget_type=\"text-editor.default\">\n\t\t\t\t<div class=\"elementor-widget-container\">\n\t\t\t\t\t\t\t<p align=\"justify\">Dra. Let\u00edcia C. Correa<br \/>leticiacorrea@alumni.usp.br <\/p>\t\t\t\t\t\t<\/div>\n\t\t\t\t<\/div>\n\t\t\t\t<div class=\"elementor-element elementor-element-d658da6 elementor-widget elementor-widget-heading\" data-id=\"d658da6\" data-element_type=\"widget\" data-widget_type=\"heading.default\">\n\t\t\t\t<div class=\"elementor-widget-container\">\n\t\t\t<h4 class=\"elementor-heading-title elementor-size-default\">S\u00edtios cer\u00e2micos:<\/h4>\t\t<\/div>\n\t\t\t\t<\/div>\n\t\t\t\t<div class=\"elementor-element elementor-element-b23374f elementor-widget elementor-widget-text-editor\" data-id=\"b23374f\" data-element_type=\"widget\" data-widget_type=\"text-editor.default\">\n\t\t\t\t<div class=\"elementor-widget-container\">\n\t\t\t\t\t\t\t<p align=\"justify\">Dr. Glauco C. Perez<br \/>glauco1113@usp.br<\/p>\t\t\t\t\t\t<\/div>\n\t\t\t\t<\/div>\n\t\t\t\t<div class=\"elementor-element elementor-element-4a70edb elementor-widget elementor-widget-heading\" data-id=\"4a70edb\" data-element_type=\"widget\" data-widget_type=\"heading.default\">\n\t\t\t\t<div class=\"elementor-widget-container\">\n\t\t\t<h4 class=\"elementor-heading-title elementor-size-default\">Arte rupestre:<\/h4>\t\t<\/div>\n\t\t\t\t<\/div>\n\t\t\t\t<div class=\"elementor-element elementor-element-49abf8a elementor-widget elementor-widget-text-editor\" data-id=\"49abf8a\" data-element_type=\"widget\" data-widget_type=\"text-editor.default\">\n\t\t\t\t<div class=\"elementor-widget-container\">\n\t\t\t\t\t\t\t<p align=\"justify\">Dra. Mar\u00edlia Perazzo<br \/>mariliaperazzo@hotmail.com<\/p>\t\t\t\t\t\t<\/div>\n\t\t\t\t<\/div>\n\t\t\t\t\t<\/div>\n\t\t<\/div>\n\t\t\t\t<div class=\"elementor-column elementor-col-50 elementor-inner-column elementor-element elementor-element-a1ffa60\" data-id=\"a1ffa60\" data-element_type=\"column\">\n\t\t\t<div class=\"elementor-widget-wrap elementor-element-populated\">\n\t\t\t\t\t\t<div class=\"elementor-element elementor-element-f43f630 elementor-hidden-desktop elementor-hidden-tablet elementor-widget-divider--view-line elementor-widget elementor-widget-divider\" data-id=\"f43f630\" data-element_type=\"widget\" data-widget_type=\"divider.default\">\n\t\t\t\t<div class=\"elementor-widget-container\">\n\t\t\t\t\t<div class=\"elementor-divider\">\n\t\t\t<span class=\"elementor-divider-separator\">\n\t\t\t\t\t\t<\/span>\n\t\t<\/div>\n\t\t\t\t<\/div>\n\t\t\t\t<\/div>\n\t\t\t\t\t<\/div>\n\t\t<\/div>\n\t\t\t\t\t<\/div>\n\t\t<\/section>\n\t\t\t\t\t<\/div>\n\t\t<\/div>\n\t\t\t\t\t<\/div>\n\t\t<\/section>\n\t\t\t\t<\/div>\n\t\t","protected":false},"excerpt":{"rendered":"<p>FALE CONOSCO Contatos Coordena\u00e7\u00e3o: Prof. Dr. Astolfo G. M. Araujoastwolfo@usp.br S\u00edtios l\u00edticos: Dra. Let\u00edcia C. Correaleticiacorrea@alumni.usp.br S\u00edtios cer\u00e2micos: Dr. Glauco C. Perezglauco1113@usp.br Arte rupestre: Dra. Mar\u00edlia Perazzomariliaperazzo@hotmail.com<\/p>\n","protected":false},"author":22641,"featured_media":0,"parent":0,"menu_order":0,"comment_status":"closed","ping_status":"closed","template":"","meta":{"_monsterinsights_skip_tracking":false,"_monsterinsights_sitenote_active":false,"_monsterinsights_sitenote_note":"","_monsterinsights_sitenote_category":0,"footnotes":"","_links_to":"","_links_to_target":""},"class_list":["post-1131","page","type-page","status-publish","hentry","entry"],"_links":{"self":[{"href":"https:\/\/sites.usp.br\/levoc\/wp-json\/wp\/v2\/pages\/1131","targetHints":{"allow":["GET"]}}],"collection":[{"href":"https:\/\/sites.usp.br\/levoc\/wp-json\/wp\/v2\/pages"}],"about":[{"href":"https:\/\/sites.usp.br\/levoc\/wp-json\/wp\/v2\/types\/page"}],"author":[{"embeddable":true,"href":"https:\/\/sites.usp.br\/levoc\/wp-json\/wp\/v2\/users\/22641"}],"replies":[{"embeddable":true,"href":"https:\/\/sites.usp.br\/levoc\/wp-json\/wp\/v2\/comments?post=1131"}],"version-history":[{"count":4,"href":"https:\/\/sites.usp.br\/levoc\/wp-json\/wp\/v2\/pages\/1131\/revisions"}],"predecessor-version":[{"id":2983,"href":"https:\/\/sites.usp.br\/levoc\/wp-json\/wp\/v2\/pages\/1131\/revisions\/2983"}],"wp:attachment":[{"href":"https:\/\/sites.usp.br\/levoc\/wp-json\/wp\/v2\/media?parent=1131"}],"curies":[{"name":"wp","href":"https:\/\/api.w.org\/{rel}","templated":true}]}}