{"id":175,"date":"2014-05-13T12:39:26","date_gmt":"2014-05-13T15:39:26","guid":{"rendered":"http:\/\/sites.usp.brpadrao2\/?page_id=175"},"modified":"2023-04-11T15:36:27","modified_gmt":"2023-04-11T18:36:27","slug":"sobrelevoc","status":"publish","type":"page","link":"https:\/\/sites.usp.br\/levoc\/sobrelevoc\/","title":{"rendered":"Sobre o LEVOC"},"content":{"rendered":"\t\t<div data-elementor-type=\"wp-post\" data-elementor-id=\"175\" class=\"elementor elementor-175\" data-elementor-post-type=\"page\">\n\t\t\t\t\t\t<section class=\"elementor-section elementor-top-section elementor-element elementor-element-55d74470 elementor-section-boxed elementor-section-height-default elementor-section-height-default\" data-id=\"55d74470\" data-element_type=\"section\">\n\t\t\t\t\t\t<div class=\"elementor-container elementor-column-gap-default\">\n\t\t\t\t\t<div class=\"elementor-column elementor-col-100 elementor-top-column elementor-element elementor-element-736ce61f\" data-id=\"736ce61f\" data-element_type=\"column\">\n\t\t\t<div class=\"elementor-widget-wrap elementor-element-populated\">\n\t\t\t\t\t\t<div class=\"elementor-element elementor-element-f45f513 elementor-widget elementor-widget-heading\" data-id=\"f45f513\" data-element_type=\"widget\" data-widget_type=\"heading.default\">\n\t\t\t\t<div class=\"elementor-widget-container\">\n\t\t\t<h2 class=\"elementor-heading-title elementor-size-default\">LEVOC - LABORAT\u00d3RIO INTERDISCIPLINAR DE PESQUISAS EM EVOLU\u00c7\u00c3O, CULTURA E MEIO AMBIENTE<\/h2>\t\t<\/div>\n\t\t\t\t<\/div>\n\t\t\t\t<div class=\"elementor-element elementor-element-5cae682 elementor-widget__width-initial elementor-widget elementor-widget-image\" data-id=\"5cae682\" data-element_type=\"widget\" data-widget_type=\"image.default\">\n\t\t\t\t<div class=\"elementor-widget-container\">\n\t\t\t\t\t\t\t\t\t\t\t\t\t<img fetchpriority=\"high\" decoding=\"async\" width=\"300\" height=\"300\" src=\"https:\/\/sites.usp.br\/levoc\/wp-content\/uploads\/sites\/1246\/2023\/04\/Libelula-Levoc-300x300.jpg\" class=\"attachment-medium size-medium wp-image-3239\" alt=\"\" srcset=\"https:\/\/sites.usp.br\/levoc\/wp-content\/uploads\/sites\/1246\/2023\/04\/Libelula-Levoc-300x300.jpg 300w, https:\/\/sites.usp.br\/levoc\/wp-content\/uploads\/sites\/1246\/2023\/04\/Libelula-Levoc-1024x1024.jpg 1024w, https:\/\/sites.usp.br\/levoc\/wp-content\/uploads\/sites\/1246\/2023\/04\/Libelula-Levoc-150x150.jpg 150w, https:\/\/sites.usp.br\/levoc\/wp-content\/uploads\/sites\/1246\/2023\/04\/Libelula-Levoc-768x769.jpg 768w, https:\/\/sites.usp.br\/levoc\/wp-content\/uploads\/sites\/1246\/2023\/04\/Libelula-Levoc-600x600.jpg 600w, https:\/\/sites.usp.br\/levoc\/wp-content\/uploads\/sites\/1246\/2023\/04\/Libelula-Levoc-45x45.jpg 45w, https:\/\/sites.usp.br\/levoc\/wp-content\/uploads\/sites\/1246\/2023\/04\/Libelula-Levoc-200x200.jpg 200w, https:\/\/sites.usp.br\/levoc\/wp-content\/uploads\/sites\/1246\/2023\/04\/Libelula-Levoc-400x400.jpg 400w, https:\/\/sites.usp.br\/levoc\/wp-content\/uploads\/sites\/1246\/2023\/04\/Libelula-Levoc.jpg 1520w\" sizes=\"(max-width: 300px) 100vw, 300px\" \/>\t\t\t\t\t\t\t\t\t\t\t\t\t<\/div>\n\t\t\t\t<\/div>\n\t\t\t\t<div class=\"elementor-element elementor-element-18c40643 elementor-widget elementor-widget-text-editor\" data-id=\"18c40643\" data-element_type=\"widget\" data-widget_type=\"text-editor.default\">\n\t\t\t\t<div class=\"elementor-widget-container\">\n\t\t\t\t\t\t\t<p>O LEVOC \u00e9 um Laborat\u00f3rio Tem\u00e1tico, inst\u00e2ncia vinculada ao Museu de Arqueologia e Etnologia da\u00a0<span style=\"font-size: 18px; color: var( --e-global-color-text );\">Universidade de S\u00e3o Paulo (MAE\/USP), e\u00a0<\/span><span style=\"font-size: 18px; color: var( --e-global-color-text );\">foi oficialmente criado em\u00a018 de mar\u00e7o de 2010. Re\u00fane docentes, especialistas externos \u00e0 USP, discentes e t\u00e9cnicos com\u00a0<\/span><span style=\"font-size: 18px; color: var( --e-global-color-text );\">o objetivo de desenvolver pesquisas interdisciplinares nas \u00e1reas de Arqueologia, Evolu\u00e7\u00e3o,\u00a0<\/span><span style=\"font-size: 18px; color: var( --e-global-color-text );\">Transmiss\u00e3o Cultural, Ci\u00eancias da Terra, Meio Ambiente e Patrim\u00f4<\/span><span style=\"font-size: 18px; color: var( --e-global-color-text );\">nio. O coordenador do laborat\u00f3rio \u00e9 o\u00a0<\/span><strong><a href=\"https:\/\/sites.usp.br\/levoc\/astolfo-araujo\/\" target=\"_blank\" rel=\"noopener\">Prof. Dr. Astolfo G. M. Araujo<\/a><\/strong><span style=\"font-size: 18px; color: var( --e-global-color-text );\">, Livre-Docente do MAE\/USP.\u00a0<\/span><\/p><p><span style=\"font-size: 18px; color: var( --e-global-color-text ); font-family: 'Times New Roman', serif;\">Os\u00a0<\/span><span style=\"color: var( --e-global-color-text ); font-family: 'Times New Roman', serif; font-size: 18px;\">objetivos\u00a0 do LEVOC s\u00e3o:<\/span><\/p><p><span style=\"font-family: 'Times New Roman',serif;\">I \u2013 Desenvolver pesquisas a respeito das rela\u00e7\u00f5es entre cultura e meio ambiente<br \/>dentro de uma perspectiva espacial e diacr\u00f4nica, envolvendo n\u00e3o apenas a<br \/>detec\u00e7\u00e3o de padr\u00f5es mas o entendimento dos processos atuantes nos mecanismos de<br \/>mudan\u00e7a cultural, sejam intr\u00ednsecos ou relacionados com o meio ambiente;<\/span><\/p><p><span style=\"font-family: 'Times New Roman',serif;\">II \u2013 Implementar e incentivar a integra\u00e7\u00e3o de profissionais, especialistas e<br \/>estudantes de diversas \u00e1reas em torno de temas de interesse m\u00fatuo;<\/span><\/p><p><span style=\"font-family: 'Times New Roman',serif;\">III \u2013 Organizar cursos, oficinas, simp\u00f3sios e palestras em \u00e2mbito nacional e<br \/>internacional;<\/span><\/p><p><span style=\"font-family: 'Times New Roman',serif;\">IV \u2013 Fomentar a publica\u00e7\u00e3o e a divulga\u00e7\u00e3o dos conhecimentos produzidos;<\/span><\/p><p><span style=\"font-family: 'Times New Roman',serif;\">V- Buscar parcerias com pesquisadores e institui\u00e7\u00f5es estrangeiras com o objetivo de<br \/>compartilhar conhecimentos e experi\u00eancias.<\/span><\/p>\t\t\t\t\t\t<\/div>\n\t\t\t\t<\/div>\n\t\t\t\t\t<\/div>\n\t\t<\/div>\n\t\t\t\t\t<\/div>\n\t\t<\/section>\n\t\t\t\t<section class=\"elementor-section elementor-top-section elementor-element elementor-element-771e849 elementor-section-boxed elementor-section-height-default elementor-section-height-default\" data-id=\"771e849\" data-element_type=\"section\">\n\t\t\t\t\t\t<div class=\"elementor-container elementor-column-gap-default\">\n\t\t\t\t\t<div class=\"elementor-column elementor-col-100 elementor-top-column elementor-element elementor-element-00d0d9b\" data-id=\"00d0d9b\" data-element_type=\"column\">\n\t\t\t<div class=\"elementor-widget-wrap elementor-element-populated\">\n\t\t\t\t\t\t<div class=\"elementor-element elementor-element-75e22c5 elementor-widget elementor-widget-image\" data-id=\"75e22c5\" data-element_type=\"widget\" data-widget_type=\"image.default\">\n\t\t\t\t<div class=\"elementor-widget-container\">\n\t\t\t\t\t\t\t\t\t\t\t\t\t<img decoding=\"async\" width=\"1024\" height=\"768\" src=\"https:\/\/sites.usp.br\/levoc\/wp-content\/uploads\/sites\/1246\/2023\/04\/DSC03633-1024x768.jpg\" class=\"attachment-large size-large wp-image-2984\" alt=\"\" srcset=\"https:\/\/sites.usp.br\/levoc\/wp-content\/uploads\/sites\/1246\/2023\/04\/DSC03633-1024x768.jpg 1024w, https:\/\/sites.usp.br\/levoc\/wp-content\/uploads\/sites\/1246\/2023\/04\/DSC03633-300x225.jpg 300w, https:\/\/sites.usp.br\/levoc\/wp-content\/uploads\/sites\/1246\/2023\/04\/DSC03633-768x576.jpg 768w, https:\/\/sites.usp.br\/levoc\/wp-content\/uploads\/sites\/1246\/2023\/04\/DSC03633-1536x1152.jpg 1536w, https:\/\/sites.usp.br\/levoc\/wp-content\/uploads\/sites\/1246\/2023\/04\/DSC03633-80x60.jpg 80w, https:\/\/sites.usp.br\/levoc\/wp-content\/uploads\/sites\/1246\/2023\/04\/DSC03633-400x300.jpg 400w, https:\/\/sites.usp.br\/levoc\/wp-content\/uploads\/sites\/1246\/2023\/04\/DSC03633.jpg 2048w\" sizes=\"(max-width: 1024px) 100vw, 1024px\" \/>\t\t\t\t\t\t\t\t\t\t\t\t\t<\/div>\n\t\t\t\t<\/div>\n\t\t\t\t\t<\/div>\n\t\t<\/div>\n\t\t\t\t\t<\/div>\n\t\t<\/section>\n\t\t\t\t<\/div>\n\t\t","protected":false},"excerpt":{"rendered":"<p>LEVOC &#8211; LABORAT\u00d3RIO INTERDISCIPLINAR DE PESQUISAS EM EVOLU\u00c7\u00c3O, CULTURA E MEIO AMBIENTE O LEVOC \u00e9 um Laborat\u00f3rio Tem\u00e1tico, inst\u00e2ncia vinculada ao Museu de Arqueologia e Etnologia da\u00a0Universidade de S\u00e3o Paulo (MAE\/USP), e\u00a0foi oficialmente criado em\u00a018 de mar\u00e7o de 2010. Re\u00fane docentes, especialistas externos \u00e0 USP, discentes e t\u00e9cnicos com\u00a0o objetivo de desenvolver pesquisas interdisciplinares nas [&hellip;]<\/p>\n","protected":false},"author":1,"featured_media":0,"parent":0,"menu_order":0,"comment_status":"closed","ping_status":"closed","template":"elementor_header_footer","meta":{"_monsterinsights_skip_tracking":false,"_monsterinsights_sitenote_active":false,"_monsterinsights_sitenote_note":"","_monsterinsights_sitenote_category":0,"footnotes":"","_links_to":"","_links_to_target":""},"class_list":["post-175","page","type-page","status-publish","hentry","entry"],"_links":{"self":[{"href":"https:\/\/sites.usp.br\/levoc\/wp-json\/wp\/v2\/pages\/175","targetHints":{"allow":["GET"]}}],"collection":[{"href":"https:\/\/sites.usp.br\/levoc\/wp-json\/wp\/v2\/pages"}],"about":[{"href":"https:\/\/sites.usp.br\/levoc\/wp-json\/wp\/v2\/types\/page"}],"author":[{"embeddable":true,"href":"https:\/\/sites.usp.br\/levoc\/wp-json\/wp\/v2\/users\/1"}],"replies":[{"embeddable":true,"href":"https:\/\/sites.usp.br\/levoc\/wp-json\/wp\/v2\/comments?post=175"}],"version-history":[{"count":4,"href":"https:\/\/sites.usp.br\/levoc\/wp-json\/wp\/v2\/pages\/175\/revisions"}],"predecessor-version":[{"id":3560,"href":"https:\/\/sites.usp.br\/levoc\/wp-json\/wp\/v2\/pages\/175\/revisions\/3560"}],"wp:attachment":[{"href":"https:\/\/sites.usp.br\/levoc\/wp-json\/wp\/v2\/media?parent=175"}],"curies":[{"name":"wp","href":"https:\/\/api.w.org\/{rel}","templated":true}]}}