{"id":3078,"date":"2023-04-06T19:53:37","date_gmt":"2023-04-06T22:53:37","guid":{"rendered":"https:\/\/sites.usp.br\/levoc\/?page_id=3078"},"modified":"2023-04-13T21:21:49","modified_gmt":"2023-04-14T00:21:49","slug":"elementor-3078","status":"publish","type":"page","link":"https:\/\/sites.usp.br\/levoc\/elementor-3078\/","title":{"rendered":"Projetos"},"content":{"rendered":"\t\t<div data-elementor-type=\"wp-page\" data-elementor-id=\"3078\" class=\"elementor elementor-3078\" data-elementor-post-type=\"page\">\n\t\t\t\t\t\t<section class=\"elementor-section elementor-top-section elementor-element elementor-element-906ebfd elementor-section-boxed elementor-section-height-default elementor-section-height-default\" data-id=\"906ebfd\" data-element_type=\"section\">\n\t\t\t\t\t\t<div class=\"elementor-container elementor-column-gap-default\">\n\t\t\t\t\t<div class=\"elementor-column elementor-col-100 elementor-top-column elementor-element elementor-element-a9884b0\" data-id=\"a9884b0\" data-element_type=\"column\">\n\t\t\t<div class=\"elementor-widget-wrap elementor-element-populated\">\n\t\t\t\t\t\t<div class=\"elementor-element elementor-element-10f4ce6 elementor-widget elementor-widget-heading\" data-id=\"10f4ce6\" data-element_type=\"widget\" data-widget_type=\"heading.default\">\n\t\t\t\t<div class=\"elementor-widget-container\">\n\t\t\t<h2 class=\"elementor-heading-title elementor-size-default\">Projetos Realizados por Nossos Colaboradores<\/h2>\t\t<\/div>\n\t\t\t\t<\/div>\n\t\t\t\t\t<\/div>\n\t\t<\/div>\n\t\t\t\t\t<\/div>\n\t\t<\/section>\n\t\t\t\t<section class=\"elementor-section elementor-top-section elementor-element elementor-element-5e44d5c elementor-section-boxed elementor-section-height-default elementor-section-height-default\" data-id=\"5e44d5c\" data-element_type=\"section\">\n\t\t\t\t\t\t<div class=\"elementor-container elementor-column-gap-default\">\n\t\t\t\t\t<div class=\"elementor-column elementor-col-100 elementor-top-column elementor-element elementor-element-3b6cf19\" data-id=\"3b6cf19\" data-element_type=\"column\">\n\t\t\t<div class=\"elementor-widget-wrap elementor-element-populated\">\n\t\t\t\t\t\t<div class=\"elementor-element elementor-element-6051536 elementor-widget elementor-widget-text-editor\" data-id=\"6051536\" data-element_type=\"widget\" data-widget_type=\"text-editor.default\">\n\t\t\t\t<div class=\"elementor-widget-container\">\n\t\t\t\t\t\t\t<p>Conhe\u00e7a os projetos realizados por pesquisadores, alunos e docentes associados ao LEVOC<\/p>\t\t\t\t\t\t<\/div>\n\t\t\t\t<\/div>\n\t\t\t\t\t<\/div>\n\t\t<\/div>\n\t\t\t\t\t<\/div>\n\t\t<\/section>\n\t\t\t\t<section class=\"elementor-section elementor-top-section elementor-element elementor-element-3fb2b0b elementor-section-boxed elementor-section-height-default elementor-section-height-default\" data-id=\"3fb2b0b\" data-element_type=\"section\">\n\t\t\t\t\t\t<div class=\"elementor-container elementor-column-gap-default\">\n\t\t\t\t\t<div class=\"elementor-column elementor-col-100 elementor-top-column elementor-element elementor-element-e285d8c\" data-id=\"e285d8c\" data-element_type=\"column\">\n\t\t\t<div class=\"elementor-widget-wrap elementor-element-populated\">\n\t\t\t\t\t\t<div class=\"elementor-element elementor-element-d11a6b7 elementor-skin-carousel elementor-arrows-yes elementor-pagination-type-bullets elementor-pagination-position-outside elementor-widget elementor-widget-media-carousel\" data-id=\"d11a6b7\" data-element_type=\"widget\" data-settings=\"{&quot;skin&quot;:&quot;carousel&quot;,&quot;effect&quot;:&quot;slide&quot;,&quot;show_arrows&quot;:&quot;yes&quot;,&quot;pagination&quot;:&quot;bullets&quot;,&quot;speed&quot;:500,&quot;autoplay&quot;:&quot;yes&quot;,&quot;autoplay_speed&quot;:5000,&quot;loop&quot;:&quot;yes&quot;,&quot;pause_on_hover&quot;:&quot;yes&quot;,&quot;pause_on_interaction&quot;:&quot;yes&quot;,&quot;space_between&quot;:{&quot;unit&quot;:&quot;px&quot;,&quot;size&quot;:10,&quot;sizes&quot;:[]},&quot;space_between_tablet&quot;:{&quot;unit&quot;:&quot;px&quot;,&quot;size&quot;:10,&quot;sizes&quot;:[]},&quot;space_between_mobile&quot;:{&quot;unit&quot;:&quot;px&quot;,&quot;size&quot;:10,&quot;sizes&quot;:[]}}\" data-widget_type=\"media-carousel.default\">\n\t\t\t\t<div class=\"elementor-widget-container\">\n\t\t\t\t\t<div class=\"elementor-swiper\">\n\t\t\t<div class=\"elementor-main-swiper swiper\">\n\t\t\t\t<div class=\"swiper-wrapper\">\n\t\t\t\t\t\t\t\t\t\t\t<div class=\"swiper-slide\">\n\t\t\t\t\t\t\t\t\t<div class=\"elementor-carousel-image\" role=\"img\" aria-label=\"WhatsApp Image 2023-04-06 at 23.28.32\" style=\"background-image: url(&#039;https:\/\/sites.usp.br\/levoc\/wp-content\/uploads\/sites\/1246\/2023\/04\/WhatsApp-Image-2023-04-06-at-23.28.32.jpeg&#039;)\">\n\n\t\t\t\n\t\t\t\t\t<\/div>\n\t\t\t\t\t\t\t\t<\/div>\n\t\t\t\t\t\t\t\t\t\t\t<div class=\"swiper-slide\">\n\t\t\t\t\t\t\t\t\t<div class=\"elementor-carousel-image\" role=\"img\" aria-label=\"CEP_2129 (2)\" style=\"background-image: url(&#039;https:\/\/sites.usp.br\/levoc\/wp-content\/uploads\/sites\/1246\/2023\/04\/CEP_2129-2-scaled.jpg&#039;)\">\n\n\t\t\t\n\t\t\t\t\t<\/div>\n\t\t\t\t\t\t\t\t<\/div>\n\t\t\t\t\t\t\t\t\t\t\t<div class=\"swiper-slide\">\n\t\t\t\t\t\t\t\t\t<div class=\"elementor-carousel-image\" role=\"img\" aria-label=\"IMG_2398 (2017_05_25 18_44_45 UTC)\" style=\"background-image: url(&#039;https:\/\/sites.usp.br\/levoc\/wp-content\/uploads\/sites\/1246\/2023\/04\/IMG_2398-2017_05_25-18_44_45-UTC-scaled.jpg&#039;)\">\n\n\t\t\t\n\t\t\t\t\t<\/div>\n\t\t\t\t\t\t\t\t<\/div>\n\t\t\t\t\t\t\t\t\t\t\t<div class=\"swiper-slide\">\n\t\t\t\t\t\t\t\t\t<div class=\"elementor-carousel-image\" role=\"img\" aria-label=\"glauco1\" style=\"background-image: url(&#039;https:\/\/sites.usp.br\/levoc\/wp-content\/uploads\/sites\/1246\/2023\/04\/glauco1-scaled.jpg&#039;)\">\n\n\t\t\t\n\t\t\t\t\t<\/div>\n\t\t\t\t\t\t\t\t<\/div>\n\t\t\t\t\t\t\t\t\t\t\t<div class=\"swiper-slide\">\n\t\t\t\t\t\t\t\t\t<div class=\"elementor-carousel-image\" role=\"img\" aria-label=\"Bastos\" style=\"background-image: url(&#039;https:\/\/sites.usp.br\/levoc\/wp-content\/uploads\/sites\/1246\/2023\/04\/Bastos.jpg&#039;)\">\n\n\t\t\t\n\t\t\t\t\t<\/div>\n\t\t\t\t\t\t\t\t<\/div>\n\t\t\t\t\t\t\t\t\t<\/div>\n\t\t\t\t\t\t\t\t\t\t\t\t\t\t\t<div class=\"swiper-pagination\"><\/div>\n\t\t\t\t\t\t\t\t\t\t\t\t\t\t\t\t<div class=\"elementor-swiper-button elementor-swiper-button-prev\" role=\"button\" tabindex=\"0\">\n\t\t\t\t\t\t\t<i aria-hidden=\"true\" class=\"eicon-chevron-left\"><\/i>\t\t\t\t\t\t\t<span class=\"elementor-screen-only\">Anterior<\/span>\n\t\t\t\t\t\t<\/div>\n\t\t\t\t\t\t<div class=\"elementor-swiper-button elementor-swiper-button-next\" role=\"button\" tabindex=\"0\">\n\t\t\t\t\t\t\t<i aria-hidden=\"true\" class=\"eicon-chevron-right\"><\/i>\t\t\t\t\t\t\t<span class=\"elementor-screen-only\">Pr\u00f3ximo<\/span>\n\t\t\t\t\t\t<\/div>\n\t\t\t\t\t\t\t\t\t\t\t\t<\/div>\n\t\t<\/div>\n\t\t\t\t<\/div>\n\t\t\t\t<\/div>\n\t\t\t\t\t<\/div>\n\t\t<\/div>\n\t\t\t\t\t<\/div>\n\t\t<\/section>\n\t\t\t\t<section class=\"elementor-section elementor-top-section elementor-element elementor-element-5e67f97 elementor-section-boxed elementor-section-height-default elementor-section-height-default\" data-id=\"5e67f97\" data-element_type=\"section\">\n\t\t\t\t\t\t<div class=\"elementor-container elementor-column-gap-default\">\n\t\t\t\t\t<div class=\"elementor-column elementor-col-100 elementor-top-column elementor-element elementor-element-0b18d43\" data-id=\"0b18d43\" data-element_type=\"column\">\n\t\t\t<div class=\"elementor-widget-wrap elementor-element-populated\">\n\t\t\t\t\t\t<div class=\"elementor-element elementor-element-66d7927 elementor-widget elementor-widget-heading\" data-id=\"66d7927\" data-element_type=\"widget\" data-widget_type=\"heading.default\">\n\t\t\t\t<div class=\"elementor-widget-container\">\n\t\t\t<h2 class=\"elementor-heading-title elementor-size-default\">Projetos em Andamento<\/h2>\t\t<\/div>\n\t\t\t\t<\/div>\n\t\t\t\t\t<\/div>\n\t\t<\/div>\n\t\t\t\t\t<\/div>\n\t\t<\/section>\n\t\t\t\t<section class=\"elementor-section elementor-top-section elementor-element elementor-element-bb64897 elementor-section-boxed elementor-section-height-default elementor-section-height-default\" data-id=\"bb64897\" data-element_type=\"section\">\n\t\t\t\t\t\t<div class=\"elementor-container elementor-column-gap-default\">\n\t\t\t\t\t<div class=\"elementor-column elementor-col-100 elementor-top-column elementor-element elementor-element-04cf9db\" data-id=\"04cf9db\" data-element_type=\"column\">\n\t\t\t<div class=\"elementor-widget-wrap elementor-element-populated\">\n\t\t\t\t\t\t<div class=\"elementor-element elementor-element-779dd03 elementor-widget elementor-widget-text-editor\" data-id=\"779dd03\" data-element_type=\"widget\" data-widget_type=\"text-editor.default\">\n\t\t\t\t<div class=\"elementor-widget-container\">\n\t\t\t\t\t\t\t<ul><li>&#8220;<span style=\"font-size: 18px; text-align: justify; color: var( --e-global-color-text );\"><a href=\"https:\/\/bv.fapesp.br\/55781\" target=\"_blank\" rel=\"noopener\">A Ocupa\u00e7\u00e3o Humana do Sudeste da Am\u00e9rica do Sul ao Longo do Holoceno: Uma Abordagem Interdisciplinar, Multiescalar e Diacr\u00f4nica<\/a>&#8220;.<\/span><span style=\"font-size: 18px; color: var( --e-global-color-text );\">\u00a0<\/span><\/li><\/ul><p><span style=\"font-size: 18px; text-align: justify; color: var( --e-global-color-text );\">Projeto Tem\u00e1tico FAPESP 2019\/18.664-9\u00a0<\/span><\/p><p><span style=\"font-size: 18px; text-align: justify; color: var( --e-global-color-text );\">Respons\u00e1vel:\u00a0<\/span><a style=\"font-size: 18px; background-color: #f9f9f9;\" href=\"http:\/\/lattes.cnpq.br\/8770117823729013\" target=\"_blank\" rel=\"noopener\">Dr. Astolfo G. M. Araujo<\/a><\/p>\t\t\t\t\t\t<\/div>\n\t\t\t\t<\/div>\n\t\t\t\t\t<\/div>\n\t\t<\/div>\n\t\t\t\t\t<\/div>\n\t\t<\/section>\n\t\t\t\t<section class=\"elementor-section elementor-top-section elementor-element elementor-element-7b1f699 elementor-section-boxed elementor-section-height-default elementor-section-height-default\" data-id=\"7b1f699\" data-element_type=\"section\">\n\t\t\t\t\t\t<div class=\"elementor-container elementor-column-gap-default\">\n\t\t\t\t\t<div class=\"elementor-column elementor-col-100 elementor-top-column elementor-element elementor-element-f674d48\" data-id=\"f674d48\" data-element_type=\"column\">\n\t\t\t<div class=\"elementor-widget-wrap elementor-element-populated\">\n\t\t\t\t\t\t<div class=\"elementor-element elementor-element-f5850f3 elementor-widget elementor-widget-text-editor\" data-id=\"f5850f3\" data-element_type=\"widget\" data-widget_type=\"text-editor.default\">\n\t\t\t\t<div class=\"elementor-widget-container\">\n\t\t\t\t\t\t\t<ul>\n<li>&#8220;<a href=\"https:\/\/bv.fapesp.br\/55782\" target=\"_blank\" rel=\"noopener\">Continuidade e Mudan\u00e7a em Gupos Pr\u00e9-Hist\u00f3ricos do Vale do Ribeira de Iguape (S\u00e3o Paulo e Paran\u00e1): Aplica\u00e7\u00f5es da Teoria Evolutiva \u00e0 Bioarqueologia e Estudos de Cultura Material<\/a>&#8220;<\/li>\n<\/ul>\n<p>Projeto Jovem Pesquidador FAPESP 2018\/23.282-5<\/p>\n<p>Respons\u00e1vel:&nbsp;<a href=\"http:\/\/lattes.cnpq.br\/7934026593692818\" target=\"_blank\" style=\"font-size: 18px; background-color: rgb(249, 249, 249);\">Dra. Mercedes Okumura<\/a><\/p>\t\t\t\t\t\t<\/div>\n\t\t\t\t<\/div>\n\t\t\t\t\t<\/div>\n\t\t<\/div>\n\t\t\t\t\t<\/div>\n\t\t<\/section>\n\t\t\t\t<section class=\"elementor-section elementor-top-section elementor-element elementor-element-7aafb9b elementor-section-boxed elementor-section-height-default elementor-section-height-default\" data-id=\"7aafb9b\" data-element_type=\"section\">\n\t\t\t\t\t\t<div class=\"elementor-container elementor-column-gap-default\">\n\t\t\t\t\t<div class=\"elementor-column elementor-col-100 elementor-top-column elementor-element elementor-element-6c3d1cb\" data-id=\"6c3d1cb\" data-element_type=\"column\">\n\t\t\t<div class=\"elementor-widget-wrap elementor-element-populated\">\n\t\t\t\t\t\t<div class=\"elementor-element elementor-element-c40ac94 elementor-widget elementor-widget-text-editor\" data-id=\"c40ac94\" data-element_type=\"widget\" data-widget_type=\"text-editor.default\">\n\t\t\t\t<div class=\"elementor-widget-container\">\n\t\t\t\t\t\t\t<ul><li>&#8220;<a href=\"https:\/\/bv.fapesp.br\/54699\" target=\"_blank\" rel=\"noopener\">Ecologia e Evolu\u00e7\u00e3o Cultural de Popula\u00e7\u00f5es Antigas no Hemisf\u00e9rio Sul<\/a>&#8220;<\/li><\/ul><p>Projeto SPRINT FAPESP 2020\/00900-5<\/p><p>Respons\u00e1veis:\u00a0<a href=\"http:\/\/lattes.cnpq.br\/7934026593692818\" target=\"_blank\" rel=\"noopener\">Dra. Mercedes Okumura<\/a>\u00a0e\u00a0<a href=\"https:\/\/profiles.auckland.ac.nz\/e-cochrane\" target=\"_blank\" rel=\"noopener\">Dr. Ethan Cochrane<\/a>\u00a0(Univ. Auckland, Nova Zel\u00e2ndia)<\/p>\t\t\t\t\t\t<\/div>\n\t\t\t\t<\/div>\n\t\t\t\t\t<\/div>\n\t\t<\/div>\n\t\t\t\t\t<\/div>\n\t\t<\/section>\n\t\t\t\t<section class=\"elementor-section elementor-top-section elementor-element elementor-element-beb413a elementor-section-boxed elementor-section-height-default elementor-section-height-default\" data-id=\"beb413a\" data-element_type=\"section\">\n\t\t\t\t\t\t<div class=\"elementor-container elementor-column-gap-default\">\n\t\t\t\t\t<div class=\"elementor-column elementor-col-100 elementor-top-column elementor-element elementor-element-9d8e5f9\" data-id=\"9d8e5f9\" data-element_type=\"column\">\n\t\t\t<div class=\"elementor-widget-wrap elementor-element-populated\">\n\t\t\t\t\t\t<div class=\"elementor-element elementor-element-a3b2524 elementor-widget elementor-widget-text-editor\" data-id=\"a3b2524\" data-element_type=\"widget\" data-widget_type=\"text-editor.default\">\n\t\t\t\t<div class=\"elementor-widget-container\">\n\t\t\t\t\t\t\t<ul><li>&#8220;<a href=\"https:\/\/bv.fapesp.br\/55784\" target=\"_blank\" rel=\"noopener\">O Estabelecimento de Redes de Transmiss\u00e3o Cultural entre os Grupos Tupiguarani no Estado de S\u00e3o Paulo<\/a>&#8220;.\u00a0<\/li><\/ul><p><span style=\"font-size: 18px; color: var( --e-global-color-text );\">Projeto de P\u00f3s-Doutorado FAPESP 2021\/04.562-0<\/span><\/p><p>Respons\u00e1vel:\u00a0<a style=\"font-size: 18px; background-color: #f9f9f9;\" href=\"http:\/\/lattes.cnpq.br\/6873863102873855\" target=\"_blank\" rel=\"noopener\">Dr. Glauco C. Perez<\/a><\/p>\t\t\t\t\t\t<\/div>\n\t\t\t\t<\/div>\n\t\t\t\t\t<\/div>\n\t\t<\/div>\n\t\t\t\t\t<\/div>\n\t\t<\/section>\n\t\t\t\t<section class=\"elementor-section elementor-top-section elementor-element elementor-element-2857487 elementor-section-boxed elementor-section-height-default elementor-section-height-default\" data-id=\"2857487\" data-element_type=\"section\">\n\t\t\t\t\t\t<div class=\"elementor-container elementor-column-gap-default\">\n\t\t\t\t\t<div class=\"elementor-column elementor-col-100 elementor-top-column elementor-element elementor-element-ae1c406\" data-id=\"ae1c406\" data-element_type=\"column\">\n\t\t\t<div class=\"elementor-widget-wrap elementor-element-populated\">\n\t\t\t\t\t\t<div class=\"elementor-element elementor-element-e4cf569 elementor-widget elementor-widget-text-editor\" data-id=\"e4cf569\" data-element_type=\"widget\" data-widget_type=\"text-editor.default\">\n\t\t\t\t<div class=\"elementor-widget-container\">\n\t\t\t\t\t\t\t<ul><li><span style=\"font-size: 18px; color: var( --e-global-color-text );\">&#8220;<a href=\"https:\/\/bv.fapesp.br\/55785\" target=\"_blank\" rel=\"noopener\">Arqueologia do Colonialismo e da Persist\u00eancia: Uma Abordagem Comparativa das Pr\u00e1ticas Ind\u00edgenas entre S\u00e3o Paulo (Brasil) e A Nova Inglaterra (Estados Unidos)<\/a>&#8220;.<\/span><\/li><\/ul><p><span style=\"font-family: 'Source Sans Pro', sans-serif; font-size: 18px; font-style: normal; font-variant-ligatures: normal; font-variant-caps: normal; font-weight: 400;\">Projeto de P\u00f3s-Doutorado\u00a0<\/span><a href=\"https:\/\/bv.fapesp.br\/55785\" target=\"_blank\" rel=\"noopener\">FAPESP 2019\/17.868-0<\/a><\/p><p><span style=\"font-size: 18px; color: var( --e-global-color-text );\">Respons\u00e1vel:\u00a0<\/span><a style=\"font-size: 18px; background-color: #f9f9f9;\" href=\"http:\/\/lattes.cnpq.br\/5379686329933650\" target=\"_blank\" rel=\"noopener\">Dra. Marianne Sallum<\/a><\/p>\t\t\t\t\t\t<\/div>\n\t\t\t\t<\/div>\n\t\t\t\t\t<\/div>\n\t\t<\/div>\n\t\t\t\t\t<\/div>\n\t\t<\/section>\n\t\t\t\t<section class=\"elementor-section elementor-top-section elementor-element elementor-element-7fb3003 elementor-section-boxed elementor-section-height-default elementor-section-height-default\" data-id=\"7fb3003\" data-element_type=\"section\">\n\t\t\t\t\t\t<div class=\"elementor-container elementor-column-gap-default\">\n\t\t\t\t\t<div class=\"elementor-column elementor-col-100 elementor-top-column elementor-element elementor-element-b84f0fd\" data-id=\"b84f0fd\" data-element_type=\"column\">\n\t\t\t<div class=\"elementor-widget-wrap elementor-element-populated\">\n\t\t\t\t\t\t<div class=\"elementor-element elementor-element-2c45cfe elementor-widget elementor-widget-text-editor\" data-id=\"2c45cfe\" data-element_type=\"widget\" data-widget_type=\"text-editor.default\">\n\t\t\t\t<div class=\"elementor-widget-container\">\n\t\t\t\t\t\t\t<ul><li>&#8221; Caracteriza\u00e7\u00e3o dos S\u00edtios Pr\u00e9-Hist\u00f3ricos com Registros Rupestres no Estado de S\u00e3o Paulo&#8221;.<\/li><\/ul><p><span style=\"font-size: 18px; color: var( --e-global-color-text );\">Projeto de P\u00f3s-Doutorado<\/span><\/p><p><span style=\"font-size: 18px; color: var( --e-global-color-text );\">Respons\u00e1vel:\u00a0<\/span><a style=\"font-size: 18px; background-color: #f9f9f9;\" href=\"http:\/\/lattes.cnpq.br\/2570574187442383\" target=\"_blank\" rel=\"noopener\">Dra. Mar\u00edlia Perazzo Amaral<\/a><\/p>\t\t\t\t\t\t<\/div>\n\t\t\t\t<\/div>\n\t\t\t\t\t<\/div>\n\t\t<\/div>\n\t\t\t\t\t<\/div>\n\t\t<\/section>\n\t\t\t\t<\/div>\n\t\t","protected":false},"excerpt":{"rendered":"<p>Projetos Realizados por Nossos Colaboradores Conhe\u00e7a os projetos realizados por pesquisadores, alunos e docentes associados ao LEVOC Previous Next Projetos em Andamento &#8220;A Ocupa\u00e7\u00e3o Humana do Sudeste da Am\u00e9rica do Sul ao Longo do Holoceno: Uma Abordagem Interdisciplinar, Multiescalar e Diacr\u00f4nica&#8220;.\u00a0 Projeto Tem\u00e1tico FAPESP 2019\/18.664-9\u00a0 Respons\u00e1vel:\u00a0Dr. Astolfo G. M. Araujo &#8220;Continuidade e Mudan\u00e7a em Gupos [&hellip;]<\/p>\n","protected":false},"author":23428,"featured_media":0,"parent":0,"menu_order":0,"comment_status":"closed","ping_status":"closed","template":"","meta":{"_monsterinsights_skip_tracking":false,"_monsterinsights_sitenote_active":false,"_monsterinsights_sitenote_note":"","_monsterinsights_sitenote_category":0,"footnotes":"","_links_to":"","_links_to_target":""},"class_list":["post-3078","page","type-page","status-publish","hentry","entry"],"_links":{"self":[{"href":"https:\/\/sites.usp.br\/levoc\/wp-json\/wp\/v2\/pages\/3078","targetHints":{"allow":["GET"]}}],"collection":[{"href":"https:\/\/sites.usp.br\/levoc\/wp-json\/wp\/v2\/pages"}],"about":[{"href":"https:\/\/sites.usp.br\/levoc\/wp-json\/wp\/v2\/types\/page"}],"author":[{"embeddable":true,"href":"https:\/\/sites.usp.br\/levoc\/wp-json\/wp\/v2\/users\/23428"}],"replies":[{"embeddable":true,"href":"https:\/\/sites.usp.br\/levoc\/wp-json\/wp\/v2\/comments?post=3078"}],"version-history":[{"count":4,"href":"https:\/\/sites.usp.br\/levoc\/wp-json\/wp\/v2\/pages\/3078\/revisions"}],"predecessor-version":[{"id":3612,"href":"https:\/\/sites.usp.br\/levoc\/wp-json\/wp\/v2\/pages\/3078\/revisions\/3612"}],"wp:attachment":[{"href":"https:\/\/sites.usp.br\/levoc\/wp-json\/wp\/v2\/media?parent=3078"}],"curies":[{"name":"wp","href":"https:\/\/api.w.org\/{rel}","templated":true}]}}