{"id":3250,"date":"2023-04-07T15:20:01","date_gmt":"2023-04-07T18:20:01","guid":{"rendered":"https:\/\/sites.usp.br\/levoc\/?page_id=3250"},"modified":"2023-04-28T18:03:42","modified_gmt":"2023-04-28T21:03:42","slug":"pesquisadores","status":"publish","type":"page","link":"https:\/\/sites.usp.br\/levoc\/pesquisadores\/","title":{"rendered":"Pesquisadores Associados"},"content":{"rendered":"\t\t<div data-elementor-type=\"wp-page\" data-elementor-id=\"3250\" class=\"elementor elementor-3250\" data-elementor-post-type=\"page\">\n\t\t\t\t\t\t<section class=\"elementor-section elementor-top-section elementor-element elementor-element-99849a1 elementor-section-boxed elementor-section-height-default elementor-section-height-default\" data-id=\"99849a1\" data-element_type=\"section\">\n\t\t\t\t\t\t<div class=\"elementor-container elementor-column-gap-default\">\n\t\t\t\t\t<div class=\"elementor-column elementor-col-100 elementor-top-column elementor-element elementor-element-3101e04\" data-id=\"3101e04\" data-element_type=\"column\">\n\t\t\t<div class=\"elementor-widget-wrap elementor-element-populated\">\n\t\t\t\t\t\t<div class=\"elementor-element elementor-element-636eb97 elementor-widget elementor-widget-heading\" data-id=\"636eb97\" data-element_type=\"widget\" data-widget_type=\"heading.default\">\n\t\t\t\t<div class=\"elementor-widget-container\">\n\t\t\t<h2 class=\"elementor-heading-title elementor-size-default\">Pesquisadores Associados<\/h2>\t\t<\/div>\n\t\t\t\t<\/div>\n\t\t\t\t\t<\/div>\n\t\t<\/div>\n\t\t\t\t\t<\/div>\n\t\t<\/section>\n\t\t\t\t<section class=\"elementor-section elementor-top-section elementor-element elementor-element-f5d81d9 elementor-section-boxed elementor-section-height-default elementor-section-height-default\" data-id=\"f5d81d9\" data-element_type=\"section\">\n\t\t\t\t\t\t<div class=\"elementor-container elementor-column-gap-default\">\n\t\t\t\t\t<div class=\"elementor-column elementor-col-100 elementor-top-column elementor-element elementor-element-ab4c520\" data-id=\"ab4c520\" data-element_type=\"column\">\n\t\t\t<div class=\"elementor-widget-wrap elementor-element-populated\">\n\t\t\t\t\t\t<div class=\"elementor-element elementor-element-a274950 elementor-widget__width-initial elementor-widget elementor-widget-image\" data-id=\"a274950\" data-element_type=\"widget\" data-widget_type=\"image.default\">\n\t\t\t\t<div class=\"elementor-widget-container\">\n\t\t\t\t\t\t\t\t\t\t\t\t\t\t<a href=\"http:\/\/lattes.cnpq.br\/8464296124252542\" target=\"_blank\">\n\t\t\t\t\t\t\t<img fetchpriority=\"high\" decoding=\"async\" width=\"293\" height=\"237\" src=\"https:\/\/sites.usp.br\/levoc\/wp-content\/uploads\/sites\/1246\/2023\/04\/Foto-Parenti-1.jpg\" class=\"attachment-large size-large wp-image-3251\" alt=\"\" \/>\t\t\t\t\t\t\t\t<\/a>\n\t\t\t\t\t\t\t\t\t\t\t\t\t<\/div>\n\t\t\t\t<\/div>\n\t\t\t\t<div class=\"elementor-element elementor-element-720adb9 elementor-widget elementor-widget-text-editor\" data-id=\"720adb9\" data-element_type=\"widget\" data-widget_type=\"text-editor.default\">\n\t\t\t\t<div class=\"elementor-widget-container\">\n\t\t\t\t\t\t\t<ul><li><a href=\"http:\/\/lattes.cnpq.br\/8464296124252542\" target=\"_blank\" rel=\"noopener\"><strong>Prof. Dr. Fabio Parenti<\/strong><\/a><strong>,<\/strong> italiano, \u00e9 doutor em arqueologia pr\u00e9-hist\u00f3rica pela Ecole des Hautes Etudes en Sciences Sociales, Paris(1993). Tem trabalhado sobre paleolitico e paleontologia do Quaternario no Brasil, It\u00e1lia,Fran\u00e7a, Jord\u00e2nia,Turquia, al\u00e9m de participado de miss\u00f5es no Laos, Vietnam, L\u00edbia e Sud\u00e3o. \u00c9 membro do Istituto Italiano di Paleontologia Umana\u00a0(Roma), coordenando escava\u00e7\u00f5es, restaura\u00e7\u00e3o \u00f3ssea de megafauna e pesquisas paleoambientais. Atualmente \u00e9 professor do Departamento de Antropologia da Universidade Federal do Paran\u00e1.\u00a0<\/li><li>Publica\u00e7\u00f5es:\u00a0<a href=\"https:\/\/ufpr.academia.edu\/FabioParenti\" target=\"_blank\" rel=\"noopener\">https:\/\/ufpr.academia.edu\/FabioParenti<\/a><\/li><\/ul>\t\t\t\t\t\t<\/div>\n\t\t\t\t<\/div>\n\t\t\t\t\t<\/div>\n\t\t<\/div>\n\t\t\t\t\t<\/div>\n\t\t<\/section>\n\t\t\t\t<section class=\"elementor-section elementor-top-section elementor-element elementor-element-ddb847d elementor-section-boxed elementor-section-height-default elementor-section-height-default\" data-id=\"ddb847d\" data-element_type=\"section\">\n\t\t\t\t\t\t<div class=\"elementor-container elementor-column-gap-default\">\n\t\t\t\t\t<div class=\"elementor-column elementor-col-100 elementor-top-column elementor-element elementor-element-3f4ca0d\" data-id=\"3f4ca0d\" data-element_type=\"column\">\n\t\t\t<div class=\"elementor-widget-wrap elementor-element-populated\">\n\t\t\t\t\t\t<div class=\"elementor-element elementor-element-c2f820d elementor-widget__width-initial elementor-widget elementor-widget-image\" data-id=\"c2f820d\" data-element_type=\"widget\" data-widget_type=\"image.default\">\n\t\t\t\t<div class=\"elementor-widget-container\">\n\t\t\t\t\t\t\t\t\t\t\t\t\t\t<a href=\"http:\/\/lattes.cnpq.br\/7934026593692818\" target=\"_blank\">\n\t\t\t\t\t\t\t<img decoding=\"async\" width=\"658\" height=\"1024\" src=\"https:\/\/sites.usp.br\/levoc\/wp-content\/uploads\/sites\/1246\/2023\/04\/profile-pic-Vienna.jpg\" class=\"attachment-large size-large wp-image-3507\" alt=\"\" srcset=\"https:\/\/sites.usp.br\/levoc\/wp-content\/uploads\/sites\/1246\/2023\/04\/profile-pic-Vienna.jpg 658w, https:\/\/sites.usp.br\/levoc\/wp-content\/uploads\/sites\/1246\/2023\/04\/profile-pic-Vienna-193x300.jpg 193w, https:\/\/sites.usp.br\/levoc\/wp-content\/uploads\/sites\/1246\/2023\/04\/profile-pic-Vienna-386x600.jpg 386w\" sizes=\"(max-width: 658px) 100vw, 658px\" \/>\t\t\t\t\t\t\t\t<\/a>\n\t\t\t\t\t\t\t\t\t\t\t\t\t<\/div>\n\t\t\t\t<\/div>\n\t\t\t\t\t<\/div>\n\t\t<\/div>\n\t\t\t\t\t<\/div>\n\t\t<\/section>\n\t\t\t\t<section class=\"elementor-section elementor-top-section elementor-element elementor-element-e12e0b7 elementor-section-boxed elementor-section-height-default elementor-section-height-default\" data-id=\"e12e0b7\" data-element_type=\"section\">\n\t\t\t\t\t\t<div class=\"elementor-container elementor-column-gap-default\">\n\t\t\t\t\t<div class=\"elementor-column elementor-col-100 elementor-top-column elementor-element elementor-element-010e28d\" data-id=\"010e28d\" data-element_type=\"column\">\n\t\t\t<div class=\"elementor-widget-wrap elementor-element-populated\">\n\t\t\t\t\t\t<div class=\"elementor-element elementor-element-5be3deb elementor-widget elementor-widget-text-editor\" data-id=\"5be3deb\" data-element_type=\"widget\" data-widget_type=\"text-editor.default\">\n\t\t\t\t<div class=\"elementor-widget-container\">\n\t\t\t\t\t\t\t<ul><li><strong><a href=\"http:\/\/lattes.cnpq.br\/7934026593692818\" target=\"_blank\" rel=\"noopener\">Profa. Dra. Mercedes Okumura<\/a><\/strong>\u00a0\u00e9 coordenadora do <a href=\"https:\/\/linktr.ee\/LEEH.USP\">Laborat\u00f3rio de Estudos Evolutivos Humanos<\/a> e professora de bioarqueologia e evolu\u00e7\u00e3o humana no Instituto de Bioci\u00eancias da Universidade de S\u00e3o Paulo. Sua pesquisa de doutorado explorou a bioarqueologia de grupos costeiros associados a sambaquis e o uso de craniometria para explorar afinidades biol\u00f3gicas entre esses grupos. Sua pesquisa atual se concentra no estudo do DNA antigo (aDNA)desses grupos costeiros, bem como nos estudos de cultura material de grupos de ca\u00e7adores-coletores do Holoceno do sudeste e sul do Brasil, atrav\u00e9s da aplica\u00e7\u00e3o da Teoria de Transmiss\u00e3o Cultural e da Arqueologia Evolutiva ao estudo de artefatos de pedra (pontas de proj\u00e9teis) usando morfometria geom\u00e9trica (GMM). Ambas as abordagens (GMM e aDNA) t\u00eam por objetivo entender melhor quest\u00f5es relacionadas a fronteiras e identidades pret\u00e9ritas, bem como a mudan\u00e7as biol\u00f3gicas e culturais ao longo do tempo.<\/li><li>Publica\u00e7\u00f5es:\u00a0<a href=\"https:\/\/usp-br1.academia.edu\/MercedesOkumura\" target=\"_blank\" rel=\"noopener\">https:\/\/usp-br1.academia.edu\/MercedesOkumura<\/a><\/li><\/ul>\t\t\t\t\t\t<\/div>\n\t\t\t\t<\/div>\n\t\t\t\t\t<\/div>\n\t\t<\/div>\n\t\t\t\t\t<\/div>\n\t\t<\/section>\n\t\t\t\t<section class=\"elementor-section elementor-top-section elementor-element elementor-element-957ca2c elementor-section-boxed elementor-section-height-default elementor-section-height-default\" data-id=\"957ca2c\" data-element_type=\"section\">\n\t\t\t\t\t\t<div class=\"elementor-container elementor-column-gap-default\">\n\t\t\t\t\t<div class=\"elementor-column elementor-col-100 elementor-top-column elementor-element elementor-element-162b392\" data-id=\"162b392\" data-element_type=\"column\">\n\t\t\t<div class=\"elementor-widget-wrap elementor-element-populated\">\n\t\t\t\t\t\t<div class=\"elementor-element elementor-element-5587158 elementor-widget__width-initial elementor-widget elementor-widget-image\" data-id=\"5587158\" data-element_type=\"widget\" data-widget_type=\"image.default\">\n\t\t\t\t<div class=\"elementor-widget-container\">\n\t\t\t\t\t\t\t\t\t\t\t\t\t\t<a href=\"http:\/\/lattes.cnpq.br\/1571024815024631\">\n\t\t\t\t\t\t\t<img decoding=\"async\" width=\"768\" height=\"1024\" src=\"https:\/\/sites.usp.br\/levoc\/wp-content\/uploads\/sites\/1246\/2023\/04\/20210719_101657-768x1024.jpg\" class=\"attachment-large size-large wp-image-3322\" alt=\"\" srcset=\"https:\/\/sites.usp.br\/levoc\/wp-content\/uploads\/sites\/1246\/2023\/04\/20210719_101657-768x1024.jpg 768w, https:\/\/sites.usp.br\/levoc\/wp-content\/uploads\/sites\/1246\/2023\/04\/20210719_101657-225x300.jpg 225w, https:\/\/sites.usp.br\/levoc\/wp-content\/uploads\/sites\/1246\/2023\/04\/20210719_101657-1152x1536.jpg 1152w, https:\/\/sites.usp.br\/levoc\/wp-content\/uploads\/sites\/1246\/2023\/04\/20210719_101657-1536x2048.jpg 1536w, https:\/\/sites.usp.br\/levoc\/wp-content\/uploads\/sites\/1246\/2023\/04\/20210719_101657-400x533.jpg 400w, https:\/\/sites.usp.br\/levoc\/wp-content\/uploads\/sites\/1246\/2023\/04\/20210719_101657-scaled.jpg 1920w\" sizes=\"(max-width: 768px) 100vw, 768px\" \/>\t\t\t\t\t\t\t\t<\/a>\n\t\t\t\t\t\t\t\t\t\t\t\t\t<\/div>\n\t\t\t\t<\/div>\n\t\t\t\t<div class=\"elementor-element elementor-element-54e9fc7 elementor-widget elementor-widget-text-editor\" data-id=\"54e9fc7\" data-element_type=\"widget\" data-widget_type=\"text-editor.default\">\n\t\t\t\t<div class=\"elementor-widget-container\">\n\t\t\t\t\t\t\t<ul><li><span style=\"font-size: 18px; color: var( --e-global-color-text );\"><strong><a href=\"http:\/\/lattes.cnpq.br\/1571024815024631\" target=\"_blank\" rel=\"noopener\">Dra. Let\u00edcia C. Correa<\/a>\u00a0<\/strong>(nascida em Mococa, S\u00e3o Paulo) \u00e9 p\u00f3s-doutoranda do\u00a0<a href=\"https:\/\/sites.usp.br\/scx\/\" target=\"_blank\" rel=\"noopener\">Programa de Modelagem de Sistemas Complexos da EACH\/USP<\/a>\u00a0e iniciou suas pesquisas em arqueologia na Universidade de S\u00e3o Paulo no ano de 2011 como aluna de cursos de extens\u00e3o, onde no mesmo ano passou a ser integrante colaboradora do LEVOC. Durante seus 12 anos de carreira foi respons\u00e1vel pela coordena\u00e7\u00e3o de atividades de campo tanto no Licenciamento Ambiental como em projetos acad\u00eamicos. Atualmente, \u00e9 pesquisadora associada ao Projeto Tem\u00e1tico 2019\/18664-9, respons\u00e1vel pela frente de an\u00e1lises dos artefatos l\u00edticos e geoprocessamento. Suas pesquisas acad\u00eamicas est\u00e3o voltadas para o entendimento acerca da dispers\u00e3o humana do Estado de S\u00e3o Paulo tendo como objeto de estudo dos artefatos l\u00edticos lascados. Os resultados de suas pesquisas podem ser acessados em <\/span><a style=\"font-size: 18px; background-color: #f9f9f9;\" href=\"https:\/\/sitiosliticos-sp.web.app\/#\/\" target=\"_blank\" rel=\"noopener\">https:\/\/sitiosliticos-sp.web.app\/#\/<\/a><span style=\"font-size: 18px; color: var( --e-global-color-text );\">\u00a0<\/span><\/li><li><span style=\"font-size: 18px; color: var( --e-global-color-text );\">Publica\u00e7\u00f5es:\u00a0<\/span><a href=\"https:\/\/usp-br.academia.edu\/Let%C3%ADciaCorrea\" target=\"_blank\" rel=\"noopener\">https:\/\/usp-br.academia.edu\/Let%C3%ADciaCorrea<\/a>\u00a0<\/li><\/ul>\t\t\t\t\t\t<\/div>\n\t\t\t\t<\/div>\n\t\t\t\t\t<\/div>\n\t\t<\/div>\n\t\t\t\t\t<\/div>\n\t\t<\/section>\n\t\t\t\t<\/div>\n\t\t","protected":false},"excerpt":{"rendered":"<p>Pesquisadores Associados Prof. Dr. Fabio Parenti, italiano, \u00e9 doutor em arqueologia pr\u00e9-hist\u00f3rica pela Ecole des Hautes Etudes en Sciences Sociales, Paris(1993). Tem trabalhado sobre paleolitico e paleontologia do Quaternario no Brasil, It\u00e1lia,Fran\u00e7a, Jord\u00e2nia,Turquia, al\u00e9m de participado de miss\u00f5es no Laos, Vietnam, L\u00edbia e Sud\u00e3o. \u00c9 membro do Istituto Italiano di Paleontologia Umana\u00a0(Roma), coordenando escava\u00e7\u00f5es, restaura\u00e7\u00e3o [&hellip;]<\/p>\n","protected":false},"author":23428,"featured_media":0,"parent":0,"menu_order":0,"comment_status":"closed","ping_status":"closed","template":"","meta":{"_monsterinsights_skip_tracking":false,"_monsterinsights_sitenote_active":false,"_monsterinsights_sitenote_note":"","_monsterinsights_sitenote_category":0,"footnotes":"","_links_to":"","_links_to_target":""},"class_list":["post-3250","page","type-page","status-publish","hentry","entry"],"_links":{"self":[{"href":"https:\/\/sites.usp.br\/levoc\/wp-json\/wp\/v2\/pages\/3250","targetHints":{"allow":["GET"]}}],"collection":[{"href":"https:\/\/sites.usp.br\/levoc\/wp-json\/wp\/v2\/pages"}],"about":[{"href":"https:\/\/sites.usp.br\/levoc\/wp-json\/wp\/v2\/types\/page"}],"author":[{"embeddable":true,"href":"https:\/\/sites.usp.br\/levoc\/wp-json\/wp\/v2\/users\/23428"}],"replies":[{"embeddable":true,"href":"https:\/\/sites.usp.br\/levoc\/wp-json\/wp\/v2\/comments?post=3250"}],"version-history":[{"count":4,"href":"https:\/\/sites.usp.br\/levoc\/wp-json\/wp\/v2\/pages\/3250\/revisions"}],"predecessor-version":[{"id":3619,"href":"https:\/\/sites.usp.br\/levoc\/wp-json\/wp\/v2\/pages\/3250\/revisions\/3619"}],"wp:attachment":[{"href":"https:\/\/sites.usp.br\/levoc\/wp-json\/wp\/v2\/media?parent=3250"}],"curies":[{"name":"wp","href":"https:\/\/api.w.org\/{rel}","templated":true}]}}