{"id":3285,"date":"2023-04-07T16:08:48","date_gmt":"2023-04-07T19:08:48","guid":{"rendered":"https:\/\/sites.usp.br\/levoc\/?page_id=3285"},"modified":"2023-04-07T16:16:53","modified_gmt":"2023-04-07T19:16:53","slug":"membros-do-levoc","status":"publish","type":"page","link":"https:\/\/sites.usp.br\/levoc\/membros-do-levoc\/","title":{"rendered":"Membros do LEVOC"},"content":{"rendered":"\t\t<div data-elementor-type=\"wp-page\" data-elementor-id=\"3285\" class=\"elementor elementor-3285\" data-elementor-post-type=\"page\">\n\t\t\t\t\t\t<section class=\"elementor-section elementor-top-section elementor-element elementor-element-a75270e elementor-section-boxed elementor-section-height-default elementor-section-height-default\" data-id=\"a75270e\" data-element_type=\"section\">\n\t\t\t\t\t\t<div class=\"elementor-container elementor-column-gap-default\">\n\t\t\t\t\t<div class=\"elementor-column elementor-col-100 elementor-top-column elementor-element elementor-element-c35d657\" data-id=\"c35d657\" data-element_type=\"column\">\n\t\t\t<div class=\"elementor-widget-wrap elementor-element-populated\">\n\t\t\t\t\t\t<div class=\"elementor-element elementor-element-438c074 elementor-widget elementor-widget-heading\" data-id=\"438c074\" data-element_type=\"widget\" data-widget_type=\"heading.default\">\n\t\t\t\t<div class=\"elementor-widget-container\">\n\t\t\t<h2 class=\"elementor-heading-title elementor-size-default\">Membros do LEVOC<\/h2>\t\t<\/div>\n\t\t\t\t<\/div>\n\t\t\t\t\t<\/div>\n\t\t<\/div>\n\t\t\t\t\t<\/div>\n\t\t<\/section>\n\t\t\t\t<section class=\"elementor-section elementor-top-section elementor-element elementor-element-9f695d7 elementor-section-boxed elementor-section-height-default elementor-section-height-default\" data-id=\"9f695d7\" data-element_type=\"section\">\n\t\t\t\t\t\t<div class=\"elementor-container elementor-column-gap-default\">\n\t\t\t\t\t<div class=\"elementor-column elementor-col-100 elementor-top-column elementor-element elementor-element-6a8e172\" data-id=\"6a8e172\" data-element_type=\"column\">\n\t\t\t<div class=\"elementor-widget-wrap elementor-element-populated\">\n\t\t\t\t\t\t<div class=\"elementor-element elementor-element-6a1c815 elementor-widget elementor-widget-text-editor\" data-id=\"6a1c815\" data-element_type=\"widget\" data-widget_type=\"text-editor.default\">\n\t\t\t\t<div class=\"elementor-widget-container\">\n\t\t\t\t\t\t\t<p>O LEVOC conta com um n\u00famero expressivo de membros, sendo:<\/p><p>\u00a0<a style=\"font-size: 18px; background-color: #f9f9f9;\" href=\"https:\/\/sites.usp.br\/levoc\/pesquisadores\/\" target=\"_blank\" rel=\"noopener\">Pesquisadores Associados<\/a><\/p><p>P\u00f3s-Doutores<\/p><p>Alunos de P\u00f3s-Gradua\u00e7\u00e3o<\/p><p>Alunos de Gradua\u00e7\u00e3o<\/p><p>Colaboradores<\/p>\t\t\t\t\t\t<\/div>\n\t\t\t\t<\/div>\n\t\t\t\t\t<\/div>\n\t\t<\/div>\n\t\t\t\t\t<\/div>\n\t\t<\/section>\n\t\t\t\t<\/div>\n\t\t","protected":false},"excerpt":{"rendered":"<p>Membros do LEVOC O LEVOC conta com um n\u00famero expressivo de membros, sendo: \u00a0Pesquisadores Associados P\u00f3s-Doutores Alunos de P\u00f3s-Gradua\u00e7\u00e3o Alunos de Gradua\u00e7\u00e3o Colaboradores<\/p>\n","protected":false},"author":23428,"featured_media":0,"parent":0,"menu_order":0,"comment_status":"closed","ping_status":"closed","template":"","meta":{"_monsterinsights_skip_tracking":false,"_monsterinsights_sitenote_active":false,"_monsterinsights_sitenote_note":"","_monsterinsights_sitenote_category":0,"footnotes":"","_links_to":"","_links_to_target":""},"class_list":["post-3285","page","type-page","status-publish","hentry","entry"],"_links":{"self":[{"href":"https:\/\/sites.usp.br\/levoc\/wp-json\/wp\/v2\/pages\/3285","targetHints":{"allow":["GET"]}}],"collection":[{"href":"https:\/\/sites.usp.br\/levoc\/wp-json\/wp\/v2\/pages"}],"about":[{"href":"https:\/\/sites.usp.br\/levoc\/wp-json\/wp\/v2\/types\/page"}],"author":[{"embeddable":true,"href":"https:\/\/sites.usp.br\/levoc\/wp-json\/wp\/v2\/users\/23428"}],"replies":[{"embeddable":true,"href":"https:\/\/sites.usp.br\/levoc\/wp-json\/wp\/v2\/comments?post=3285"}],"version-history":[{"count":4,"href":"https:\/\/sites.usp.br\/levoc\/wp-json\/wp\/v2\/pages\/3285\/revisions"}],"predecessor-version":[{"id":3293,"href":"https:\/\/sites.usp.br\/levoc\/wp-json\/wp\/v2\/pages\/3285\/revisions\/3293"}],"wp:attachment":[{"href":"https:\/\/sites.usp.br\/levoc\/wp-json\/wp\/v2\/media?parent=3285"}],"curies":[{"name":"wp","href":"https:\/\/api.w.org\/{rel}","templated":true}]}}