{"id":3294,"date":"2023-04-08T09:19:52","date_gmt":"2023-04-08T12:19:52","guid":{"rendered":"https:\/\/sites.usp.br\/levoc\/?page_id=3294"},"modified":"2023-04-13T21:16:43","modified_gmt":"2023-04-14T00:16:43","slug":"bd-datas","status":"publish","type":"page","link":"https:\/\/sites.usp.br\/levoc\/bd-datas\/","title":{"rendered":"BD data\u00e7\u00f5es Brasil"},"content":{"rendered":"\t\t<div data-elementor-type=\"wp-page\" data-elementor-id=\"3294\" class=\"elementor elementor-3294\" data-elementor-post-type=\"page\">\n\t\t\t\t\t\t<section class=\"elementor-section elementor-top-section elementor-element elementor-element-7047a19 elementor-section-boxed elementor-section-height-default elementor-section-height-default\" data-id=\"7047a19\" data-element_type=\"section\">\n\t\t\t\t\t\t<div class=\"elementor-container elementor-column-gap-default\">\n\t\t\t\t\t<div class=\"elementor-column elementor-col-100 elementor-top-column elementor-element elementor-element-d374b3d\" data-id=\"d374b3d\" data-element_type=\"column\">\n\t\t\t<div class=\"elementor-widget-wrap elementor-element-populated\">\n\t\t\t\t\t\t<div class=\"elementor-element elementor-element-6c903da elementor-widget elementor-widget-heading\" data-id=\"6c903da\" data-element_type=\"widget\" data-widget_type=\"heading.default\">\n\t\t\t\t<div class=\"elementor-widget-container\">\n\t\t\t<h2 class=\"elementor-heading-title elementor-size-default\"><a href=\"https:\/\/data-2-map.web.app\/#\/map\/aHR0cHM6Ly9zY3JpcHQuZ29vZ2xlLmNvbS9tYWNyb3Mvcy9BS2Z5Y2J6RzBRalU1NkNVNVZ2Z2NGd2NDNDVLWlFkZVBOUFVSRlJiTklOaURZdXJmMXk0RHBHQ0xwczN1N1N2OWdHT3FJYkJBdy9leGVj\">Mapa e Banco de Dados de Data\u00e7\u00f5es do Brasil<\/a><\/h2>\t\t<\/div>\n\t\t\t\t<\/div>\n\t\t\t\t\t<\/div>\n\t\t<\/div>\n\t\t\t\t\t<\/div>\n\t\t<\/section>\n\t\t\t\t<section class=\"elementor-section elementor-top-section elementor-element elementor-element-3f8539c elementor-section-boxed elementor-section-height-default elementor-section-height-default\" data-id=\"3f8539c\" data-element_type=\"section\">\n\t\t\t\t\t\t<div class=\"elementor-container elementor-column-gap-default\">\n\t\t\t\t\t<div class=\"elementor-column elementor-col-100 elementor-top-column elementor-element elementor-element-ff9160e\" data-id=\"ff9160e\" data-element_type=\"column\">\n\t\t\t<div class=\"elementor-widget-wrap elementor-element-populated\">\n\t\t\t\t\t\t<div class=\"elementor-element elementor-element-69cf75c elementor-widget elementor-widget-image\" data-id=\"69cf75c\" data-element_type=\"widget\" data-widget_type=\"image.default\">\n\t\t\t\t<div class=\"elementor-widget-container\">\n\t\t\t\t\t\t\t\t\t\t\t\t\t\t<a href=\"https:\/\/data-2-map.web.app\/#\/map\/aHR0cHM6Ly9zY3JpcHQuZ29vZ2xlLmNvbS9tYWNyb3Mvcy9BS2Z5Y2J6RzBRalU1NkNVNVZ2Z2NGd2NDNDVLWlFkZVBOUFVSRlJiTklOaURZdXJmMXk0RHBHQ0xwczN1N1N2OWdHT3FJYkJBdy9leGVj\">\n\t\t\t\t\t\t\t<img fetchpriority=\"high\" decoding=\"async\" width=\"1024\" height=\"576\" src=\"https:\/\/sites.usp.br\/levoc\/wp-content\/uploads\/sites\/1246\/2023\/04\/Captura-de-tela-2023-04-08-09.21.42-1024x576.png\" class=\"attachment-large size-large wp-image-3304\" alt=\"\" srcset=\"https:\/\/sites.usp.br\/levoc\/wp-content\/uploads\/sites\/1246\/2023\/04\/Captura-de-tela-2023-04-08-09.21.42-1024x576.png 1024w, https:\/\/sites.usp.br\/levoc\/wp-content\/uploads\/sites\/1246\/2023\/04\/Captura-de-tela-2023-04-08-09.21.42-300x169.png 300w, https:\/\/sites.usp.br\/levoc\/wp-content\/uploads\/sites\/1246\/2023\/04\/Captura-de-tela-2023-04-08-09.21.42-768x432.png 768w, https:\/\/sites.usp.br\/levoc\/wp-content\/uploads\/sites\/1246\/2023\/04\/Captura-de-tela-2023-04-08-09.21.42-800x450.png 800w, https:\/\/sites.usp.br\/levoc\/wp-content\/uploads\/sites\/1246\/2023\/04\/Captura-de-tela-2023-04-08-09.21.42-310x174.png 310w, https:\/\/sites.usp.br\/levoc\/wp-content\/uploads\/sites\/1246\/2023\/04\/Captura-de-tela-2023-04-08-09.21.42-400x225.png 400w, https:\/\/sites.usp.br\/levoc\/wp-content\/uploads\/sites\/1246\/2023\/04\/Captura-de-tela-2023-04-08-09.21.42.png 1366w\" sizes=\"(max-width: 1024px) 100vw, 1024px\" \/>\t\t\t\t\t\t\t\t<\/a>\n\t\t\t\t\t\t\t\t\t\t\t\t\t<\/div>\n\t\t\t\t<\/div>\n\t\t\t\t<div class=\"elementor-element elementor-element-00bffd6 elementor-widget elementor-widget-text-editor\" data-id=\"00bffd6\" data-element_type=\"widget\" data-widget_type=\"text-editor.default\">\n\t\t\t\t<div class=\"elementor-widget-container\">\n\t\t\t\t\t\t\t<p>A base de dados arqueol\u00f3gica est\u00e1<strong>&nbsp;<\/strong><a href=\"https:\/\/zenodo.org\/record\/7637553#.ZDFdTnbMLIU\" target=\"_blank\" rel=\"noopener\">dispon\u00edvel para&nbsp;download<\/a>, e \u00e9 composta majoritariamente por idades radiocarb\u00f4nicas, tendo sido sujeitas a calibra\u00e7\u00e3o atrav\u00e9s do programa CalPal (Weninger e J\u00f6ris 2008), vers\u00e3o 2020.11.<\/p>\n<p><span style=\"font-size: 18px; color: var( --e-global-color-text );\">Em algumas partes do Brasil, as idades OSL e TL foram amplamente utilizadas, e tivemos que lidar com esse problema por meio de uma \u201ccalibra\u00e7\u00e3o reversa\u201d, ou seja, inserindo as idades no programa CalPal e executando a calibra\u00e7\u00e3o at\u00e9 que uma determinada idade radiocarb\u00f4nica (fict\u00edcia), uma vez calibrada, correspondesse tanto quanto poss\u00edvel \u00e0 idade da luminesc\u00eancia. As idades TL\/OSL s\u00e3o marcadas em cinza, com n\u00fameros azuis representando a idade \u201cfict\u00edcia\u201d e a idade real aparecendo na coluna \u201cCal age\u201d.&nbsp;<\/span><\/p>\n<p>Tamb\u00e9m decidimos ser inclusivos em nosso<strong>&nbsp;<a href=\"https:\/\/zenodo.org\/record\/7637553#.ZDFdTnbMLIU\" target=\"_blank\" rel=\"noopener\">banco de dados<\/a><\/strong>, e com isso queremos dizer que estamos disponibilizando todas as idades de radiocarbono ou luminesc\u00eancia que foram consideradas &#8220;bona fide&#8221; pelos pesquisadores que as publicaram, independentemente do fato de outros pesquisadores considerarem essas idades inconsistentes com suas pr\u00f3prios modelos ou cren\u00e7as. O mesmo vale para artigos que selecionam idades com base nos desvios padr\u00e3o. Um grande desvio padr\u00e3o significa baixa precis\u00e3o, n\u00e3o necessariamente baixa acur\u00e1cia. Assumimos que julgamentos sobre a adequa\u00e7\u00e3o das idades podem ser feitos individualmente pelo leitor, desde que fornecemos as refer\u00eancias completas. Preferimos publicar uma idade com um grande erro associado a ignor\u00e1-la. Mais uma vez, como estamos disponibilizando as tabelas como material suplementar, cabe ao leitor desconsiderar idades espec\u00edficas e fazer sua pr\u00f3pria an\u00e1lise.&nbsp;<\/p>\n<p>Quanto \u00e0 localiza\u00e7\u00e3o geogr\u00e1fica dos s\u00edtios\/idades, optou-se por fornecer as coordenadas UTM do munic\u00edpio mais pr\u00f3ximo, em vez de fornecer localiza\u00e7\u00f5es \u201cexatas\u201d. Esta decis\u00e3o foi tomada por tr\u00eas raz\u00f5es: primeiro, na escala de an\u00e1lise que estamos apresentando, a localiza\u00e7\u00e3o do munic\u00edpio mais pr\u00f3ximo \u00e9 mais do que suficiente para fornecer uma vis\u00e3o adequada da distribui\u00e7\u00e3o espacial das idades; em segundo lugar, a maioria dos sitios publicados antes do advento e populariza\u00e7\u00e3o dos dispositivos GPS port\u00e1teis n\u00e3o possui uma localiza\u00e7\u00e3o precisa e, portanto, fornecer uma localiza\u00e7\u00e3o \u201cexata\u201d n\u00e3o faria sentido; terceiro, ao tentar plotar s\u00edtios utilizando as bases de dados dispon\u00edveis, sejam elas compila\u00e7\u00f5es de dados ou primeiras publica\u00e7\u00f5es de determinado s\u00edtio, \u00e9 comum observar que as coordenadas geogr\u00e1ficas aparentemente \u201cexatas\u201d estavam totalmente erradas, caindo fora de uma determinada regi\u00e3o ou mesmo do estado. Isso \u00e9 algo que assola grandes bases de dados, geralmente compiladas por v\u00e1rios pesquisadores e seus alunos, por isso defendemos que \u00e9 muito mais f\u00e1cil detectar erros e dar a localiza\u00e7\u00e3o certa de um determinado local, pelo menos aproximadamente, se for levado em considera\u00e7\u00e3o o munic\u00edpio. Portanto, nosso banco de dados possui um esquema de localiza\u00e7\u00e3o redundante: estado, munic\u00edpio e coordenadas UTM. Se por algum motivo a UTM estiver errada, o leitor ao menos sabe em que estado e munic\u00edpio ela est\u00e1 localizada. A \u00fanica exce\u00e7\u00e3o a esse procedimento foi feita na regi\u00e3o amaz\u00f4nica (estados do Amazonas, Par\u00e1, Maranh\u00e3o, Rond\u00f4nia). Os munic\u00edpios da regi\u00e3o s\u00e3o bastante grandes e optamos por plotar a localiza\u00e7\u00e3o do local quando considerado muito distante da \u00e1rea urbanizada mais pr\u00f3xima.<\/p>\n<p><span style=\"font-size: 18px; color: var( --e-global-color-text );\">&nbsp;<\/span><\/p>\n<p><span style=\"font-size: 18px; color: var( --e-global-color-text );\">&nbsp;<\/span><\/p>\t\t\t\t\t\t<\/div>\n\t\t\t\t<\/div>\n\t\t\t\t\t<\/div>\n\t\t<\/div>\n\t\t\t\t\t<\/div>\n\t\t<\/section>\n\t\t\t\t<\/div>\n\t\t","protected":false},"excerpt":{"rendered":"<p>Mapa e Banco de Dados de Data\u00e7\u00f5es do Brasil A base de dados arqueol\u00f3gica est\u00e1&nbsp;dispon\u00edvel para&nbsp;download, e \u00e9 composta majoritariamente por idades radiocarb\u00f4nicas, tendo sido sujeitas a calibra\u00e7\u00e3o atrav\u00e9s do programa CalPal (Weninger e J\u00f6ris 2008), vers\u00e3o 2020.11. Em algumas partes do Brasil, as idades OSL e TL foram amplamente utilizadas, e tivemos que lidar [&hellip;]<\/p>\n","protected":false},"author":23428,"featured_media":0,"parent":0,"menu_order":0,"comment_status":"closed","ping_status":"closed","template":"","meta":{"_monsterinsights_skip_tracking":false,"_monsterinsights_sitenote_active":false,"_monsterinsights_sitenote_note":"","_monsterinsights_sitenote_category":0,"footnotes":"","_links_to":"","_links_to_target":""},"class_list":["post-3294","page","type-page","status-publish","hentry","entry"],"_links":{"self":[{"href":"https:\/\/sites.usp.br\/levoc\/wp-json\/wp\/v2\/pages\/3294","targetHints":{"allow":["GET"]}}],"collection":[{"href":"https:\/\/sites.usp.br\/levoc\/wp-json\/wp\/v2\/pages"}],"about":[{"href":"https:\/\/sites.usp.br\/levoc\/wp-json\/wp\/v2\/types\/page"}],"author":[{"embeddable":true,"href":"https:\/\/sites.usp.br\/levoc\/wp-json\/wp\/v2\/users\/23428"}],"replies":[{"embeddable":true,"href":"https:\/\/sites.usp.br\/levoc\/wp-json\/wp\/v2\/comments?post=3294"}],"version-history":[{"count":4,"href":"https:\/\/sites.usp.br\/levoc\/wp-json\/wp\/v2\/pages\/3294\/revisions"}],"predecessor-version":[{"id":3604,"href":"https:\/\/sites.usp.br\/levoc\/wp-json\/wp\/v2\/pages\/3294\/revisions\/3604"}],"wp:attachment":[{"href":"https:\/\/sites.usp.br\/levoc\/wp-json\/wp\/v2\/media?parent=3294"}],"curies":[{"name":"wp","href":"https:\/\/api.w.org\/{rel}","templated":true}]}}