{"id":3424,"date":"2023-04-10T18:14:54","date_gmt":"2023-04-10T21:14:54","guid":{"rendered":"https:\/\/sites.usp.br\/levoc\/?page_id=3424"},"modified":"2023-04-10T18:56:14","modified_gmt":"2023-04-10T21:56:14","slug":"colaboradores","status":"publish","type":"page","link":"https:\/\/sites.usp.br\/levoc\/colaboradores\/","title":{"rendered":"Colaboradores"},"content":{"rendered":"\t\t<div data-elementor-type=\"wp-page\" data-elementor-id=\"3424\" class=\"elementor elementor-3424\" data-elementor-post-type=\"page\">\n\t\t\t\t\t\t<section class=\"elementor-section elementor-top-section elementor-element elementor-element-419dcbb elementor-section-boxed elementor-section-height-default elementor-section-height-default\" data-id=\"419dcbb\" data-element_type=\"section\">\n\t\t\t\t\t\t<div class=\"elementor-container elementor-column-gap-default\">\n\t\t\t\t\t<div class=\"elementor-column elementor-col-100 elementor-top-column elementor-element elementor-element-925d9a1\" data-id=\"925d9a1\" data-element_type=\"column\">\n\t\t\t<div class=\"elementor-widget-wrap elementor-element-populated\">\n\t\t\t\t\t\t<div class=\"elementor-element elementor-element-b86ddc4 elementor-widget elementor-widget-heading\" data-id=\"b86ddc4\" data-element_type=\"widget\" data-widget_type=\"heading.default\">\n\t\t\t\t<div class=\"elementor-widget-container\">\n\t\t\t<h2 class=\"elementor-heading-title elementor-size-default\">Colaboradores<\/h2>\t\t<\/div>\n\t\t\t\t<\/div>\n\t\t\t\t\t<\/div>\n\t\t<\/div>\n\t\t\t\t\t<\/div>\n\t\t<\/section>\n\t\t\t\t<section class=\"elementor-section elementor-top-section elementor-element elementor-element-16921eb elementor-section-boxed elementor-section-height-default elementor-section-height-default\" data-id=\"16921eb\" data-element_type=\"section\">\n\t\t\t\t\t\t<div class=\"elementor-container elementor-column-gap-default\">\n\t\t\t\t\t<div class=\"elementor-column elementor-col-100 elementor-top-column elementor-element elementor-element-0646b3c\" data-id=\"0646b3c\" data-element_type=\"column\">\n\t\t\t<div class=\"elementor-widget-wrap elementor-element-populated\">\n\t\t\t\t\t\t<div class=\"elementor-element elementor-element-e23ca3a elementor-widget__width-initial elementor-widget elementor-widget-image\" data-id=\"e23ca3a\" data-element_type=\"widget\" data-widget_type=\"image.default\">\n\t\t\t\t<div class=\"elementor-widget-container\">\n\t\t\t\t\t\t\t\t\t\t\t\t\t<img fetchpriority=\"high\" decoding=\"async\" width=\"1024\" height=\"683\" src=\"https:\/\/sites.usp.br\/levoc\/wp-content\/uploads\/sites\/1246\/2023\/04\/IMG_1921-Chico-1-1024x683.jpeg\" class=\"attachment-large size-large wp-image-3442\" alt=\"\" srcset=\"https:\/\/sites.usp.br\/levoc\/wp-content\/uploads\/sites\/1246\/2023\/04\/IMG_1921-Chico-1-1024x683.jpeg 1024w, https:\/\/sites.usp.br\/levoc\/wp-content\/uploads\/sites\/1246\/2023\/04\/IMG_1921-Chico-1-300x200.jpeg 300w, https:\/\/sites.usp.br\/levoc\/wp-content\/uploads\/sites\/1246\/2023\/04\/IMG_1921-Chico-1-768x512.jpeg 768w, https:\/\/sites.usp.br\/levoc\/wp-content\/uploads\/sites\/1246\/2023\/04\/IMG_1921-Chico-1-1536x1024.jpeg 1536w, https:\/\/sites.usp.br\/levoc\/wp-content\/uploads\/sites\/1246\/2023\/04\/IMG_1921-Chico-1-2048x1365.jpeg 2048w, https:\/\/sites.usp.br\/levoc\/wp-content\/uploads\/sites\/1246\/2023\/04\/IMG_1921-Chico-1-400x267.jpeg 400w\" sizes=\"(max-width: 1024px) 100vw, 1024px\" \/>\t\t\t\t\t\t\t\t\t\t\t\t\t<\/div>\n\t\t\t\t<\/div>\n\t\t\t\t\t<\/div>\n\t\t<\/div>\n\t\t\t\t\t<\/div>\n\t\t<\/section>\n\t\t\t\t<section class=\"elementor-section elementor-top-section elementor-element elementor-element-a7e1f6b elementor-section-boxed elementor-section-height-default elementor-section-height-default\" data-id=\"a7e1f6b\" data-element_type=\"section\">\n\t\t\t\t\t\t<div class=\"elementor-container elementor-column-gap-default\">\n\t\t\t\t\t<div class=\"elementor-column elementor-col-100 elementor-top-column elementor-element elementor-element-3dd02b0\" data-id=\"3dd02b0\" data-element_type=\"column\">\n\t\t\t<div class=\"elementor-widget-wrap elementor-element-populated\">\n\t\t\t\t\t\t<div class=\"elementor-element elementor-element-c870e96 elementor-widget elementor-widget-text-editor\" data-id=\"c870e96\" data-element_type=\"widget\" data-widget_type=\"text-editor.default\">\n\t\t\t\t<div class=\"elementor-widget-container\">\n\t\t\t\t\t\t\t<ul><li><strong><a href=\"http:\/\/lattes.cnpq.br\/2892494561052993\"><span style=\"font-size: 18px; color: var( --e-global-color-text );\">F<\/span>rancisco Silva Noelli<\/a><\/strong><span style=\"font-size: 18px; color: var( --e-global-color-text );\">\u00a0\u00e9 doutorando em Arqueologia,<br \/>Faculdade Letras da Universidade de Lisboa, pesquisador do UNIARQ\/ULisboa<br \/>(desde 2020) e do LEVOC, Museu de Arqueologia e Etnologia da Universidade de<br \/>S\u00e3o Paulo (desde 2020). Bolsista FCT. Atualmente pesquisador visitante no<br \/>Departamento de Antropologia da University of Massachusetts-Boston (2022-2023)<br \/>(Bolsa FCT). \u00c9 pesquisador de Arqueologia com uma perspectiva transdisciplinar,<br \/>com experi\u00eancia em Arqueo Pr\u00e9-Colonial, Hist\u00f3rica e Subaqu\u00e1tica. Seu projeto<br \/>atual \u00e9 sobre a territorialidade e a soberania alimentar dos Tupiniquim em<br \/>rela\u00e7\u00e3o com os Portugueses nos s\u00e9culos 16 e 17.<\/span><\/li><li><span style=\"font-size: 18px; color: var( --e-global-color-text );\">Publica\u00e7\u00f5es:\u00a0<\/span><a href=\"https:\/\/scholar.google.com.br\/citations?user=ReKpboIAAAAJ&amp;hl=pt-BR&amp;oi=ao\" target=\"_blank\" rel=\"noopener\">https:\/\/scholar.google.com.br\/citations?user=ReKpboIAAAAJ&amp;hl=pt-BR&amp;oi=ao<\/a><\/li><\/ul>\t\t\t\t\t\t<\/div>\n\t\t\t\t<\/div>\n\t\t\t\t\t<\/div>\n\t\t<\/div>\n\t\t\t\t\t<\/div>\n\t\t<\/section>\n\t\t\t\t<\/div>\n\t\t","protected":false},"excerpt":{"rendered":"<p>Colaboradores Francisco Silva Noelli\u00a0\u00e9 doutorando em Arqueologia,Faculdade Letras da Universidade de Lisboa, pesquisador do UNIARQ\/ULisboa(desde 2020) e do LEVOC, Museu de Arqueologia e Etnologia da Universidade deS\u00e3o Paulo (desde 2020). Bolsista FCT. Atualmente pesquisador visitante noDepartamento de Antropologia da University of Massachusetts-Boston (2022-2023)(Bolsa FCT). \u00c9 pesquisador de Arqueologia com uma perspectiva transdisciplinar,com experi\u00eancia em Arqueo [&hellip;]<\/p>\n","protected":false},"author":23428,"featured_media":0,"parent":0,"menu_order":0,"comment_status":"closed","ping_status":"closed","template":"","meta":{"_monsterinsights_skip_tracking":false,"_monsterinsights_sitenote_active":false,"_monsterinsights_sitenote_note":"","_monsterinsights_sitenote_category":0,"footnotes":"","_links_to":"","_links_to_target":""},"class_list":["post-3424","page","type-page","status-publish","hentry","entry"],"_links":{"self":[{"href":"https:\/\/sites.usp.br\/levoc\/wp-json\/wp\/v2\/pages\/3424","targetHints":{"allow":["GET"]}}],"collection":[{"href":"https:\/\/sites.usp.br\/levoc\/wp-json\/wp\/v2\/pages"}],"about":[{"href":"https:\/\/sites.usp.br\/levoc\/wp-json\/wp\/v2\/types\/page"}],"author":[{"embeddable":true,"href":"https:\/\/sites.usp.br\/levoc\/wp-json\/wp\/v2\/users\/23428"}],"replies":[{"embeddable":true,"href":"https:\/\/sites.usp.br\/levoc\/wp-json\/wp\/v2\/comments?post=3424"}],"version-history":[{"count":4,"href":"https:\/\/sites.usp.br\/levoc\/wp-json\/wp\/v2\/pages\/3424\/revisions"}],"predecessor-version":[{"id":3455,"href":"https:\/\/sites.usp.br\/levoc\/wp-json\/wp\/v2\/pages\/3424\/revisions\/3455"}],"wp:attachment":[{"href":"https:\/\/sites.usp.br\/levoc\/wp-json\/wp\/v2\/media?parent=3424"}],"curies":[{"name":"wp","href":"https:\/\/api.w.org\/{rel}","templated":true}]}}