{"id":3465,"date":"2023-04-11T11:02:20","date_gmt":"2023-04-11T14:02:20","guid":{"rendered":"https:\/\/sites.usp.br\/levoc\/?page_id=3465"},"modified":"2023-04-28T18:19:56","modified_gmt":"2023-04-28T21:19:56","slug":"mestrandos","status":"publish","type":"page","link":"https:\/\/sites.usp.br\/levoc\/mestrandos\/","title":{"rendered":"Mestrandos"},"content":{"rendered":"\t\t<div data-elementor-type=\"wp-page\" data-elementor-id=\"3465\" class=\"elementor elementor-3465\" data-elementor-post-type=\"page\">\n\t\t\t\t\t\t<section class=\"elementor-section elementor-top-section elementor-element elementor-element-2535cc7 elementor-section-boxed elementor-section-height-default elementor-section-height-default\" data-id=\"2535cc7\" data-element_type=\"section\">\n\t\t\t\t\t\t<div class=\"elementor-container elementor-column-gap-default\">\n\t\t\t\t\t<div class=\"elementor-column elementor-col-100 elementor-top-column elementor-element elementor-element-d4cbe7a\" data-id=\"d4cbe7a\" data-element_type=\"column\">\n\t\t\t<div class=\"elementor-widget-wrap elementor-element-populated\">\n\t\t\t\t\t\t<div class=\"elementor-element elementor-element-c8eca6f elementor-widget elementor-widget-heading\" data-id=\"c8eca6f\" data-element_type=\"widget\" data-widget_type=\"heading.default\">\n\t\t\t\t<div class=\"elementor-widget-container\">\n\t\t\t<h2 class=\"elementor-heading-title elementor-size-default\">Mestrandos<\/h2>\t\t<\/div>\n\t\t\t\t<\/div>\n\t\t\t\t\t<\/div>\n\t\t<\/div>\n\t\t\t\t\t<\/div>\n\t\t<\/section>\n\t\t\t\t<section class=\"elementor-section elementor-top-section elementor-element elementor-element-51b4d72 elementor-section-boxed elementor-section-height-default elementor-section-height-default\" data-id=\"51b4d72\" data-element_type=\"section\">\n\t\t\t\t\t\t<div class=\"elementor-container elementor-column-gap-default\">\n\t\t\t\t\t<div class=\"elementor-column elementor-col-100 elementor-top-column elementor-element elementor-element-4c90c22\" data-id=\"4c90c22\" data-element_type=\"column\">\n\t\t\t<div class=\"elementor-widget-wrap elementor-element-populated\">\n\t\t\t\t\t\t<div class=\"elementor-element elementor-element-14af87b elementor-widget__width-initial elementor-widget elementor-widget-image\" data-id=\"14af87b\" data-element_type=\"widget\" data-widget_type=\"image.default\">\n\t\t\t\t<div class=\"elementor-widget-container\">\n\t\t\t\t\t\t\t\t\t\t\t\t\t<img fetchpriority=\"high\" decoding=\"async\" width=\"768\" height=\"1024\" src=\"https:\/\/sites.usp.br\/levoc\/wp-content\/uploads\/sites\/1246\/2023\/04\/20230217_132941-1-768x1024.jpg\" class=\"attachment-large size-large wp-image-3620\" alt=\"\" srcset=\"https:\/\/sites.usp.br\/levoc\/wp-content\/uploads\/sites\/1246\/2023\/04\/20230217_132941-1-768x1024.jpg 768w, https:\/\/sites.usp.br\/levoc\/wp-content\/uploads\/sites\/1246\/2023\/04\/20230217_132941-1-225x300.jpg 225w, https:\/\/sites.usp.br\/levoc\/wp-content\/uploads\/sites\/1246\/2023\/04\/20230217_132941-1-1152x1536.jpg 1152w, https:\/\/sites.usp.br\/levoc\/wp-content\/uploads\/sites\/1246\/2023\/04\/20230217_132941-1-1536x2048.jpg 1536w, https:\/\/sites.usp.br\/levoc\/wp-content\/uploads\/sites\/1246\/2023\/04\/20230217_132941-1-400x533.jpg 400w, https:\/\/sites.usp.br\/levoc\/wp-content\/uploads\/sites\/1246\/2023\/04\/20230217_132941-1-scaled.jpg 1920w\" sizes=\"(max-width: 768px) 100vw, 768px\" \/>\t\t\t\t\t\t\t\t\t\t\t\t\t<\/div>\n\t\t\t\t<\/div>\n\t\t\t\t<div class=\"elementor-element elementor-element-4e48b00 elementor-widget elementor-widget-text-editor\" data-id=\"4e48b00\" data-element_type=\"widget\" data-widget_type=\"text-editor.default\">\n\t\t\t\t<div class=\"elementor-widget-container\">\n\t\t\t\t\t\t\t<p><strong><a href=\"http:\/\/lattes.cnpq.br\/0773971753913727\">\u00cdcaro Ruis Cabral da Costa<\/a><\/strong> \u00e9 formado em Filosofia pela USP e mestrando do MAE, <span style=\"color: var( --e-global-color-text ); font-size: 18px;\">interessado em estudos evolutivos, teorias e m\u00e9todos arqueol\u00f3gicos materialistas. Pesquisou a respeito da teoria e dos m\u00e9todos de confirma\u00e7\u00e3o e explana\u00e7\u00e3o na Arqueologia Processual, avaliando os fundamentos te\u00f3ricos e o alcance explicativo do M\u00e9todo Hipot\u00e9tico Dedutivo aplicado. Atualmente, pesquisa s\u00edtios arqueol\u00f3gicos cer\u00e2micos Tupiguarani nas regi\u00f5es do M\u00e9dio e Baixo Rio Tiet\u00ea, tomando como base as abordagens evolutivas da Arqueologia Selecionista.<\/span><\/p>\t\t\t\t\t\t<\/div>\n\t\t\t\t<\/div>\n\t\t\t\t\t<\/div>\n\t\t<\/div>\n\t\t\t\t\t<\/div>\n\t\t<\/section>\n\t\t\t\t<section class=\"elementor-section elementor-top-section elementor-element elementor-element-c79302f elementor-section-boxed elementor-section-height-default elementor-section-height-default\" data-id=\"c79302f\" data-element_type=\"section\">\n\t\t\t\t\t\t<div class=\"elementor-container elementor-column-gap-default\">\n\t\t\t\t\t<div class=\"elementor-column elementor-col-100 elementor-top-column elementor-element elementor-element-f09c780\" data-id=\"f09c780\" data-element_type=\"column\">\n\t\t\t<div class=\"elementor-widget-wrap elementor-element-populated\">\n\t\t\t\t\t\t<div class=\"elementor-element elementor-element-7dd8c95 elementor-widget elementor-widget-text-editor\" data-id=\"7dd8c95\" data-element_type=\"widget\" data-widget_type=\"text-editor.default\">\n\t\t\t\t<div class=\"elementor-widget-container\">\n\t\t\t\t\t\t\t<p><strong><a href=\"http:\/\/lattes.cnpq.br\/0787141052183272\"><span style=\"font-size: 18px; color: var( --e-global-color-text );\">I<\/span>sabel Perez<\/a><\/strong><span style=\"font-size: 18px; color: var( --e-global-color-text );\">\u00a0<\/span><span style=\"font-size: 18px; color: var( --e-global-color-text );\">\u00a0<\/span><span style=\"font-size: 18px; color: var( --e-global-color-text );\">\u00e9 mestranda no MAE USP. \u00c9 formada em arqueologia na Australian National University (ACT, Austr\u00e1lia), com especializa\u00e7\u00e3o em arqueologia evolucionista e ambiental. Est\u00e1 interessada em analisar a varia\u00e7\u00e3o cultural de grupos pr\u00e9-hist\u00f3ricos. Em particular, como os povos pr\u00e9-cer\u00e2micos variam ao longo do tempo e quais padr\u00f5es permanecem durante suas ocupa\u00e7\u00f5es. No momento, est\u00e1 estudando o material l\u00edtico de Tunas (PR), datado em 10994\u00b1130 calAP.\u00a0 Visa observar a varia\u00e7\u00e3o deste material atrav\u00e9s de m\u00e9todos tecnol\u00f3gicos e morfom\u00e9tricos.<\/span><\/p>\t\t\t\t\t\t<\/div>\n\t\t\t\t<\/div>\n\t\t\t\t\t<\/div>\n\t\t<\/div>\n\t\t\t\t\t<\/div>\n\t\t<\/section>\n\t\t\t\t<section class=\"elementor-section elementor-top-section elementor-element elementor-element-73c7dfa elementor-section-boxed elementor-section-height-default elementor-section-height-default\" data-id=\"73c7dfa\" data-element_type=\"section\">\n\t\t\t\t\t\t<div class=\"elementor-container elementor-column-gap-default\">\n\t\t\t\t\t<div class=\"elementor-column elementor-col-100 elementor-top-column elementor-element elementor-element-c25d639\" data-id=\"c25d639\" data-element_type=\"column\">\n\t\t\t<div class=\"elementor-widget-wrap elementor-element-populated\">\n\t\t\t\t\t\t<div class=\"elementor-element elementor-element-c86e13e elementor-widget__width-initial elementor-widget elementor-widget-image\" data-id=\"c86e13e\" data-element_type=\"widget\" data-widget_type=\"image.default\">\n\t\t\t\t<div class=\"elementor-widget-container\">\n\t\t\t\t\t\t\t\t\t\t\t\t\t<img decoding=\"async\" width=\"707\" height=\"1024\" src=\"https:\/\/sites.usp.br\/levoc\/wp-content\/uploads\/sites\/1246\/2023\/04\/foto.Nathalia-707x1024.jpg\" class=\"attachment-large size-large wp-image-3624\" alt=\"\" srcset=\"https:\/\/sites.usp.br\/levoc\/wp-content\/uploads\/sites\/1246\/2023\/04\/foto.Nathalia-707x1024.jpg 707w, https:\/\/sites.usp.br\/levoc\/wp-content\/uploads\/sites\/1246\/2023\/04\/foto.Nathalia-207x300.jpg 207w, https:\/\/sites.usp.br\/levoc\/wp-content\/uploads\/sites\/1246\/2023\/04\/foto.Nathalia-768x1113.jpg 768w, https:\/\/sites.usp.br\/levoc\/wp-content\/uploads\/sites\/1246\/2023\/04\/foto.Nathalia-400x580.jpg 400w, https:\/\/sites.usp.br\/levoc\/wp-content\/uploads\/sites\/1246\/2023\/04\/foto.Nathalia.jpg 1024w\" sizes=\"(max-width: 707px) 100vw, 707px\" \/>\t\t\t\t\t\t\t\t\t\t\t\t\t<\/div>\n\t\t\t\t<\/div>\n\t\t\t\t\t<\/div>\n\t\t<\/div>\n\t\t\t\t\t<\/div>\n\t\t<\/section>\n\t\t\t\t<section class=\"elementor-section elementor-top-section elementor-element elementor-element-032533e elementor-section-boxed elementor-section-height-default elementor-section-height-default\" data-id=\"032533e\" data-element_type=\"section\">\n\t\t\t\t\t\t<div class=\"elementor-container elementor-column-gap-default\">\n\t\t\t\t\t<div class=\"elementor-column elementor-col-100 elementor-top-column elementor-element elementor-element-e701d5b\" data-id=\"e701d5b\" data-element_type=\"column\">\n\t\t\t<div class=\"elementor-widget-wrap elementor-element-populated\">\n\t\t\t\t\t\t<div class=\"elementor-element elementor-element-1301ea4 elementor-widget elementor-widget-text-editor\" data-id=\"1301ea4\" data-element_type=\"widget\" data-widget_type=\"text-editor.default\">\n\t\t\t\t<div class=\"elementor-widget-container\">\n\t\t\t\t\t\t\t<p><span style=\"font-size: 18px; color: var( --e-global-color-text );\"><a href=\"http:\/\/lattes.cnpq.br\/2786502778201599\"><strong>Nath\u00e1lia Ribeiro de Oliveira<\/strong><\/a> \u00e9 mestranda em Arqueologia no Museu de Arqueologia e Etnologia da Universidade de S\u00e3o Paulo (MAE-USP), bacharela em Geografia pela Faculdade de Filosofia, Letras e Ci\u00eancias Humanas (FFLCH-USP) e licenciada em Geografia na Faculdade de Educa\u00e7\u00e3o da Universidade de S\u00e3o Paulo (FE-USP). Desenvolve pesquisa na \u00e1rea de geoarqueologia, em estudo que integra diferentes escalas e t\u00e9cnicas de an\u00e1lise \u00e0 compreens\u00e3o do processo de forma\u00e7\u00e3o do s\u00edtio arqueol\u00f3gico. Seu principal interesse de pesquisa em arqueologia \u00e9 o de colaborar com o entendimento de quest\u00f5es interdisciplinares entre evolu\u00e7\u00e3o, cultura, quatern\u00e1rio e meio ambiente.<\/span><\/p>\t\t\t\t\t\t<\/div>\n\t\t\t\t<\/div>\n\t\t\t\t\t<\/div>\n\t\t<\/div>\n\t\t\t\t\t<\/div>\n\t\t<\/section>\n\t\t\t\t<\/div>\n\t\t","protected":false},"excerpt":{"rendered":"<p>Mestrandos \u00cdcaro Ruis Cabral da Costa \u00e9 formado em Filosofia pela USP e mestrando do MAE, interessado em estudos evolutivos, teorias e m\u00e9todos arqueol\u00f3gicos materialistas. Pesquisou a respeito da teoria e dos m\u00e9todos de confirma\u00e7\u00e3o e explana\u00e7\u00e3o na Arqueologia Processual, avaliando os fundamentos te\u00f3ricos e o alcance explicativo do M\u00e9todo Hipot\u00e9tico Dedutivo aplicado. Atualmente, pesquisa [&hellip;]<\/p>\n","protected":false},"author":23428,"featured_media":0,"parent":0,"menu_order":0,"comment_status":"closed","ping_status":"closed","template":"","meta":{"_monsterinsights_skip_tracking":false,"_monsterinsights_sitenote_active":false,"_monsterinsights_sitenote_note":"","_monsterinsights_sitenote_category":0,"footnotes":"","_links_to":"","_links_to_target":""},"class_list":["post-3465","page","type-page","status-publish","hentry","entry"],"_links":{"self":[{"href":"https:\/\/sites.usp.br\/levoc\/wp-json\/wp\/v2\/pages\/3465","targetHints":{"allow":["GET"]}}],"collection":[{"href":"https:\/\/sites.usp.br\/levoc\/wp-json\/wp\/v2\/pages"}],"about":[{"href":"https:\/\/sites.usp.br\/levoc\/wp-json\/wp\/v2\/types\/page"}],"author":[{"embeddable":true,"href":"https:\/\/sites.usp.br\/levoc\/wp-json\/wp\/v2\/users\/23428"}],"replies":[{"embeddable":true,"href":"https:\/\/sites.usp.br\/levoc\/wp-json\/wp\/v2\/comments?post=3465"}],"version-history":[{"count":4,"href":"https:\/\/sites.usp.br\/levoc\/wp-json\/wp\/v2\/pages\/3465\/revisions"}],"predecessor-version":[{"id":3627,"href":"https:\/\/sites.usp.br\/levoc\/wp-json\/wp\/v2\/pages\/3465\/revisions\/3627"}],"wp:attachment":[{"href":"https:\/\/sites.usp.br\/levoc\/wp-json\/wp\/v2\/media?parent=3465"}],"curies":[{"name":"wp","href":"https:\/\/api.w.org\/{rel}","templated":true}]}}