{"id":3520,"date":"2023-04-11T15:06:29","date_gmt":"2023-04-11T18:06:29","guid":{"rendered":"https:\/\/sites.usp.br\/levoc\/?page_id=3520"},"modified":"2023-04-11T15:38:51","modified_gmt":"2023-04-11T18:38:51","slug":"astolfo-araujo","status":"publish","type":"page","link":"https:\/\/sites.usp.br\/levoc\/astolfo-araujo\/","title":{"rendered":"Astolfo Araujo"},"content":{"rendered":"\t\t<div data-elementor-type=\"wp-page\" data-elementor-id=\"3520\" class=\"elementor elementor-3520\" data-elementor-post-type=\"page\">\n\t\t\t\t\t\t<section class=\"elementor-section elementor-top-section elementor-element elementor-element-dd46578 elementor-section-boxed elementor-section-height-default elementor-section-height-default\" data-id=\"dd46578\" data-element_type=\"section\">\n\t\t\t\t\t\t<div class=\"elementor-container elementor-column-gap-default\">\n\t\t\t\t\t<div class=\"elementor-column elementor-col-100 elementor-top-column elementor-element elementor-element-f168e05\" data-id=\"f168e05\" data-element_type=\"column\">\n\t\t\t<div class=\"elementor-widget-wrap elementor-element-populated\">\n\t\t\t\t\t\t<div class=\"elementor-element elementor-element-f03642b elementor-widget elementor-widget-heading\" data-id=\"f03642b\" data-element_type=\"widget\" data-widget_type=\"heading.default\">\n\t\t\t\t<div class=\"elementor-widget-container\">\n\t\t\t<h2 class=\"elementor-heading-title elementor-size-default\">Astolfo Gomes de Mello Araujo<\/h2>\t\t<\/div>\n\t\t\t\t<\/div>\n\t\t\t\t\t<\/div>\n\t\t<\/div>\n\t\t\t\t\t<\/div>\n\t\t<\/section>\n\t\t\t\t<section class=\"elementor-section elementor-top-section elementor-element elementor-element-4cda963 elementor-section-boxed elementor-section-height-default elementor-section-height-default\" data-id=\"4cda963\" data-element_type=\"section\">\n\t\t\t\t\t\t<div class=\"elementor-container elementor-column-gap-default\">\n\t\t\t\t\t<div class=\"elementor-column elementor-col-100 elementor-top-column elementor-element elementor-element-bb8114a\" data-id=\"bb8114a\" data-element_type=\"column\">\n\t\t\t<div class=\"elementor-widget-wrap elementor-element-populated\">\n\t\t\t\t\t\t<div class=\"elementor-element elementor-element-adb7150 elementor-widget__width-initial elementor-widget elementor-widget-image\" data-id=\"adb7150\" data-element_type=\"widget\" data-widget_type=\"image.default\">\n\t\t\t\t<div class=\"elementor-widget-container\">\n\t\t\t\t\t\t\t\t\t\t\t\t\t\t<a href=\"http:\/\/lattes.cnpq.br\/8770117823729013\" target=\"_blank\">\n\t\t\t\t\t\t\t<img fetchpriority=\"high\" decoding=\"async\" width=\"793\" height=\"1024\" src=\"https:\/\/sites.usp.br\/levoc\/wp-content\/uploads\/sites\/1246\/2023\/04\/Foto-autor-793x1024.jpg\" class=\"attachment-large size-large wp-image-3053\" alt=\"\" srcset=\"https:\/\/sites.usp.br\/levoc\/wp-content\/uploads\/sites\/1246\/2023\/04\/Foto-autor-793x1024.jpg 793w, https:\/\/sites.usp.br\/levoc\/wp-content\/uploads\/sites\/1246\/2023\/04\/Foto-autor-232x300.jpg 232w, https:\/\/sites.usp.br\/levoc\/wp-content\/uploads\/sites\/1246\/2023\/04\/Foto-autor-768x992.jpg 768w, https:\/\/sites.usp.br\/levoc\/wp-content\/uploads\/sites\/1246\/2023\/04\/Foto-autor-1190x1536.jpg 1190w, https:\/\/sites.usp.br\/levoc\/wp-content\/uploads\/sites\/1246\/2023\/04\/Foto-autor-400x516.jpg 400w, https:\/\/sites.usp.br\/levoc\/wp-content\/uploads\/sites\/1246\/2023\/04\/Foto-autor.jpg 1525w\" sizes=\"(max-width: 793px) 100vw, 793px\" \/>\t\t\t\t\t\t\t\t<\/a>\n\t\t\t\t\t\t\t\t\t\t\t\t\t<\/div>\n\t\t\t\t<\/div>\n\t\t\t\t\t<\/div>\n\t\t<\/div>\n\t\t\t\t\t<\/div>\n\t\t<\/section>\n\t\t\t\t<section class=\"elementor-section elementor-top-section elementor-element elementor-element-2684c7e elementor-section-boxed elementor-section-height-default elementor-section-height-default\" data-id=\"2684c7e\" data-element_type=\"section\">\n\t\t\t\t\t\t<div class=\"elementor-container elementor-column-gap-default\">\n\t\t\t\t\t<div class=\"elementor-column elementor-col-100 elementor-top-column elementor-element elementor-element-0f7c72e\" data-id=\"0f7c72e\" data-element_type=\"column\">\n\t\t\t<div class=\"elementor-widget-wrap elementor-element-populated\">\n\t\t\t\t\t\t<div class=\"elementor-element elementor-element-e55b06b elementor-widget elementor-widget-text-editor\" data-id=\"e55b06b\" data-element_type=\"widget\" data-widget_type=\"text-editor.default\">\n\t\t\t\t<div class=\"elementor-widget-container\">\n\t\t\t\t\t\t\t<ul><li><strong><span style=\"font-size: 18px; color: var( --e-global-color-text );\">Pr<\/span><a href=\"http:\/\/lattes.cnpq.br\/8770117823729013\" target=\"_blank\" rel=\"noopener\">of. Dr. Astolfo G. M. Araujo<\/a><\/strong><span style=\"font-size: 18px; color: var( --e-global-color-text );\">\u00a0\u00e9 Livre Docente do Museu de Arqueologia e Etnologia da Universidade de S\u00e3o Paulo. Vice-diretor da Esta\u00e7\u00e3o Ci\u00eancia &#8211; Pr\u00f3-Reitoria de Cultura e Extens\u00e3o da Universidade de S\u00e3o Paulo. Conselheiro do Monumento Nacional Ru\u00ednas do Engenho dos Erasmos. Coordenador do Laborat\u00f3rio Interdisciplinar de Pesquisas em Evolu\u00e7\u00e3o, Cultura e Meio Ambiente &#8211; LEVOC. Graduado em Geologia pelo Instituto de Geoci\u00eancias da Universidade de S\u00e3o Paulo (1989), com mestrado em Arqueologia &#8211; Museu de Arqueologia e Etnologia \/ USP (1995), doutorado em Arqueologia &#8211; Museu de Arqueologia e Etnologia \/USP (2001) e doutorado parcial (SWE) em Antropologia \/ Arqueologia na University of Washington, Seattle, EUA (1998).\u00a0<\/span><a href=\"http:\/\/condephaat.sp.gov.br\/\" target=\"_blank\" rel=\"noopener\">Conselheiro do CONDEPHAAT<\/a><span style=\"font-size: 18px; color: var( --e-global-color-text );\">\u00a0entre 2017 e 2021. Membro associado ao &#8220;<\/span><a href=\"https:\/\/www.isipu.it\/\" target=\"_blank\" rel=\"noopener\">Istituto Italiano di Paleontologia Umana<\/a><span style=\"font-size: 18px; color: var( --e-global-color-text );\">&#8221; &#8211; IsIPU,Italia. Editor Associado do peri\u00f3dico &#8220;Geoarchaeology &#8211; An Internacional Journal&#8221;.<\/span><span style=\"font-size: 18px; color: var( --e-global-color-text );\">\u00a0<\/span><span style=\"font-size: 18px; color: var( --e-global-color-text );\">Ex-Pesquisador Visitante do\u00a0<\/span><a href=\"https:\/\/archaeology.exeter.ac.uk\/\" target=\"_blank\" rel=\"noopener\">Departamento de Arqueologia da Universidade de Exeter<\/a><span style=\"font-size: 18px; color: var( --e-global-color-text );\">, Inglaterra. Pesquisador associado ao\u00a0<\/span><a style=\"font-size: 18px; background-color: #f9f9f9;\" href=\"https:\/\/linktr.ee\/LEEH.USP\" target=\"_blank\" rel=\"noopener\">Laborat\u00f3rio de Estudos Evolutivos Humanos &#8211; LEEH do IB \/ USP<\/a><span style=\"font-size: 18px; color: var( --e-global-color-text );\">. Tem experi\u00eancia na \u00e1rea de Arqueologia, com \u00eanfase em Geoarqueologia e Geomorfologia, atuando principalmente nos seguintes temas: Arqueologia, Estudos do Quatern\u00e1rio, Geomorfologia, paleoambientes, m\u00e9todos arqueol\u00f3gicos.<\/span><\/li><li><span style=\"font-size: 18px; color: var( --e-global-color-text );\">Publica\u00e7\u00f5es (download),\u00a0<\/span><a href=\"https:\/\/drive.google.com\/drive\/folders\/1crSgqE0b1IEsjNeBX88MSZI0_4LlS86b\" target=\"_blank\" rel=\"noopener\">clique aqui<\/a><\/li><li><span style=\"font-size: 18px; color: var( --e-global-color-text );\">\u00a0Sites:\u00a0<\/span><\/li><li><span style=\"font-size: 18px; color: var( --e-global-color-text );\">Academia.edu:\u00a0<\/span><a style=\"font-size: 18px; background-color: #f9f9f9;\" href=\"http:\/\/usp-br.academia.edu\/AstolfoAraujo\" target=\"_blank\" rel=\"noopener\">http:\/\/usp-br.academia.edu\/AstolfoAraujo<\/a><\/li><li>Research Gate:\u00a0<a style=\"font-size: 18px; background-color: #f9f9f9;\" href=\"https:\/\/www.researchgate.net\/profile\/Astolfo_Araujo\/?ev=hdr_xprf\" target=\"_blank\" rel=\"noopener\">https:\/\/www.researchgate.net\/profile\/Astolfo_Araujo\/?ev=hdr_xprf<\/a><\/li><li><span style=\"font-size: 18px; color: var( --e-global-color-text );\">Google Scholar:\u00a0<\/span><a style=\"font-size: 18px; background-color: #f9f9f9;\" href=\"http:\/\/scholar.google.com.br\/citations?hl=en&amp;user=K0wTsYEAAAAJ\" target=\"_blank\" rel=\"noopener\">http:\/\/scholar.google.com.br\/citations?hl=en&amp;user=K0wTsYEAAAAJ<\/a><\/li><li><p>Researcher ID:\u00a0<a style=\"font-size: 18px; background-color: #f9f9f9;\" href=\"http:\/\/www.researcherid.com\/rid\/I-1681-2013\" target=\"_blank\" rel=\"noopener\">http:\/\/www.researcherid.com\/rid\/I-1681-2013<\/a><\/p><\/li><\/ul><p><span style=\"font-size: 18px; color: var( --e-global-color-text );\">\u00a0<\/span><\/p>\t\t\t\t\t\t<\/div>\n\t\t\t\t<\/div>\n\t\t\t\t\t<\/div>\n\t\t<\/div>\n\t\t\t\t\t<\/div>\n\t\t<\/section>\n\t\t\t\t<\/div>\n\t\t","protected":false},"excerpt":{"rendered":"<p>Astolfo Gomes de Mello Araujo Prof. Dr. Astolfo G. M. Araujo\u00a0\u00e9 Livre Docente do Museu de Arqueologia e Etnologia da Universidade de S\u00e3o Paulo. Vice-diretor da Esta\u00e7\u00e3o Ci\u00eancia &#8211; Pr\u00f3-Reitoria de Cultura e Extens\u00e3o da Universidade de S\u00e3o Paulo. Conselheiro do Monumento Nacional Ru\u00ednas do Engenho dos Erasmos. Coordenador do Laborat\u00f3rio Interdisciplinar de Pesquisas em [&hellip;]<\/p>\n","protected":false},"author":23428,"featured_media":0,"parent":0,"menu_order":0,"comment_status":"closed","ping_status":"closed","template":"","meta":{"_monsterinsights_skip_tracking":false,"_monsterinsights_sitenote_active":false,"_monsterinsights_sitenote_note":"","_monsterinsights_sitenote_category":0,"footnotes":"","_links_to":"","_links_to_target":""},"class_list":["post-3520","page","type-page","status-publish","hentry","entry"],"_links":{"self":[{"href":"https:\/\/sites.usp.br\/levoc\/wp-json\/wp\/v2\/pages\/3520","targetHints":{"allow":["GET"]}}],"collection":[{"href":"https:\/\/sites.usp.br\/levoc\/wp-json\/wp\/v2\/pages"}],"about":[{"href":"https:\/\/sites.usp.br\/levoc\/wp-json\/wp\/v2\/types\/page"}],"author":[{"embeddable":true,"href":"https:\/\/sites.usp.br\/levoc\/wp-json\/wp\/v2\/users\/23428"}],"replies":[{"embeddable":true,"href":"https:\/\/sites.usp.br\/levoc\/wp-json\/wp\/v2\/comments?post=3520"}],"version-history":[{"count":4,"href":"https:\/\/sites.usp.br\/levoc\/wp-json\/wp\/v2\/pages\/3520\/revisions"}],"predecessor-version":[{"id":3566,"href":"https:\/\/sites.usp.br\/levoc\/wp-json\/wp\/v2\/pages\/3520\/revisions\/3566"}],"wp:attachment":[{"href":"https:\/\/sites.usp.br\/levoc\/wp-json\/wp\/v2\/media?parent=3520"}],"curies":[{"name":"wp","href":"https:\/\/api.w.org\/{rel}","templated":true}]}}