{"id":3628,"date":"2023-04-28T18:24:05","date_gmt":"2023-04-28T21:24:05","guid":{"rendered":"https:\/\/sites.usp.br\/levoc\/?page_id=3628"},"modified":"2023-04-28T19:41:22","modified_gmt":"2023-04-28T22:41:22","slug":"sitio-bastos-dourado-sp","status":"publish","type":"page","link":"https:\/\/sites.usp.br\/levoc\/sitio-bastos-dourado-sp\/","title":{"rendered":"S\u00edtio Bastos &#8211; Dourado &#8211; SP"},"content":{"rendered":"\t\t<div data-elementor-type=\"wp-page\" data-elementor-id=\"3628\" class=\"elementor elementor-3628\" data-elementor-post-type=\"page\">\n\t\t\t\t\t\t<section class=\"elementor-section elementor-top-section elementor-element elementor-element-a43c082 elementor-section-boxed elementor-section-height-default elementor-section-height-default\" data-id=\"a43c082\" data-element_type=\"section\">\n\t\t\t\t\t\t<div class=\"elementor-container elementor-column-gap-default\">\n\t\t\t\t\t<div class=\"elementor-column elementor-col-100 elementor-top-column elementor-element elementor-element-07e1ba6\" data-id=\"07e1ba6\" data-element_type=\"column\">\n\t\t\t<div class=\"elementor-widget-wrap elementor-element-populated\">\n\t\t\t\t\t\t<div class=\"elementor-element elementor-element-1ddf4bd elementor-widget elementor-widget-heading\" data-id=\"1ddf4bd\" data-element_type=\"widget\" data-widget_type=\"heading.default\">\n\t\t\t\t<div class=\"elementor-widget-container\">\n\t\t\t<h2 class=\"elementor-heading-title elementor-size-default\">S\u00edtio Bastos - Dourado - SP<\/h2>\t\t<\/div>\n\t\t\t\t<\/div>\n\t\t\t\t\t<\/div>\n\t\t<\/div>\n\t\t\t\t\t<\/div>\n\t\t<\/section>\n\t\t\t\t<section class=\"elementor-section elementor-top-section elementor-element elementor-element-74bd1fd elementor-section-boxed elementor-section-height-default elementor-section-height-default\" data-id=\"74bd1fd\" data-element_type=\"section\">\n\t\t\t\t\t\t<div class=\"elementor-container elementor-column-gap-default\">\n\t\t\t\t\t<div class=\"elementor-column elementor-col-100 elementor-top-column elementor-element elementor-element-7138757\" data-id=\"7138757\" data-element_type=\"column\">\n\t\t\t<div class=\"elementor-widget-wrap elementor-element-populated\">\n\t\t\t\t\t\t<div class=\"elementor-element elementor-element-24a100d elementor-skin-carousel elementor-arrows-yes elementor-pagination-type-bullets elementor-pagination-position-outside elementor-widget elementor-widget-media-carousel\" data-id=\"24a100d\" data-element_type=\"widget\" data-settings=\"{&quot;skin&quot;:&quot;carousel&quot;,&quot;effect&quot;:&quot;slide&quot;,&quot;show_arrows&quot;:&quot;yes&quot;,&quot;pagination&quot;:&quot;bullets&quot;,&quot;speed&quot;:500,&quot;autoplay&quot;:&quot;yes&quot;,&quot;autoplay_speed&quot;:5000,&quot;loop&quot;:&quot;yes&quot;,&quot;pause_on_hover&quot;:&quot;yes&quot;,&quot;pause_on_interaction&quot;:&quot;yes&quot;,&quot;space_between&quot;:{&quot;unit&quot;:&quot;px&quot;,&quot;size&quot;:10,&quot;sizes&quot;:[]},&quot;space_between_tablet&quot;:{&quot;unit&quot;:&quot;px&quot;,&quot;size&quot;:10,&quot;sizes&quot;:[]},&quot;space_between_mobile&quot;:{&quot;unit&quot;:&quot;px&quot;,&quot;size&quot;:10,&quot;sizes&quot;:[]}}\" data-widget_type=\"media-carousel.default\">\n\t\t\t\t<div class=\"elementor-widget-container\">\n\t\t\t\t\t<div class=\"elementor-swiper\">\n\t\t\t<div class=\"elementor-main-swiper swiper\">\n\t\t\t\t<div class=\"swiper-wrapper\">\n\t\t\t\t\t\t\t\t\t\t\t<div class=\"swiper-slide\">\n\t\t\t\t\t\t\t\t\t<div class=\"elementor-carousel-image\" role=\"img\" aria-label=\"DSC03711\" style=\"background-image: url(&#039;https:\/\/sites.usp.br\/levoc\/wp-content\/uploads\/sites\/1246\/2023\/04\/DSC03711-scaled.jpg&#039;)\">\n\n\t\t\t\n\t\t\t\t\t<\/div>\n\t\t\t\t\t\t\t\t<\/div>\n\t\t\t\t\t\t\t\t\t\t\t<div class=\"swiper-slide\">\n\t\t\t\t\t\t\t\t\t<div class=\"elementor-carousel-image\" role=\"img\" aria-label=\"DSC03527\" style=\"background-image: url(&#039;https:\/\/sites.usp.br\/levoc\/wp-content\/uploads\/sites\/1246\/2023\/04\/DSC03527-scaled.jpg&#039;)\">\n\n\t\t\t\n\t\t\t\t\t<\/div>\n\t\t\t\t\t\t\t\t<\/div>\n\t\t\t\t\t\t\t\t\t\t\t<div class=\"swiper-slide\">\n\t\t\t\t\t\t\t\t\t<div class=\"elementor-carousel-image\" role=\"img\" aria-label=\"\" style=\"background-image: url(&#039;https:\/\/sites.usp.br\/levoc\/wp-content\/uploads\/sites\/1246\/2023\/04\/DSC02579-1-scaled.jpg&#039;)\">\n\n\t\t\t\n\t\t\t\t\t<\/div>\n\t\t\t\t\t\t\t\t<\/div>\n\t\t\t\t\t\t\t\t\t\t\t<div class=\"swiper-slide\">\n\t\t\t\t\t\t\t\t\t<div class=\"elementor-carousel-image\" role=\"img\" aria-label=\"DSC00033\" style=\"background-image: url(&#039;https:\/\/sites.usp.br\/levoc\/wp-content\/uploads\/sites\/1246\/2023\/04\/DSC00033-scaled.jpg&#039;)\">\n\n\t\t\t\n\t\t\t\t\t<\/div>\n\t\t\t\t\t\t\t\t<\/div>\n\t\t\t\t\t\t\t\t\t\t\t<div class=\"swiper-slide\">\n\t\t\t\t\t\t\t\t\t<div class=\"elementor-carousel-image\" role=\"img\" aria-label=\"\" style=\"background-image: url(&#039;https:\/\/sites.usp.br\/levoc\/wp-content\/uploads\/sites\/1246\/2023\/04\/DSC01163-scaled.jpg&#039;)\">\n\n\t\t\t\n\t\t\t\t\t<\/div>\n\t\t\t\t\t\t\t\t<\/div>\n\t\t\t\t\t\t\t\t\t\t\t<div class=\"swiper-slide\">\n\t\t\t\t\t\t\t\t\t<div class=\"elementor-carousel-image\" role=\"img\" aria-label=\"DSCN6675\" style=\"background-image: url(&#039;https:\/\/sites.usp.br\/levoc\/wp-content\/uploads\/sites\/1246\/2023\/04\/DSCN6675-scaled.jpg&#039;)\">\n\n\t\t\t\n\t\t\t\t\t<\/div>\n\t\t\t\t\t\t\t\t<\/div>\n\t\t\t\t\t\t\t\t\t<\/div>\n\t\t\t\t\t\t\t\t\t\t\t\t\t\t\t<div class=\"swiper-pagination\"><\/div>\n\t\t\t\t\t\t\t\t\t\t\t\t\t\t\t\t<div class=\"elementor-swiper-button elementor-swiper-button-prev\" role=\"button\" tabindex=\"0\">\n\t\t\t\t\t\t\t<i aria-hidden=\"true\" class=\"eicon-chevron-left\"><\/i>\t\t\t\t\t\t\t<span class=\"elementor-screen-only\">Anterior<\/span>\n\t\t\t\t\t\t<\/div>\n\t\t\t\t\t\t<div class=\"elementor-swiper-button elementor-swiper-button-next\" role=\"button\" tabindex=\"0\">\n\t\t\t\t\t\t\t<i aria-hidden=\"true\" class=\"eicon-chevron-right\"><\/i>\t\t\t\t\t\t\t<span class=\"elementor-screen-only\">Pr\u00f3ximo<\/span>\n\t\t\t\t\t\t<\/div>\n\t\t\t\t\t\t\t\t\t\t\t\t<\/div>\n\t\t<\/div>\n\t\t\t\t<\/div>\n\t\t\t\t<\/div>\n\t\t\t\t\t<\/div>\n\t\t<\/div>\n\t\t\t\t\t<\/div>\n\t\t<\/section>\n\t\t\t\t<section class=\"elementor-section elementor-top-section elementor-element elementor-element-3597202 elementor-section-boxed elementor-section-height-default elementor-section-height-default\" data-id=\"3597202\" data-element_type=\"section\">\n\t\t\t\t\t\t<div class=\"elementor-container elementor-column-gap-default\">\n\t\t\t\t\t<div class=\"elementor-column elementor-col-100 elementor-top-column elementor-element elementor-element-2a32429\" data-id=\"2a32429\" data-element_type=\"column\">\n\t\t\t<div class=\"elementor-widget-wrap elementor-element-populated\">\n\t\t\t\t\t\t<div class=\"elementor-element elementor-element-dc1ab17 elementor-widget elementor-widget-text-editor\" data-id=\"dc1ab17\" data-element_type=\"widget\" data-widget_type=\"text-editor.default\">\n\t\t\t\t<div class=\"elementor-widget-container\">\n\t\t\t\t\t\t\t<p>O s\u00edtio Bastos fica localizado na<strong>\u00a0<a href=\"https:\/\/www.cafehelena.com.br\/\">Fazenda Monte Alto<\/a><\/strong>, em Dourado &#8211; SP, e tem sido pesquisado desde 2014. \u00c9 atualmente o s\u00edtio arqueol\u00f3gico mais antigo do Estado de S\u00e3o Paulo, com idades acima de 12.700 anos, o que o coloca tamb\u00e9m como um dos mais antigos do Brasil.\u00a0<\/p><p>Os materiais encontrados no s\u00edtio s\u00e3o artefatos de pedra lascada de confec\u00e7\u00e3o simples (lascas de arenito retocadas), mas que mostram a exist\u00eancia de uma popula\u00e7\u00e3o de ca\u00e7adores-coletores distinta das existentes em outras regi\u00f5es pr\u00f3ximas, como Rio Claro ou Piracicaba. S\u00edtios t\u00e3o antigos e j\u00e1 mostrando culturas t\u00e3o distintas nos fazem pensar que o povoamento das Am\u00e9ricas tenha se dado em uma \u00e9poca bastante recuada. Sendo assim, os dados obtidos no s\u00edtio Bastos est\u00e3o come\u00e7ando a mudar nossa id\u00e9ia a respeito da chegada dos primeiros seres humanos no continente americano.<\/p><p>Os trabalhos realizados todo ano t\u00eam sido poss\u00edveis gra\u00e7as ao apoio incondicional dos propriet\u00e1rios, Ricardo Bastos e Maria Helena Monteiro, que nos oferecem toda a infraestrutura para a pesquisa. Al\u00e9m disso a\u00a0 Funda\u00e7\u00e3o de Amparo \u00e0 Pesquisa do Estado de S\u00e3o Paulo (FAPESP) financia nosso trabalho por meio do processo 2019\/18.664-9.<\/p>\t\t\t\t\t\t<\/div>\n\t\t\t\t<\/div>\n\t\t\t\t\t<\/div>\n\t\t<\/div>\n\t\t\t\t\t<\/div>\n\t\t<\/section>\n\t\t\t\t<\/div>\n\t\t","protected":false},"excerpt":{"rendered":"<p>S\u00edtio Bastos &#8211; Dourado &#8211; SP Previous Next O s\u00edtio Bastos fica localizado na\u00a0Fazenda Monte Alto, em Dourado &#8211; SP, e tem sido pesquisado desde 2014. \u00c9 atualmente o s\u00edtio arqueol\u00f3gico mais antigo do Estado de S\u00e3o Paulo, com idades acima de 12.700 anos, o que o coloca tamb\u00e9m como um dos mais antigos do [&hellip;]<\/p>\n","protected":false},"author":23428,"featured_media":0,"parent":0,"menu_order":0,"comment_status":"closed","ping_status":"closed","template":"","meta":{"_monsterinsights_skip_tracking":false,"_monsterinsights_sitenote_active":false,"_monsterinsights_sitenote_note":"","_monsterinsights_sitenote_category":0,"footnotes":"","_links_to":"","_links_to_target":""},"class_list":["post-3628","page","type-page","status-publish","hentry","entry"],"_links":{"self":[{"href":"https:\/\/sites.usp.br\/levoc\/wp-json\/wp\/v2\/pages\/3628","targetHints":{"allow":["GET"]}}],"collection":[{"href":"https:\/\/sites.usp.br\/levoc\/wp-json\/wp\/v2\/pages"}],"about":[{"href":"https:\/\/sites.usp.br\/levoc\/wp-json\/wp\/v2\/types\/page"}],"author":[{"embeddable":true,"href":"https:\/\/sites.usp.br\/levoc\/wp-json\/wp\/v2\/users\/23428"}],"replies":[{"embeddable":true,"href":"https:\/\/sites.usp.br\/levoc\/wp-json\/wp\/v2\/comments?post=3628"}],"version-history":[{"count":4,"href":"https:\/\/sites.usp.br\/levoc\/wp-json\/wp\/v2\/pages\/3628\/revisions"}],"predecessor-version":[{"id":3693,"href":"https:\/\/sites.usp.br\/levoc\/wp-json\/wp\/v2\/pages\/3628\/revisions\/3693"}],"wp:attachment":[{"href":"https:\/\/sites.usp.br\/levoc\/wp-json\/wp\/v2\/media?parent=3628"}],"curies":[{"name":"wp","href":"https:\/\/api.w.org\/{rel}","templated":true}]}}