{"id":3752,"date":"2023-07-15T12:00:39","date_gmt":"2023-07-15T15:00:39","guid":{"rendered":"https:\/\/sites.usp.br\/levoc\/?page_id=3752"},"modified":"2023-07-17T14:37:53","modified_gmt":"2023-07-17T17:37:53","slug":"grafismos-rupestres-em-sp","status":"publish","type":"page","link":"https:\/\/sites.usp.br\/levoc\/grafismos-rupestres-em-sp\/","title":{"rendered":"Grafismos rupestres em SP"},"content":{"rendered":"\t\t<div data-elementor-type=\"wp-page\" data-elementor-id=\"3752\" class=\"elementor elementor-3752\" data-elementor-post-type=\"page\">\n\t\t\t\t\t\t<section class=\"elementor-section elementor-top-section elementor-element elementor-element-2c0fa5d elementor-section-boxed elementor-section-height-default elementor-section-height-default\" data-id=\"2c0fa5d\" data-element_type=\"section\">\n\t\t\t\t\t\t<div class=\"elementor-container elementor-column-gap-default\">\n\t\t\t\t\t<div class=\"elementor-column elementor-col-100 elementor-top-column elementor-element elementor-element-af07cbd\" data-id=\"af07cbd\" data-element_type=\"column\">\n\t\t\t<div class=\"elementor-widget-wrap elementor-element-populated\">\n\t\t\t\t\t\t<div class=\"elementor-element elementor-element-ebd745c elementor-widget elementor-widget-heading\" data-id=\"ebd745c\" data-element_type=\"widget\" data-widget_type=\"heading.default\">\n\t\t\t\t<div class=\"elementor-widget-container\">\n\t\t\t<h2 class=\"elementor-heading-title elementor-size-default\">Grafismos Rupestres em S\u00e3o Paulo<\/h2>\t\t<\/div>\n\t\t\t\t<\/div>\n\t\t\t\t\t<\/div>\n\t\t<\/div>\n\t\t\t\t\t<\/div>\n\t\t<\/section>\n\t\t\t\t<section class=\"elementor-section elementor-top-section elementor-element elementor-element-b9cc931 elementor-section-boxed elementor-section-height-default elementor-section-height-default\" data-id=\"b9cc931\" data-element_type=\"section\">\n\t\t\t\t\t\t<div class=\"elementor-container elementor-column-gap-default\">\n\t\t\t\t\t<div class=\"elementor-column elementor-col-100 elementor-top-column elementor-element elementor-element-dd4abb7\" data-id=\"dd4abb7\" data-element_type=\"column\">\n\t\t\t<div class=\"elementor-widget-wrap elementor-element-populated\">\n\t\t\t\t\t\t<div class=\"elementor-element elementor-element-cce3c46 elementor-widget elementor-widget-text-editor\" data-id=\"cce3c46\" data-element_type=\"widget\" data-widget_type=\"text-editor.default\">\n\t\t\t\t<div class=\"elementor-widget-container\">\n\t\t\t\t\t\t\t<p>O <strong><a href=\"https:\/\/quipomap.com\/levoc-grafismorupestresp\/\">Mapa Interativo de Grafismos Rupestres do Estado de S\u00e3o Paulo<\/a><\/strong>, desenvolvido pela <strong><a href=\"http:\/\/lattes.cnpq.br\/2570574187442383\">Dra. Marilia Perazzo<\/a><\/strong> em colabora\u00e7\u00e3o com a <strong><a href=\"http:\/\/lattes.cnpq.br\/0396057711360224\">Dra. Daniela Cisneiros<\/a>,<\/strong>\u00a0o <strong><a href=\"http:\/\/lattes.cnpq.br\/5399601756512708\">Dr.\u00a0 Eduardo Krempser<\/a>\u00a0<\/strong><span style=\"font-size: 18px; color: var( --e-global-color-text );\">e com o apoio tecnol\u00f3gico da startup Quipo Tech, \u00e9 mais um projeto desenvolvido pelo LEVOC com o intuito de divulgar a riqueza do patrim\u00f4nio arqueol\u00f3gico de S\u00e3o Paulo, at\u00e9 h\u00e1 pouco tempo considerado um estado &#8220;pobre&#8221; em termos de registros rupestres.\u00a0 Este projeto contou com o apoio da <\/span><strong style=\"font-size: 18px; color: var( --e-global-color-text );\"><a href=\"https:\/\/bv.fapesp.br\/pt\/auxilios\/106928\/a-ocupacao-humana-do-sudeste-da-america-do-sul-ao-longo-do-holoceno-uma-abordagem-interdisciplinar-m\/\">FAPESP (proc. 2019\/18.664-9)<\/a>.<\/strong><\/p>\t\t\t\t\t\t<\/div>\n\t\t\t\t<\/div>\n\t\t\t\t\t<\/div>\n\t\t<\/div>\n\t\t\t\t\t<\/div>\n\t\t<\/section>\n\t\t\t\t<section class=\"elementor-section elementor-top-section elementor-element elementor-element-e18ceca elementor-section-boxed elementor-section-height-default elementor-section-height-default\" data-id=\"e18ceca\" data-element_type=\"section\">\n\t\t\t\t\t\t<div class=\"elementor-container elementor-column-gap-default\">\n\t\t\t\t\t<div class=\"elementor-column elementor-col-100 elementor-top-column elementor-element elementor-element-4ca9c3a\" data-id=\"4ca9c3a\" data-element_type=\"column\">\n\t\t\t<div class=\"elementor-widget-wrap elementor-element-populated\">\n\t\t\t\t\t\t<div class=\"elementor-element elementor-element-ea3540f elementor-widget elementor-widget-image\" data-id=\"ea3540f\" data-element_type=\"widget\" data-widget_type=\"image.default\">\n\t\t\t\t<div class=\"elementor-widget-container\">\n\t\t\t\t\t\t\t\t\t\t\t\t\t\t<a href=\"https:\/\/quipomap.com\/levoc-grafismorupestresp\/\">\n\t\t\t\t\t\t\t<img fetchpriority=\"high\" decoding=\"async\" width=\"1024\" height=\"768\" src=\"https:\/\/sites.usp.br\/levoc\/wp-content\/uploads\/sites\/1246\/2023\/07\/DSC05937-1024x768.jpg\" class=\"attachment-large size-large wp-image-3753\" alt=\"\" srcset=\"https:\/\/sites.usp.br\/levoc\/wp-content\/uploads\/sites\/1246\/2023\/07\/DSC05937-1024x768.jpg 1024w, https:\/\/sites.usp.br\/levoc\/wp-content\/uploads\/sites\/1246\/2023\/07\/DSC05937-300x225.jpg 300w, https:\/\/sites.usp.br\/levoc\/wp-content\/uploads\/sites\/1246\/2023\/07\/DSC05937-768x576.jpg 768w, https:\/\/sites.usp.br\/levoc\/wp-content\/uploads\/sites\/1246\/2023\/07\/DSC05937-1536x1152.jpg 1536w, https:\/\/sites.usp.br\/levoc\/wp-content\/uploads\/sites\/1246\/2023\/07\/DSC05937-2048x1536.jpg 2048w, https:\/\/sites.usp.br\/levoc\/wp-content\/uploads\/sites\/1246\/2023\/07\/DSC05937-80x60.jpg 80w, https:\/\/sites.usp.br\/levoc\/wp-content\/uploads\/sites\/1246\/2023\/07\/DSC05937-400x300.jpg 400w\" sizes=\"(max-width: 1024px) 100vw, 1024px\" \/>\t\t\t\t\t\t\t\t<\/a>\n\t\t\t\t\t\t\t\t\t\t\t\t\t<\/div>\n\t\t\t\t<\/div>\n\t\t\t\t\t<\/div>\n\t\t<\/div>\n\t\t\t\t\t<\/div>\n\t\t<\/section>\n\t\t\t\t<\/div>\n\t\t","protected":false},"excerpt":{"rendered":"<p>Grafismos Rupestres em S\u00e3o Paulo O Mapa Interativo de Grafismos Rupestres do Estado de S\u00e3o Paulo, desenvolvido pela Dra. Marilia Perazzo em colabora\u00e7\u00e3o com a Dra. Daniela Cisneiros,\u00a0o Dr.\u00a0 Eduardo Krempser\u00a0e com o apoio tecnol\u00f3gico da startup Quipo Tech, \u00e9 mais um projeto desenvolvido pelo LEVOC com o intuito de divulgar a riqueza do patrim\u00f4nio [&hellip;]<\/p>\n","protected":false},"author":23428,"featured_media":0,"parent":0,"menu_order":0,"comment_status":"closed","ping_status":"closed","template":"","meta":{"_monsterinsights_skip_tracking":false,"_monsterinsights_sitenote_active":false,"_monsterinsights_sitenote_note":"","_monsterinsights_sitenote_category":0,"footnotes":"","_links_to":"","_links_to_target":""},"class_list":["post-3752","page","type-page","status-publish","hentry","entry"],"_links":{"self":[{"href":"https:\/\/sites.usp.br\/levoc\/wp-json\/wp\/v2\/pages\/3752","targetHints":{"allow":["GET"]}}],"collection":[{"href":"https:\/\/sites.usp.br\/levoc\/wp-json\/wp\/v2\/pages"}],"about":[{"href":"https:\/\/sites.usp.br\/levoc\/wp-json\/wp\/v2\/types\/page"}],"author":[{"embeddable":true,"href":"https:\/\/sites.usp.br\/levoc\/wp-json\/wp\/v2\/users\/23428"}],"replies":[{"embeddable":true,"href":"https:\/\/sites.usp.br\/levoc\/wp-json\/wp\/v2\/comments?post=3752"}],"version-history":[{"count":4,"href":"https:\/\/sites.usp.br\/levoc\/wp-json\/wp\/v2\/pages\/3752\/revisions"}],"predecessor-version":[{"id":3800,"href":"https:\/\/sites.usp.br\/levoc\/wp-json\/wp\/v2\/pages\/3752\/revisions\/3800"}],"wp:attachment":[{"href":"https:\/\/sites.usp.br\/levoc\/wp-json\/wp\/v2\/media?parent=3752"}],"curies":[{"name":"wp","href":"https:\/\/api.w.org\/{rel}","templated":true}]}}