{"id":3819,"date":"2024-04-09T17:54:26","date_gmt":"2024-04-09T20:54:26","guid":{"rendered":"https:\/\/sites.usp.br\/levoc\/?page_id=3819"},"modified":"2024-04-09T18:13:47","modified_gmt":"2024-04-09T21:13:47","slug":"exposicao-virtual","status":"publish","type":"page","link":"https:\/\/sites.usp.br\/levoc\/exposicao-virtual\/","title":{"rendered":"Exposi\u00e7\u00e3o Virtual"},"content":{"rendered":"\t\t<div data-elementor-type=\"wp-page\" data-elementor-id=\"3819\" class=\"elementor elementor-3819\" data-elementor-post-type=\"page\">\n\t\t\t\t\t\t<section class=\"elementor-section elementor-top-section elementor-element elementor-element-a48254d elementor-section-boxed elementor-section-height-default elementor-section-height-default\" data-id=\"a48254d\" data-element_type=\"section\">\n\t\t\t\t\t\t<div class=\"elementor-container elementor-column-gap-default\">\n\t\t\t\t\t<div class=\"elementor-column elementor-col-100 elementor-top-column elementor-element elementor-element-c2f0c88\" data-id=\"c2f0c88\" data-element_type=\"column\">\n\t\t\t<div class=\"elementor-widget-wrap elementor-element-populated\">\n\t\t\t\t\t\t<div class=\"elementor-element elementor-element-2267305 elementor-widget elementor-widget-heading\" data-id=\"2267305\" data-element_type=\"widget\" data-widget_type=\"heading.default\">\n\t\t\t\t<div class=\"elementor-widget-container\">\n\t\t\t<h2 class=\"elementor-heading-title elementor-size-default\"><a href=\"https:\/\/quipomap.com\/levoc-exposicao\/\">Exposi\u00e7\u00e3o Virtual - A Rocha, o Entalhe e a Tinta: Os Registros Rupestres do Estado de S\u00e3o Paulo<\/a><\/h2>\t\t<\/div>\n\t\t\t\t<\/div>\n\t\t\t\t\t<\/div>\n\t\t<\/div>\n\t\t\t\t\t<\/div>\n\t\t<\/section>\n\t\t\t\t<section class=\"elementor-section elementor-top-section elementor-element elementor-element-b4c35e5 elementor-section-boxed elementor-section-height-default elementor-section-height-default\" data-id=\"b4c35e5\" data-element_type=\"section\">\n\t\t\t\t\t\t<div class=\"elementor-container elementor-column-gap-default\">\n\t\t\t\t\t<div class=\"elementor-column elementor-col-100 elementor-top-column elementor-element elementor-element-ae35322\" data-id=\"ae35322\" data-element_type=\"column\">\n\t\t\t<div class=\"elementor-widget-wrap\">\n\t\t\t\t\t\t\t<\/div>\n\t\t<\/div>\n\t\t\t\t\t<\/div>\n\t\t<\/section>\n\t\t\t\t<section class=\"elementor-section elementor-top-section elementor-element elementor-element-0e7fd10 elementor-section-boxed elementor-section-height-default elementor-section-height-default\" data-id=\"0e7fd10\" data-element_type=\"section\">\n\t\t\t\t\t\t<div class=\"elementor-container elementor-column-gap-default\">\n\t\t\t\t\t<div class=\"elementor-column elementor-col-100 elementor-top-column elementor-element elementor-element-4473568\" data-id=\"4473568\" data-element_type=\"column\">\n\t\t\t<div class=\"elementor-widget-wrap elementor-element-populated\">\n\t\t\t\t\t\t<div class=\"elementor-element elementor-element-6ae89c8 elementor-widget__width-initial elementor-widget elementor-widget-image\" data-id=\"6ae89c8\" data-element_type=\"widget\" data-widget_type=\"image.default\">\n\t\t\t\t<div class=\"elementor-widget-container\">\n\t\t\t\t\t\t\t\t\t\t<figure class=\"wp-caption\">\n\t\t\t\t\t\t\t\t\t\t\t<a href=\"https:\/\/quipomap.com\/levoc-exposicao\/\">\n\t\t\t\t\t\t\t<img fetchpriority=\"high\" decoding=\"async\" width=\"716\" height=\"1024\" src=\"https:\/\/sites.usp.br\/levoc\/wp-content\/uploads\/sites\/1246\/2024\/04\/IMG_8742-716x1024.jpg\" class=\"attachment-large size-large wp-image-3840\" alt=\"\" srcset=\"https:\/\/sites.usp.br\/levoc\/wp-content\/uploads\/sites\/1246\/2024\/04\/IMG_8742-716x1024.jpg 716w, https:\/\/sites.usp.br\/levoc\/wp-content\/uploads\/sites\/1246\/2024\/04\/IMG_8742-210x300.jpg 210w, https:\/\/sites.usp.br\/levoc\/wp-content\/uploads\/sites\/1246\/2024\/04\/IMG_8742-768x1099.jpg 768w, https:\/\/sites.usp.br\/levoc\/wp-content\/uploads\/sites\/1246\/2024\/04\/IMG_8742-1073x1536.jpg 1073w, https:\/\/sites.usp.br\/levoc\/wp-content\/uploads\/sites\/1246\/2024\/04\/IMG_8742-400x572.jpg 400w, https:\/\/sites.usp.br\/levoc\/wp-content\/uploads\/sites\/1246\/2024\/04\/IMG_8742.jpg 1290w\" sizes=\"(max-width: 716px) 100vw, 716px\" \/>\t\t\t\t\t\t\t\t<\/a>\n\t\t\t\t\t\t\t\t\t\t\t<figcaption class=\"widget-image-caption wp-caption-text\"><\/figcaption>\n\t\t\t\t\t\t\t\t\t\t<\/figure>\n\t\t\t\t\t\t\t<\/div>\n\t\t\t\t<\/div>\n\t\t\t\t<div class=\"elementor-element elementor-element-f2f8196 elementor-widget elementor-widget-text-editor\" data-id=\"f2f8196\" data-element_type=\"widget\" data-widget_type=\"text-editor.default\">\n\t\t\t\t<div class=\"elementor-widget-container\">\n\t\t\t\t\t\t\t<h3>\u00a0<\/h3><h3 style=\"margin: 0cm 0cm 0.0001pt; color: #222222; font-family: Arial, Helvetica, sans-serif; font-size: small; font-style: normal; font-variant-ligatures: normal; font-variant-caps: normal; font-weight: 400; background-color: #ffffff; text-align: justify; line-height: normal;\"><span style=\"font-family: Calibri, 'sans-serif'; font-size: 11pt; color: #000000;\">Esta exposi\u00e7\u00e3o tem por objetivo apresentar os resultados das pesquisas relacionadas \u00e0 identifica\u00e7\u00e3o, documenta\u00e7\u00e3o, caracteriza\u00e7\u00e3o e an\u00e1lise dos s\u00edtios com registros rupestres no estado de S\u00e3o Paulo que v\u00eam sendo desenvolvidas no \u00e2mbito dos Projetos Fapesp (2019\/18.664-9) intitulado \u201cOcupa\u00e7\u00e3o humana do Sudeste da Am\u00e9rica do Sul ao longo do Holoceno: um enfoque interdisciplinar, multiescalar e diacr\u00f4nico\u201d e CNPq (405303\/2023-8) intitulado \u201cDocumenta\u00e7\u00e3o, caracteriza\u00e7\u00e3o e an\u00e1lise dos s\u00edtios pr\u00e9-hist\u00f3ricos com arte rupestre no estado de S\u00e3o Paulo \u2013 Brasil\u201d coordenados pelos pesquisadores Astolfo G. M. Araujo e Marilia Perazzo, respectivamente.<\/span><\/h3><p style=\"margin: 0cm 0cm 0.0001pt; color: #222222; font-family: Arial, Helvetica, sans-serif; font-size: small; font-style: normal; font-variant-ligatures: normal; font-variant-caps: normal; font-weight: 400; background-color: #ffffff; text-align: justify; line-height: normal;\"><span style=\"font-family: Calibri, 'sans-serif'; font-size: 11pt; color: #000000;\">\u00a0<\/span><\/p><p style=\"margin: 0cm 0cm 0.0001pt; color: #222222; font-family: Arial, Helvetica, sans-serif; font-size: small; font-style: normal; font-variant-ligatures: normal; font-variant-caps: normal; font-weight: 400; background-color: #ffffff; text-align: justify; line-height: normal;\"><span style=\"font-family: Calibri, 'sans-serif'; font-size: 11pt; color: #000000;\">Esta \u00e9 a primeira exposi\u00e7\u00e3o desenvolvida em espa\u00e7o virtual na ideia de metaverso no \u00e2mbito da Arqueologia Pr\u00e9-hist\u00f3rica no Brasil. Tem o objetivo de apresentar os s\u00edtios de pinturas e gravuras rupestres, n\u00e3o apenas com imagens, mas com textos explicativos e modelos tridimensionais que permitam aos visitantes compreender conceitos b\u00e1sicos sobre a tem\u00e1tica abordada. Possibilita tamb\u00e9m uma maior intera\u00e7\u00e3o do p\u00fablico com os s\u00edtios arqueol\u00f3gicos paulistas, as t\u00e9cnicas de documenta\u00e7\u00e3o utilizadas na ci\u00eancia arqueol\u00f3gica para os s\u00edtios com registros rupestres e os processos de reconhecimento do estado de conserva\u00e7\u00e3o dos s\u00edtios e dos grafismos, permitindo conhecer partes importantes do acervo rupestre paulista.<\/span><\/p>\t\t\t\t\t\t<\/div>\n\t\t\t\t<\/div>\n\t\t\t\t\t<\/div>\n\t\t<\/div>\n\t\t\t\t\t<\/div>\n\t\t<\/section>\n\t\t\t\t<\/div>\n\t\t","protected":false},"excerpt":{"rendered":"<p>Exposi\u00e7\u00e3o Virtual &#8211; A Rocha, o Entalhe e a Tinta: Os Registros Rupestres do Estado de S\u00e3o Paulo \u00a0 Esta exposi\u00e7\u00e3o tem por objetivo apresentar os resultados das pesquisas relacionadas \u00e0 identifica\u00e7\u00e3o, documenta\u00e7\u00e3o, caracteriza\u00e7\u00e3o e an\u00e1lise dos s\u00edtios com registros rupestres no estado de S\u00e3o Paulo que v\u00eam sendo desenvolvidas no \u00e2mbito dos Projetos Fapesp [&hellip;]<\/p>\n","protected":false},"author":23428,"featured_media":0,"parent":0,"menu_order":0,"comment_status":"closed","ping_status":"closed","template":"","meta":{"_monsterinsights_skip_tracking":false,"_monsterinsights_sitenote_active":false,"_monsterinsights_sitenote_note":"","_monsterinsights_sitenote_category":0,"footnotes":"","_links_to":"","_links_to_target":""},"class_list":["post-3819","page","type-page","status-publish","hentry","entry"],"_links":{"self":[{"href":"https:\/\/sites.usp.br\/levoc\/wp-json\/wp\/v2\/pages\/3819","targetHints":{"allow":["GET"]}}],"collection":[{"href":"https:\/\/sites.usp.br\/levoc\/wp-json\/wp\/v2\/pages"}],"about":[{"href":"https:\/\/sites.usp.br\/levoc\/wp-json\/wp\/v2\/types\/page"}],"author":[{"embeddable":true,"href":"https:\/\/sites.usp.br\/levoc\/wp-json\/wp\/v2\/users\/23428"}],"replies":[{"embeddable":true,"href":"https:\/\/sites.usp.br\/levoc\/wp-json\/wp\/v2\/comments?post=3819"}],"version-history":[{"count":4,"href":"https:\/\/sites.usp.br\/levoc\/wp-json\/wp\/v2\/pages\/3819\/revisions"}],"predecessor-version":[{"id":3843,"href":"https:\/\/sites.usp.br\/levoc\/wp-json\/wp\/v2\/pages\/3819\/revisions\/3843"}],"wp:attachment":[{"href":"https:\/\/sites.usp.br\/levoc\/wp-json\/wp\/v2\/media?parent=3819"}],"curies":[{"name":"wp","href":"https:\/\/api.w.org\/{rel}","templated":true}]}}