{"id":105,"date":"2014-04-23T15:10:03","date_gmt":"2014-04-23T18:10:03","guid":{"rendered":"http:\/\/sites.usp.brprp\/?page_id=105"},"modified":"2018-05-15T23:06:45","modified_gmt":"2018-05-16T02:06:45","slug":"bioinformatica","status":"publish","type":"page","link":"https:\/\/sites.usp.br\/lfbq\/bioinformatica\/","title":{"rendered":"Bioinform\u00e1tica"},"content":{"rendered":"<p><a href=\"https:\/\/sites.google.com\/usp.br\/professor-edson\/bioinform\u00e1tica\/cronograma\" target=\"_blank\" rel=\"noopener noreferrer\">informa\u00e7\u00f5es sobre o curso<\/a><\/p>\n<p><a href=\"https:\/\/sites.google.com\/usp.br\/professor-edson\/bioinform%C3%A1tica\/aulas?authuser=0\" target=\"_blank\" rel=\"noopener noreferrer\">aulas<\/a><\/p>\n<p>frequ\u00eancia<\/p>\n<p><a href=\"https:\/\/sites.google.com\/usp.br\/professor-edson\/bioinform%C3%A1tica\/cronograma?authuser=0\" target=\"_blank\" rel=\"noopener noreferrer\">Programa<\/a><\/p>\n<p>&nbsp;<\/p>\n<p>&nbsp;<\/p>\n","protected":false},"excerpt":{"rendered":"<p>informa\u00e7\u00f5es sobre o curso aulas frequ\u00eancia Programa &nbsp; &nbsp;<\/p>\n","protected":false},"author":186,"featured_media":0,"parent":0,"menu_order":0,"comment_status":"closed","ping_status":"closed","template":"","meta":{"footnotes":"","_links_to":"","_links_to_target":""},"class_list":["post-105","page","type-page","status-publish","hentry"],"_links":{"self":[{"href":"https:\/\/sites.usp.br\/lfbq\/wp-json\/wp\/v2\/pages\/105","targetHints":{"allow":["GET"]}}],"collection":[{"href":"https:\/\/sites.usp.br\/lfbq\/wp-json\/wp\/v2\/pages"}],"about":[{"href":"https:\/\/sites.usp.br\/lfbq\/wp-json\/wp\/v2\/types\/page"}],"author":[{"embeddable":true,"href":"https:\/\/sites.usp.br\/lfbq\/wp-json\/wp\/v2\/users\/186"}],"replies":[{"embeddable":true,"href":"https:\/\/sites.usp.br\/lfbq\/wp-json\/wp\/v2\/comments?post=105"}],"version-history":[{"count":5,"href":"https:\/\/sites.usp.br\/lfbq\/wp-json\/wp\/v2\/pages\/105\/revisions"}],"predecessor-version":[{"id":586,"href":"https:\/\/sites.usp.br\/lfbq\/wp-json\/wp\/v2\/pages\/105\/revisions\/586"}],"wp:attachment":[{"href":"https:\/\/sites.usp.br\/lfbq\/wp-json\/wp\/v2\/media?parent=105"}],"curies":[{"name":"wp","href":"https:\/\/api.w.org\/{rel}","templated":true}]}}