{"id":120,"date":"2014-04-29T10:54:42","date_gmt":"2014-04-29T13:54:42","guid":{"rendered":"http:\/\/sites.usp.brprp\/?page_id=120"},"modified":"2019-06-17T11:24:07","modified_gmt":"2019-06-17T14:24:07","slug":"pesquisa","status":"publish","type":"page","link":"https:\/\/sites.usp.br\/lfbq\/pesquisa\/","title":{"rendered":"Pesquisa"},"content":{"rendered":"<p><strong>Colabora\u00e7\u00f5es Internacionais<\/strong><\/p>\n<p>B\u00e9lgica<\/p>\n<ul>\n<li><a href=\"https:\/\/www.uliege.be\/cms\/c_8699436\/en\/uliege-portal\">Universit\u00e9 de Li\u00e8ge<\/a><\/li>\n<\/ul>\n<p>China<\/p>\n<ul>\n<li><a href=\"http:\/\/english.tib.cas.cn\/\">Tianjin Institute of Industrial Biotechnology<\/a><\/li>\n<\/ul>\n<p>Estonia<\/p>\n<ul>\n<li><a href=\"https:\/\/www.chem.ut.ee\/en\">Institute of Chemistry University of Tartu<\/a>\u00a0&#8211;\u00a0<a href=\"http:\/\/hermes.chem.ut.ee\/~alfx\/index.html\">Dr. Alfonso T. Garcia-Sosa<\/a><\/li>\n<\/ul>\n<p>Fran\u00e7a<\/p>\n<ul>\n<li><a href=\"http:\/\/www.univ-fcomte.fr\/\">Universit\u00e9 de Franche-Comt\u00e9<\/a>\u201d<\/li>\n<li><a href=\"https:\/\/www.universite-paris-saclay.fr\/fr\/formation\/school\/biologie-medecine-pharmacie\">Universit\u00e9 Paris-Saclay Facult\u00e9 de Pharmacie\u00a0<\/a>&#8211; <a href=\"https:\/\/www.researchgate.net\/profile\/Philippe_Loiseau\">Prof. Philippe M. LOISEAU<\/a><\/li>\n<\/ul>\n<p>It\u00e1lia<\/p>\n<ul>\n<li><a href=\"https:\/\/www.unisi.it\/\">Universit\u00e0 degli Studi di Siena<\/a>\u00a0&#8211;\u00a0European Research Centre for Drug Discovery and Development<\/li>\n<li><a href=\"https:\/\/www.researchgate.net\/institution\/Universita_di_Pisa\">Universit\u00e0 di Pisa<\/a>\u00a0<a href=\"https:\/\/www.researchgate.net\/institution\/Universita_di_Pisa\/department\/Department_of_Pharmacy\">Department of Pharmacy<\/a>\u00a0&#8211;\u00a0<a href=\"https:\/\/www.researchgate.net\/profile\/Simone_Brogi\">Simone Brogi<\/a><\/li>\n<\/ul>\n<p>Servia<\/p>\n<ul>\n<li><a href=\"http:\/\/bg.ac.rs\/en\/members\/institutes\/Vinca.php\">University of Belgrado &#8211; Institute of Nuclear Sciences VINCA<\/a> (S\u00e9rvia) &#8211; \u00a0<a href=\"https:\/\/www.vinca.rs\/180\/people.php\">Dr. Sanja Glisic<\/a><\/li>\n<\/ul>\n<p><strong>Linhas de pesquisa<\/strong><\/p>\n<p>1) Farmacologia-Bioqu\u00edmica de inibidores enzim\u00e1ticos com aplica\u00e7\u00e3o em quimioterapia de parasitas;<\/p>\n<p>2) Utiliza\u00e7\u00e3o de Produtos Naturais como fonte de novos f\u00e1rmacos antiparasit\u00e1rios<\/p>\n<p>3) Farmacocin\u00e9tica de produtos naturais e sint\u00e9ticos<\/p>\n<p>Orienta\u00e7\u00e3o de mestrado e doutorado pelo programa <a href=\"http:\/\/www.fzea.usp.br\/?page_id=1215\" target=\"_blank\" rel=\"nofollow noopener\">Bioci\u00eancia Animal (Bioagentes Patog\u00eanicos)<\/a><\/p>\n<p><a href=\"http:\/\/lattes.cnpq.br\/8294547807305738\" target=\"_blank\" rel=\"nofollow noopener\">CV\u00a0<i>Lattes<\/i><\/a>\u00a0<a href=\"http:\/\/scholar.google.com\/citations?user=LqtkIogAAAAJ&amp;hl=pt-BR\" target=\"_blank\" rel=\"noopener\"><b>Google<\/b>\u00a0Acad\u00eamico\u00a0<\/a><b>\u00a0<a href=\"http:\/\/www.researcherid.com\/rid\/G-3913-2012\" target=\"_blank\" rel=\"nofollow noopener\">RESEARCHERID<\/a>\u00a0 <a href=\"http:\/\/orcid.org\/0000-0002-6246-4404\" target=\"_blank\" rel=\"nofollow noopener\">ORCID<\/a>\u00a0<a href=\"https:\/\/www.scopus.com\/authid\/detail.uri?authorId=7201494842\" target=\"_blank\" rel=\"nofollow noopener\">SCOPUS<\/a>\u00a0<a style=\"color: #339966;\" href=\"http:\/\/www.researchgate.net\/profile\/Edson_Silva5\/?ev=hdr_xprf\" target=\"_blank\" rel=\"nofollow noopener\">ResearchGate<\/a><\/b><b>\u00a0 \u00a0<\/b><\/p>\n<p><a href=\"https:\/\/www.google.com\/maps\/d\/edit?mid=zJHvSFPNpFCs.kbR-oPWNYdcQ\" target=\"_blank\" rel=\"noopener\">Como chegar no LFBq<\/a><\/p>\n<p><a href=\"http:\/\/sites.usp.br\/lfbq\/wp-content\/uploads\/sites\/102\/2014\/04\/QR_code_BW-MAPA-LFBq-ZAB-OESTE.png\"><img loading=\"lazy\" decoding=\"async\" src=\"http:\/\/sites.usp.br\/lfbq\/wp-content\/uploads\/sites\/102\/2014\/04\/QR_code_BW-MAPA-LFBq-ZAB-OESTE.png\" alt=\"QR_code_B&amp;W-MAPA LFBq-ZAB-OESTE\" width=\"181\" height=\"181\" \/><\/a><\/p>\n<p>\t\t\t<iframe frameborder=\"0\" scrolling=\"no\" marginheight=\"0\" marginwidth=\"0\" src=\"https:\/\/maps.google.com\/maps?q=LFBq&amp;t=m&amp;z=10&amp;output=embed&amp;iwloc=near\" aria-label=\"LFBq\"><\/iframe><\/p>\n","protected":false},"excerpt":{"rendered":"<p>Colabora\u00e7\u00f5es Internacionais B\u00e9lgica Universit\u00e9 de Li\u00e8ge China Tianjin Institute of Industrial Biotechnology Estonia Institute of Chemistry University of Tartu\u00a0&#8211;\u00a0Dr. Alfonso [&hellip;]<\/p>\n","protected":false},"author":186,"featured_media":0,"parent":0,"menu_order":0,"comment_status":"closed","ping_status":"closed","template":"","meta":{"footnotes":"","_links_to":"","_links_to_target":""},"class_list":["post-120","page","type-page","status-publish","hentry"],"_links":{"self":[{"href":"https:\/\/sites.usp.br\/lfbq\/wp-json\/wp\/v2\/pages\/120","targetHints":{"allow":["GET"]}}],"collection":[{"href":"https:\/\/sites.usp.br\/lfbq\/wp-json\/wp\/v2\/pages"}],"about":[{"href":"https:\/\/sites.usp.br\/lfbq\/wp-json\/wp\/v2\/types\/page"}],"author":[{"embeddable":true,"href":"https:\/\/sites.usp.br\/lfbq\/wp-json\/wp\/v2\/users\/186"}],"replies":[{"embeddable":true,"href":"https:\/\/sites.usp.br\/lfbq\/wp-json\/wp\/v2\/comments?post=120"}],"version-history":[{"count":6,"href":"https:\/\/sites.usp.br\/lfbq\/wp-json\/wp\/v2\/pages\/120\/revisions"}],"predecessor-version":[{"id":612,"href":"https:\/\/sites.usp.br\/lfbq\/wp-json\/wp\/v2\/pages\/120\/revisions\/612"}],"wp:attachment":[{"href":"https:\/\/sites.usp.br\/lfbq\/wp-json\/wp\/v2\/media?parent=120"}],"curies":[{"name":"wp","href":"https:\/\/api.w.org\/{rel}","templated":true}]}}