{"id":40,"date":"2014-03-14T14:00:33","date_gmt":"2014-03-14T17:00:33","guid":{"rendered":"http:\/\/sites.usp.brcaeco\/?page_id=40"},"modified":"2018-05-15T23:25:55","modified_gmt":"2018-05-16T02:25:55","slug":"imunologia","status":"publish","type":"page","link":"https:\/\/sites.usp.br\/lfbq\/imunologia\/","title":{"rendered":"Imunologia"},"content":{"rendered":"<p style=\"text-align: justify\"><strong><span style=\"color: #0000ff\">Desafio 2016<\/span><\/strong><\/p>\n<p style=\"text-align: justify\">\r\n\t<div class=\"slideshow_container slideshow_container_style-light\" style=\"height: 200px; \" data-slideshow-id=\"552\" data-style-name=\"style-light\" data-style-version=\"2.3.1\" >\r\n\r\n\t\t\t\t\t<div class=\"slideshow_loading_icon\"><\/div>\r\n\t\t\r\n\t\t<div class=\"slideshow_content\" style=\"display: none;\">\r\n\r\n\t\t\t<div class=\"slideshow_view\">\r\n\t\t\t\t<div class=\"slideshow_slide slideshow_slide_image\">\r\n\t\t\t\t\t\t\t\t\t\t\t<img src=\"https:\/\/sites.usp.br\/lfbq\/wp-content\/uploads\/sites\/102\/2016\/09\/Slide5.png\" alt=\"Slide5\" width=\"960\" height=\"342\" \/>\r\n\t\t\t\t\t\t\t\t\t\t<div class=\"slideshow_description_box slideshow_transparent\">\r\n\t\t\t\t\t\t<div class=\"slideshow_title\">Slide5<\/div>\t\t\t\t\t\t\t\t\t\t\t<\/div>\r\n\t\t\t\t<\/div>\r\n\r\n\t\t\t\t\t\t<div style=\"clear: both;\"><\/div><\/div><div class=\"slideshow_view\">\r\n\t\t\t\t<div class=\"slideshow_slide slideshow_slide_image\">\r\n\t\t\t\t\t\t\t\t\t\t\t<img src=\"https:\/\/sites.usp.br\/lfbq\/wp-content\/uploads\/sites\/102\/2016\/09\/Slide4.png\" alt=\"Slide4\" width=\"960\" height=\"342\" \/>\r\n\t\t\t\t\t\t\t\t\t\t<div class=\"slideshow_description_box slideshow_transparent\">\r\n\t\t\t\t\t\t<div class=\"slideshow_title\">Slide4<\/div>\t\t\t\t\t\t\t\t\t\t\t<\/div>\r\n\t\t\t\t<\/div>\r\n\r\n\t\t\t\t\t\t<div style=\"clear: both;\"><\/div><\/div><div class=\"slideshow_view\">\r\n\t\t\t\t<div class=\"slideshow_slide slideshow_slide_image\">\r\n\t\t\t\t\t\t\t\t\t\t\t<img src=\"https:\/\/sites.usp.br\/lfbq\/wp-content\/uploads\/sites\/102\/2016\/09\/Slide3.png\" alt=\"Slide3\" width=\"960\" height=\"342\" \/>\r\n\t\t\t\t\t\t\t\t\t\t<div class=\"slideshow_description_box slideshow_transparent\">\r\n\t\t\t\t\t\t<div class=\"slideshow_title\">Slide3<\/div>\t\t\t\t\t\t\t\t\t\t\t<\/div>\r\n\t\t\t\t<\/div>\r\n\r\n\t\t\t\t\t\t<div style=\"clear: both;\"><\/div><\/div><div class=\"slideshow_view\">\r\n\t\t\t\t<div class=\"slideshow_slide slideshow_slide_image\">\r\n\t\t\t\t\t\t\t\t\t\t\t<img src=\"https:\/\/sites.usp.br\/lfbq\/wp-content\/uploads\/sites\/102\/2016\/09\/Slide2.png\" alt=\"Slide2\" width=\"960\" height=\"342\" \/>\r\n\t\t\t\t\t\t\t\t\t\t<div class=\"slideshow_description_box slideshow_transparent\">\r\n\t\t\t\t\t\t<div class=\"slideshow_title\">Slide2<\/div>\t\t\t\t\t\t\t\t\t\t\t<\/div>\r\n\t\t\t\t<\/div>\r\n\r\n\t\t\t\t\t\t<div style=\"clear: both;\"><\/div><\/div><div class=\"slideshow_view\">\r\n\t\t\t\t<div class=\"slideshow_slide slideshow_slide_image\">\r\n\t\t\t\t\t\t\t\t\t\t\t<img src=\"https:\/\/sites.usp.br\/lfbq\/wp-content\/uploads\/sites\/102\/2016\/09\/Slide1.png\" alt=\"Slide1\" width=\"960\" height=\"342\" \/>\r\n\t\t\t\t\t\t\t\t\t\t<div class=\"slideshow_description_box slideshow_transparent\">\r\n\t\t\t\t\t\t<div class=\"slideshow_title\">Slide1<\/div>\t\t\t\t\t\t\t\t\t\t\t<\/div>\r\n\t\t\t\t<\/div>\r\n\r\n\t\t\t\t\t\t<div style=\"clear: both;\"><\/div><\/div>\r\n\t\t<\/div>\r\n\r\n\t\t<div class=\"slideshow_controlPanel slideshow_transparent\" style=\"display: none;\"><ul><li class=\"slideshow_togglePlay\" data-play-text=\"Acionar\" data-pause-text=\"Pausar\"><\/li><\/ul><\/div>\r\n\r\n\t\t<div class=\"slideshow_button slideshow_previous slideshow_transparent\" role=\"button\" data-previous-text=\"Anterior\" style=\"display: none;\"><\/div>\r\n\t\t<div class=\"slideshow_button slideshow_next slideshow_transparent\" role=\"button\" data-next-text=\"Pr\u00f3ximo\" style=\"display: none;\"><\/div>\r\n\r\n\t\t<div class=\"slideshow_pagination\" style=\"display: none;\" data-go-to-text=\"Ir para o slide\"><div class=\"slideshow_pagination_center\"><\/div><\/div>\r\n\r\n\t\t<!-- WordPress Slideshow Version 2.3.1 -->\r\n\r\n\t\t\t<\/div>\r\n\r\n<\/p>\n<p style=\"text-align: justify\"><strong>Baixe o<\/strong><em><strong>\u00a0<a href=\"https:\/\/drive.google.com\/open?id=0BzCaZNVEdExSV3lLSEowenJvTTQ\" target=\"_blank\" rel=\"noopener noreferrer\">Arquivo para produ\u00e7\u00e3o de v\u00eddeo<\/a><\/strong><\/em><\/p>\n<p>Aulas\u00a0 \u00a0 \u00a0 \u00a0 \u00a0Desafio\u00a0 \u00a0 \u00a0 \u00a0Frequ\u00eancia\u00a0 \u00a0 \u00a0\u00a0Notas\u00a0 \u00a0 \u00a0Programa\u00a0 \u00a0 \u00a0Projeto Vacina\u00a0 \u00a0 \u00a0Semin\u00e1rios<\/p>\n","protected":false},"excerpt":{"rendered":"<p>Desafio 2016 Baixe o\u00a0Arquivo para produ\u00e7\u00e3o de v\u00eddeo Aulas\u00a0 \u00a0 \u00a0 \u00a0 \u00a0Desafio\u00a0 \u00a0 \u00a0 \u00a0Frequ\u00eancia\u00a0 \u00a0 \u00a0\u00a0Notas\u00a0 \u00a0 \u00a0Programa\u00a0 [&hellip;]<\/p>\n","protected":false},"author":186,"featured_media":0,"parent":0,"menu_order":0,"comment_status":"closed","ping_status":"closed","template":"","meta":{"footnotes":"","_links_to":"","_links_to_target":""},"class_list":["post-40","page","type-page","status-publish","hentry"],"_links":{"self":[{"href":"https:\/\/sites.usp.br\/lfbq\/wp-json\/wp\/v2\/pages\/40","targetHints":{"allow":["GET"]}}],"collection":[{"href":"https:\/\/sites.usp.br\/lfbq\/wp-json\/wp\/v2\/pages"}],"about":[{"href":"https:\/\/sites.usp.br\/lfbq\/wp-json\/wp\/v2\/types\/page"}],"author":[{"embeddable":true,"href":"https:\/\/sites.usp.br\/lfbq\/wp-json\/wp\/v2\/users\/186"}],"replies":[{"embeddable":true,"href":"https:\/\/sites.usp.br\/lfbq\/wp-json\/wp\/v2\/comments?post=40"}],"version-history":[{"count":7,"href":"https:\/\/sites.usp.br\/lfbq\/wp-json\/wp\/v2\/pages\/40\/revisions"}],"predecessor-version":[{"id":601,"href":"https:\/\/sites.usp.br\/lfbq\/wp-json\/wp\/v2\/pages\/40\/revisions\/601"}],"wp:attachment":[{"href":"https:\/\/sites.usp.br\/lfbq\/wp-json\/wp\/v2\/media?parent=40"}],"curies":[{"name":"wp","href":"https:\/\/api.w.org\/{rel}","templated":true}]}}