{"id":1727,"date":"2022-04-30T20:22:50","date_gmt":"2022-04-30T23:22:50","guid":{"rendered":"https:\/\/sites.usp.br\/lfs\/?page_id=1727"},"modified":"2022-04-30T20:39:50","modified_gmt":"2022-04-30T23:39:50","slug":"juan-ignacio-pereira-agudelo","status":"publish","type":"page","link":"https:\/\/sites.usp.br\/lfs\/juan-ignacio-pereira-agudelo\/","title":{"rendered":"Juan Ignacio Pereira Agudelo"},"content":{"rendered":"\t\t<div data-elementor-type=\"wp-page\" data-elementor-id=\"1727\" class=\"elementor elementor-1727\" data-elementor-post-type=\"page\">\n\t\t\t\t\t\t<section class=\"elementor-section elementor-top-section elementor-element elementor-element-819cd2a elementor-section-boxed elementor-section-height-default elementor-section-height-default\" data-id=\"819cd2a\" data-element_type=\"section\">\n\t\t\t\t\t\t<div class=\"elementor-container elementor-column-gap-default\">\n\t\t\t\t\t<div class=\"elementor-column elementor-col-100 elementor-top-column elementor-element elementor-element-2f30ef4\" data-id=\"2f30ef4\" data-element_type=\"column\">\n\t\t\t<div class=\"elementor-widget-wrap elementor-element-populated\">\n\t\t\t\t\t\t<section class=\"elementor-section elementor-inner-section elementor-element elementor-element-55b3167 elementor-section-boxed elementor-section-height-default elementor-section-height-default\" data-id=\"55b3167\" data-element_type=\"section\">\n\t\t\t\t\t\t<div class=\"elementor-container elementor-column-gap-default\">\n\t\t\t\t\t<div class=\"elementor-column elementor-col-50 elementor-inner-column elementor-element elementor-element-b629c7a\" data-id=\"b629c7a\" data-element_type=\"column\">\n\t\t\t<div class=\"elementor-widget-wrap elementor-element-populated\">\n\t\t\t\t\t\t<div class=\"elementor-element elementor-element-484e233 elementor-widget elementor-widget-image\" data-id=\"484e233\" data-element_type=\"widget\" data-widget_type=\"image.default\">\n\t\t\t\t<div class=\"elementor-widget-container\">\n\t\t\t\t\t\t\t\t\t\t\t\t\t<img fetchpriority=\"high\" decoding=\"async\" width=\"210\" height=\"295\" src=\"https:\/\/sites.usp.br\/lfs\/wp-content\/uploads\/sites\/605\/2021\/01\/JuanIgnacioPereiraAgudelo.jpeg\" class=\"attachment-large size-large wp-image-1402\" alt=\"\" \/>\t\t\t\t\t\t\t\t\t\t\t\t\t<\/div>\n\t\t\t\t<\/div>\n\t\t\t\t\t<\/div>\n\t\t<\/div>\n\t\t\t\t<div class=\"elementor-column elementor-col-50 elementor-inner-column elementor-element elementor-element-149d99e\" data-id=\"149d99e\" data-element_type=\"column\">\n\t\t\t<div class=\"elementor-widget-wrap elementor-element-populated\">\n\t\t\t\t\t\t<div class=\"elementor-element elementor-element-3ab8061 elementor-widget elementor-widget-text-editor\" data-id=\"3ab8061\" data-element_type=\"widget\" data-widget_type=\"text-editor.default\">\n\t\t\t\t<div class=\"elementor-widget-container\">\n\t\t\t\t\t\t\t<h6>Possui gradua\u00e7\u00e3o em Engenharia de Materiais e Metalurgia pela Universidad de Antioquia-Col\u00f4mbia (2004), mestrado em Engenharia pela Universidade Tecnol\u00f3gica Federal de Paran\u00e1 (2011) e doutorado na Universidade de S\u00e3o Paulo no departamento de Engenharia Mec\u00e2nica. Participa do grupo de pesquisa LFS (Laborat\u00f3rio de Fen\u00f4menos de Superf\u00edcie) atuando principalmente na \u00e1rea de tribologia na industria de minera\u00e7\u00e3o.<\/h6>\t\t\t\t\t\t<\/div>\n\t\t\t\t<\/div>\n\t\t\t\t\t<\/div>\n\t\t<\/div>\n\t\t\t\t\t<\/div>\n\t\t<\/section>\n\t\t\t\t\t<\/div>\n\t\t<\/div>\n\t\t\t\t\t<\/div>\n\t\t<\/section>\n\t\t\t\t<section class=\"elementor-section elementor-top-section elementor-element elementor-element-b82caf0 elementor-section-boxed elementor-section-height-default elementor-section-height-default\" data-id=\"b82caf0\" data-element_type=\"section\">\n\t\t\t\t\t\t<div class=\"elementor-container elementor-column-gap-default\">\n\t\t\t\t\t<div class=\"elementor-column elementor-col-100 elementor-top-column elementor-element elementor-element-80ce903\" data-id=\"80ce903\" data-element_type=\"column\">\n\t\t\t<div class=\"elementor-widget-wrap elementor-element-populated\">\n\t\t\t\t\t\t\t<\/div>\n\t\t<\/div>\n\t\t\t\t\t<\/div>\n\t\t<\/section>\n\t\t\t\t<\/div>\n\t\t","protected":false},"excerpt":{"rendered":"<p>Possui gradua\u00e7\u00e3o em Engenharia de Materiais e Metalurgia pela Universidad de Antioquia-Col\u00f4mbia (2004), mestrado em Engenharia pela Universidade Tecnol\u00f3gica Federal de Paran\u00e1 (2011) e doutorado na Universidade de S\u00e3o Paulo no departamento de Engenharia Mec\u00e2nica. Participa do grupo de pesquisa LFS (Laborat\u00f3rio de Fen\u00f4menos de Superf\u00edcie) atuando principalmente na \u00e1rea de tribologia na industria de<a href=\"https:\/\/sites.usp.br\/lfs\/juan-ignacio-pereira-agudelo\/\">[&#8230;]<\/a><\/p>\n","protected":false},"author":22836,"featured_media":0,"parent":0,"menu_order":0,"comment_status":"closed","ping_status":"closed","template":"","meta":{"footnotes":"","_links_to":"","_links_to_target":""},"class_list":["post-1727","page","type-page","status-publish","hentry"],"_links":{"self":[{"href":"https:\/\/sites.usp.br\/lfs\/wp-json\/wp\/v2\/pages\/1727","targetHints":{"allow":["GET"]}}],"collection":[{"href":"https:\/\/sites.usp.br\/lfs\/wp-json\/wp\/v2\/pages"}],"about":[{"href":"https:\/\/sites.usp.br\/lfs\/wp-json\/wp\/v2\/types\/page"}],"author":[{"embeddable":true,"href":"https:\/\/sites.usp.br\/lfs\/wp-json\/wp\/v2\/users\/22836"}],"replies":[{"embeddable":true,"href":"https:\/\/sites.usp.br\/lfs\/wp-json\/wp\/v2\/comments?post=1727"}],"version-history":[{"count":4,"href":"https:\/\/sites.usp.br\/lfs\/wp-json\/wp\/v2\/pages\/1727\/revisions"}],"predecessor-version":[{"id":1741,"href":"https:\/\/sites.usp.br\/lfs\/wp-json\/wp\/v2\/pages\/1727\/revisions\/1741"}],"wp:attachment":[{"href":"https:\/\/sites.usp.br\/lfs\/wp-json\/wp\/v2\/media?parent=1727"}],"curies":[{"name":"wp","href":"https:\/\/api.w.org\/{rel}","templated":true}]}}