{"id":1731,"date":"2022-04-30T20:24:53","date_gmt":"2022-04-30T23:24:53","guid":{"rendered":"https:\/\/sites.usp.br\/lfs\/?page_id=1731"},"modified":"2022-04-30T20:44:51","modified_gmt":"2022-04-30T23:44:51","slug":"newton-kiyoshi-fukumasu","status":"publish","type":"page","link":"https:\/\/sites.usp.br\/lfs\/newton-kiyoshi-fukumasu\/","title":{"rendered":"Newton Kiyoshi Fukumasu"},"content":{"rendered":"\t\t<div data-elementor-type=\"wp-page\" data-elementor-id=\"1731\" class=\"elementor elementor-1731\" data-elementor-post-type=\"page\">\n\t\t\t\t\t\t<section class=\"elementor-section elementor-top-section elementor-element elementor-element-819cd2a elementor-section-boxed elementor-section-height-default elementor-section-height-default\" data-id=\"819cd2a\" data-element_type=\"section\">\n\t\t\t\t\t\t<div class=\"elementor-container elementor-column-gap-default\">\n\t\t\t\t\t<div class=\"elementor-column elementor-col-100 elementor-top-column elementor-element elementor-element-2f30ef4\" data-id=\"2f30ef4\" data-element_type=\"column\">\n\t\t\t<div class=\"elementor-widget-wrap elementor-element-populated\">\n\t\t\t\t\t\t<section class=\"elementor-section elementor-inner-section elementor-element elementor-element-55b3167 elementor-section-boxed elementor-section-height-default elementor-section-height-default\" data-id=\"55b3167\" data-element_type=\"section\">\n\t\t\t\t\t\t<div class=\"elementor-container elementor-column-gap-default\">\n\t\t\t\t\t<div class=\"elementor-column elementor-col-50 elementor-inner-column elementor-element elementor-element-b629c7a\" data-id=\"b629c7a\" data-element_type=\"column\">\n\t\t\t<div class=\"elementor-widget-wrap elementor-element-populated\">\n\t\t\t\t\t\t<div class=\"elementor-element elementor-element-484e233 elementor-widget elementor-widget-image\" data-id=\"484e233\" data-element_type=\"widget\" data-widget_type=\"image.default\">\n\t\t\t\t<div class=\"elementor-widget-container\">\n\t\t\t\t\t\t\t\t\t\t\t\t\t<img fetchpriority=\"high\" decoding=\"async\" width=\"640\" height=\"640\" src=\"https:\/\/sites.usp.br\/lfs\/wp-content\/uploads\/sites\/605\/2020\/12\/NewtonKiyoshiFukumasu.jpg\" class=\"attachment-large size-large wp-image-1178\" alt=\"\" srcset=\"https:\/\/sites.usp.br\/lfs\/wp-content\/uploads\/sites\/605\/2020\/12\/NewtonKiyoshiFukumasu.jpg 960w, https:\/\/sites.usp.br\/lfs\/wp-content\/uploads\/sites\/605\/2020\/12\/NewtonKiyoshiFukumasu-300x300.jpg 300w, https:\/\/sites.usp.br\/lfs\/wp-content\/uploads\/sites\/605\/2020\/12\/NewtonKiyoshiFukumasu-150x150.jpg 150w, https:\/\/sites.usp.br\/lfs\/wp-content\/uploads\/sites\/605\/2020\/12\/NewtonKiyoshiFukumasu-768x768.jpg 768w, https:\/\/sites.usp.br\/lfs\/wp-content\/uploads\/sites\/605\/2020\/12\/NewtonKiyoshiFukumasu-250x250.jpg 250w, https:\/\/sites.usp.br\/lfs\/wp-content\/uploads\/sites\/605\/2020\/12\/NewtonKiyoshiFukumasu-174x174.jpg 174w, https:\/\/sites.usp.br\/lfs\/wp-content\/uploads\/sites\/605\/2020\/12\/NewtonKiyoshiFukumasu-45x45.jpg 45w, https:\/\/sites.usp.br\/lfs\/wp-content\/uploads\/sites\/605\/2020\/12\/NewtonKiyoshiFukumasu-400x400.jpg 400w, https:\/\/sites.usp.br\/lfs\/wp-content\/uploads\/sites\/605\/2020\/12\/NewtonKiyoshiFukumasu-200x200.jpg 200w\" sizes=\"(max-width: 640px) 100vw, 640px\" \/>\t\t\t\t\t\t\t\t\t\t\t\t\t<\/div>\n\t\t\t\t<\/div>\n\t\t\t\t\t<\/div>\n\t\t<\/div>\n\t\t\t\t<div class=\"elementor-column elementor-col-50 elementor-inner-column elementor-element elementor-element-149d99e\" data-id=\"149d99e\" data-element_type=\"column\">\n\t\t\t<div class=\"elementor-widget-wrap elementor-element-populated\">\n\t\t\t\t\t\t<div class=\"elementor-element elementor-element-3ab8061 elementor-widget elementor-widget-text-editor\" data-id=\"3ab8061\" data-element_type=\"widget\" data-widget_type=\"text-editor.default\">\n\t\t\t\t<div class=\"elementor-widget-container\">\n\t\t\t\t\t\t\t<h6>Possui gradua\u00e7\u00e3o (2006), mestrado (2009) e doutorado (2014) em Engenharia Mec\u00e2nica de Energia e Fluidos pela Escola Polit\u00e9cnica da Universidade de S\u00e3o Paulo, com forma\u00e7\u00e3o na \u00e1rea de Mec\u00e2nica dos Fluidos e Energia, com \u00eanfase em Aerodin\u00e2mica, Din\u00e2mica dos Fluidos Computacional, M\u00e9todos Experimentais de Diagn\u00f3stico a Laser (LIF, PIV, PDPA), Turbul\u00eancia, Combust\u00e3o, Mec\u00e2nica dos S\u00f3lidos, Sistemas Revestidos e Filmes Finos, Mec\u00e2nica do Contato e da Fratura. Pesquisador no Laborat\u00f3rio de Fen\u00f4menos de Superf\u00edcie (LFS), no Departamento de Engenharia Mec\u00e2nica da POLI-USP e professor no mesmo departamento. S\u00f3cio fundador na empresa NKF Solu\u00e7\u00f5es Tecnol\u00f3gicas Ltda.<\/h6>\t\t\t\t\t\t<\/div>\n\t\t\t\t<\/div>\n\t\t\t\t\t<\/div>\n\t\t<\/div>\n\t\t\t\t\t<\/div>\n\t\t<\/section>\n\t\t\t\t\t<\/div>\n\t\t<\/div>\n\t\t\t\t\t<\/div>\n\t\t<\/section>\n\t\t\t\t<section class=\"elementor-section elementor-top-section elementor-element elementor-element-b82caf0 elementor-section-boxed elementor-section-height-default elementor-section-height-default\" data-id=\"b82caf0\" data-element_type=\"section\">\n\t\t\t\t\t\t<div class=\"elementor-container elementor-column-gap-default\">\n\t\t\t\t\t<div class=\"elementor-column elementor-col-100 elementor-top-column elementor-element elementor-element-80ce903\" data-id=\"80ce903\" data-element_type=\"column\">\n\t\t\t<div class=\"elementor-widget-wrap elementor-element-populated\">\n\t\t\t\t\t\t\t<\/div>\n\t\t<\/div>\n\t\t\t\t\t<\/div>\n\t\t<\/section>\n\t\t\t\t<\/div>\n\t\t","protected":false},"excerpt":{"rendered":"<p>Possui gradua\u00e7\u00e3o (2006), mestrado (2009) e doutorado (2014) em Engenharia Mec\u00e2nica de Energia e Fluidos pela Escola Polit\u00e9cnica da Universidade de S\u00e3o Paulo, com forma\u00e7\u00e3o na \u00e1rea de Mec\u00e2nica dos Fluidos e Energia, com \u00eanfase em Aerodin\u00e2mica, Din\u00e2mica dos Fluidos Computacional, M\u00e9todos Experimentais de Diagn\u00f3stico a Laser (LIF, PIV, PDPA), Turbul\u00eancia, Combust\u00e3o, Mec\u00e2nica dos S\u00f3lidos,<a href=\"https:\/\/sites.usp.br\/lfs\/newton-kiyoshi-fukumasu\/\">[&#8230;]<\/a><\/p>\n","protected":false},"author":22836,"featured_media":0,"parent":0,"menu_order":0,"comment_status":"closed","ping_status":"closed","template":"","meta":{"footnotes":"","_links_to":"","_links_to_target":""},"class_list":["post-1731","page","type-page","status-publish","hentry"],"_links":{"self":[{"href":"https:\/\/sites.usp.br\/lfs\/wp-json\/wp\/v2\/pages\/1731","targetHints":{"allow":["GET"]}}],"collection":[{"href":"https:\/\/sites.usp.br\/lfs\/wp-json\/wp\/v2\/pages"}],"about":[{"href":"https:\/\/sites.usp.br\/lfs\/wp-json\/wp\/v2\/types\/page"}],"author":[{"embeddable":true,"href":"https:\/\/sites.usp.br\/lfs\/wp-json\/wp\/v2\/users\/22836"}],"replies":[{"embeddable":true,"href":"https:\/\/sites.usp.br\/lfs\/wp-json\/wp\/v2\/comments?post=1731"}],"version-history":[{"count":4,"href":"https:\/\/sites.usp.br\/lfs\/wp-json\/wp\/v2\/pages\/1731\/revisions"}],"predecessor-version":[{"id":1747,"href":"https:\/\/sites.usp.br\/lfs\/wp-json\/wp\/v2\/pages\/1731\/revisions\/1747"}],"wp:attachment":[{"href":"https:\/\/sites.usp.br\/lfs\/wp-json\/wp\/v2\/media?parent=1731"}],"curies":[{"name":"wp","href":"https:\/\/api.w.org\/{rel}","templated":true}]}}