{"id":1733,"date":"2022-04-30T20:26:56","date_gmt":"2022-04-30T23:26:56","guid":{"rendered":"https:\/\/sites.usp.br\/lfs\/?page_id=1733"},"modified":"2022-04-30T20:46:11","modified_gmt":"2022-04-30T23:46:11","slug":"vanessa-seriacopi","status":"publish","type":"page","link":"https:\/\/sites.usp.br\/lfs\/vanessa-seriacopi\/","title":{"rendered":"Vanessa Seriacopi"},"content":{"rendered":"\t\t<div data-elementor-type=\"wp-page\" data-elementor-id=\"1733\" class=\"elementor elementor-1733\" data-elementor-post-type=\"page\">\n\t\t\t\t\t\t<section class=\"elementor-section elementor-top-section elementor-element elementor-element-819cd2a elementor-section-boxed elementor-section-height-default elementor-section-height-default\" data-id=\"819cd2a\" data-element_type=\"section\">\n\t\t\t\t\t\t<div class=\"elementor-container elementor-column-gap-default\">\n\t\t\t\t\t<div class=\"elementor-column elementor-col-100 elementor-top-column elementor-element elementor-element-2f30ef4\" data-id=\"2f30ef4\" data-element_type=\"column\">\n\t\t\t<div class=\"elementor-widget-wrap elementor-element-populated\">\n\t\t\t\t\t\t<section class=\"elementor-section elementor-inner-section elementor-element elementor-element-55b3167 elementor-section-boxed elementor-section-height-default elementor-section-height-default\" data-id=\"55b3167\" data-element_type=\"section\">\n\t\t\t\t\t\t<div class=\"elementor-container elementor-column-gap-default\">\n\t\t\t\t\t<div class=\"elementor-column elementor-col-50 elementor-inner-column elementor-element elementor-element-b629c7a\" data-id=\"b629c7a\" data-element_type=\"column\">\n\t\t\t<div class=\"elementor-widget-wrap elementor-element-populated\">\n\t\t\t\t\t\t<div class=\"elementor-element elementor-element-484e233 elementor-widget elementor-widget-image\" data-id=\"484e233\" data-element_type=\"widget\" data-widget_type=\"image.default\">\n\t\t\t\t<div class=\"elementor-widget-container\">\n\t\t\t\t\t\t\t\t\t\t\t\t\t<img fetchpriority=\"high\" decoding=\"async\" width=\"400\" height=\"476\" src=\"https:\/\/sites.usp.br\/lfs\/wp-content\/uploads\/sites\/605\/2020\/12\/VanessaSeriacopi.jpeg\" class=\"attachment-large size-large wp-image-1181\" alt=\"\" srcset=\"https:\/\/sites.usp.br\/lfs\/wp-content\/uploads\/sites\/605\/2020\/12\/VanessaSeriacopi.jpeg 400w, https:\/\/sites.usp.br\/lfs\/wp-content\/uploads\/sites\/605\/2020\/12\/VanessaSeriacopi-252x300.jpeg 252w\" sizes=\"(max-width: 400px) 100vw, 400px\" \/>\t\t\t\t\t\t\t\t\t\t\t\t\t<\/div>\n\t\t\t\t<\/div>\n\t\t\t\t\t<\/div>\n\t\t<\/div>\n\t\t\t\t<div class=\"elementor-column elementor-col-50 elementor-inner-column elementor-element elementor-element-149d99e\" data-id=\"149d99e\" data-element_type=\"column\">\n\t\t\t<div class=\"elementor-widget-wrap elementor-element-populated\">\n\t\t\t\t\t\t<div class=\"elementor-element elementor-element-3ab8061 elementor-widget elementor-widget-text-editor\" data-id=\"3ab8061\" data-element_type=\"widget\" data-widget_type=\"text-editor.default\">\n\t\t\t\t<div class=\"elementor-widget-container\">\n\t\t\t\t\t\t\t<h6>\u00c9 Professora Auxiliar e Pesquisadora no Instituto Mau\u00e1 de Tecnologia, ministrando aulas relacionadas a Processos de Manufatura, Controle da Qualidade e Materiais. Possui gradua\u00e7\u00e3o em Engenharia Mecatr\u00f4nica pela Universidade Bandeirante de S\u00e3o Paulo (2010), mestrado em Engenharia Mec\u00e2nica pela Universidade de S\u00e3o Paulo (2013) e doutorado em Engenharia Mec\u00e2nica pela Universidade de S\u00e3o Paulo (2017). Concluiu, em 2018, o P\u00f3s-Doutorado na Escola Polit\u00e9cnica da USP, no Departamento de Engenharia Mecatr\u00f4nica e de Sistemas Mec\u00e2nicos, com estudos desenvolvidos em modelagem computacional de microfresamento. Tem experi\u00eancia na \u00e1rea de Engenharia Mec\u00e2nica, com \u00eanfase em Processos de Fabrica\u00e7\u00e3o. Atuou como professora da \u00e1rea de Automa\u00e7\u00e3o, no Instituto Federal de S\u00e3o Paulo &#8211; C\u00e2mpus Guarulhos (2018-2019). Desenvolve o projeto de P\u00f3s-Doutoramento com \u00eanfase em Modelagem Multif\u00edsica aplicada \u00e0 Tribologia, no Departamento de Engenharia Mec\u00e2nica da Escola Polit\u00e9cnica da USP.<\/h6>\t\t\t\t\t\t<\/div>\n\t\t\t\t<\/div>\n\t\t\t\t\t<\/div>\n\t\t<\/div>\n\t\t\t\t\t<\/div>\n\t\t<\/section>\n\t\t\t\t\t<\/div>\n\t\t<\/div>\n\t\t\t\t\t<\/div>\n\t\t<\/section>\n\t\t\t\t<section class=\"elementor-section elementor-top-section elementor-element elementor-element-b82caf0 elementor-section-boxed elementor-section-height-default elementor-section-height-default\" data-id=\"b82caf0\" data-element_type=\"section\">\n\t\t\t\t\t\t<div class=\"elementor-container elementor-column-gap-default\">\n\t\t\t\t\t<div class=\"elementor-column elementor-col-100 elementor-top-column elementor-element elementor-element-80ce903\" data-id=\"80ce903\" data-element_type=\"column\">\n\t\t\t<div class=\"elementor-widget-wrap elementor-element-populated\">\n\t\t\t\t\t\t\t<\/div>\n\t\t<\/div>\n\t\t\t\t\t<\/div>\n\t\t<\/section>\n\t\t\t\t<\/div>\n\t\t","protected":false},"excerpt":{"rendered":"<p>\u00c9 Professora Auxiliar e Pesquisadora no Instituto Mau\u00e1 de Tecnologia, ministrando aulas relacionadas a Processos de Manufatura, Controle da Qualidade e Materiais. Possui gradua\u00e7\u00e3o em Engenharia Mecatr\u00f4nica pela Universidade Bandeirante de S\u00e3o Paulo (2010), mestrado em Engenharia Mec\u00e2nica pela Universidade de S\u00e3o Paulo (2013) e doutorado em Engenharia Mec\u00e2nica pela Universidade de S\u00e3o Paulo (2017).<a href=\"https:\/\/sites.usp.br\/lfs\/vanessa-seriacopi\/\">[&#8230;]<\/a><\/p>\n","protected":false},"author":22836,"featured_media":0,"parent":0,"menu_order":0,"comment_status":"closed","ping_status":"closed","template":"","meta":{"footnotes":"","_links_to":"","_links_to_target":""},"class_list":["post-1733","page","type-page","status-publish","hentry"],"_links":{"self":[{"href":"https:\/\/sites.usp.br\/lfs\/wp-json\/wp\/v2\/pages\/1733","targetHints":{"allow":["GET"]}}],"collection":[{"href":"https:\/\/sites.usp.br\/lfs\/wp-json\/wp\/v2\/pages"}],"about":[{"href":"https:\/\/sites.usp.br\/lfs\/wp-json\/wp\/v2\/types\/page"}],"author":[{"embeddable":true,"href":"https:\/\/sites.usp.br\/lfs\/wp-json\/wp\/v2\/users\/22836"}],"replies":[{"embeddable":true,"href":"https:\/\/sites.usp.br\/lfs\/wp-json\/wp\/v2\/comments?post=1733"}],"version-history":[{"count":4,"href":"https:\/\/sites.usp.br\/lfs\/wp-json\/wp\/v2\/pages\/1733\/revisions"}],"predecessor-version":[{"id":1750,"href":"https:\/\/sites.usp.br\/lfs\/wp-json\/wp\/v2\/pages\/1733\/revisions\/1750"}],"wp:attachment":[{"href":"https:\/\/sites.usp.br\/lfs\/wp-json\/wp\/v2\/media?parent=1733"}],"curies":[{"name":"wp","href":"https:\/\/api.w.org\/{rel}","templated":true}]}}