{"id":1999,"date":"2022-05-30T12:14:35","date_gmt":"2022-05-30T15:14:35","guid":{"rendered":"https:\/\/sites.usp.br\/lfs\/?page_id=1999"},"modified":"2022-05-30T12:19:07","modified_gmt":"2022-05-30T15:19:07","slug":"sef-2022","status":"publish","type":"page","link":"https:\/\/sites.usp.br\/lfs\/sef-2022\/","title":{"rendered":"SEF-2022"},"content":{"rendered":"\t\t<div data-elementor-type=\"wp-page\" data-elementor-id=\"1999\" class=\"elementor elementor-1999\" data-elementor-post-type=\"page\">\n\t\t\t\t\t\t<section class=\"elementor-section elementor-top-section elementor-element elementor-element-2c96831 elementor-section-boxed elementor-section-height-default elementor-section-height-default\" data-id=\"2c96831\" data-element_type=\"section\">\n\t\t\t\t\t\t<div class=\"elementor-container elementor-column-gap-default\">\n\t\t\t\t\t<div class=\"elementor-column elementor-col-100 elementor-top-column elementor-element elementor-element-5372a04\" data-id=\"5372a04\" data-element_type=\"column\">\n\t\t\t<div class=\"elementor-widget-wrap elementor-element-populated\">\n\t\t\t\t\t\t<div class=\"elementor-element elementor-element-1ede10c elementor-widget elementor-widget-image\" data-id=\"1ede10c\" data-element_type=\"widget\" data-widget_type=\"image.default\">\n\t\t\t\t<div class=\"elementor-widget-container\">\n\t\t\t\t\t\t\t\t\t\t\t\t\t<img fetchpriority=\"high\" decoding=\"async\" width=\"400\" height=\"400\" src=\"https:\/\/sites.usp.br\/lfs\/wp-content\/uploads\/sites\/605\/2022\/05\/Logo_Com-fundo_2.png\" class=\"attachment-large size-large wp-image-1995\" alt=\"\" srcset=\"https:\/\/sites.usp.br\/lfs\/wp-content\/uploads\/sites\/605\/2022\/05\/Logo_Com-fundo_2.png 400w, https:\/\/sites.usp.br\/lfs\/wp-content\/uploads\/sites\/605\/2022\/05\/Logo_Com-fundo_2-300x300.png 300w, https:\/\/sites.usp.br\/lfs\/wp-content\/uploads\/sites\/605\/2022\/05\/Logo_Com-fundo_2-150x150.png 150w, https:\/\/sites.usp.br\/lfs\/wp-content\/uploads\/sites\/605\/2022\/05\/Logo_Com-fundo_2-250x250.png 250w, https:\/\/sites.usp.br\/lfs\/wp-content\/uploads\/sites\/605\/2022\/05\/Logo_Com-fundo_2-174x174.png 174w, https:\/\/sites.usp.br\/lfs\/wp-content\/uploads\/sites\/605\/2022\/05\/Logo_Com-fundo_2-45x45.png 45w, https:\/\/sites.usp.br\/lfs\/wp-content\/uploads\/sites\/605\/2022\/05\/Logo_Com-fundo_2-200x200.png 200w\" sizes=\"(max-width: 400px) 100vw, 400px\" \/>\t\t\t\t\t\t\t\t\t\t\t\t\t<\/div>\n\t\t\t\t<\/div>\n\t\t\t\t\t<\/div>\n\t\t<\/div>\n\t\t\t\t\t<\/div>\n\t\t<\/section>\n\t\t\t\t<section class=\"elementor-section elementor-top-section elementor-element elementor-element-b6f9869 elementor-section-boxed elementor-section-height-default elementor-section-height-default\" data-id=\"b6f9869\" data-element_type=\"section\">\n\t\t\t\t\t\t<div class=\"elementor-container elementor-column-gap-default\">\n\t\t\t\t\t<div class=\"elementor-column elementor-col-100 elementor-top-column elementor-element elementor-element-9c74d84\" data-id=\"9c74d84\" data-element_type=\"column\">\n\t\t\t<div class=\"elementor-widget-wrap elementor-element-populated\">\n\t\t\t\t\t\t<div class=\"elementor-element elementor-element-bfa7332 elementor-widget elementor-widget-text-editor\" data-id=\"bfa7332\" data-element_type=\"widget\" data-widget_type=\"text-editor.default\">\n\t\t\t\t<div class=\"elementor-widget-container\">\n\t\t\t\t\t\t\t<p>O\u00a0<strong>Simp\u00f3sio de Engenharia Ferrovi\u00e1ria<\/strong>\u00a0nasceu em 2017 por iniciativa de professores da Unicamp, da UFES, da Poli-USP e do IFSP que tinham suas pesquisas subsidiadas pelo programa de C\u00e1tedras da Vale. Come\u00e7ou como um evento pequeno, para cerca de 80 pessoas, em um dos audit\u00f3rios da Funcamp.<\/p><p>Desde ent\u00e3o, o sucesso do evento tanto no meio acad\u00eamico, como entre as equipes de engenharia das empresas da ind\u00fastria ferrovi\u00e1ria, o fez crescer continuamente em 2018 e 2019. Para 2020 havia o planejamento de um Simp\u00f3sio de dois dias, pois o volume de trabalhos a serem apresentados n\u00e3o cabia mais em um. Infelizmente, a pandemia de Covid-19 for\u00e7ou uma mudan\u00e7a de planos e a comiss\u00e3o organizador optou por oferecer, no lugar de um evento presencial, uma s\u00e9rie de tr\u00eas webinars com importantes pesquisadores estrangeiros, cujas grava\u00e7\u00f5es, inclusive est\u00e3o dispon\u00edveis no\u00a0<a href=\"https:\/\/youtube.com\/playlist?list=PLFhoQCVi4hGSmqMdZnDDJArirr8jLZHQk\" target=\"_blank\" rel=\"noopener noreferrer\">YouTube<\/a>.<\/p><p>Em 2021, na quarta edi\u00e7\u00e3o, o Simp\u00f3sio contou com a organiza\u00e7\u00e3o da Unicamp, da UFES, do IFSP, da Poli-USP, da Unisanta, da UFJF e do IME. Houve pouco mais de 500 inscri\u00e7\u00f5es e foi transmitido ao vivo, com palestras distribu\u00eddas por dois dias de evento e participa\u00e7\u00e3o de palestrantes do poder p\u00fablico, da ind\u00fastria e da academia, com tr\u00eas convidados internacionais. Tr\u00eas das maiores concession\u00e1rias de carga do Brasil patrocinaram o evento (Vale, RUMO e MRS), ao lado de importantes empresas fabricantes de componentes e sistemas ferrovi\u00e1rios (Greenbrier Maxion, Amsted Rail).<\/p><p>J\u00e1 consolidado como marco do calend\u00e1rio anual do meio ferrovi\u00e1rio, o Simp\u00f3sio de Engenharia Ferrovi\u00e1ria chega \u00e0 sua quinta edi\u00e7\u00e3o ainda maior! Este ano, al\u00e9m das palestras transmitidas ao vivo em sess\u00f5es plen\u00e1rias, haver\u00e1 a possibilidade de envio de artigos t\u00e9cnicos, que ser\u00e3o avaliados pela comiss\u00e3o cient\u00edfica do evento e publicados em anais com direito a ISBN e DOI.<\/p><p>Site do evento: <a href=\"https:\/\/eventos.galoa.com.br\/sef-2022\/page\/1492\">Home | SEF-2022 &#8211; V Simp\u00f3sio de Engenharia Ferrovi\u00e1ria (galoa.com.br)<\/a><\/p>\t\t\t\t\t\t<\/div>\n\t\t\t\t<\/div>\n\t\t\t\t\t<\/div>\n\t\t<\/div>\n\t\t\t\t\t<\/div>\n\t\t<\/section>\n\t\t\t\t<\/div>\n\t\t","protected":false},"excerpt":{"rendered":"<p>O\u00a0Simp\u00f3sio de Engenharia Ferrovi\u00e1ria\u00a0nasceu em 2017 por iniciativa de professores da Unicamp, da UFES, da Poli-USP e do IFSP que tinham suas pesquisas subsidiadas pelo programa de C\u00e1tedras da Vale. Come\u00e7ou como um evento pequeno, para cerca de 80 pessoas, em um dos audit\u00f3rios da Funcamp. Desde ent\u00e3o, o sucesso do evento tanto no meio<a href=\"https:\/\/sites.usp.br\/lfs\/sef-2022\/\">[&#8230;]<\/a><\/p>\n","protected":false},"author":22836,"featured_media":0,"parent":0,"menu_order":0,"comment_status":"closed","ping_status":"closed","template":"","meta":{"footnotes":"","_links_to":"","_links_to_target":""},"class_list":["post-1999","page","type-page","status-publish","hentry"],"_links":{"self":[{"href":"https:\/\/sites.usp.br\/lfs\/wp-json\/wp\/v2\/pages\/1999","targetHints":{"allow":["GET"]}}],"collection":[{"href":"https:\/\/sites.usp.br\/lfs\/wp-json\/wp\/v2\/pages"}],"about":[{"href":"https:\/\/sites.usp.br\/lfs\/wp-json\/wp\/v2\/types\/page"}],"author":[{"embeddable":true,"href":"https:\/\/sites.usp.br\/lfs\/wp-json\/wp\/v2\/users\/22836"}],"replies":[{"embeddable":true,"href":"https:\/\/sites.usp.br\/lfs\/wp-json\/wp\/v2\/comments?post=1999"}],"version-history":[{"count":4,"href":"https:\/\/sites.usp.br\/lfs\/wp-json\/wp\/v2\/pages\/1999\/revisions"}],"predecessor-version":[{"id":2007,"href":"https:\/\/sites.usp.br\/lfs\/wp-json\/wp\/v2\/pages\/1999\/revisions\/2007"}],"wp:attachment":[{"href":"https:\/\/sites.usp.br\/lfs\/wp-json\/wp\/v2\/media?parent=1999"}],"curies":[{"name":"wp","href":"https:\/\/api.w.org\/{rel}","templated":true}]}}