{"id":2025,"date":"2022-05-31T21:10:18","date_gmt":"2022-06-01T00:10:18","guid":{"rendered":"https:\/\/sites.usp.br\/lfs\/?page_id=2025"},"modified":"2022-06-02T12:39:56","modified_gmt":"2022-06-02T15:39:56","slug":"pesquisa","status":"publish","type":"page","link":"https:\/\/sites.usp.br\/lfs\/pesquisa\/","title":{"rendered":"Pesquisa"},"content":{"rendered":"\t\t<div data-elementor-type=\"wp-page\" data-elementor-id=\"2025\" class=\"elementor elementor-2025\" data-elementor-post-type=\"page\">\n\t\t\t\t\t\t<section class=\"elementor-section elementor-top-section elementor-element elementor-element-66edc45 elementor-section-boxed elementor-section-height-default elementor-section-height-default\" data-id=\"66edc45\" data-element_type=\"section\">\n\t\t\t\t\t\t<div class=\"elementor-container elementor-column-gap-default\">\n\t\t\t\t\t<div class=\"elementor-column elementor-col-100 elementor-top-column elementor-element elementor-element-6260b88\" data-id=\"6260b88\" data-element_type=\"column\">\n\t\t\t<div class=\"elementor-widget-wrap elementor-element-populated\">\n\t\t\t\t\t\t<div class=\"elementor-element elementor-element-8dbfb71 elementor-widget elementor-widget-text-editor\" data-id=\"8dbfb71\" data-element_type=\"widget\" data-widget_type=\"text-editor.default\">\n\t\t\t\t<div class=\"elementor-widget-container\">\n\t\t\t\t\t\t\t<h6>A implanta\u00e7\u00e3o do LFS-EPUSP foi fundamental para a consolida\u00e7\u00e3o dos estudos tribol\u00f3gicos e caracteriza\u00e7\u00e3o tecnol\u00f3gica na Universidade de S\u00e3o Paulo (USP) e para o estabelecimento de um grupo de pesquisas, cadastrado junto a \u00f3rg\u00e3o, tal como o CNPq.<\/h6><h6>Projetos desenvolvimento no laborat\u00f3rio, contam com o apoio de importaantes ag\u00eancias de fomento \u00e0 pesquisa como CNPq, CAPES, FAPESP, FDTE, FUSP, al\u00e9m de parcerias com a iniciativa privada, que tem colaborado para o progresso e desenvolvimento tecnol\u00f3gico e crescimento do LFS-EPUSP.<\/h6><h6>O LFS-EPUSP desenvolve pesquisas direcionadas ao estudo tribol\u00f3gico, simula\u00e7\u00f5es computacionais, an\u00e1lises microestruturais. As linhas de pesquisas s\u00e3o:<\/h6><p>\u00a0<\/p><h6><strong>Estudos tribol\u00f3gicos<\/strong><\/h6><h6>O movimento de uma superf\u00edcie s\u00f3lida sob outra \u00e9 fundamental para o funcionamento de diversos mecanismos, sejam artificiais ou naturais. A tribologia, \u00e9 um ramo da engenharia de superf\u00edcies, que avalia a intera\u00e7\u00e3o de superf\u00edcies em movimento relativo, abrangendo o estudo do atrito, desgaste e lubrifica\u00e7\u00e3o.<\/h6><h6><strong>Simula\u00e7\u00e3o computacional<\/strong><\/h6><h6 class=\"brz-css-xtkfv\">A Simula\u00e7\u00e3o Computacional\u00a0\u00e9 um m\u00e9todo que permite analisar e entender o comportamento de um objeto ou componente mec\u00e2nico, a partir de modelos matem\u00e1ticos empregados\u00a0por um software de computador.<\/h6><h6 class=\"brz-css-ipfpf\">Nele utilizamos o <strong>M\u00e9todo dos Elementos Finitos (M.E.F.)<\/strong> que consiste em definir seu produto como um corpo cont\u00ednuo e dividi-lo em partes infinitesimais. Assim, conseguimos compor um objeto total e simular situa\u00e7\u00f5es para entender as respostas do sistema.<\/h6><h6><strong>An\u00e1lise microestrutural\u00a0<\/strong><\/h6><h6>Uma das t\u00e9cnicas mais simples e eficazes para a caracteriza\u00e7\u00e3o de materiais \u00e9 a an\u00e1lise microestrutural, tanto por meio de microscopia \u00f3ptica, como por meio de microscopia eletr\u00f4nica de varredura. As t\u00e9cnicas de exames micro e macroestruturais s\u00e3o empregadas em \u00e1reas tais como: controle de qualidade de rotina, an\u00e1lises de falhas e nas pesquisas e desenvolvimentos.\u00a0<\/h6>\t\t\t\t\t\t<\/div>\n\t\t\t\t<\/div>\n\t\t\t\t\t<\/div>\n\t\t<\/div>\n\t\t\t\t\t<\/div>\n\t\t<\/section>\n\t\t\t\t<\/div>\n\t\t","protected":false},"excerpt":{"rendered":"<p>A implanta\u00e7\u00e3o do LFS-EPUSP foi fundamental para a consolida\u00e7\u00e3o dos estudos tribol\u00f3gicos e caracteriza\u00e7\u00e3o tecnol\u00f3gica na Universidade de S\u00e3o Paulo (USP) e para o estabelecimento de um grupo de pesquisas, cadastrado junto a \u00f3rg\u00e3o, tal como o CNPq. Projetos desenvolvimento no laborat\u00f3rio, contam com o apoio de importaantes ag\u00eancias de fomento \u00e0 pesquisa como CNPq,<a href=\"https:\/\/sites.usp.br\/lfs\/pesquisa\/\">[&#8230;]<\/a><\/p>\n","protected":false},"author":22836,"featured_media":0,"parent":0,"menu_order":0,"comment_status":"closed","ping_status":"closed","template":"","meta":{"footnotes":"","_links_to":"","_links_to_target":""},"class_list":["post-2025","page","type-page","status-publish","hentry"],"_links":{"self":[{"href":"https:\/\/sites.usp.br\/lfs\/wp-json\/wp\/v2\/pages\/2025","targetHints":{"allow":["GET"]}}],"collection":[{"href":"https:\/\/sites.usp.br\/lfs\/wp-json\/wp\/v2\/pages"}],"about":[{"href":"https:\/\/sites.usp.br\/lfs\/wp-json\/wp\/v2\/types\/page"}],"author":[{"embeddable":true,"href":"https:\/\/sites.usp.br\/lfs\/wp-json\/wp\/v2\/users\/22836"}],"replies":[{"embeddable":true,"href":"https:\/\/sites.usp.br\/lfs\/wp-json\/wp\/v2\/comments?post=2025"}],"version-history":[{"count":4,"href":"https:\/\/sites.usp.br\/lfs\/wp-json\/wp\/v2\/pages\/2025\/revisions"}],"predecessor-version":[{"id":2215,"href":"https:\/\/sites.usp.br\/lfs\/wp-json\/wp\/v2\/pages\/2025\/revisions\/2215"}],"wp:attachment":[{"href":"https:\/\/sites.usp.br\/lfs\/wp-json\/wp\/v2\/media?parent=2025"}],"curies":[{"name":"wp","href":"https:\/\/api.w.org\/{rel}","templated":true}]}}