{"id":983,"date":"2020-12-09T18:51:26","date_gmt":"2020-12-09T20:51:26","guid":{"rendered":"http:\/\/sites.usp.br\/lfs\/?page_id=983"},"modified":"2022-06-02T12:30:26","modified_gmt":"2022-06-02T15:30:26","slug":"historia","status":"publish","type":"page","link":"https:\/\/sites.usp.br\/lfs\/historia\/","title":{"rendered":"Hist\u00f3ria"},"content":{"rendered":"\t\t<div data-elementor-type=\"wp-page\" data-elementor-id=\"983\" class=\"elementor elementor-983\" data-elementor-post-type=\"page\">\n\t\t\t\t\t\t<section class=\"elementor-section elementor-top-section elementor-element elementor-element-7c6b365 elementor-section-boxed elementor-section-height-default elementor-section-height-default\" data-id=\"7c6b365\" data-element_type=\"section\">\n\t\t\t\t\t\t<div class=\"elementor-container elementor-column-gap-default\">\n\t\t\t\t\t<div class=\"elementor-column elementor-col-100 elementor-top-column elementor-element elementor-element-3468adb\" data-id=\"3468adb\" data-element_type=\"column\">\n\t\t\t<div class=\"elementor-widget-wrap elementor-element-populated\">\n\t\t\t\t\t\t<div class=\"elementor-element elementor-element-7e9dcfc elementor-widget elementor-widget-image\" data-id=\"7e9dcfc\" data-element_type=\"widget\" data-widget_type=\"image.default\">\n\t\t\t\t<div class=\"elementor-widget-container\">\n\t\t\t\t\t\t\t\t\t\t\t\t\t<img fetchpriority=\"high\" decoding=\"async\" width=\"640\" height=\"246\" src=\"https:\/\/sites.usp.br\/lfs\/wp-content\/uploads\/sites\/605\/2022\/05\/mecanica-poli-usp-2-1.jpg\" class=\"attachment-medium_large size-medium_large wp-image-1891\" alt=\"\" srcset=\"https:\/\/sites.usp.br\/lfs\/wp-content\/uploads\/sites\/605\/2022\/05\/mecanica-poli-usp-2-1.jpg 650w, https:\/\/sites.usp.br\/lfs\/wp-content\/uploads\/sites\/605\/2022\/05\/mecanica-poli-usp-2-1-300x115.jpg 300w, https:\/\/sites.usp.br\/lfs\/wp-content\/uploads\/sites\/605\/2022\/05\/mecanica-poli-usp-2-1-400x154.jpg 400w\" sizes=\"(max-width: 640px) 100vw, 640px\" \/>\t\t\t\t\t\t\t\t\t\t\t\t\t<\/div>\n\t\t\t\t<\/div>\n\t\t\t\t<div class=\"elementor-element elementor-element-7d5ef46 elementor-widget elementor-widget-text-editor\" data-id=\"7d5ef46\" data-element_type=\"widget\" data-widget_type=\"text-editor.default\">\n\t\t\t\t<div class=\"elementor-widget-container\">\n\t\t\t\t\t\t\t<h6 style=\"text-align: left;\">O Laborat\u00f3rio de Fen\u00f4menos de Superf\u00edcie (LFS) foi criado em 1995, pelos professores Amilton Sinatora e Deniol Tanaka, e faz parte da Escola Polit\u00e9cnica da Universidade de S\u00e3o Paulo. Dedica-se ao estudo da tribologia, ci\u00eancia voltada ao entendimento dos fen\u00f4menos relativos ao atrito, ao desgaste e \u00e0 lubrifica\u00e7\u00e3o. Os diversos estudos envolvem o controle destes fen\u00f4menos atrav\u00e9s da sele\u00e7\u00e3o de materiais e revestimentos, al\u00e9m de altera\u00e7\u00f5es do projeto ou do processo de fabrica\u00e7\u00e3o de componentes e equipamentos.<\/h6><h6 style=\"text-align: left;\">As ferramentas para isso s\u00e3o a caracteriza\u00e7\u00e3o tribol\u00f3gica, al\u00e9m do modelamento de fen\u00f4menos, an\u00e1lise de processos de fabrica\u00e7\u00e3o e materiais, bem como das propriedades do tribossistema. Ao mesmo tempo o LFS ocupa-se de atividades formativas na descoberta do novo, mediante uma metodologia que privilegia a forte intera\u00e7\u00e3o entre a teoria e a pr\u00e1tica, o trabalho em equipe e a avalia\u00e7\u00e3o cr\u00edtica e permanente das suas atividades.<\/h6><h6>Atualmente o LFS-EPUSP \u00e9 coordenado pela Profa. Dra. Izabel Fernanda Machado (Departamento de Engenharia Mecatr\u00f4nica e Sistemas Mec\u00e2nicos) e pelo Prof. Dr. Roberto Martins de Souza (Departamento de Engenharia Mec\u00e2nica).<\/h6><h6 style=\"text-align: left;\">Caso voc\u00ea tenha interesse em conhecer as formas de entrada no nosso grupo, mande a sua mensagem no nosso portal. Estamos sempre de portas abertas para candidatos que estejam procurando novos desafios para sua vida pessoal e profissional.<\/h6>\t\t\t\t\t\t<\/div>\n\t\t\t\t<\/div>\n\t\t\t\t\t<\/div>\n\t\t<\/div>\n\t\t\t\t\t<\/div>\n\t\t<\/section>\n\t\t\t\t<\/div>\n\t\t","protected":false},"excerpt":{"rendered":"<p>O Laborat\u00f3rio de Fen\u00f4menos de Superf\u00edcie (LFS) foi criado em 1995, pelos professores Amilton Sinatora e Deniol Tanaka, e faz parte da Escola Polit\u00e9cnica da Universidade de S\u00e3o Paulo. Dedica-se ao estudo da tribologia, ci\u00eancia voltada ao entendimento dos fen\u00f4menos relativos ao atrito, ao desgaste e \u00e0 lubrifica\u00e7\u00e3o. Os diversos estudos envolvem o controle destes<a href=\"https:\/\/sites.usp.br\/lfs\/historia\/\">[&#8230;]<\/a><\/p>\n","protected":false},"author":22151,"featured_media":0,"parent":0,"menu_order":0,"comment_status":"closed","ping_status":"closed","template":"","meta":{"footnotes":"","_links_to":"","_links_to_target":""},"class_list":["post-983","page","type-page","status-publish","hentry"],"_links":{"self":[{"href":"https:\/\/sites.usp.br\/lfs\/wp-json\/wp\/v2\/pages\/983","targetHints":{"allow":["GET"]}}],"collection":[{"href":"https:\/\/sites.usp.br\/lfs\/wp-json\/wp\/v2\/pages"}],"about":[{"href":"https:\/\/sites.usp.br\/lfs\/wp-json\/wp\/v2\/types\/page"}],"author":[{"embeddable":true,"href":"https:\/\/sites.usp.br\/lfs\/wp-json\/wp\/v2\/users\/22151"}],"replies":[{"embeddable":true,"href":"https:\/\/sites.usp.br\/lfs\/wp-json\/wp\/v2\/comments?post=983"}],"version-history":[{"count":4,"href":"https:\/\/sites.usp.br\/lfs\/wp-json\/wp\/v2\/pages\/983\/revisions"}],"predecessor-version":[{"id":2200,"href":"https:\/\/sites.usp.br\/lfs\/wp-json\/wp\/v2\/pages\/983\/revisions\/2200"}],"wp:attachment":[{"href":"https:\/\/sites.usp.br\/lfs\/wp-json\/wp\/v2\/media?parent=983"}],"curies":[{"name":"wp","href":"https:\/\/api.w.org\/{rel}","templated":true}]}}