{"id":159,"date":"2019-11-21T11:40:39","date_gmt":"2019-11-21T13:40:39","guid":{"rendered":"https:\/\/sites.usp.br\/lgi\/?page_id=159"},"modified":"2022-03-16T19:11:50","modified_gmt":"2022-03-16T21:11:50","slug":"parcerias","status":"publish","type":"page","link":"https:\/\/sites.usp.br\/lgi\/parcerias\/","title":{"rendered":"Parcerias"},"content":{"rendered":"<h5>Verifique aqui as principais institui\u00e7\u00f5es brasileiras que concedem bolsas e aux\u00edlio \u00e0 pesquisa e a outras atividades acad\u00eamicas e os editais abertos.<\/h5>\n<p><a href=\"http:\/\/oic.nap.usp.br\/.\"><img decoding=\"async\" class=\"alignleft wp-image-865\" src=\"https:\/\/sites.usp.br\/lgi\/wp-content\/uploads\/sites\/632\/2022\/03\/oic-logo.png\" alt=\"\" width=\"185\" height=\"170\" \/><\/a> <a href=\"https:\/\/www.gov.br\/mcti\/pt-br\"><img decoding=\"async\" class=\"alignleft wp-image-864\" src=\"https:\/\/sites.usp.br\/lgi\/wp-content\/uploads\/sites\/632\/2022\/03\/mcti-logo.png\" alt=\"\" width=\"186\" height=\"170\" \/><\/a> <a href=\"https:\/\/www.ipea.gov.br\/portal\/\"><img decoding=\"async\" class=\"alignleft wp-image-863\" src=\"https:\/\/sites.usp.br\/lgi\/wp-content\/uploads\/sites\/632\/2022\/03\/ipea-logo.png\" alt=\"\" width=\"184\" height=\"170\" \/><\/a><\/p>\n<p>&nbsp;<\/p>\n<p>&nbsp;<\/p>\n<p>&nbsp;<\/p>\n<p>&nbsp;<\/p>\n<p>&nbsp;<\/p>\n<p><a href=\"https:\/\/www.gov.br\/capes\/pt-br\"><img loading=\"lazy\" decoding=\"async\" class=\"alignleft wp-image-858\" src=\"https:\/\/sites.usp.br\/lgi\/wp-content\/uploads\/sites\/632\/2022\/03\/capes-logo.png\" alt=\"\" width=\"189\" height=\"174\" \/><\/a> <a href=\"https:\/\/apexbrasil.com.br\/\"><img loading=\"lazy\" decoding=\"async\" class=\"alignleft wp-image-857\" src=\"https:\/\/sites.usp.br\/lgi\/wp-content\/uploads\/sites\/632\/2022\/03\/apex-brasil-logo.png\" alt=\"\" width=\"187\" height=\"174\" \/><\/a><\/p>\n<p><a href=\"https:\/\/www.gov.br\/cnpq\/pt-br\"><img loading=\"lazy\" decoding=\"async\" class=\"alignleft wp-image-860\" src=\"https:\/\/sites.usp.br\/lgi\/wp-content\/uploads\/sites\/632\/2022\/03\/cnpq-logo.png\" alt=\"\" width=\"180\" height=\"165\" \/><\/a><\/p>\n<p>&nbsp;<\/p>\n<p>&nbsp;<\/p>\n<p>&nbsp;<\/p>\n<p>&nbsp;<\/p>\n<p>&nbsp;<\/p>\n<p><a href=\"https:\/\/www5.usp.br\/\"><img loading=\"lazy\" decoding=\"async\" class=\"alignleft wp-image-866\" src=\"https:\/\/sites.usp.br\/lgi\/wp-content\/uploads\/sites\/632\/2022\/03\/usp-logo.png\" alt=\"\" width=\"184\" height=\"170\" \/><\/a> <a href=\"https:\/\/www.cietec.org.br\/\"><img loading=\"lazy\" decoding=\"async\" class=\"alignleft wp-image-859\" src=\"https:\/\/sites.usp.br\/lgi\/wp-content\/uploads\/sites\/632\/2022\/03\/cietec-logo.png\" alt=\"\" width=\"188\" height=\"173\" \/><\/a> <a href=\"https:\/\/www.abdi.com.br\/\"><img loading=\"lazy\" decoding=\"async\" class=\"alignleft wp-image-856\" src=\"https:\/\/sites.usp.br\/lgi\/wp-content\/uploads\/sites\/632\/2022\/03\/abdi-logo.png\" alt=\"\" width=\"188\" height=\"175\" \/><\/a><\/p>\n<p>&nbsp;<\/p>\n<p>&nbsp;<\/p>\n<p>&nbsp;<\/p>\n<p>&nbsp;<\/p>\n<p>&nbsp;<\/p>\n<p><a href=\"http:\/\/www.finep.gov.br\/\"><img loading=\"lazy\" decoding=\"async\" class=\"alignleft wp-image-862\" src=\"https:\/\/sites.usp.br\/lgi\/wp-content\/uploads\/sites\/632\/2022\/03\/finep-logo.png\" alt=\"\" width=\"188\" height=\"172\" \/><\/a> <a href=\"https:\/\/fapesp.br\/\"><img loading=\"lazy\" decoding=\"async\" class=\"alignleft wp-image-861\" src=\"https:\/\/sites.usp.br\/lgi\/wp-content\/uploads\/sites\/632\/2022\/03\/fapesp-logo.png\" alt=\"\" width=\"185\" height=\"171\" \/><\/a><\/p>\n","protected":false},"excerpt":{"rendered":"<p>Verifique aqui as principais institui\u00e7\u00f5es brasileiras que concedem bolsas e aux\u00edlio \u00e0 pesquisa e a outras atividades acad\u00eamicas e os editais abertos. &nbsp; &nbsp; &nbsp; &nbsp; &nbsp; &nbsp; &nbsp; &nbsp; &nbsp; &nbsp; &nbsp; &nbsp; &nbsp; &nbsp; &nbsp;<\/p>\n","protected":false},"author":1228,"featured_media":0,"parent":0,"menu_order":0,"comment_status":"closed","ping_status":"closed","template":"","meta":{"_monsterinsights_skip_tracking":false,"_monsterinsights_sitenote_active":false,"_monsterinsights_sitenote_note":"","_monsterinsights_sitenote_category":0,"footnotes":"","_links_to":"","_links_to_target":""},"class_list":["post-159","page","type-page","status-publish","hentry","entry"],"_links":{"self":[{"href":"https:\/\/sites.usp.br\/lgi\/wp-json\/wp\/v2\/pages\/159","targetHints":{"allow":["GET"]}}],"collection":[{"href":"https:\/\/sites.usp.br\/lgi\/wp-json\/wp\/v2\/pages"}],"about":[{"href":"https:\/\/sites.usp.br\/lgi\/wp-json\/wp\/v2\/types\/page"}],"author":[{"embeddable":true,"href":"https:\/\/sites.usp.br\/lgi\/wp-json\/wp\/v2\/users\/1228"}],"replies":[{"embeddable":true,"href":"https:\/\/sites.usp.br\/lgi\/wp-json\/wp\/v2\/comments?post=159"}],"version-history":[{"count":5,"href":"https:\/\/sites.usp.br\/lgi\/wp-json\/wp\/v2\/pages\/159\/revisions"}],"predecessor-version":[{"id":855,"href":"https:\/\/sites.usp.br\/lgi\/wp-json\/wp\/v2\/pages\/159\/revisions\/855"}],"wp:attachment":[{"href":"https:\/\/sites.usp.br\/lgi\/wp-json\/wp\/v2\/media?parent=159"}],"curies":[{"name":"wp","href":"https:\/\/api.w.org\/{rel}","templated":true}]}}