{"id":177,"date":"2019-11-21T11:44:34","date_gmt":"2019-11-21T13:44:34","guid":{"rendered":"https:\/\/sites.usp.br\/lgi\/?page_id=177"},"modified":"2021-10-01T15:44:44","modified_gmt":"2021-10-01T17:44:44","slug":"consultoria-para-start-ups","status":"publish","type":"page","link":"https:\/\/sites.usp.br\/lgi\/consultoria-para-start-ups\/","title":{"rendered":"Consultoria para Start-ups"},"content":{"rendered":"<header><span style=\"font-size: 16px;\">Planejar e organizar o neg\u00f3cio, a proposta de valor que vai diferenciar a empresa no mercado, a primeira e a segunda linha de produtos, n\u00e3o s\u00e3o coisas f\u00e1ceis para empresas de base tecnol\u00f3gica que est\u00e3o come\u00e7ando.\u00a0 Empreendimentos de inova\u00e7\u00e3o radical, que muitas vezes \u00e9 o caso das\u00a0<\/span><em style=\"font-size: 16px;\">start-ups<\/em><span style=\"font-size: 16px;\">\u00a0e de empresas nascentes de base tecnol\u00f3gica s\u00e3o normalmente envoltos em incertezas. Diferenciamos incerteza de risco: risco pode ser previsto, medido, estimado ou avaliado; incertezas n\u00e3o s\u00e3o mensur\u00e1veis (ao menos num primeiro momento), e podemos mesmo desconhecer sua exist\u00eancia.<\/span><\/header>\n<section class=\"entry\">Assim, o LGI oferece servi\u00e7o para esse tipo espec\u00edfico de empresa para ajud\u00e1-las no planejamento, na defini\u00e7\u00e3o inicial do neg\u00f3cio e no encaminhamento de seu desenvolvimento. Utilizamos para tanto metodologia baseada no mapeamento do ecossistema do neg\u00f3cio, das incertezas associadas \u2013 produzidas interna e externamente \u00e0 empresa. De maneira iterativa, usando t\u00e9cnicas como\u00a0<em>learning plan<\/em>,\u00a0<em>canvas<\/em>\u00a0ou\u00a0<em>lean start-up<\/em>, o m\u00e9todo vai identificando incertezas, atores e maneiras de como enfrent\u00e1-las, de modo a criar ambiente mais favor\u00e1vel para o sucesso do neg\u00f3cio.O m\u00e9todo foi aplicado num conjunto de\u00a0<em>start ups<\/em>\u00a0e em projetos de P&amp;D de empresas grandes (incluindo multinacionais), projetos esses envoltos em alta incerteza. Nesse \u00faltimo caso, pode-se ir at\u00e9 a valora\u00e7\u00e3o de projetos de P&amp;D em andamento, com uso integrado de t\u00e9cnicas estat\u00edsticas (op\u00e7\u00f5es reais) e quantitativas.<\/p>\n<p>&nbsp;<\/p>\n<\/section>\n","protected":false},"excerpt":{"rendered":"<p>Planejar e organizar o neg\u00f3cio, a proposta de valor que vai diferenciar a empresa no mercado, a primeira e a segunda linha de produtos, n\u00e3o s\u00e3o coisas f\u00e1ceis para empresas de base tecnol\u00f3gica que est\u00e3o come\u00e7ando.\u00a0 Empreendimentos de inova\u00e7\u00e3o radical, que muitas vezes \u00e9 o caso das\u00a0start-ups\u00a0e de empresas nascentes de base tecnol\u00f3gica s\u00e3o normalmente [&hellip;]<\/p>\n","protected":false},"author":1228,"featured_media":0,"parent":0,"menu_order":0,"comment_status":"closed","ping_status":"closed","template":"","meta":{"_monsterinsights_skip_tracking":false,"_monsterinsights_sitenote_active":false,"_monsterinsights_sitenote_note":"","_monsterinsights_sitenote_category":0,"footnotes":"","_links_to":"","_links_to_target":""},"class_list":["post-177","page","type-page","status-publish","hentry","entry"],"_links":{"self":[{"href":"https:\/\/sites.usp.br\/lgi\/wp-json\/wp\/v2\/pages\/177","targetHints":{"allow":["GET"]}}],"collection":[{"href":"https:\/\/sites.usp.br\/lgi\/wp-json\/wp\/v2\/pages"}],"about":[{"href":"https:\/\/sites.usp.br\/lgi\/wp-json\/wp\/v2\/types\/page"}],"author":[{"embeddable":true,"href":"https:\/\/sites.usp.br\/lgi\/wp-json\/wp\/v2\/users\/1228"}],"replies":[{"embeddable":true,"href":"https:\/\/sites.usp.br\/lgi\/wp-json\/wp\/v2\/comments?post=177"}],"version-history":[{"count":3,"href":"https:\/\/sites.usp.br\/lgi\/wp-json\/wp\/v2\/pages\/177\/revisions"}],"predecessor-version":[{"id":796,"href":"https:\/\/sites.usp.br\/lgi\/wp-json\/wp\/v2\/pages\/177\/revisions\/796"}],"wp:attachment":[{"href":"https:\/\/sites.usp.br\/lgi\/wp-json\/wp\/v2\/media?parent=177"}],"curies":[{"name":"wp","href":"https:\/\/api.w.org\/{rel}","templated":true}]}}