{"id":181,"date":"2019-11-21T11:45:24","date_gmt":"2019-11-21T13:45:24","guid":{"rendered":"https:\/\/sites.usp.br\/lgi\/?page_id=181"},"modified":"2026-02-07T20:58:18","modified_gmt":"2026-02-07T22:58:18","slug":"cursos-in-company","status":"publish","type":"page","link":"https:\/\/sites.usp.br\/lgi\/cursos-in-company\/","title":{"rendered":"Cursos in Company"},"content":{"rendered":"\t\t<div data-elementor-type=\"wp-page\" data-elementor-id=\"181\" class=\"elementor elementor-181\">\n\t\t\t\t<div class=\"elementor-element elementor-element-57f64416 e-flex e-con-boxed e-con e-parent\" data-id=\"57f64416\" data-element_type=\"container\">\n\t\t\t\t\t<div class=\"e-con-inner\">\n\t\t\t\t<div class=\"elementor-element elementor-element-3952eb53 elementor-widget elementor-widget-text-editor\" data-id=\"3952eb53\" data-element_type=\"widget\" data-widget_type=\"text-editor.default\">\n\t\t\t\t<div class=\"elementor-widget-container\">\n\t\t\t\t\t\t\t<p style=\"text-align: justify;\"><span style=\"font-size: 12pt;\">O LGI oferece um conjunto de cursos modelados conforme as necessidades de cada institui\u00e7\u00e3o. O curso padr\u00e3o de 40 horas, oferecido com intermedia\u00e7\u00e3o da Funda\u00e7\u00e3o Vanzolini, abrange t\u00f3picos como cadeia de valor inova\u00e7\u00e3o; mapeamento e diagn\u00f3sticos de pontos a melhorar; os diferentes tipos de processo de inova\u00e7\u00e3o, suas conting\u00eancias e implica\u00e7\u00f5es para sua gest\u00e3o; quais os processos de ingest\u00e3o do desenvolvimento do produto; organiza\u00e7\u00e3o para inova\u00e7\u00e3o; t\u00e9cnicas de gera\u00e7\u00e3o de ideias; gest\u00e3o de projetos de inova\u00e7\u00e3o radical com alta incerteza: aprendizado, selecionismo, <i>learning plan<\/i>\u00a0e mapeamento do ecossistema de inova\u00e7\u00e3o.<\/span><\/p><p class=\"entry\" style=\"text-align: justify;\"><span style=\"font-size: 12pt;\">Os cursos podem ser desenhados sob medida. Para alguns casos, aumenta-se a carga de gest\u00e3o de projetos; para outros, aumenta-se a carga da gest\u00e3o de incertezas em inova\u00e7\u00e3o radical. Pontos espec\u00edficos tamb\u00e9m s\u00e3o oferecidos, como indicadores de inova\u00e7\u00e3o e valora\u00e7\u00e3o de projetos de P&amp;D e de inova\u00e7\u00e3o em geral, gest\u00e3o do conhecimento,\u00a0 e outros a combinar.<\/span><\/p><p>\u00a0<\/p>\t\t\t\t\t\t<\/div>\n\t\t\t\t<\/div>\n\t\t\t\t\t<\/div>\n\t\t\t\t<\/div>\n\t\t\t\t<\/div>\n\t\t","protected":false},"excerpt":{"rendered":"<p>O LGI oferece um conjunto de cursos modelados conforme as necessidades de cada institui\u00e7\u00e3o. O curso padr\u00e3o de 40 horas, oferecido com intermedia\u00e7\u00e3o da Funda\u00e7\u00e3o Vanzolini, abrange t\u00f3picos como cadeia de valor inova\u00e7\u00e3o; mapeamento e diagn\u00f3sticos de pontos a melhorar; os diferentes tipos de processo de inova\u00e7\u00e3o, suas conting\u00eancias e implica\u00e7\u00f5es para sua gest\u00e3o; quais [&hellip;]<\/p>\n","protected":false},"author":1228,"featured_media":0,"parent":0,"menu_order":0,"comment_status":"closed","ping_status":"closed","template":"","meta":{"_monsterinsights_skip_tracking":false,"_monsterinsights_sitenote_active":false,"_monsterinsights_sitenote_note":"","_monsterinsights_sitenote_category":0,"footnotes":"","_links_to":"","_links_to_target":""},"class_list":["post-181","page","type-page","status-publish","hentry","entry"],"_links":{"self":[{"href":"https:\/\/sites.usp.br\/lgi\/wp-json\/wp\/v2\/pages\/181","targetHints":{"allow":["GET"]}}],"collection":[{"href":"https:\/\/sites.usp.br\/lgi\/wp-json\/wp\/v2\/pages"}],"about":[{"href":"https:\/\/sites.usp.br\/lgi\/wp-json\/wp\/v2\/types\/page"}],"author":[{"embeddable":true,"href":"https:\/\/sites.usp.br\/lgi\/wp-json\/wp\/v2\/users\/1228"}],"replies":[{"embeddable":true,"href":"https:\/\/sites.usp.br\/lgi\/wp-json\/wp\/v2\/comments?post=181"}],"version-history":[{"count":4,"href":"https:\/\/sites.usp.br\/lgi\/wp-json\/wp\/v2\/pages\/181\/revisions"}],"predecessor-version":[{"id":1539,"href":"https:\/\/sites.usp.br\/lgi\/wp-json\/wp\/v2\/pages\/181\/revisions\/1539"}],"wp:attachment":[{"href":"https:\/\/sites.usp.br\/lgi\/wp-json\/wp\/v2\/media?parent=181"}],"curies":[{"name":"wp","href":"https:\/\/api.w.org\/{rel}","templated":true}]}}