{"id":185,"date":"2019-11-21T11:46:31","date_gmt":"2019-11-21T13:46:31","guid":{"rendered":"https:\/\/sites.usp.br\/lgi\/?page_id=185"},"modified":"2021-09-27T08:38:19","modified_gmt":"2021-09-27T10:38:19","slug":"servicos","status":"publish","type":"page","link":"https:\/\/sites.usp.br\/lgi\/servicos\/","title":{"rendered":"Servi\u00e7os"},"content":{"rendered":"<header><span style=\"font-size: 16px;\">Inova\u00e7\u00e3o ocorre nas empresas. Para auxili\u00e1-las, o LGI oferece portf\u00f3lio de servi\u00e7os, que est\u00e3o especificados nas respectivas \u201cabas\u201d.<\/span><\/p>\n<\/header>\n<section class=\"entry\">\n<ul>\n<li>Consultoria em gest\u00e3o da inova\u00e7\u00e3o, envolvendo concep\u00e7\u00e3o geral, defini\u00e7\u00e3o de processos, organiza\u00e7\u00e3o, gest\u00e3o (como crit\u00e9rios para decis\u00e3o, gest\u00e3o de portf\u00f3lio e valora\u00e7\u00e3o de projetos de P,D&amp;I).<\/li>\n<li>Apoio ao planejamento inicial de start ups.<\/li>\n<li>Cursos na USP e\u00a0<em>in company<\/em>\u00a0(ver aba \u201ccursos\u201d).\u00a0Em breve, atrav\u00e9s de conv\u00eanio com a Finep, o LGI disponibilizar\u00e1 curso b\u00e1sico de gest\u00e3o da inova\u00e7\u00e3o pela internet, gratuitamente.<\/li>\n<li>Apoio a organismos governamentais na defini\u00e7\u00e3o de estrat\u00e9gias, pol\u00edticas e ferramentas de apoio \u00e0 inova\u00e7\u00e3o.<\/li>\n<\/ul>\n<div>\n<p>O LGI coordena dois importantes conv\u00eanios da USP com institui\u00e7\u00f5es p\u00fablicas de fomento, oferecendo servi\u00e7os gratuitos:<\/p>\n<ol>\n<li>NAGI \u2013 FINEP: cursos de forma\u00e7\u00e3o e diagn\u00f3stico sobre sistema de gest\u00e3o em empresas (ver aba espec\u00edfica)<\/li>\n<li>PEIEX- APEX: projeto de extens\u00e3o industrial exportadora (acesse o site do\u00a0<a href=\"http:\/\/sistemas-producao.net\/peiex\/\" target=\"_blank\" rel=\"noopener noreferrer\">PEIEX<\/a>)<\/li>\n<\/ol>\n<\/div>\n<div>O que n\u00e3o fazemos:<\/div>\n<div>\n<ul>\n<li>N\u00e3o auxiliamos empresas com formul\u00e1rios Finep, BNDES e outros<\/li>\n<li>N\u00e3o fornecemos consultoria para adequa\u00e7\u00e3o de projetos \u00e0 Lei do Bem<\/li>\n<li>N\u00e3o fornecemos pareceres sobre projetos para serem utilizados em processos relacionados \u00e0 Lei do Bem, \u00e0 Lei de Inform\u00e1tica ou assemelhados.<\/li>\n<\/ul>\n<\/div>\n<\/section>\n","protected":false},"excerpt":{"rendered":"<p>Inova\u00e7\u00e3o ocorre nas empresas. Para auxili\u00e1-las, o LGI oferece portf\u00f3lio de servi\u00e7os, que est\u00e3o especificados nas respectivas \u201cabas\u201d. Consultoria em gest\u00e3o da inova\u00e7\u00e3o, envolvendo concep\u00e7\u00e3o geral, defini\u00e7\u00e3o de processos, organiza\u00e7\u00e3o, gest\u00e3o (como crit\u00e9rios para decis\u00e3o, gest\u00e3o de portf\u00f3lio e valora\u00e7\u00e3o de projetos de P,D&amp;I). Apoio ao planejamento inicial de start ups. Cursos na USP e\u00a0in [&hellip;]<\/p>\n","protected":false},"author":1228,"featured_media":0,"parent":0,"menu_order":0,"comment_status":"closed","ping_status":"closed","template":"","meta":{"_monsterinsights_skip_tracking":false,"_monsterinsights_sitenote_active":false,"_monsterinsights_sitenote_note":"","_monsterinsights_sitenote_category":0,"footnotes":"","_links_to":"","_links_to_target":""},"class_list":["post-185","page","type-page","status-publish","hentry","entry"],"_links":{"self":[{"href":"https:\/\/sites.usp.br\/lgi\/wp-json\/wp\/v2\/pages\/185","targetHints":{"allow":["GET"]}}],"collection":[{"href":"https:\/\/sites.usp.br\/lgi\/wp-json\/wp\/v2\/pages"}],"about":[{"href":"https:\/\/sites.usp.br\/lgi\/wp-json\/wp\/v2\/types\/page"}],"author":[{"embeddable":true,"href":"https:\/\/sites.usp.br\/lgi\/wp-json\/wp\/v2\/users\/1228"}],"replies":[{"embeddable":true,"href":"https:\/\/sites.usp.br\/lgi\/wp-json\/wp\/v2\/comments?post=185"}],"version-history":[{"count":2,"href":"https:\/\/sites.usp.br\/lgi\/wp-json\/wp\/v2\/pages\/185\/revisions"}],"predecessor-version":[{"id":683,"href":"https:\/\/sites.usp.br\/lgi\/wp-json\/wp\/v2\/pages\/185\/revisions\/683"}],"wp:attachment":[{"href":"https:\/\/sites.usp.br\/lgi\/wp-json\/wp\/v2\/media?parent=185"}],"curies":[{"name":"wp","href":"https:\/\/api.w.org\/{rel}","templated":true}]}}