{"id":190,"date":"2019-11-21T11:47:51","date_gmt":"2019-11-21T13:47:51","guid":{"rendered":"https:\/\/sites.usp.br\/lgi\/?page_id=190"},"modified":"2024-02-06T16:14:22","modified_gmt":"2024-02-06T18:14:22","slug":"extensao","status":"publish","type":"page","link":"https:\/\/sites.usp.br\/lgi\/extensao\/","title":{"rendered":"Extens\u00e3o"},"content":{"rendered":"\t\t<div data-elementor-type=\"wp-page\" data-elementor-id=\"190\" class=\"elementor elementor-190\">\n\t\t\t\t<div class=\"elementor-element elementor-element-159b5f71 e-flex e-con-boxed e-con e-parent\" data-id=\"159b5f71\" data-element_type=\"container\">\n\t\t\t\t\t<div class=\"e-con-inner\">\n\t\t\t\t<div class=\"elementor-element elementor-element-6345cdcc elementor-widget elementor-widget-text-editor\" data-id=\"6345cdcc\" data-element_type=\"widget\" data-widget_type=\"text-editor.default\">\n\t\t\t\t<div class=\"elementor-widget-container\">\n\t\t\t\t\t\t\t<header><span style=\"font-size: 16px;\">O LGI oferece um conjunto de cursos modelados conforme as necessidades de cada institui\u00e7\u00e3o. Os cursos abrangem t\u00f3picos como:<\/span><\/header><section class=\"entry\"><\/section>\t\t\t\t\t\t<\/div>\n\t\t\t\t<\/div>\n\t\t\t\t\t<\/div>\n\t\t\t\t<\/div>\n\t\t<div class=\"elementor-element elementor-element-ea63a7b e-flex e-con-boxed e-con e-parent\" data-id=\"ea63a7b\" data-element_type=\"container\">\n\t\t\t\t\t<div class=\"e-con-inner\">\n\t\t\t\t<div class=\"elementor-element elementor-element-2164148 elementor-list-item-link-full_width elementor-widget elementor-widget-icon-list\" data-id=\"2164148\" data-element_type=\"widget\" data-widget_type=\"icon-list.default\">\n\t\t\t\t<div class=\"elementor-widget-container\">\n\t\t\t\t\t<ul class=\"elementor-icon-list-items\">\n\t\t\t\t\t\t\t<li class=\"elementor-icon-list-item\">\n\t\t\t\t\t\t\t\t\t\t\t<span class=\"elementor-icon-list-icon\">\n\t\t\t\t\t\t\t<i aria-hidden=\"true\" class=\"fas fa-chevron-right\"><\/i>\t\t\t\t\t\t<\/span>\n\t\t\t\t\t\t\t\t\t\t<span class=\"elementor-icon-list-text\">O que diferencia as empresas atualmente? Uma introdu\u00e7\u00e3o \u00e0 import\u00e2ncia da inova\u00e7\u00e3o como estrat\u00e9gia.<\/span>\n\t\t\t\t\t\t\t\t\t<\/li>\n\t\t\t\t\t\t\t\t<li class=\"elementor-icon-list-item\">\n\t\t\t\t\t\t\t\t\t\t\t<span class=\"elementor-icon-list-icon\">\n\t\t\t\t\t\t\t<i aria-hidden=\"true\" class=\"fas fa-chevron-right\"><\/i>\t\t\t\t\t\t<\/span>\n\t\t\t\t\t\t\t\t\t\t<span class=\"elementor-icon-list-text\">Diferentes tipos de inova\u00e7\u00e3o, diferentes processos, diferentes formas de gest\u00e3o: estudo de caso.<\/span>\n\t\t\t\t\t\t\t\t\t<\/li>\n\t\t\t\t\t\t\t\t<li class=\"elementor-icon-list-item\">\n\t\t\t\t\t\t\t\t\t\t\t<span class=\"elementor-icon-list-icon\">\n\t\t\t\t\t\t\t<i aria-hidden=\"true\" class=\"fas fa-chevron-right\"><\/i>\t\t\t\t\t\t<\/span>\n\t\t\t\t\t\t\t\t\t\t<span class=\"elementor-icon-list-text\">O processo de inova\u00e7\u00e3o apresentado como uma cadeia de valor: da gera\u00e7\u00e3o de id\u00e9ias \u00e0 sua difus\u00e3o para o mercado em forma de produtos e servi\u00e7os bem sucedidos.<\/span>\n\t\t\t\t\t\t\t\t\t<\/li>\n\t\t\t\t\t\t\t\t<li class=\"elementor-icon-list-item\">\n\t\t\t\t\t\t\t\t\t\t\t<span class=\"elementor-icon-list-icon\">\n\t\t\t\t\t\t\t<i aria-hidden=\"true\" class=\"fas fa-chevron-right\"><\/i>\t\t\t\t\t\t<\/span>\n\t\t\t\t\t\t\t\t\t\t<span class=\"elementor-icon-list-text\">Processo e t\u00e9cnicas de apoio \u00e0 gera\u00e7\u00e3o de ideias \u2013 vis\u00e3o geral:\u00a0brainstorming, associa\u00e7\u00e3o de atributos, Triz, altern\u00e2ncia lado esquerdo x lado direito do c\u00e9rebro, 5W1H.<\/span>\n\t\t\t\t\t\t\t\t\t<\/li>\n\t\t\t\t\t\t\t\t<li class=\"elementor-icon-list-item\">\n\t\t\t\t\t\t\t\t\t\t\t<span class=\"elementor-icon-list-icon\">\n\t\t\t\t\t\t\t<i aria-hidden=\"true\" class=\"fas fa-chevron-right\"><\/i>\t\t\t\t\t\t<\/span>\n\t\t\t\t\t\t\t\t\t\t<span class=\"elementor-icon-list-text\">Sele\u00e7\u00e3o e avalia\u00e7\u00e3o de alternativas de produtos e servi\u00e7os inovadores.<\/span>\n\t\t\t\t\t\t\t\t\t<\/li>\n\t\t\t\t\t\t\t\t<li class=\"elementor-icon-list-item\">\n\t\t\t\t\t\t\t\t\t\t\t<span class=\"elementor-icon-list-icon\">\n\t\t\t\t\t\t\t<i aria-hidden=\"true\" class=\"fas fa-chevron-right\"><\/i>\t\t\t\t\t\t<\/span>\n\t\t\t\t\t\t\t\t\t\t<span class=\"elementor-icon-list-text\">O processo de desenvolvimento de novos produtos e servi\u00e7os: fases, ferramentas de apoio, indicadores de desempenho do processo.<\/span>\n\t\t\t\t\t\t\t\t\t<\/li>\n\t\t\t\t\t\t\t\t<li class=\"elementor-icon-list-item\">\n\t\t\t\t\t\t\t\t\t\t\t<span class=\"elementor-icon-list-icon\">\n\t\t\t\t\t\t\t<i aria-hidden=\"true\" class=\"fas fa-chevron-right\"><\/i>\t\t\t\t\t\t<\/span>\n\t\t\t\t\t\t\t\t\t\t<span class=\"elementor-icon-list-text\">A organiza\u00e7\u00e3o e sua influencia sobre o tipo de inova\u00e7\u00e3o que se pode obter.<\/span>\n\t\t\t\t\t\t\t\t\t<\/li>\n\t\t\t\t\t\t\t\t<li class=\"elementor-icon-list-item\">\n\t\t\t\t\t\t\t\t\t\t\t<span class=\"elementor-icon-list-icon\">\n\t\t\t\t\t\t\t<i aria-hidden=\"true\" class=\"fas fa-chevron-right\"><\/i>\t\t\t\t\t\t<\/span>\n\t\t\t\t\t\t\t\t\t\t<span class=\"elementor-icon-list-text\">Princ\u00edpios e metodologias de projeto de organiza\u00e7\u00e3o para a inova\u00e7\u00e3o.<\/span>\n\t\t\t\t\t\t\t\t\t<\/li>\n\t\t\t\t\t\t\t\t<li class=\"elementor-icon-list-item\">\n\t\t\t\t\t\t\t\t\t\t\t<span class=\"elementor-icon-list-icon\">\n\t\t\t\t\t\t\t<i aria-hidden=\"true\" class=\"fas fa-chevron-right\"><\/i>\t\t\t\t\t\t<\/span>\n\t\t\t\t\t\t\t\t\t\t<span class=\"elementor-icon-list-text\">Componentes da gest\u00e3o estrat\u00e9gica da inova\u00e7\u00e3o: inova\u00e7\u00e3o com estrat\u00e9gia; organizar para inovar, gest\u00e3o de projetos, gest\u00e3o do conhecimento, gest\u00e3o em\/de rede, cultura organizacional, gest\u00e3o de pessoas\/equipes.<\/span>\n\t\t\t\t\t\t\t\t\t<\/li>\n\t\t\t\t\t\t\t\t<li class=\"elementor-icon-list-item\">\n\t\t\t\t\t\t\t\t\t\t\t<span class=\"elementor-icon-list-icon\">\n\t\t\t\t\t\t\t<i aria-hidden=\"true\" class=\"fas fa-chevron-right\"><\/i>\t\t\t\t\t\t<\/span>\n\t\t\t\t\t\t\t\t\t\t<span class=\"elementor-icon-list-text\">TI e gest\u00e3o do conhecimento como instrumento para criar e fomentar inova\u00e7\u00f5es.<\/span>\n\t\t\t\t\t\t\t\t\t<\/li>\n\t\t\t\t\t\t\t\t<li class=\"elementor-icon-list-item\">\n\t\t\t\t\t\t\t\t\t\t\t<span class=\"elementor-icon-list-icon\">\n\t\t\t\t\t\t\t<i aria-hidden=\"true\" class=\"fas fa-chevron-right\"><\/i>\t\t\t\t\t\t<\/span>\n\t\t\t\t\t\t\t\t\t\t<span class=\"elementor-icon-list-text\">Processo e gest\u00e3o de inova\u00e7\u00e3o incremental \/ baixa incerteza: Milestones e Stage-Gate.<\/span>\n\t\t\t\t\t\t\t\t\t<\/li>\n\t\t\t\t\t\t\t\t<li class=\"elementor-icon-list-item\">\n\t\t\t\t\t\t\t\t\t\t\t<span class=\"elementor-icon-list-icon\">\n\t\t\t\t\t\t\t<i aria-hidden=\"true\" class=\"fas fa-chevron-right\"><\/i>\t\t\t\t\t\t<\/span>\n\t\t\t\t\t\t\t\t\t\t<span class=\"elementor-icon-list-text\">Processo e gest\u00e3o da inova\u00e7\u00e3o radical \/ alta incerteza: learning plan e \u201catua\u00e7\u00e3o como iniciante\u201d.<\/span>\n\t\t\t\t\t\t\t\t\t<\/li>\n\t\t\t\t\t\t\t\t<li class=\"elementor-icon-list-item\">\n\t\t\t\t\t\t\t\t\t\t\t<span class=\"elementor-icon-list-icon\">\n\t\t\t\t\t\t\t<i aria-hidden=\"true\" class=\"fas fa-chevron-right\"><\/i>\t\t\t\t\t\t<\/span>\n\t\t\t\t\t\t\t\t\t\t<span class=\"elementor-icon-list-text\">T\u00f3picos especiais: a) incentivos \u00e0 inova\u00e7\u00e3o para redu\u00e7\u00e3o de custo e risco \u2013 lei de inova\u00e7\u00e3o, lei do bem, subven\u00e7\u00e3o econ\u00f4mica, apoio \u00e0 rela\u00e7\u00e3o empresa-universidade, financiamentos especiais; b) gest\u00e3o de portf\u00f3lio de inova\u00e7\u00e3o; c) organiza\u00e7\u00e3o do segmento de P&amp;D; d) gest\u00e3o da inova\u00e7\u00e3o em sistemas produtivos tradicionais (low tech), sem estruturas dedicadas de P&amp;D.<\/span>\n\t\t\t\t\t\t\t\t\t<\/li>\n\t\t\t\t\t\t<\/ul>\n\t\t\t\t<\/div>\n\t\t\t\t<\/div>\n\t\t\t\t\t<\/div>\n\t\t\t\t<\/div>\n\t\t<div class=\"elementor-element elementor-element-042fe41 e-flex e-con-boxed e-con e-parent\" data-id=\"042fe41\" data-element_type=\"container\">\n\t\t\t\t\t<div class=\"e-con-inner\">\n\t\t\t\t<div class=\"elementor-element elementor-element-a79a1f1 elementor-widget elementor-widget-text-editor\" data-id=\"a79a1f1\" data-element_type=\"widget\" data-widget_type=\"text-editor.default\">\n\t\t\t\t<div class=\"elementor-widget-container\">\n\t\t\t\t\t\t\t<p>\u00a0<\/p><section class=\"entry\"><p>Obtenha maiores informa\u00e7\u00f5es atrav\u00e9s do site\u00a0<a href=\"http:\/\/www.vanzolini.org.br\/\" target=\"_blank\" rel=\"noopener noreferrer\">www.vanzolini.org.br<\/a>.<\/p><\/section>\t\t\t\t\t\t<\/div>\n\t\t\t\t<\/div>\n\t\t\t\t\t<\/div>\n\t\t\t\t<\/div>\n\t\t\t\t<\/div>\n\t\t","protected":false},"excerpt":{"rendered":"<p>O LGI oferece um conjunto de cursos modelados conforme as necessidades de cada institui\u00e7\u00e3o. Os cursos abrangem t\u00f3picos como: O que diferencia as empresas atualmente? Uma introdu\u00e7\u00e3o \u00e0 import\u00e2ncia da inova\u00e7\u00e3o como estrat\u00e9gia. Diferentes tipos de inova\u00e7\u00e3o, diferentes processos, diferentes formas de gest\u00e3o: estudo de caso. O processo de inova\u00e7\u00e3o apresentado como uma cadeia de [&hellip;]<\/p>\n","protected":false},"author":1228,"featured_media":0,"parent":0,"menu_order":0,"comment_status":"closed","ping_status":"closed","template":"","meta":{"_monsterinsights_skip_tracking":false,"_monsterinsights_sitenote_active":false,"_monsterinsights_sitenote_note":"","_monsterinsights_sitenote_category":0,"footnotes":"","_links_to":"","_links_to_target":""},"class_list":["post-190","page","type-page","status-publish","hentry","entry"],"_links":{"self":[{"href":"https:\/\/sites.usp.br\/lgi\/wp-json\/wp\/v2\/pages\/190","targetHints":{"allow":["GET"]}}],"collection":[{"href":"https:\/\/sites.usp.br\/lgi\/wp-json\/wp\/v2\/pages"}],"about":[{"href":"https:\/\/sites.usp.br\/lgi\/wp-json\/wp\/v2\/types\/page"}],"author":[{"embeddable":true,"href":"https:\/\/sites.usp.br\/lgi\/wp-json\/wp\/v2\/users\/1228"}],"replies":[{"embeddable":true,"href":"https:\/\/sites.usp.br\/lgi\/wp-json\/wp\/v2\/comments?post=190"}],"version-history":[{"count":4,"href":"https:\/\/sites.usp.br\/lgi\/wp-json\/wp\/v2\/pages\/190\/revisions"}],"predecessor-version":[{"id":1331,"href":"https:\/\/sites.usp.br\/lgi\/wp-json\/wp\/v2\/pages\/190\/revisions\/1331"}],"wp:attachment":[{"href":"https:\/\/sites.usp.br\/lgi\/wp-json\/wp\/v2\/media?parent=190"}],"curies":[{"name":"wp","href":"https:\/\/api.w.org\/{rel}","templated":true}]}}