{"id":194,"date":"2019-11-21T11:48:24","date_gmt":"2019-11-21T13:48:24","guid":{"rendered":"https:\/\/sites.usp.br\/lgi\/?page_id=194"},"modified":"2026-02-07T21:02:19","modified_gmt":"2026-02-07T23:02:19","slug":"graduacao","status":"publish","type":"page","link":"https:\/\/sites.usp.br\/lgi\/graduacao\/","title":{"rendered":"Gradua\u00e7\u00e3o"},"content":{"rendered":"\t\t<div data-elementor-type=\"wp-page\" data-elementor-id=\"194\" class=\"elementor elementor-194\">\n\t\t\t\t<div class=\"elementor-element elementor-element-66cbee2e e-flex e-con-boxed e-con e-parent\" data-id=\"66cbee2e\" data-element_type=\"container\">\n\t\t\t\t\t<div class=\"e-con-inner\">\n\t\t\t\t<div class=\"elementor-element elementor-element-2349407f elementor-widget elementor-widget-text-editor\" data-id=\"2349407f\" data-element_type=\"widget\" data-widget_type=\"text-editor.default\">\n\t\t\t\t<div class=\"elementor-widget-container\">\n\t\t\t\t\t\t\t<header><p>H\u00e1 um conjunto de disciplinas na gradua\u00e7\u00e3o da Escola Polit\u00e9cnica que envolvem metodologias de desenvolvimento de produto, gest\u00e3o de projetos, avalia\u00e7\u00e3o econ\u00f4mico-financeira de investimentos e gest\u00e3o da inova\u00e7\u00e3o em geral. Uma das disciplinas que concentra especificamente a discuss\u00e3o de gest\u00e3o da Inova\u00e7\u00e3o \u00e9 a PRO3584.\u00a0<\/p><\/header><section class=\"entry\"><\/section><section><\/section><section><\/section><section><\/section><section><\/section><section><\/section><section><\/section><section><\/section><h4 class=\"entry\"><strong>PRO3584 \u2013 Projeto, Processo e Gest\u00e3o da Inova\u00e7\u00e3o<\/strong><\/h4><section><\/section><section class=\"entry\">A disciplina oferecida para os alunos do 5\u00b0 ano (9\u00b0 semestre) do curso de Engenharia de Produ\u00e7\u00e3o da Poli, que sintetiza as demais disciplinas e discute especificamente o processo da inova\u00e7\u00e3o e sua gest\u00e3o, adotou o formato de aprendizagem baseada em projeto (PBL \u2013 Project Based Learning). Empresas como Braskem, Embraer, Hypermarcas, Mahle, Metam\u00e1quina, Natura, SaltAmbiental, Recepta Biopharma, Zoetis, al\u00e9m de institui\u00e7\u00f5es p\u00fablicas como a Pol\u00edcia Federal aderiram \u00e0 iniciativa e propuseram temas para os alunos desenvolverem projetos de interesse real das empresas. Tudo se passa como se a empresa contratasse uma consultoria para o desenvolvimento de um projeto de gest\u00e3o da inova\u00e7\u00e3o por ela especificado, e previamente validado pelo professor. Os alunos ter\u00e3o a oportunidade de aplicar os conceitos da Gest\u00e3o da Inova\u00e7\u00e3o na viv\u00eancia pr\u00e1tica de um projeto real; as empresas poder\u00e3o usufruir das propostas dos projetos.<\/section>\t\t\t\t\t\t<\/div>\n\t\t\t\t<\/div>\n\t\t\t\t\t<\/div>\n\t\t\t\t<\/div>\n\t\t\t\t<\/div>\n\t\t","protected":false},"excerpt":{"rendered":"<p>H\u00e1 um conjunto de disciplinas na gradua\u00e7\u00e3o da Escola Polit\u00e9cnica que envolvem metodologias de desenvolvimento de produto, gest\u00e3o de projetos, avalia\u00e7\u00e3o econ\u00f4mico-financeira de investimentos e gest\u00e3o da inova\u00e7\u00e3o em geral. Uma das disciplinas que concentra especificamente a discuss\u00e3o de gest\u00e3o da Inova\u00e7\u00e3o \u00e9 a PRO3584.\u00a0 PRO3584 \u2013 Projeto, Processo e Gest\u00e3o da Inova\u00e7\u00e3o A disciplina [&hellip;]<\/p>\n","protected":false},"author":1228,"featured_media":0,"parent":0,"menu_order":0,"comment_status":"closed","ping_status":"closed","template":"","meta":{"_monsterinsights_skip_tracking":false,"_monsterinsights_sitenote_active":false,"_monsterinsights_sitenote_note":"","_monsterinsights_sitenote_category":0,"footnotes":"","_links_to":"","_links_to_target":""},"class_list":["post-194","page","type-page","status-publish","hentry","entry"],"_links":{"self":[{"href":"https:\/\/sites.usp.br\/lgi\/wp-json\/wp\/v2\/pages\/194","targetHints":{"allow":["GET"]}}],"collection":[{"href":"https:\/\/sites.usp.br\/lgi\/wp-json\/wp\/v2\/pages"}],"about":[{"href":"https:\/\/sites.usp.br\/lgi\/wp-json\/wp\/v2\/types\/page"}],"author":[{"embeddable":true,"href":"https:\/\/sites.usp.br\/lgi\/wp-json\/wp\/v2\/users\/1228"}],"replies":[{"embeddable":true,"href":"https:\/\/sites.usp.br\/lgi\/wp-json\/wp\/v2\/comments?post=194"}],"version-history":[{"count":4,"href":"https:\/\/sites.usp.br\/lgi\/wp-json\/wp\/v2\/pages\/194\/revisions"}],"predecessor-version":[{"id":1542,"href":"https:\/\/sites.usp.br\/lgi\/wp-json\/wp\/v2\/pages\/194\/revisions\/1542"}],"wp:attachment":[{"href":"https:\/\/sites.usp.br\/lgi\/wp-json\/wp\/v2\/media?parent=194"}],"curies":[{"name":"wp","href":"https:\/\/api.w.org\/{rel}","templated":true}]}}