{"id":202,"date":"2019-11-21T11:57:31","date_gmt":"2019-11-21T13:57:31","guid":{"rendered":"https:\/\/sites.usp.br\/lgi\/?page_id=202"},"modified":"2023-11-13T16:52:33","modified_gmt":"2023-11-13T18:52:33","slug":"202-2","status":"publish","type":"page","link":"https:\/\/sites.usp.br\/lgi\/202-2\/","title":{"rendered":"Livros"},"content":{"rendered":"<p><a href=\"https:\/\/www.worldscientific.com\/worldscibooks\/10.1142\/q0418#t=aboutBook\"><img fetchpriority=\"high\" decoding=\"async\" class=\"alignleft wp-image-1262\" src=\"https:\/\/sites.usp.br\/lgi\/wp-content\/uploads\/sites\/632\/2023\/11\/079a4ec2-fdb2-42ef-a328-b91c8cdabc70.jpeg\" alt=\"\" width=\"211\" height=\"312\" srcset=\"https:\/\/sites.usp.br\/lgi\/wp-content\/uploads\/sites\/632\/2023\/11\/079a4ec2-fdb2-42ef-a328-b91c8cdabc70.jpeg 450w, https:\/\/sites.usp.br\/lgi\/wp-content\/uploads\/sites\/632\/2023\/11\/079a4ec2-fdb2-42ef-a328-b91c8cdabc70-203x300.jpeg 203w, https:\/\/sites.usp.br\/lgi\/wp-content\/uploads\/sites\/632\/2023\/11\/079a4ec2-fdb2-42ef-a328-b91c8cdabc70-400x592.jpeg 400w\" sizes=\"(max-width: 211px) 100vw, 211px\" \/><\/a><\/p>\n<p>O livro &#8220;Healthcare Innovation&#8221; destaca a inova\u00e7\u00e3o no setor de sa\u00fade, com estudos de caso globais. O cap\u00edtulo escrito pelos membros do LGI, intitulado &#8220;Speeding Up Innovative Solutions Development in Emergencies: Lessons Learned from the Inspire Ventilator Project,&#8221; direciona o foco para a resposta \u00e0 escassez de ventiladores durante a pandemia de COVID-19. Liderados pela Universidade de S\u00e3o Paulo, eles descrevem o desenvolvimento r\u00e1pido e eficiente de um equipamento de ventila\u00e7\u00e3o pulmonar de emerg\u00eancia, abordando a colabora\u00e7\u00e3o entre 40 pesquisadores e empresas locais, e exploram a forma\u00e7\u00e3o de l\u00edderes improvisados, denominados &#8220;orquestradores&#8221;, que desempenharam pap\u00e9is vitais na inova\u00e7\u00e3o em meio a recursos limitados. <a href=\"https:\/\/www.worldscientific.com\/worldscibooks\/10.1142\/q0418#t=aboutBook\">Saiba mais<\/a><\/p>\n<p>&nbsp;<\/p>\n<p>&nbsp;<\/p>\n<p>&nbsp;<\/p>\n<p><a href=\"https:\/\/loja.annablume.com.br\/livro\/trabalho-e-sindicalismo\/\"><img decoding=\"async\" class=\"wp-image-1182 alignleft\" src=\"https:\/\/sites.usp.br\/lgi\/wp-content\/uploads\/sites\/632\/2022\/11\/1.png\" alt=\"\" width=\"210\" height=\"263\" srcset=\"https:\/\/sites.usp.br\/lgi\/wp-content\/uploads\/sites\/632\/2022\/11\/1.png 1080w, https:\/\/sites.usp.br\/lgi\/wp-content\/uploads\/sites\/632\/2022\/11\/1-240x300.png 240w, https:\/\/sites.usp.br\/lgi\/wp-content\/uploads\/sites\/632\/2022\/11\/1-819x1024.png 819w, https:\/\/sites.usp.br\/lgi\/wp-content\/uploads\/sites\/632\/2022\/11\/1-768x960.png 768w, https:\/\/sites.usp.br\/lgi\/wp-content\/uploads\/sites\/632\/2022\/11\/1-400x500.png 400w\" sizes=\"(max-width: 210px) 100vw, 210px\" \/><\/a>O livro &#8220;Trabalho e sindicalismo: reflex\u00f5es a partir do contexto pand\u00eamico&#8221; re\u00fane a manifesta\u00e7\u00e3o de atores sindicais de variados setores do mundo do trabalho quanto uma reflex\u00e3o sobre as dificuldades vividas pelo sindicalismo na atualidade. Mario Salerno, coordenador do LGI, contribui com o cap\u00edtulo &#8220;Ind\u00fastria 4.0 e a manufatura avan\u00e7ada: caracteriza\u00e7\u00e3o e desafios&#8221;.<\/p>\n<p>&nbsp;<\/p>\n<p>&nbsp;<\/p>\n<p>&nbsp;<\/p>\n<p>&nbsp;<\/p>\n<p>&nbsp;<\/p>\n<p><a href=\"https:\/\/sites.usp.br\/lgi\/wp-content\/uploads\/sites\/632\/2021\/08\/Screen-Shot-2021-08-27-at-21.32.03.png\"><img decoding=\"async\" class=\"size-medium wp-image-585 alignleft\" src=\"https:\/\/sites.usp.br\/lgi\/wp-content\/uploads\/sites\/632\/2021\/08\/Screen-Shot-2021-08-27-at-21.32.03-210x300.png\" alt=\"Livro\" width=\"210\" height=\"300\" srcset=\"https:\/\/sites.usp.br\/lgi\/wp-content\/uploads\/sites\/632\/2021\/08\/Screen-Shot-2021-08-27-at-21.32.03-210x300.png 210w, https:\/\/sites.usp.br\/lgi\/wp-content\/uploads\/sites\/632\/2021\/08\/Screen-Shot-2021-08-27-at-21.32.03-400x570.png 400w, https:\/\/sites.usp.br\/lgi\/wp-content\/uploads\/sites\/632\/2021\/08\/Screen-Shot-2021-08-27-at-21.32.03.png 484w\" sizes=\"(max-width: 210px) 100vw, 210px\" \/><\/a><\/p>\n<p>&nbsp;<\/p>\n<p>Fruto da experi\u00eancia dos autores, o livro \u2018Gest\u00e3o da Inova\u00e7\u00e3o Mais Radical\u2019 traz, de modo descomplicado, um conjunto de projetos de inova\u00e7\u00e3o envoltos por inseguran\u00e7as comuns em empresas e startups. Baseados em anos de pesquisa no LGI e rela\u00e7\u00e3o com empresas no Brasil e no exterior, Mario Salerno e Leonardo de Vasconcelos Gomes desenvolvem um modelo de como gerenciar a inova\u00e7\u00e3o mais radical. Al\u00e9m disso, explicam como as organiza\u00e7\u00f5es podem dominar a din\u00e2mica da inova\u00e7\u00e3o mais radical ao criar valor a partir da gest\u00e3o de incertezas e da organiza\u00e7\u00e3o.<\/p>\n<p>&nbsp;<\/p>\n<p>&nbsp;<\/p>\n<p>&nbsp;<\/p>\n<p>&nbsp;<\/p>\n<p><a href=\"https:\/\/sites.usp.br\/lgi\/wp-content\/uploads\/sites\/632\/2019\/11\/Scan_20150413_070325.jpg\"><img loading=\"lazy\" decoding=\"async\" class=\"alignnone wp-image-203 size-medium alignleft\" src=\"https:\/\/sites.usp.br\/lgi\/wp-content\/uploads\/sites\/632\/2019\/11\/Scan_20150413_070325-214x300.jpg\" alt=\"\" width=\"214\" height=\"300\" srcset=\"https:\/\/sites.usp.br\/lgi\/wp-content\/uploads\/sites\/632\/2019\/11\/Scan_20150413_070325-214x300.jpg 214w, https:\/\/sites.usp.br\/lgi\/wp-content\/uploads\/sites\/632\/2019\/11\/Scan_20150413_070325-768x1075.jpg 768w, https:\/\/sites.usp.br\/lgi\/wp-content\/uploads\/sites\/632\/2019\/11\/Scan_20150413_070325-732x1024.jpg 732w, https:\/\/sites.usp.br\/lgi\/wp-content\/uploads\/sites\/632\/2019\/11\/Scan_20150413_070325-400x560.jpg 400w, https:\/\/sites.usp.br\/lgi\/wp-content\/uploads\/sites\/632\/2019\/11\/Scan_20150413_070325.jpg 2019w\" sizes=\"(max-width: 214px) 100vw, 214px\" \/><\/a><\/p>\n<p style=\"text-align: left;\">O livro \u00e9 resultado da Confer\u00eancia Internacional\u00a0organizada pelo \u00a0<a href=\"http:\/\/www.la-fabrique.fr\/51\/page\/la-fabrique-en-bref\">La Fabrique de l\u2019industrie<\/a>, no Centro Cultural de Cerisy na Fran\u00e7a, em junho de 2014, com diretores de empresas e acad\u00eamicos. A obra re\u00fane o resultados das discuss\u00f5es realizadas sobre futuro da ind\u00fastria, especialmente a francesa. Mario Salerno, coordenador do LGI contribui com o cap\u00edtulo \u201d\u00a0L\u2019industrie bresilenne en situation paradoxale\u201d.<\/p>\n<p><em id=\"__mceDel\"><a title=\"Plataforma Demonstradora Tecnol\u00f3gica para o Setor Aeron\u00e1utico\" href=\"http:\/\/www.la-fabrique.fr\/Ressource\/industrie-notre-avenir\">Leia Mais\u00a0<\/a><\/em><\/p>\n<p>&nbsp;<\/p>\n<p>&nbsp;<\/p>\n<p>&nbsp;<\/p>\n<p>&nbsp;<\/p>\n<p>&nbsp;<\/p>\n<p><a href=\"https:\/\/sites.usp.br\/lgi\/wp-content\/uploads\/sites\/632\/2019\/11\/Sem-t\u00edtulo-300x277-e1632743349697.jpg\"><img loading=\"lazy\" decoding=\"async\" class=\"alignnone wp-image-204 size-medium alignleft\" src=\"https:\/\/sites.usp.br\/lgi\/wp-content\/uploads\/sites\/632\/2019\/11\/Sem-t\u00edtulo-300x277-300x277.jpg\" alt=\"\" width=\"300\" height=\"277\" \/><\/a><\/p>\n<p style=\"text-align: left;\">O estudo teve por objetivo realizar levantamento das experi\u00eancias internacionais com programas de Plataformas Demonstradoras Tecnol\u00f3gicas e a modelagem funcional para modelo de Plataforma Demonstradora Tecnol\u00f3gica aplic\u00e1vel ao Brasil, tendo como produto o \u201crelat\u00f3rio final sobre a import\u00e2ncia de o Brasil adotar um modelo de plataformas demonstradoras tecnol\u00f3gicas e requisitos fundamentais para implementa\u00e7\u00e3o do modelo\u201d. Foi realizada pelo Observat\u00f3rio da Inova\u00e7\u00e3o em parceria com a ABDI (Ag\u00eancia Brasileira de Desenvolvimento Industrial).<br \/>\n<a title=\"Plataforma Demonstradora Tecnol\u00f3gica para o Setor Aeron\u00e1utico\" href=\"https:\/\/sites.usp.br\/lgi\/wp-content\/uploads\/sites\/632\/2019\/11\/Plataformas-Demonstradoras-Tecn-Aero-Publicacao.pdf\">Leia Mais\u00a0<\/a><\/p>\n<p>&nbsp;<\/p>\n<p>&nbsp;<\/p>\n<p>&nbsp;<\/p>\n<p>&nbsp;<\/p>\n<p><a href=\"https:\/\/sites.usp.br\/lgi\/wp-content\/uploads\/sites\/632\/2019\/11\/Imagem1.jpg\"><img loading=\"lazy\" decoding=\"async\" class=\"alignnone wp-image-205 size-full alignleft\" src=\"https:\/\/sites.usp.br\/lgi\/wp-content\/uploads\/sites\/632\/2019\/11\/Imagem1.jpg\" alt=\"\" width=\"216\" height=\"237\" \/><\/a><\/p>\n<p style=\"text-align: left;\">A pesquisa MOBIT \u2013 Mobiliza\u00e7\u00e3o Brasileira para a Inova\u00e7\u00e3o \u2013 surgiu da necessidade de se conhecer as estrat\u00e9gias de mobiliza\u00e7\u00e3o pela inova\u00e7\u00e3o no mundo e no Brasil. Foi realizada pelo Observat\u00f3rio da Inova\u00e7\u00e3o em parceria com a ABDI (Ag\u00eancia Brasileira de Desenvolvimento Industrial) e com o CEBRAP (Centro Brasileiro de An\u00e1lise e Planejamento).<\/p>\n<p style=\"text-align: left;\">O estudo comparou as experi\u00eancias de EUA, Reino Unido, Fran\u00e7a, Jap\u00e3o, Canad\u00e1, Irlanda e Finl\u00e2ndia como refer\u00eancia \u00e0 sociedade brasileira, com o objetivo de propor solu\u00e7\u00f5es para as iniciativas no Brasil.<\/p>\n<p style=\"text-align: left;\"><a title=\"Mobit - Inova\u00e7\u00e3o: Estrat\u00e9gia de 7 pa\u00edses\" href=\"https:\/\/sites.usp.br\/lgi\/mobit-inovacao-estrategia-de-7-paises\/\">Leia Mais\u00a0<\/a><\/p>\n<h3><\/h3>\n<p>&nbsp;<\/p>\n<p><a href=\"https:\/\/sites.usp.br\/lgi\/wp-content\/uploads\/sites\/632\/2019\/11\/download-1-1.jpg\"><img loading=\"lazy\" decoding=\"async\" class=\"alignnone size-full wp-image-206 alignleft\" src=\"https:\/\/sites.usp.br\/lgi\/wp-content\/uploads\/sites\/632\/2019\/11\/download-1-1.jpg\" alt=\"\" width=\"187\" height=\"270\" \/><\/a><\/p>\n<p style=\"text-align: left;\">O desafio da China e da \u00cdndia: a resposta do Brasil\u00a0publica os estudos e pronunciamentos do XVII F\u00f3rum Nacional (2005). O cerne desse desafio \u2013 de dois concorrentes nossos, mas tamb\u00e9m parceiros: no com\u00e9rcio, nos investimentos e nas negocia\u00e7\u00f5es multilaterais \u2013 est\u00e1 nos grandes ganhos competitivos recentes daqueles dois pa\u00edses. O risco corrido pelo Brasil \u00e9 ir ficando pra tr\u00e1s, marginalizado nas exporta\u00e7\u00f5es de produtos mais intensivos em conhecimento, amea\u00e7ado em seu pr\u00f3prio mercado interno. Sendo, portanto, preciso que se firme o crescimento nacional, intensificando seu ritmo. E que se avance na produ\u00e7\u00e3o competitivo de bens de elevado conte\u00fado tecnol\u00f3gico, inclusive nas \u00e1reas intensivas em recursos naturais e, em particular, no agroneg\u00f3cio.<\/p>\n<p style=\"text-align: left;\"><a href=\"https:\/\/sites.usp.br\/lgi\/o-desafio-da-china-e-da-india-a-resposta-do-brasil\/\">Leia Mais<\/a><\/p>\n<p>&nbsp;<\/p>\n<h3><\/h3>\n<p>&nbsp;<\/p>\n<p><a href=\"https:\/\/sites.usp.br\/lgi\/wp-content\/uploads\/sites\/632\/2019\/11\/download-2.jpg\"><img loading=\"lazy\" decoding=\"async\" class=\"alignnone size-full wp-image-207 alignleft\" src=\"https:\/\/sites.usp.br\/lgi\/wp-content\/uploads\/sites\/632\/2019\/11\/download-2.jpg\" alt=\"\" width=\"187\" height=\"270\" \/><\/a><\/p>\n<p style=\"text-align: left;\">Em pronunciamento de abertura do XVI F\u00f3rum Nacional (2004), o presidente da Rep\u00fablica, Luiz In\u00e1cio Lula da Silva, louvou-lhe a iniciativa de abordar, de forma integrada e com refer\u00eancia ao Brasil, tr\u00eas temas normalmente tratados separadamente: a economia do conhecimento, o crescimento sustentado e a inclus\u00e3o social. O prop\u00f3sito deste livro \u00e9 divulgar os resultados dessa iniciativa: os estudos, pronunciamentos e coment\u00e1rios apresentados durante os quatro dias de dura\u00e7\u00e3o desse respeitado evento anual.<\/p>\n<p style=\"text-align: left;\"><a href=\"https:\/\/sites.usp.br\/lgi\/economia-do-conhecimento-crescimento-e-inclusao-social\/\">Leia Mais<\/a><\/p>\n<p>&nbsp;<\/p>\n<p>&nbsp;<\/p>\n<h3><\/h3>\n<p>&nbsp;<\/p>\n<p><a href=\"https:\/\/sites.usp.br\/lgi\/wp-content\/uploads\/sites\/632\/2019\/11\/download-3.jpg\"><img loading=\"lazy\" decoding=\"async\" class=\"alignnone size-full wp-image-208 alignleft\" src=\"https:\/\/sites.usp.br\/lgi\/wp-content\/uploads\/sites\/632\/2019\/11\/download-3.jpg\" alt=\"\" width=\"180\" height=\"270\" \/><\/a><\/p>\n<p style=\"text-align: left;\">Muitas empresas que almejam lideran\u00e7a em inova\u00e7\u00e3o de produto, processo e servi\u00e7os t\u00eam buscado sistemas de produ\u00e7\u00e3o mais integrados e flex\u00edveis. Paralelamente, exige-se nova postura dos trabalhadores, e novas gera\u00e7\u00f5es mais escolarizadas demandam trabalhos menos mon\u00f3tonos, com maior conte\u00fado profissional.<br \/>\nNeste livro s\u00e3o enfocados assuntos como o trabalho e a produ\u00e7\u00e3o em sistemas integrados, flex\u00edveis e automatizados, fim do taylorismo, novos modelos de produ\u00e7\u00e3o, gest\u00e3o democr\u00e1tica, comunica\u00e7\u00e3o e trabalho. D\u00e1 um tratamento abrangente sobre mudan\u00e7a organizacional rumo \u00e0 integra\u00e7\u00e3o e flexibilidade dos sistemas de produ\u00e7\u00e3o, enfatizando teoria, metodologia e pr\u00e1tica de projeto organizacional, a partir de extensa pesquisa em empresas no Brasil, Fran\u00e7a e It\u00e1lia.<\/p>\n<p style=\"text-align: left;\">O livro completo est\u00e1 dispon\u00edvel\u00a0<a href=\"https:\/\/sites.usp.br\/lgi\/202-2\/salerno-mario-s-projeto-de-organizacoes-integradas-e-flexiveis_ed-2008-1\/\">aqui<\/a>.<br \/>\n<a title=\"Projeto de Organiza\u00e7\u00f5es Integradas e Flex\u00edveis \u2013 Processos, Grupos e Gest\u00e3o Democr\u00e1tica via Espa\u00e7os de Comunica\u00e7\u00e3o-Negocia\u00e7\u00e3o\" href=\"https:\/\/sites.usp.br\/lgi\/projeto-de-organizacoes-integradas-e-flexiveis-processos-grupos-e-gestao-democratica-via-espacos-de-comunicacao-negociacao\/\">Leia Mais<\/a><\/p>\n<h3><\/h3>\n<p>&nbsp;<\/p>\n<p><a href=\"https:\/\/sites.usp.br\/lgi\/wp-content\/uploads\/sites\/632\/2019\/11\/download-4.jpg\"><img loading=\"lazy\" decoding=\"async\" class=\"alignnone size-full wp-image-209 alignleft\" src=\"https:\/\/sites.usp.br\/lgi\/wp-content\/uploads\/sites\/632\/2019\/11\/download-4.jpg\" alt=\"\" width=\"191\" height=\"264\" \/><\/a><\/p>\n<p style=\"text-align: left;\">O que \u00e9 afinal um servi\u00e7o? \u2013 indaga o organizador deste livro, Mario Sergio Salerno. Para logo observar que \u201ca classifica\u00e7\u00e3o da atividade econ\u00f4mica em setores industrial e de servi\u00e7os tem pouco poder explicativo sobre a din\u00e2mica do trabalho e da produ\u00e7\u00e3o nas empresas contempor\u00e2neas\u201d. Bom exemplo dessa situa\u00e7\u00e3o na atualidade, dado por ele, \u00e9 o da compra de um bem como um autom\u00f3vel. O que neste caso e na realidade se compra? Um produto f\u00edsico, sim, mas igualmente um conjunto ou \u201cpacote\u201d de servi\u00e7os: garantia, assist\u00eancia t\u00e9cnica, financiamento. Pensando genericamente, compra-se um servi\u00e7o de mobilidade, um status, para al\u00e9m do autom\u00f3vel, que em princ\u00edpio \u00e9 o bem \u00fanico a adquirir.<\/p>\n<p style=\"text-align: left;\"><a title=\"Rela\u00e7\u00e3o de servi\u00e7o \u2013 produ\u00e7\u00e3o e avalia\u00e7\u00e3o\" href=\"https:\/\/sites.usp.br\/lgi\/relacao-de-servico-producao-e-avaliacao\/\">Leia Mais<\/a><\/p>\n<p>&nbsp;<\/p>\n<h3><\/h3>\n<p>&nbsp;<\/p>\n<p><a href=\"https:\/\/sites.usp.br\/lgi\/wp-content\/uploads\/sites\/632\/2019\/11\/download-5.jpg\"><img loading=\"lazy\" decoding=\"async\" class=\"alignnone size-full wp-image-210 alignleft\" src=\"https:\/\/sites.usp.br\/lgi\/wp-content\/uploads\/sites\/632\/2019\/11\/download-5.jpg\" alt=\"\" width=\"175\" height=\"289\" \/><\/a>The emerging markets have shifted rapidly from being the key growth points of the global auto industry in the mid-1990s to being in crisis and recession at the end of the twentieth century. This volume addresses some important questions about the emerging markets and their role within the global auto industry:<\/p>\n<p style=\"text-align: left;\">1.What are the production and sales prospects for emerging markets, and how might firms and governments respond to current problems?<br \/>\n2.What spatial configurations are likely to emerge within these markets and within the global auto industry more generally?<br \/>\n3.What division of activities is likely to develop between the emerging markets and the established vehicle-producing regions?<\/p>\n<p style=\"text-align: left;\"><a title=\"Global Strategies and Local Realities \u2013 The Auto Industry in Emerging Markets\" href=\"https:\/\/sites.usp.br\/lgi\/global-strategies-and-local-realities-the-auto-industry-in-emerging-markets\/\">Leia Mais<\/a><\/p>\n<p>&nbsp;<\/p>\n","protected":false},"excerpt":{"rendered":"<p>O livro &#8220;Healthcare Innovation&#8221; destaca a inova\u00e7\u00e3o no setor de sa\u00fade, com estudos de caso globais. O cap\u00edtulo escrito pelos membros do LGI, intitulado &#8220;Speeding Up Innovative Solutions Development in Emergencies: Lessons Learned from the Inspire Ventilator Project,&#8221; direciona o foco para a resposta \u00e0 escassez de ventiladores durante a pandemia de COVID-19. Liderados pela [&hellip;]<\/p>\n","protected":false},"author":1228,"featured_media":0,"parent":0,"menu_order":0,"comment_status":"closed","ping_status":"closed","template":"","meta":{"_monsterinsights_skip_tracking":false,"_monsterinsights_sitenote_active":false,"_monsterinsights_sitenote_note":"","_monsterinsights_sitenote_category":0,"footnotes":"","_links_to":"","_links_to_target":""},"class_list":["post-202","page","type-page","status-publish","hentry","entry"],"_links":{"self":[{"href":"https:\/\/sites.usp.br\/lgi\/wp-json\/wp\/v2\/pages\/202","targetHints":{"allow":["GET"]}}],"collection":[{"href":"https:\/\/sites.usp.br\/lgi\/wp-json\/wp\/v2\/pages"}],"about":[{"href":"https:\/\/sites.usp.br\/lgi\/wp-json\/wp\/v2\/types\/page"}],"author":[{"embeddable":true,"href":"https:\/\/sites.usp.br\/lgi\/wp-json\/wp\/v2\/users\/1228"}],"replies":[{"embeddable":true,"href":"https:\/\/sites.usp.br\/lgi\/wp-json\/wp\/v2\/comments?post=202"}],"version-history":[{"count":5,"href":"https:\/\/sites.usp.br\/lgi\/wp-json\/wp\/v2\/pages\/202\/revisions"}],"predecessor-version":[{"id":1264,"href":"https:\/\/sites.usp.br\/lgi\/wp-json\/wp\/v2\/pages\/202\/revisions\/1264"}],"wp:attachment":[{"href":"https:\/\/sites.usp.br\/lgi\/wp-json\/wp\/v2\/media?parent=202"}],"curies":[{"name":"wp","href":"https:\/\/api.w.org\/{rel}","templated":true}]}}