{"id":213,"date":"2019-11-21T11:58:08","date_gmt":"2019-11-21T13:58:08","guid":{"rendered":"https:\/\/sites.usp.br\/lgi\/?page_id=213"},"modified":"2026-03-24T22:38:36","modified_gmt":"2026-03-25T00:38:36","slug":"teses-e-dissertacoes","status":"publish","type":"page","link":"https:\/\/sites.usp.br\/lgi\/teses-e-dissertacoes\/","title":{"rendered":"Teses e Disserta\u00e7\u00f5es"},"content":{"rendered":"\t\t<div data-elementor-type=\"wp-page\" data-elementor-id=\"213\" class=\"elementor elementor-213\">\n\t\t\t\t\t\t<section class=\"elementor-section elementor-top-section elementor-element elementor-element-6d378528 elementor-section-boxed elementor-section-height-default elementor-section-height-default\" data-id=\"6d378528\" data-element_type=\"section\">\n\t\t\t\t\t\t<div class=\"elementor-container elementor-column-gap-default\">\n\t\t\t\t\t<div class=\"elementor-column elementor-col-100 elementor-top-column elementor-element elementor-element-657331d7\" data-id=\"657331d7\" data-element_type=\"column\">\n\t\t\t<div class=\"elementor-widget-wrap elementor-element-populated\">\n\t\t\t\t\t\t<div class=\"elementor-element elementor-element-4b5e4f6c elementor-widget__width-initial elementor-widget elementor-widget-text-editor\" data-id=\"4b5e4f6c\" data-element_type=\"widget\" data-widget_type=\"text-editor.default\">\n\t\t\t\t<div class=\"elementor-widget-container\">\n\t\t\t\t\t\t\t<h3>Teses \u00faltimos 5 anos<\/h3><p>Tiago Paz Lasmar, <a href=\"https:\/\/www.teses.usp.br\/teses\/disponiveis\/3\/3136\/tde-18032026-135044\/pt-br.php\">Alavancas habilitadoras para o sucesso do desenvolvimento de pequenas empresas de base tecnol\u00f3gica: uma an\u00e1lise configuracional das benefici\u00e1rias do Pipe \u2013 FAPESP.<\/a> 2026. Disserta\u00e7\u00e3o (Mestrado em Mestrado em Engenharia de Produ\u00e7\u00e3o) &#8211; (EPUSP) Escola Polit\u00e9cnica da Universidade de S\u00e3o Paulo. Orientador: Mario Sergio Salerno.<\/p><p>Marina Carelli Reis, <a href=\"https:\/\/www.teses.usp.br\/teses\/disponiveis\/3\/3136\/tde-03032026-081536\/pt-br.php\">Desdobrando os sistemas de gest\u00e3o da inova\u00e7\u00e3o em ag\u00eancias policiais nacionais: um estudo comparativo.<\/a> 2026. Tese (Doutorado em Engenharia de Produ\u00e7\u00e3o) &#8211; (EPUSP) Escola Polit\u00e9cnica da Universidade de S\u00e3o Paulo. Orientadora: Prof. Dra. Ana Paula Franco Paes Leme.<\/p><p>Catarina Corr\u00eaa von Sperling,\u00a0<a href=\"https:\/\/www.teses.usp.br\/teses\/disponiveis\/3\/3136\/tde-21012026-092647\/pt-br.php\" target=\"_blank\" rel=\"noopener\">Incerteza na gest\u00e3o da inova\u00e7\u00e3o: literatura, conceitos e atributos.<\/a>\u00a02025. Tese (Doutorado em Engenharia de Produ\u00e7\u00e3o) &#8211; (EPUSP) Escola Polit\u00e9cnica da Universidade de S\u00e3o Paulo. Orientador: Prof. Dr. Mario Sergio Salerno.<\/p><p>Leth\u00edcia Mallet Vivas, <a href=\"https:\/\/www.teses.usp.br\/teses\/disponiveis\/3\/3136\/tde-24032026-105624\/pt-br.php\">Managing ambidexterity tensions in transferring innovation projects to mainstream units.<\/a>\u00a02025. Tese (Doutorado em Engenharia de Produ\u00e7\u00e3o) &#8211; (EPUSP) Escola Polit\u00e9cnica da Universidade de S\u00e3o Paulo. Orientador: Prof. Dr. Mario Sergio Salerno.<\/p><p>Jo\u00e3o Vitor Nunes Leal, <a href=\"https:\/\/www.teses.usp.br\/teses\/disponiveis\/3\/3136\/tde-14112025-100132\/pt-br.php\">Acessando recursos para inova\u00e7\u00e3o estrat\u00e9gica: o fen\u00f4meno da contratualiza\u00e7\u00e3o<\/a>. 2025. Tese (Doutorado em Engenharia de Produ\u00e7\u00e3o) &#8211; (EPUSP) Escola Polit\u00e9cnica da Universidade de S\u00e3o Paulo. Orientador: Prof. Dr. Mario Sergio Salerno.<\/p><p>Felipe Massami Maruyama. <a href=\"https:\/\/www.teses.usp.br\/teses\/disponiveis\/3\/3136\/tde-19052025-081835\/pt-br.php\">V\u00f3rtice da falha empreendedora: como os empreendedores em startups interpretaram os diferentes fatores que os levaram \u00e0 falha do neg\u00f3cio e ao fracasso pessoal?<\/a> 2025. Tese (Doutorado em Engenharia de Produ\u00e7\u00e3o) &#8211; (EPUSP) Escola Polit\u00e9cnica da Universidade de S\u00e3o Paulo. Orientador: Prof. Dr. Mario Sergio Salerno.<\/p><p>Pryscilla Aparecida Vaz de Oliveira. Nurturing Strategic Innovation Talent in Established Organizations: The Role of Human Resource Management Practices. 2023. Tese (Doutorado em Engenharia de Produ\u00e7\u00e3o) &#8211; (EPUSP) Escola Polit\u00e9cnica da Universidade de S\u00e3o Paulo. Orientador: Prof. Dr. Mario Sergio Salerno.<\/p><p>Felipe Plana Maranzato. Integra\u00e7\u00e3o entre pesquisa e desenvolvimento: uma avalia\u00e7\u00e3o por m\u00e9todo configuracional comparativo. 2022. Tese (Doutorado em Engenharia de Produ\u00e7\u00e3o) &#8211; (EPUSP) Escola Polit\u00e9cnica da Universidade de S\u00e3o Paulo. Orientador: Mario Sergio Salerno.<\/p><p>Jaime Beer Frenkel. <a href=\"https:\/\/www.teses.usp.br\/teses\/disponiveis\/3\/3136\/tde-10072024-150320\/\">IMPLEMENTA\u00c7\u00c3O DE SISTEMAS DE GEST\u00c3O PARA INOVA\u00c7\u00d5ES ESTRAT\u00c9GICAS \u2013 ENTENDENDO COMO SE DESENVOLVE O PROCESSO, OS DESAFIOS ENFRENTADOS E COMO SUPER\u00c1-LOS.<\/a> 2022. Tese (Doutorado em Engenharia de Produ\u00e7\u00e3o) \u2013 (EPUSP) Escola Polit\u00e9cnica da Universidade de S\u00e3o Paulo. Orientador: Mario Sergio Salerno.<\/p><p>Frederico C\u00e9sar de Vasconcelos Gomes.\u00a0<a href=\"https:\/\/doi.org\/10.11606\/T.3.2021.tde-21112023-084308\" target=\"_blank\" rel=\"noopener\">O processo de percep\u00e7\u00e3o de incertezas dos empreendedores de startups e suas heur\u00edsticas.<\/a> 2021. Tese (Doutorado em Engenharia de Produ\u00e7\u00e3o) &#8211; (EPUSP) Escola Polit\u00e9cnica da Universidade de S\u00e3o Paulo. Orientador: Mario Sergio Salerno.<\/p><p>J\u00falio C\u00e9zar Fonseca de Melo. Radicalizing innovation in mature firms: a process-based investigation. 2021. Tese (Doutorado em Engenharia de Produ\u00e7\u00e3o) &#8211; (EPUSP) Escola Polit\u00e9cnica da Universidade de S\u00e3o Paulo. Orientador: Mario Sergio Salerno.<\/p><p>Vinicius Chagas Brasil. Portfolio management of radical innovation: towards a multi-level organizational approach. 2020. Tese (Doutorado em Engenharia de Produ\u00e7\u00e3o) &#8211; (EPUSP) Escola Polit\u00e9cnica da Universidade de S\u00e3o Paulo. Orientador: Mario Sergio Salerno.<\/p><p>Rafael Augusto Seixas Reis de Paula. Borrowing resources for radical innovation projects: an organizational discussion deepening the understanding of the innovation function. 2019. Tese (Doutorado em Engenharia de Produ\u00e7\u00e3o) &#8211; (EPUSP) Escola Polit\u00e9cnica da Universidade de S\u00e3o Paulo, Conselho Nacional de Desenvolvimento Cient\u00edfico e Tecnol\u00f3gico. Orientador: Mario Sergio Salerno.<\/p><p>Simone de Lara Teixeira Uchoa Freitas. <a href=\"https:\/\/teses.usp.br\/teses\/disponiveis\/3\/3136\/tde-13032017-135236\/pt-br.php\">Tipologia de heur\u00edsticas para a cria\u00e7\u00e3o de oportunidades empreendedoras por startups.<\/a> 2016. Tese (Doutorado em Engenharia de produ\u00e7\u00e3o) &#8211; Escola Polit\u00e9cnica da Universidade de S\u00e3o Paulo, Coordena\u00e7\u00e3o de Aperfei\u00e7oamento de Pessoal de N\u00edvel Superior. Orientador: Mario Sergio Salerno.<\/p><p>Debora Oliveira da Silva. <a href=\"https:\/\/teses.usp.br\/teses\/disponiveis\/3\/3136\/tde-22092016-102621\/pt-br.php\">Gest\u00e3o de portf\u00f3lio de projetos de inova\u00e7\u00e3o: an\u00e1lise das pr\u00e1ticas adotadas por empresas industriais de grande porte.<\/a> 2016. Tese (Doutorado em Engenharia de produ\u00e7\u00e3o) &#8211; Escola Polit\u00e9cnica da Universidade de S\u00e3o Paulo, Conselho Nacional de Desenvolvimento Cient\u00edfico e Tecnol\u00f3gico. Orientador: Mario Sergio Salerno.<\/p><h3>Disserta\u00e7\u00f5es \u00faltimos 5 anos<\/h3><div>Lucas Mendes de Oliveira, <a href=\"https:\/\/www.teses.usp.br\/teses\/disponiveis\/3\/3136\/tde-17122025-090124\/pt-br.php\">Abordagens de coordena\u00e7\u00e3o durante e ap\u00f3s uma crise: um estudo comparativo entre ambientes de inova\u00e7\u00e3o e de opera\u00e7\u00f5es em um centro p\u00fablico de imunobiologia.<\/a> 2025. Disserta\u00e7\u00e3o (Mestrado em Mestrado em Engenharia de Produ\u00e7\u00e3o) &#8211; (EPUSP) Escola Polit\u00e9cnica da Universidade de S\u00e3o Paulo. Orientador: Ana Paula Franco Paes Leme Barbosa.<\/div><div>\u00a0<\/div><div>K\u00e1tia Cristina Bassani. <a href=\"https:\/\/www.youtube.com\/watch?v=UtmDchmK-co&amp;t=30s\">Fun\u00e7\u00e3o Inova\u00e7\u00e3o Estrat\u00e9gica como uma fun\u00e7\u00e3o rede: uma an\u00e1lise sobre a integra\u00e7\u00e3o da Fun\u00e7\u00e3o Inova\u00e7\u00e3o Estrat\u00e9gica com as demais fun\u00e7\u00f5es da empresa para empr\u00e9stimo de recursos.<\/a> 2024. Disserta\u00e7\u00e3o (Mestrado em Mestrado em Engenharia de Produ\u00e7\u00e3o) &#8211; (EPUSP) Escola Polit\u00e9cnica da Universidade de S\u00e3o Paulo. Orientador: Mario Sergio Salerno.<\/div><div>\u00a0<\/div><div>Edivan Alexandre Ferreira. <a href=\"https:\/\/www.teses.usp.br\/teses\/disponiveis\/3\/3136\/tde-20082024-095356\/\">O impacto do programa de pesquisa inovativa (Pipe-Fapesp) nas empresas benefici\u00e1rias.<\/a> 2024. Disserta\u00e7\u00e3o (Mestrado em Mestrado em Engenharia de Produ\u00e7\u00e3o) &#8211; (EPUSP) Escola Polit\u00e9cnica da Universidade de S\u00e3o Paulo. Orientador: Mario Sergio Salerno.<\/div><div>\u00a0<\/div><div>Cristiane Matsumoto. Interpretations as digital transformation unfolds: incumbents\u2019 descriptions of key organizational changes (Interpreta\u00e7\u00f5es a partir do avan\u00e7o da transforma\u00e7\u00e3o digital: descri\u00e7\u00f5es de incumbentes sobre mudan\u00e7as organizacionais principais). 2022. Disserta\u00e7\u00e3o (Mestrado em Mestrado em Engenharia de Produ\u00e7\u00e3o) &#8211; (EPUSP) Escola Polit\u00e9cnica da Universidade de S\u00e3o Paulo. Orientadora: Ana Paula Franco Paes Leme Barbosa.<\/div><div>\u00a0<\/div><p>Rafael Marciano. Towards an understanding of corporate-startup engagement: The outcomes of corporate accelerators. 2020. Disserta\u00e7\u00e3o (Mestrado em Mestrado em Engenharia de Produ\u00e7\u00e3o) &#8211; (EPUSP) Escola Polit\u00e9cnica da Universidade de S\u00e3o Paulo. Orientador: Mario Sergio Salerno.<\/p><p>Camila Kiyomi Conegundes de Jesus. Gest\u00e3o de portf\u00f3lio de patentes: caracter\u00edsticas e modelo para aplica\u00e7\u00e3o. 2018. Disserta\u00e7\u00e3o (Mestrado em Mestrado em Engenharia de Produ\u00e7\u00e3o) &#8211; (EPUSP) Escola Polit\u00e9cnica da Universidade de S\u00e3o Paulo. Orientador: Mario Sergio Salerno.<\/p><p>Felipe Massami Maruyama.<a href=\"https:\/\/teses.usp.br\/teses\/disponiveis\/3\/3136\/tde-12032018-103531\/pt-br.php\"> Incubar ou acelerar? An\u00e1lise sobre o valor entregua para as startups pelas incubadoras e aceleradoras de neg\u00f3cios.<\/a> 2017. Disserta\u00e7\u00e3o (Mestrado em Mestrado em Engenharia de Produ\u00e7\u00e3o) &#8211; (EPUSP) Escola Polit\u00e9cnica da Universidade de S\u00e3o Paulo. Orientador: Mario Sergio Salerno.<\/p><p>Luis Eduardo do Amaral Bertazi. Sistema de indicadores para gest\u00e3o da inova\u00e7\u00e3o em PMEs industriais tradicionais. 2017. Disserta\u00e7\u00e3o (Mestrado em Mestrado em Engenharia de Produ\u00e7\u00e3o) &#8211; (EPUSP) Escola Polit\u00e9cnica da Universidade de S\u00e3o Paulo. Orientador: Mario Sergio Salerno.<\/p>\t\t\t\t\t\t<\/div>\n\t\t\t\t<\/div>\n\t\t\t\t\t<\/div>\n\t\t<\/div>\n\t\t\t\t\t<\/div>\n\t\t<\/section>\n\t\t\t\t<\/div>\n\t\t","protected":false},"excerpt":{"rendered":"<p>Teses \u00faltimos 5 anos Tiago Paz Lasmar, Alavancas habilitadoras para o sucesso do desenvolvimento de pequenas empresas de base tecnol\u00f3gica: uma an\u00e1lise configuracional das benefici\u00e1rias do Pipe \u2013 FAPESP. 2026. Disserta\u00e7\u00e3o (Mestrado em Mestrado em Engenharia de Produ\u00e7\u00e3o) &#8211; (EPUSP) Escola Polit\u00e9cnica da Universidade de S\u00e3o Paulo. Orientador: Mario Sergio Salerno. Marina Carelli Reis, Desdobrando [&hellip;]<\/p>\n","protected":false},"author":1228,"featured_media":0,"parent":0,"menu_order":0,"comment_status":"closed","ping_status":"closed","template":"","meta":{"_monsterinsights_skip_tracking":false,"_monsterinsights_sitenote_active":false,"_monsterinsights_sitenote_note":"","_monsterinsights_sitenote_category":0,"footnotes":"","_links_to":"","_links_to_target":""},"class_list":["post-213","page","type-page","status-publish","hentry","entry"],"_links":{"self":[{"href":"https:\/\/sites.usp.br\/lgi\/wp-json\/wp\/v2\/pages\/213","targetHints":{"allow":["GET"]}}],"collection":[{"href":"https:\/\/sites.usp.br\/lgi\/wp-json\/wp\/v2\/pages"}],"about":[{"href":"https:\/\/sites.usp.br\/lgi\/wp-json\/wp\/v2\/types\/page"}],"author":[{"embeddable":true,"href":"https:\/\/sites.usp.br\/lgi\/wp-json\/wp\/v2\/users\/1228"}],"replies":[{"embeddable":true,"href":"https:\/\/sites.usp.br\/lgi\/wp-json\/wp\/v2\/comments?post=213"}],"version-history":[{"count":4,"href":"https:\/\/sites.usp.br\/lgi\/wp-json\/wp\/v2\/pages\/213\/revisions"}],"predecessor-version":[{"id":1558,"href":"https:\/\/sites.usp.br\/lgi\/wp-json\/wp\/v2\/pages\/213\/revisions\/1558"}],"wp:attachment":[{"href":"https:\/\/sites.usp.br\/lgi\/wp-json\/wp\/v2\/media?parent=213"}],"curies":[{"name":"wp","href":"https:\/\/api.w.org\/{rel}","templated":true}]}}