{"id":215,"date":"2019-11-21T11:59:23","date_gmt":"2019-11-21T13:59:23","guid":{"rendered":"https:\/\/sites.usp.br\/lgi\/?page_id=215"},"modified":"2024-06-04T18:30:54","modified_gmt":"2024-06-04T20:30:54","slug":"contato","status":"publish","type":"page","link":"https:\/\/sites.usp.br\/lgi\/contato\/","title":{"rendered":"Contato"},"content":{"rendered":"\t\t<div data-elementor-type=\"wp-page\" data-elementor-id=\"215\" class=\"elementor elementor-215\">\n\t\t\t\t\t\t<section class=\"elementor-section elementor-top-section elementor-element elementor-element-7a18683b elementor-section-boxed elementor-section-height-default elementor-section-height-default\" data-id=\"7a18683b\" data-element_type=\"section\">\n\t\t\t\t\t\t<div class=\"elementor-container elementor-column-gap-default\">\n\t\t\t\t\t<div class=\"elementor-column elementor-col-100 elementor-top-column elementor-element elementor-element-78b0f17b\" data-id=\"78b0f17b\" data-element_type=\"column\">\n\t\t\t<div class=\"elementor-widget-wrap elementor-element-populated\">\n\t\t\t\t\t\t<div class=\"elementor-element elementor-element-46732561 elementor-widget elementor-widget-text-editor\" data-id=\"46732561\" data-element_type=\"widget\" data-widget_type=\"text-editor.default\">\n\t\t\t\t<div class=\"elementor-widget-container\">\n\t\t\t\t\t\t\t<header><h5><strong><span style=\"font-size: 16px;\">Endere\u00e7o:<\/span><\/strong><\/h5><p><span style=\"font-size: 16px;\">Departamento de Engenharia de Produ\u00e7\u00e3o<br \/><\/span><span style=\"font-size: 16px;\">Escola Polit\u00e9cnica<br \/>Av. Prof. Luciano Gualberto, 1380<\/span><br \/><span style=\"font-family: 'Open Sans', sans-serif; font-size: 16px; font-style: normal; font-variant-ligatures: normal; font-variant-caps: normal; font-weight: 400;\">Butant\u00e3<\/span><br \/><span style=\"font-family: 'Open Sans', sans-serif; font-size: 16px; font-style: normal; font-variant-ligatures: normal; font-variant-caps: normal; font-weight: 400;\">S\u00e3o Paulo &#8211; SP<\/span><br \/>CEP:\u00a0<span style=\"font-family: 'Open Sans', sans-serif; font-size: 16px; font-style: normal; font-variant-ligatures: normal; font-variant-caps: normal; font-weight: 400;\">05508-010<\/span><\/p><\/header><h6>\u00a0Email: msalerno@usp.br\u00a0 |\u00a0 aleme@usp.br\u00a0<\/h6>\t\t\t\t\t\t<\/div>\n\t\t\t\t<\/div>\n\t\t\t\t\t<\/div>\n\t\t<\/div>\n\t\t\t\t\t<\/div>\n\t\t<\/section>\n\t\t\t\t<section class=\"elementor-section elementor-top-section elementor-element elementor-element-8377184 elementor-section-boxed elementor-section-height-default elementor-section-height-default\" data-id=\"8377184\" data-element_type=\"section\">\n\t\t\t\t\t\t<div class=\"elementor-container elementor-column-gap-default\">\n\t\t\t\t\t<div class=\"elementor-column elementor-col-100 elementor-top-column elementor-element elementor-element-61eb1e3\" data-id=\"61eb1e3\" data-element_type=\"column\">\n\t\t\t<div class=\"elementor-widget-wrap elementor-element-populated\">\n\t\t\t\t\t\t<div class=\"elementor-element elementor-element-b28cdaa e-transform elementor-widget elementor-widget-google_maps\" data-id=\"b28cdaa\" data-element_type=\"widget\" data-settings=\"{&quot;_transform_scale_effect&quot;:{&quot;unit&quot;:&quot;px&quot;,&quot;size&quot;:&quot;&quot;,&quot;sizes&quot;:[]},&quot;_transform_scale_effect_tablet&quot;:{&quot;unit&quot;:&quot;px&quot;,&quot;size&quot;:&quot;&quot;,&quot;sizes&quot;:[]},&quot;_transform_scale_effect_mobile&quot;:{&quot;unit&quot;:&quot;px&quot;,&quot;size&quot;:&quot;&quot;,&quot;sizes&quot;:[]}}\" data-widget_type=\"google_maps.default\">\n\t\t\t\t<div class=\"elementor-widget-container\">\n\t\t\t\t\t<div class=\"elementor-custom-embed\">\n\t\t\t<iframe loading=\"lazy\"\n\t\t\t\t\tsrc=\"https:\/\/maps.google.com\/maps?q=Av.%20Prof.%20Luciano%20Gualberto%2C%201380%20Butant%C3%A3%2C%20S%C3%A3o%20Paulo%20-%20SP%2C%2005508-010&#038;t=m&#038;z=11&#038;output=embed&#038;iwloc=near\"\n\t\t\t\t\ttitle=\"Av. Prof. Luciano Gualberto, 1380 Butant\u00e3, S\u00e3o Paulo - SP, 05508-010\"\n\t\t\t\t\taria-label=\"Av. Prof. Luciano Gualberto, 1380 Butant\u00e3, S\u00e3o Paulo - SP, 05508-010\"\n\t\t\t><\/iframe>\n\t\t<\/div>\n\t\t\t\t<\/div>\n\t\t\t\t<\/div>\n\t\t\t\t\t<\/div>\n\t\t<\/div>\n\t\t\t\t\t<\/div>\n\t\t<\/section>\n\t\t\t\t<section class=\"elementor-section elementor-top-section elementor-element elementor-element-e844645 elementor-section-boxed elementor-section-height-default elementor-section-height-default\" data-id=\"e844645\" data-element_type=\"section\">\n\t\t\t\t\t\t<div class=\"elementor-container elementor-column-gap-default\">\n\t\t\t\t\t<div class=\"elementor-column elementor-col-100 elementor-top-column elementor-element elementor-element-b672f5e\" data-id=\"b672f5e\" data-element_type=\"column\">\n\t\t\t<div class=\"elementor-widget-wrap elementor-element-populated\">\n\t\t\t\t\t\t<div class=\"elementor-element elementor-element-2b7036e elementor-shape-circle elementor-grid-0 e-grid-align-center elementor-widget elementor-widget-social-icons\" data-id=\"2b7036e\" data-element_type=\"widget\" data-widget_type=\"social-icons.default\">\n\t\t\t\t<div class=\"elementor-widget-container\">\n\t\t\t\t\t<div class=\"elementor-social-icons-wrapper elementor-grid\">\n\t\t\t\t\t\t\t<span class=\"elementor-grid-item\">\n\t\t\t\t\t<a class=\"elementor-icon elementor-social-icon elementor-social-icon-youtube elementor-animation-bounce-in elementor-repeater-item-10fc8c1\" href=\"https:\/\/www.youtube.com\/channel\/UCSH731hIki3QFxPGMnGYhZQ\/featured\" target=\"_blank\">\n\t\t\t\t\t\t<span class=\"elementor-screen-only\">Youtube<\/span>\n\t\t\t\t\t\t<i class=\"fab fa-youtube\"><\/i>\t\t\t\t\t<\/a>\n\t\t\t\t<\/span>\n\t\t\t\t\t\t\t<span class=\"elementor-grid-item\">\n\t\t\t\t\t<a class=\"elementor-icon elementor-social-icon elementor-social-icon-linkedin elementor-animation-bounce-in elementor-repeater-item-16756da\" href=\"https:\/\/www.linkedin.com\/company\/laborat%C3%B3rio-de-gest%C3%A3o-da-inova%C3%A7%C3%A3o-lgi-usp\" target=\"_blank\">\n\t\t\t\t\t\t<span class=\"elementor-screen-only\">Linkedin<\/span>\n\t\t\t\t\t\t<i class=\"fab fa-linkedin\"><\/i>\t\t\t\t\t<\/a>\n\t\t\t\t<\/span>\n\t\t\t\t\t<\/div>\n\t\t\t\t<\/div>\n\t\t\t\t<\/div>\n\t\t\t\t\t<\/div>\n\t\t<\/div>\n\t\t\t\t\t<\/div>\n\t\t<\/section>\n\t\t\t\t<\/div>\n\t\t","protected":false},"excerpt":{"rendered":"<p>Endere\u00e7o: Departamento de Engenharia de Produ\u00e7\u00e3oEscola Polit\u00e9cnicaAv. Prof. Luciano Gualberto, 1380Butant\u00e3S\u00e3o Paulo &#8211; SPCEP:\u00a005508-010 \u00a0Email: msalerno@usp.br\u00a0 |\u00a0 aleme@usp.br\u00a0 Youtube Linkedin<\/p>\n","protected":false},"author":1228,"featured_media":0,"parent":0,"menu_order":1,"comment_status":"closed","ping_status":"closed","template":"","meta":{"_monsterinsights_skip_tracking":false,"_monsterinsights_sitenote_active":false,"_monsterinsights_sitenote_note":"","_monsterinsights_sitenote_category":0,"footnotes":"","_links_to":"","_links_to_target":""},"class_list":["post-215","page","type-page","status-publish","hentry","entry"],"_links":{"self":[{"href":"https:\/\/sites.usp.br\/lgi\/wp-json\/wp\/v2\/pages\/215","targetHints":{"allow":["GET"]}}],"collection":[{"href":"https:\/\/sites.usp.br\/lgi\/wp-json\/wp\/v2\/pages"}],"about":[{"href":"https:\/\/sites.usp.br\/lgi\/wp-json\/wp\/v2\/types\/page"}],"author":[{"embeddable":true,"href":"https:\/\/sites.usp.br\/lgi\/wp-json\/wp\/v2\/users\/1228"}],"replies":[{"embeddable":true,"href":"https:\/\/sites.usp.br\/lgi\/wp-json\/wp\/v2\/comments?post=215"}],"version-history":[{"count":4,"href":"https:\/\/sites.usp.br\/lgi\/wp-json\/wp\/v2\/pages\/215\/revisions"}],"predecessor-version":[{"id":1352,"href":"https:\/\/sites.usp.br\/lgi\/wp-json\/wp\/v2\/pages\/215\/revisions\/1352"}],"wp:attachment":[{"href":"https:\/\/sites.usp.br\/lgi\/wp-json\/wp\/v2\/media?parent=215"}],"curies":[{"name":"wp","href":"https:\/\/api.w.org\/{rel}","templated":true}]}}