{"id":267,"date":"2019-11-21T12:43:33","date_gmt":"2019-11-21T14:43:33","guid":{"rendered":"https:\/\/sites.usp.br\/lgi\/?page_id=267"},"modified":"2022-03-22T20:08:28","modified_gmt":"2022-03-22T22:08:28","slug":"observatorio-da-inovacao","status":"publish","type":"page","link":"https:\/\/sites.usp.br\/lgi\/observatorio-da-inovacao\/","title":{"rendered":"Conhe\u00e7a o Observat\u00f3rio da Inova\u00e7\u00e3o e Competitividade da USP"},"content":{"rendered":"<header>\n<h1>Conhe\u00e7a o Observat\u00f3rio da Inova\u00e7\u00e3o e Competitividade da USP<\/h1>\n<\/header>\n<section class=\"entry fix\">O N\u00facleo de Apoio \u00e0 Pesquisa Observat\u00f3rio da Inova\u00e7\u00e3o e\u00a0Competitividade (NAP-OIC), com sede no Instituto Estudos Avan\u00e7ados da USP (IEA) \u00e9\u00a0um grupo de pesquisa interdisciplinar voltado ao estudo do processo de Inova\u00e7\u00e3o no\u00a0Brasil.O Observat\u00f3rio\u00a0\u00e9 formado por docentes\/pesquisadores e alunos de gradua\u00e7\u00e3o e p\u00f3s-gradua\u00e7\u00e3o vinculados \u00e0 USP e a outras institui\u00e7\u00f5es de pesquisa. Sua atua\u00e7\u00e3o envolve a elabora\u00e7\u00e3o de pesquisas, consultorias e an\u00e1lises\u00a0abrangentes sobre inova\u00e7\u00e3o, \u00a0al\u00e9m de realizar semin\u00e1rios abertos ao p\u00fablico geral para debater e difundir esse conhecimento.Conhe\u00e7a mais sobre o Observat\u00f3rio, conhe\u00e7a a agenda de semin\u00e1rios e assista aos eventos j\u00e1 realizados no\u00a0<a href=\"http:\/\/oic.nap.usp.br\/\" target=\"_blank\" rel=\"noopener noreferrer\">site\u00a0<\/a>do OIC.<\/p>\n<\/section>\n","protected":false},"excerpt":{"rendered":"<p>Conhe\u00e7a o Observat\u00f3rio da Inova\u00e7\u00e3o e Competitividade da USP O N\u00facleo de Apoio \u00e0 Pesquisa Observat\u00f3rio da Inova\u00e7\u00e3o e\u00a0Competitividade (NAP-OIC), com sede no Instituto Estudos Avan\u00e7ados da USP (IEA) \u00e9\u00a0um grupo de pesquisa interdisciplinar voltado ao estudo do processo de Inova\u00e7\u00e3o no\u00a0Brasil.O Observat\u00f3rio\u00a0\u00e9 formado por docentes\/pesquisadores e alunos de gradua\u00e7\u00e3o e p\u00f3s-gradua\u00e7\u00e3o vinculados \u00e0 USP [&hellip;]<\/p>\n","protected":false},"author":1228,"featured_media":916,"parent":0,"menu_order":0,"comment_status":"closed","ping_status":"closed","template":"","meta":{"_monsterinsights_skip_tracking":false,"_monsterinsights_sitenote_active":false,"_monsterinsights_sitenote_note":"","_monsterinsights_sitenote_category":0,"footnotes":"","_links_to":"","_links_to_target":""},"class_list":["post-267","page","type-page","status-publish","has-post-thumbnail","hentry","entry","has-media"],"_links":{"self":[{"href":"https:\/\/sites.usp.br\/lgi\/wp-json\/wp\/v2\/pages\/267","targetHints":{"allow":["GET"]}}],"collection":[{"href":"https:\/\/sites.usp.br\/lgi\/wp-json\/wp\/v2\/pages"}],"about":[{"href":"https:\/\/sites.usp.br\/lgi\/wp-json\/wp\/v2\/types\/page"}],"author":[{"embeddable":true,"href":"https:\/\/sites.usp.br\/lgi\/wp-json\/wp\/v2\/users\/1228"}],"replies":[{"embeddable":true,"href":"https:\/\/sites.usp.br\/lgi\/wp-json\/wp\/v2\/comments?post=267"}],"version-history":[{"count":4,"href":"https:\/\/sites.usp.br\/lgi\/wp-json\/wp\/v2\/pages\/267\/revisions"}],"predecessor-version":[{"id":918,"href":"https:\/\/sites.usp.br\/lgi\/wp-json\/wp\/v2\/pages\/267\/revisions\/918"}],"wp:featuredmedia":[{"embeddable":true,"href":"https:\/\/sites.usp.br\/lgi\/wp-json\/wp\/v2\/media\/916"}],"wp:attachment":[{"href":"https:\/\/sites.usp.br\/lgi\/wp-json\/wp\/v2\/media?parent=267"}],"curies":[{"name":"wp","href":"https:\/\/api.w.org\/{rel}","templated":true}]}}