{"id":149,"date":"2019-11-19T14:35:16","date_gmt":"2019-11-19T16:35:16","guid":{"rendered":"https:\/\/sites.usp.br\/lgp\/?page_id=149"},"modified":"2020-02-14T15:23:54","modified_gmt":"2020-02-14T17:23:54","slug":"livros","status":"publish","type":"page","link":"https:\/\/sites.usp.br\/lgp\/en\/livros\/","title":{"rendered":"Books"},"content":{"rendered":"<div><a href=\"https:\/\/sites.usp.br\/lgp\/wp-content\/uploads\/sites\/639\/2019\/11\/Fundamentos-em-Gest\u00e3o-de-Projetos.png\"><img loading=\"lazy\" decoding=\"async\" class=\"alignnone size-full wp-image-222\" src=\"https:\/\/sites.usp.br\/lgp\/wp-content\/uploads\/sites\/639\/2019\/11\/Fundamentos-em-Gest\u00e3o-de-Projetos.png\" alt=\"\" width=\"146\" height=\"197\" \/><\/a><\/div>\n<div>CARVALHO, M. M.; RABECHINI Jr, R. Fundamentos em Gest\u00e3o de Projetos: Construindo Compet\u00eancias para Gerenciar Projetos. S\u00e3o Paulo: Editora Atlas, 4\u00aa edi\u00e7\u00e3o, 2015.<a href=\"http:\/\/www.grupogen.com.br\/fundamentos-gestao-projetos-23138\" target=\"_blank\" rel=\"noopener noreferrer\">Compre j\u00e1<\/a><br \/>\nCARVALHO, M. M.; RABECHINI JR, R. Construindo Compet\u00eancias para gerenciar projetos. S\u00e3o Paulo: Editora Atlas, 3\u00aa edi\u00e7\u00e3o, 2011, 422 p.<br \/>\nCARVALHO, M. M.; RABECHINI JR, R. Construindo Compet\u00eancias para gerenciar projetos. S\u00e3o Paulo: Editora Atlas, 2\u00aa edi\u00e7\u00e3o, 2007, 317 p.<br \/>\nCARVALHO, M. M.; RABECHINI JR, R. Construindo Compet\u00eancias para gerenciar projetos. S\u00e3o Paulo: Editora Atlas, 1\u00aa edi\u00e7\u00e3o, 2005, 317 p.<br \/>\nV\u00eddeo-aulas dispon\u00edveis neste<a title=\"V\u00eddeo-aulas de Gest\u00e3o de Projetos\" href=\"http:\/\/www.veduca.com.br\/assistir\/gestao-de-projetos\" target=\"_blank\" rel=\"noopener noreferrer\">\u00a0link<\/a>\u00a0\u00a0\u00a0\u00a0\u00a0\u00a0\u00a0\u00a0\u00a0\u00a0\u00a0\u00a0 Material de apoio do professor dispon\u00edvel neste\u00a0<a title=\"Material do Professor\" href=\"http:\/\/gen-io.grupogen.com.br\/gen-io\/index.php?option=com_content&amp;view=article&amp;id=1227\" target=\"_blank\" rel=\"noopener noreferrer\">link<\/a> \u00a0<a title=\"Diagn\u00f3stico ProValor\" href=\"https:\/\/docs.google.com\/forms\/d\/e\/1FAIpQLSe_tbYTBel-UOKK3pZw0w8SKKmEFEREKH0h7gNJjhMKQ5yztQ\/viewform?c=0&amp;w=1\" target=\"_blank\" rel=\"noopener noreferrer\">Quer fazer o diagn\u00f3stico de sustentabilidade de seu projeto?\u00a0click\u00a0aqui<\/a><\/div>\n<div><\/div>\n<div><\/div>\n<div><\/div>\n<div><\/div>\n<div><a href=\"https:\/\/sites.usp.br\/lgp\/wp-content\/uploads\/sites\/639\/2019\/11\/Max-E.jpg\"><img loading=\"lazy\" decoding=\"async\" class=\"alignnone size-full wp-image-223\" src=\"https:\/\/sites.usp.br\/lgp\/wp-content\/uploads\/sites\/639\/2019\/11\/Max-E.jpg\" alt=\"\" width=\"128\" height=\"188\" \/><\/a><br \/>\nCARVALHO, M. M., PRIETO, V. C., BOUER, R. Maximiza\u00e7\u00e3o da Estrat\u00e9gia: provendo resultados por meio do alinhamento, execu\u00e7\u00e3o e medi\u00e7\u00e3o. Rio de Janeiro : Elsevier, 2013, v.1. p.207.<br \/>\n<a title=\"Diagn\u00f3stico MaxE\" href=\"https:\/\/docs.google.com\/forms\/d\/e\/1FAIpQLSdEvV6whh3X1uXsnyEWQvQ5OhIm8QV-s_jzFJQg3tJfHqeESw\/viewform?c=0&amp;w=1\" target=\"_blank\" rel=\"noopener noreferrer\">Quer fazer o diagn\u00f3stico de estrat\u00e9gia?\u00a0click aqui<\/a><\/div>\n<div><\/div>\n<div><\/div>\n<div><\/div>\n<div><\/div>\n<div><a href=\"https:\/\/sites.usp.br\/lgp\/wp-content\/uploads\/sites\/639\/2019\/11\/Inova\u00e7\u00e3oestrat\u00e9gia.png\"><img loading=\"lazy\" decoding=\"async\" class=\"alignnone size-full wp-image-225\" src=\"https:\/\/sites.usp.br\/lgp\/wp-content\/uploads\/sites\/639\/2019\/11\/Inova\u00e7\u00e3oestrat\u00e9gia.png\" alt=\"\" width=\"146\" height=\"197\" \/><\/a><br \/>\nCARVALHO, M. M. Inova\u00e7\u00e3o: estrat\u00e9gia e comunidades de conhecimento. S\u00e3o Paulo: editora atlas, 1\u00aa edi\u00e7\u00e3o, 2009, 161 p.<br \/>\n<a title=\"Inova\u00e7\u00e3o\" href=\"https:\/\/www.researchgate.net\/publication\/309455914_Inovacao_Estrategias_e_comunidades_de_conhecimento\" target=\"_blank\" rel=\"noopener noreferrer\">Free download<\/a><\/div>\n<div><\/div>\n<div><\/div>\n<div><\/div>\n<div><a href=\"https:\/\/sites.usp.br\/lgp\/wp-content\/uploads\/sites\/639\/2019\/11\/Gest\u00e3o-de-Servi\u00e7os_1-124x150.jpg\"><img loading=\"lazy\" decoding=\"async\" class=\"alignnone size-full wp-image-226\" src=\"https:\/\/sites.usp.br\/lgp\/wp-content\/uploads\/sites\/639\/2019\/11\/Gest\u00e3o-de-Servi\u00e7os_1-124x150.jpg\" alt=\"\" width=\"124\" height=\"150\" \/><\/a><\/div>\n<div>CARVALHO, M.M, PALADINI, E.P., RIBEIRO,J.L.D, FOGLIATTO, F.S, MARTINS, R.A.(Org) Gest\u00e3o de Servi\u00e7os: Casos Brasileiros. S\u00e3o Paulo: Atlas, 2013, p.279.<br \/>\n<a title=\"Gest\u00e3o de Servi\u00e7os\" href=\"https:\/\/www.researchgate.net\/publication\/309456212_Gestao_de_Servicos_Casos_brasileiros\" target=\"_blank\" rel=\"noopener noreferrer\">Free Download<\/a><\/div>\n<div><\/div>\n<div><\/div>\n<div><\/div>\n<div><\/div>\n<div><a href=\"https:\/\/sites.usp.br\/lgp\/wp-content\/uploads\/sites\/639\/2019\/11\/Gerenciamento-de-projeto-na-pr\u00e1tica-2.png\"><img loading=\"lazy\" decoding=\"async\" class=\"alignnone size-full wp-image-227\" src=\"https:\/\/sites.usp.br\/lgp\/wp-content\/uploads\/sites\/639\/2019\/11\/Gerenciamento-de-projeto-na-pr\u00e1tica-2.png\" alt=\"\" width=\"146\" height=\"197\" \/><\/a><br \/>\nRABECHINI Jr, R.; CARVALHO, M. M. (Org.) Gerenciamento de projeto na pr\u00e1tica 2: casos brasileiros. S\u00e3o Paulo: editora atlas, 1\u00aa edi\u00e7\u00e3o, 2009, 250p.<br \/>\n<a title=\"Gest\u00e3o de Projetos na Pr\u00e1tica (Vol2)\" href=\"https:\/\/www.researchgate.net\/publication\/309455682_Gerenciamento_de_projetos_na_pratica_casos_brasileiros_Volume_2\" target=\"_blank\" rel=\"noopener noreferrer\">Free Download<\/a><\/div>\n<div><\/div>\n<div><\/div>\n<div><\/div>\n<div><\/div>\n<div><a href=\"https:\/\/sites.usp.br\/lgp\/wp-content\/uploads\/sites\/639\/2019\/11\/Gerenciamento-de-projeto-na-pr\u00e1ticacasos-brasileiros.png\"><img loading=\"lazy\" decoding=\"async\" class=\"alignnone size-full wp-image-228\" src=\"https:\/\/sites.usp.br\/lgp\/wp-content\/uploads\/sites\/639\/2019\/11\/Gerenciamento-de-projeto-na-pr\u00e1ticacasos-brasileiros.png\" alt=\"\" width=\"137\" height=\"163\" \/><\/a><br \/>\nRABECHINI Jr, R.; CARVALHO, M. M. (Org.) Gerenciamento de projeto na pr\u00e1tica: casos brasileiros. S\u00e3o Paulo: editora atlas, 1\u00aa edi\u00e7\u00e3o, 2007, 220p.<br \/>\n<a title=\"Gest\u00e3o de Projetos na Pr\u00e1tica (Vol1)\" href=\"https:\/\/www.researchgate.net\/publication\/309454956_Gerenciamento_de_projetos_na_pratica_casos_brasileiros\" target=\"_blank\" rel=\"noopener noreferrer\">Free Download<\/a><\/div>\n<div><\/div>\n<div><\/div>\n<div><\/div>\n<div><\/div>\n<div><a href=\"https:\/\/sites.usp.br\/lgp\/wp-content\/uploads\/sites\/639\/2019\/11\/Estrat\u00e9gia-competitiva.png\"><img loading=\"lazy\" decoding=\"async\" class=\"alignnone size-full wp-image-229\" src=\"https:\/\/sites.usp.br\/lgp\/wp-content\/uploads\/sites\/639\/2019\/11\/Estrat\u00e9gia-competitiva.png\" alt=\"\" width=\"146\" height=\"197\" \/><\/a><br \/>\nCARVALHO, M. M.; LAURINDO, F.J.B. Estrat\u00e9gia competitiva: dos conceitos \u00e0 implementa\u00e7\u00e3o. S\u00e3o Paulo: Editora Atlas, 2\u00aa edi\u00e7\u00e3o, 2007, 227 p.<br \/>\nCARVALHO, M. M.; LAURINDO, F. J. B. Estrat\u00e9gias para a competitividade. S\u00e3o Paulo: Editora Futura, pg 254, 2003.<br \/>\n<a title=\"Estrat\u00e9gia Competitiva\" href=\"https:\/\/www.researchgate.net\/publication\/309454242_Estrategia_Competitiva_Dos_conceitos_a_Implementacao\" target=\"_blank\" rel=\"noopener noreferrer\">Free Download<\/a><\/div>\n<div><\/div>\n<div><\/div>\n<div><\/div>\n<div><\/div>\n<div><a href=\"https:\/\/sites.usp.br\/lgp\/wp-content\/uploads\/sites\/639\/2019\/11\/Strategic-Alignment-Process-and-Decision-Support-Systems.png\"><img loading=\"lazy\" decoding=\"async\" class=\"alignnone size-full wp-image-230\" src=\"https:\/\/sites.usp.br\/lgp\/wp-content\/uploads\/sites\/639\/2019\/11\/Strategic-Alignment-Process-and-Decision-Support-Systems.png\" alt=\"\" width=\"146\" height=\"197\" \/><\/a><br \/>\nSHIMIZU, T..; CARVALHO, M.M. LAURINDO, F.J.B; Strategic Alignment Process and Decision Support Systems: Theory and Case Studies. Hershey: Idea Group, 2006, 357 p.<br \/>\n<a href=\"http:\/\/www.amazon.com\/Strategic-Alignment-Process-Decision-Support\/dp\/1591409772\/ref=mt_paperback?_encoding=UTF8&amp;me=\" target=\"_blank\" rel=\"noopener noreferrer\">Compre j\u00e1<\/a><\/div>\n<div><\/div>\n<div><\/div>\n<div><\/div>\n<div><\/div>\n<div><a href=\"https:\/\/sites.usp.br\/lgp\/wp-content\/uploads\/sites\/639\/2019\/11\/Gest\u00e3o-da-QualidadeTeoria-e-Casos.png\"><img loading=\"lazy\" decoding=\"async\" class=\"alignnone size-full wp-image-231\" src=\"https:\/\/sites.usp.br\/lgp\/wp-content\/uploads\/sites\/639\/2019\/11\/Gest\u00e3o-da-QualidadeTeoria-e-Casos.png\" alt=\"\" width=\"146\" height=\"197\" \/><\/a><br \/>\nCARVALHO, M. M.; PALADINI, E.P. (Org.) Gest\u00e3o da Qualidade: Teoria e Casos. Rio de Janeiro: Editora Campus, 2012, 2\u00aa Edi\u00e7\u00e3o, 430 p.<br \/>\nCARVALHO, M. M.; PALADINI, E.P. (Org.) Gest\u00e3o da Qualidade: Teoria e Casos. Rio de Janeiro: Editora Campus, 2006, 376 p.<br \/>\n<a href=\"http:\/\/www.elsevier.com.br\/site\/produtos\/Detalhe-Produto.aspx?tid=84003&amp;seg=21&amp;cat=809&amp;tit=Gest%C3%A3o%20da%20Qualidade%20-%202%20EDI%C3%87%C3%83O\" target=\"_blank\" rel=\"noopener noreferrer\">Compre j\u00e1<\/a><\/div>\n<div><\/div>\n<div><\/div>\n<div><\/div>\n<div><\/div>\n<div><a href=\"https:\/\/sites.usp.br\/lgp\/wp-content\/uploads\/sites\/639\/2019\/11\/Project-management-models.png\"><img loading=\"lazy\" decoding=\"async\" class=\"alignnone size-full wp-image-232\" src=\"https:\/\/sites.usp.br\/lgp\/wp-content\/uploads\/sites\/639\/2019\/11\/Project-management-models.png\" alt=\"\" width=\"146\" height=\"197\" \/><\/a><br \/>\nCARVALHO, M.M.; LAURINDO, F.J.B.; PESSOA, M.P.S. Project management models in IT. In: KHOSROW-POUR, Medhi (Ed.). Encyclopedia of information science and technology. Hershey: Idea Group, 2005. p. 2353-2358.<br \/>\nLAURINDO, F.J.B.; CARVALHO, M.M.; SHIMIZU, T.. Information technology estrategic alignment. In: KHOSROW-POUR, Medhi (Ed.). Encyclopedia of information science and technology. Hershey: Idea Group, 2005. p. 1503-407.<br \/>\n<a href=\"http:\/\/www.idea-group.com\/reference\/details.asp?id=4455\" target=\"_blank\" rel=\"noopener noreferrer\">http:\/\/www.idea-group.com\/reference\/details.asp?id=4455<\/a><\/div>\n<div><\/div>\n<div><\/div>\n<div><\/div>\n<div><\/div>\n<div><a href=\"https:\/\/sites.usp.br\/lgp\/wp-content\/uploads\/sites\/639\/2019\/11\/Information-Technology-Project.png\"><img loading=\"lazy\" decoding=\"async\" class=\"alignnone size-full wp-image-233\" src=\"https:\/\/sites.usp.br\/lgp\/wp-content\/uploads\/sites\/639\/2019\/11\/Information-Technology-Project.png\" alt=\"\" width=\"146\" height=\"197\" \/><\/a><br \/>\nCARVALHO, M. M.; LAURINDO, F. J. B.; PESS\u00d4A, M. S. P. Information Technology Project management to achieve efficiency in Brazilian Companies. In: KAMEL, Sherif. (Org.). \u201cManaging Globally with Information Technology\u201d, Hershey, p. 260-271, 2003.<br \/>\n<a href=\"http:\/\/www.idea-group.com\/books\/details.asp?id=4047\" target=\"_blank\" rel=\"noopener noreferrer\">http:\/\/www.idea-group.com\/books\/details.asp?id=4047<\/a><\/div>\n<div><\/div>\n<div><\/div>\n<div><\/div>\n<div><\/div>\n<div><a href=\"https:\/\/sites.usp.br\/lgp\/wp-content\/uploads\/sites\/639\/2019\/11\/Information-Technology-Strategy-Alignment.png\"><img loading=\"lazy\" decoding=\"async\" class=\"alignnone size-full wp-image-234\" src=\"https:\/\/sites.usp.br\/lgp\/wp-content\/uploads\/sites\/639\/2019\/11\/Information-Technology-Strategy-Alignment.png\" alt=\"\" width=\"146\" height=\"197\" \/><\/a><br \/>\nLAURINDO, F. J. B.; CARVALHO, M. M.; SHIMIZU, T. Information Technology Strategy Alignment: Brazilian Cases. In: KANGAS, Kalle. (Org.). \u201cBusiness Strategies for Information Technology Management\u201d. Hershey, p. 186-199, 2003.<br \/>\n<a href=\"http:\/\/www.idea-group.com\/books\/details.asp?id=4039\" target=\"_blank\" rel=\"noopener noreferrer\">http:\/\/www.idea-group.com\/books\/details.asp?id=4039<\/a><\/div>\n<div><\/div>\n<div><\/div>\n<div><\/div>\n<div><\/div>\n<div><a href=\"https:\/\/sites.usp.br\/lgp\/wp-content\/uploads\/sites\/639\/2019\/11\/Rela\u00e7\u00f5es-entre-empresas.png\"><img loading=\"lazy\" decoding=\"async\" class=\"alignnone size-full wp-image-235\" src=\"https:\/\/sites.usp.br\/lgp\/wp-content\/uploads\/sites\/639\/2019\/11\/Rela\u00e7\u00f5es-entre-empresas.png\" alt=\"\" width=\"146\" height=\"197\" \/><\/a><br \/>\nCARVALHO, M. M.. Rela\u00e7\u00f5es entre empresas, compet\u00eancias coletivas e tipos de governan\u00e7a em clusters de alta tecnologia do estado de S\u00e3o Paulo. In: AMATO NETO, J. (Org.). Redes entre organiza\u00e7\u00f5es. S\u00e3o Paulo: Atlas, 2005. p. 39-53.<br \/>\nLAURINDO, F.J.B; CARVALHO, M.M.. Desagrega\u00e7\u00e3o da ind\u00fastria de computadores pessoas (PCs): o caso brasileiro. In: AMATO NETO, J. (Org.). Redes entre organiza\u00e7\u00f5es. S\u00e3o Paulo: Atlas, 2005. p. 231-39.<br \/>\nAMATO NETO, J.; FLEURY, A.C.C.; LAURINDO, F.J.B.; CARVALHO, M.M.; GARCIA, R.C. An\u00e1lise das condi\u00e7\u00f5es de desenvolvimento da ind\u00fastria brasileira de semicondutores. In: AMATO NETO, J. (Org.). Redes entre organiza\u00e7\u00f5es. S\u00e3o Paulo: Atlas, 2005. p.120-30.<br \/>\n<a href=\"http:\/\/www.editoraatlas.com.br\/Atlas\/webapp\/detalhes_produto.aspx?prd_des_ean13=9788522440474\" target=\"_blank\" rel=\"noopener noreferrer\">http:\/\/www.editoraatlas.com.br\/Atlas\/webapp\/detalhes_produto.aspx?prd_des_ean13=9788522440474<\/a><\/div>\n<div><\/div>\n<div><\/div>\n<div><\/div>\n<div><\/div>\n<div><a href=\"https:\/\/sites.usp.br\/lgp\/wp-content\/uploads\/sites\/639\/2019\/11\/Medindo-o-Sigma-do-Processo.png\"><img loading=\"lazy\" decoding=\"async\" class=\"alignnone size-full wp-image-236\" src=\"https:\/\/sites.usp.br\/lgp\/wp-content\/uploads\/sites\/639\/2019\/11\/Medindo-o-Sigma-do-Processo.png\" alt=\"\" width=\"146\" height=\"197\" \/><\/a><br \/>\nCARVALHO, M. M. Medindo o Sigma do Processo. In: ROTONDARO, R.G.. (Org.). Seis Sigma: estrat\u00e9gia gerencial para melhoria de processos, produtos e servi\u00e7os.1 ed.S\u00e3o Paulo: Atlas, 2002<br \/>\nCARVALHO, M. M. Selecionando Projetos Seis Sigma. In: ROTONDARO, R.G.. (Org.). Seis Sigma: estrat\u00e9gia gerencial para melhoria de processos, produtos e servi\u00e7os.1 ed.S\u00e3o Paulo: Atlas, 2002<br \/>\n<a href=\"http:\/\/www.editoraatlas.com.br\/Atlas\/webapp\/detalhes_produto.aspx?prd_des_ean13=9788522431472\" target=\"_blank\" rel=\"noopener noreferrer\">http:\/\/www.editoraatlas.com.br\/Atlas\/webapp\/detalhes_produto.aspx?prd_des_ean13=9788522431472<\/a><\/div>\n<div><\/div>\n<div><\/div>\n<div><\/div>\n<div><\/div>\n<div><a href=\"https:\/\/sites.usp.br\/lgp\/wp-content\/uploads\/sites\/639\/2019\/11\/Qualidade-em-Projeto.png\"><img loading=\"lazy\" decoding=\"async\" class=\"alignnone size-full wp-image-237\" src=\"https:\/\/sites.usp.br\/lgp\/wp-content\/uploads\/sites\/639\/2019\/11\/Qualidade-em-Projeto.png\" alt=\"\" width=\"146\" height=\"197\" \/><\/a><\/div>\n<div>CARVALHO, M. M. Qualidade em Projeto In: Amato, J.A.. (Org.). Manufatura classe mundial: conceitos, estrat\u00e9gias e aplica\u00e7\u00f5es.1 ed.S\u00e3o Paulo : Atlas, 2001<\/div>\n","protected":false},"excerpt":{"rendered":"<p>CARVALHO, M. M.; RABECHINI Jr, R. Fundamentos em Gest\u00e3o de Projetos: Construindo Compet\u00eancias para Gerenciar Projetos. S\u00e3o Paulo: Editora Atlas,&#46;&#46;&#46;<\/p>\n","protected":false},"author":1228,"featured_media":0,"parent":0,"menu_order":0,"comment_status":"closed","ping_status":"closed","template":"","meta":{"footnotes":"","_links_to":"","_links_to_target":""},"class_list":["post-149","page","type-page","status-publish","hentry"],"_links":{"self":[{"href":"https:\/\/sites.usp.br\/lgp\/en\/wp-json\/wp\/v2\/pages\/149","targetHints":{"allow":["GET"]}}],"collection":[{"href":"https:\/\/sites.usp.br\/lgp\/en\/wp-json\/wp\/v2\/pages"}],"about":[{"href":"https:\/\/sites.usp.br\/lgp\/en\/wp-json\/wp\/v2\/types\/page"}],"author":[{"embeddable":true,"href":"https:\/\/sites.usp.br\/lgp\/en\/wp-json\/wp\/v2\/users\/1228"}],"replies":[{"embeddable":true,"href":"https:\/\/sites.usp.br\/lgp\/en\/wp-json\/wp\/v2\/comments?post=149"}],"version-history":[{"count":4,"href":"https:\/\/sites.usp.br\/lgp\/en\/wp-json\/wp\/v2\/pages\/149\/revisions"}],"predecessor-version":[{"id":530,"href":"https:\/\/sites.usp.br\/lgp\/en\/wp-json\/wp\/v2\/pages\/149\/revisions\/530"}],"wp:attachment":[{"href":"https:\/\/sites.usp.br\/lgp\/en\/wp-json\/wp\/v2\/media?parent=149"}],"curies":[{"name":"wp","href":"https:\/\/api.w.org\/{rel}","templated":true}]}}