{"id":155,"date":"2019-11-19T14:40:52","date_gmt":"2019-11-19T16:40:52","guid":{"rendered":"https:\/\/sites.usp.br\/lgp\/?page_id=155"},"modified":"2020-02-14T15:27:46","modified_gmt":"2020-02-14T17:27:46","slug":"modelo","status":"publish","type":"page","link":"https:\/\/sites.usp.br\/lgp\/en\/modelo\/","title":{"rendered":"Pro-Value Model"},"content":{"rendered":"<p><a href=\"https:\/\/sites.usp.br\/lgp\/wp-content\/uploads\/sites\/639\/2019\/11\/modelo-provalor.png\"><img loading=\"lazy\" decoding=\"async\" class=\"alignnone size-full wp-image-156\" src=\"https:\/\/sites.usp.br\/lgp\/wp-content\/uploads\/sites\/639\/2019\/11\/modelo-provalor.png\" alt=\"\" width=\"747\" height=\"641\" srcset=\"https:\/\/sites.usp.br\/lgp\/wp-content\/uploads\/sites\/639\/2019\/11\/modelo-provalor.png 747w, https:\/\/sites.usp.br\/lgp\/wp-content\/uploads\/sites\/639\/2019\/11\/modelo-provalor-300x257.png 300w, https:\/\/sites.usp.br\/lgp\/wp-content\/uploads\/sites\/639\/2019\/11\/modelo-provalor-400x343.png 400w\" sizes=\"auto, (max-width: 747px) 100vw, 747px\" \/><\/a><\/p>\n<p><strong>Modelo Pr\u00f3-Valor em Gerenciamento de Projetos<\/strong><\/p>\n<p>O conceito de cadeia de valor em gerenciamento de projetos \u00e9 o resultado de uma analogia com as camadas existentes no planeta terra. A divis\u00e3o em camadas tem fins did\u00e1ticos e estruturais, mas n\u00e3o deve ser vista de forma estanque.<\/p>\n<p>O sistema terrestre, em princ\u00edpio, pode servir de base para se tra\u00e7ar um paralelo, para efeitos de analogismo, com o modelo Pr\u00f3-Valor.<\/p>\n<p>A proposi\u00e7\u00e3o deste modelo levou em conta os diversos elementos que devem ser explorados pelas organiza\u00e7\u00f5es que visam institucionalizar o gerenciamento de projetos. Al\u00e9m de uma busca na literatura especializada sobre o assunto o modelo Pr\u00f3-Valor foi proposto baseado, tamb\u00e9m na experi\u00eancia dos autores com a viv\u00eancia das diversas organiza\u00e7\u00f5es.<\/p>\n<p>A terra possui, em linhas gerais, um n\u00facleo, manto e crosta. O modelo Pr\u00f3-Valor \u00e9 similar. Em seu n\u00facleo encontram-se as atividades meio da cadeia de valor, sintetizadas pelas boas pr\u00e1ticas de gerenciamento de projetos, que transferem energia para as demais camadas. O foco \u00e9 a efici\u00eancia nos aspectos de gerenciamento dos projetos, obtida atrav\u00e9s do uso sistem\u00e1tico das boas pr\u00e1ticas de gest\u00e3o, que envolvem as \u00e1reas de conhecimentos, os grupos de processo e o disciplinado monitoramento do ciclo de vida. As empresas recentemente t\u00eam adotado estas pr\u00e1ticas, que s\u00e3o propagadas pelos guias de gerenciamento de projetos (<em>Body of Knowledges \u2013 BoKs<\/em>).<\/p>\n<p>O manto, a camada intermedi\u00e1ria, no modelo Pr\u00f3-Valor, conforme discutido \u00e9 o processo de mudan\u00e7a em \u00e2mbito organizacional, que envolve estrutura, compet\u00eancia e maturidade em gerenciamento de projetos.<\/p>\n<p>A crosta, \u00faltima camada, representa a estrat\u00e9gia organizacional, que, assim como na terra, sofre as press\u00f5es externas da atmosfera, no modelo representado pelo ambiente competitivo, mas tamb\u00e9m interfere em sua din\u00e2mica de forma proativa e sustent\u00e1vel. Essa camada tem a responsabilidade de promover seu alinhamento com as demais camadas \u2013 manto e do n\u00facleo, bem como de promover os fluxos de aprendizagem e gera\u00e7\u00e3o de conhecimento.<\/p>\n<p>\u00c9 claro que h\u00e1 forte intera\u00e7\u00e3o entre as v\u00e1rias camadas, quer por processos de sedimenta\u00e7\u00e3o ao longo do tempo, quer por rupturas, erup\u00e7\u00f5es e terremotos, ou seja, elas n\u00e3o s\u00e3o independentes entre si.<\/p>\n<p align=\"right\">Marly Monteiro de Carvalho<br \/>\nRoque Rabechini Jr<\/p>\n","protected":false},"excerpt":{"rendered":"<p>Modelo Pr\u00f3-Valor em Gerenciamento de Projetos O conceito de cadeia de valor em gerenciamento de projetos \u00e9 o resultado de&#46;&#46;&#46;<\/p>\n","protected":false},"author":1228,"featured_media":0,"parent":0,"menu_order":0,"comment_status":"closed","ping_status":"closed","template":"","meta":{"footnotes":"","_links_to":"","_links_to_target":""},"class_list":["post-155","page","type-page","status-publish","hentry"],"_links":{"self":[{"href":"https:\/\/sites.usp.br\/lgp\/en\/wp-json\/wp\/v2\/pages\/155","targetHints":{"allow":["GET"]}}],"collection":[{"href":"https:\/\/sites.usp.br\/lgp\/en\/wp-json\/wp\/v2\/pages"}],"about":[{"href":"https:\/\/sites.usp.br\/lgp\/en\/wp-json\/wp\/v2\/types\/page"}],"author":[{"embeddable":true,"href":"https:\/\/sites.usp.br\/lgp\/en\/wp-json\/wp\/v2\/users\/1228"}],"replies":[{"embeddable":true,"href":"https:\/\/sites.usp.br\/lgp\/en\/wp-json\/wp\/v2\/comments?post=155"}],"version-history":[{"count":2,"href":"https:\/\/sites.usp.br\/lgp\/en\/wp-json\/wp\/v2\/pages\/155\/revisions"}],"predecessor-version":[{"id":537,"href":"https:\/\/sites.usp.br\/lgp\/en\/wp-json\/wp\/v2\/pages\/155\/revisions\/537"}],"wp:attachment":[{"href":"https:\/\/sites.usp.br\/lgp\/en\/wp-json\/wp\/v2\/media?parent=155"}],"curies":[{"name":"wp","href":"https:\/\/api.w.org\/{rel}","templated":true}]}}