{"id":174,"date":"2019-11-19T15:16:02","date_gmt":"2019-11-19T17:16:02","guid":{"rendered":"https:\/\/sites.usp.br\/lgp\/?page_id=174"},"modified":"2020-02-14T15:25:46","modified_gmt":"2020-02-14T17:25:46","slug":"projects","status":"publish","type":"page","link":"https:\/\/sites.usp.br\/lgp\/en\/projects\/","title":{"rendered":"Projects"},"content":{"rendered":"<h1>Projeto 1<\/h1>\n<p><a href=\"https:\/\/sites.usp.br\/lgp\/wp-content\/uploads\/sites\/639\/2019\/11\/Sucesso_Projetos.gif\"><img loading=\"lazy\" decoding=\"async\" class=\"alignnone size-full wp-image-190\" src=\"https:\/\/sites.usp.br\/lgp\/wp-content\/uploads\/sites\/639\/2019\/11\/Sucesso_Projetos.gif\" alt=\"\" width=\"399\" height=\"264\" \/><\/a>Existe muita controv\u00e9rsia na literatura a respeito de como medir o <strong>desempenho<\/strong>\u00a0ou\u00a0<strong>sucesso<\/strong>\u00a0em projetos. O sucesso pode ser visto sobre v\u00e1rios aspectos e na perspectiva de diferentes interessados (<em>stakeholders<\/em>). Al\u00e9m disso, em projetos, as m\u00e9tricas caracterizam-se pelo alto grau de incerteza, pois s\u00e3o obtidas por meio de estimativas ou infer\u00eancias.\u00c9 importante ter em mente o poder direcionador das m\u00e9tricas, uma vez que elas alimentam um processo de a\u00e7\u00e3o e rea\u00e7\u00e3o, com consequ\u00eancias cr\u00edticas para as organiza\u00e7\u00f5es se n\u00e3o forem bem definidas.<\/p>\n<p>Em projetos, a aplica\u00e7\u00e3o de\u00a0<strong>indicadores de desempenho<\/strong>, tradicionalmente esteve voltada ao acompanhamento da tr\u00edplice restri\u00e7\u00e3o, tamb\u00e9m conhecida como tri\u00e2ngulo de ferro, ou seja, o monitoramento das varia\u00e7\u00f5es entre o previsto e o realizado nas dimens\u00f5es prazo, custo e escopo, que remetem a efici\u00eancia na gest\u00e3o do projeto. Embora sejam m\u00e9tricas necess\u00e1rias, elas n\u00e3o suficientes para aferir o sucesso do projeto em uma concep\u00e7\u00e3o ampla e de cunho mais estrat\u00e9gico.<\/p>\n<p>Para projetar um\u00a0<strong>sistema de indicadores de desempenho\u00a0<\/strong>\u00e9 necess\u00e1rio considerar tanto os indicadores direcionadores (<em>leading indicators<\/em>) quanto indicadores de resultado (<em>lagging indicators<\/em>). Al\u00e9m disso, deve-se considerar as singularidades de cada organiza\u00e7\u00e3o, portanto \u00e9 cr\u00edtico que os sistemas sejam projetados com forte participa\u00e7\u00e3o dos tomadores de decis\u00e3o da organiza\u00e7\u00e3o, pois quando se importa modelos, abre-se m\u00e3o de definir as dimens\u00f5es e as prioridades internas.<\/p>\n<p>Leia alguns trabalhos nossos nesta \u00e1rea:<\/p>\n<p><a href=\"http:\/\/www.mundopm.com.br\/pres_rev.shtml\" target=\"_blank\" rel=\"noopener noreferrer\">CARVALHO, M.M. Indicadores de Sucesso em Projetos. Mundo PM, v.7, n. 41, 2011.<\/a><\/p>\n<p><a href=\"http:\/\/www.revistagep.org\/ojs-2.2.4\/index.php\/gep\/article\/viewFile\/39\/143\" target=\"_blank\" rel=\"noopener noreferrer\">BORGES, J.G.; CARVALHO, M.M. Sistemas de indicadores de desempenho em projetos. Revista de Gest\u00e3o e Projetos \u2013 GeP, S\u00e3o Paulo, v. 2, n. 1, p 174-207, jan.\/jun. 2011.<\/a><\/p>\n<p>Conhe\u00e7a alguns projetos em andamento:<\/p>\n<ul>\n<li><a href=\"http:\/\/devpro.poli.usp.br\/development\/lgp2\/projetos\/noemisanchez\">Indicadores de sustentabilidade<\/a><\/li>\n<li><a href=\"http:\/\/devpro.poli.usp.br\/development\/lgp2\/projetos\/sandranaomi\">Indicadores de sustentabilidade em Sistemas Produto Servi\u00e7o<\/a><\/li>\n<\/ul>\n<p>&nbsp;<\/p>\n<h1>Projeto 2<\/h1>\n<p><a href=\"https:\/\/sites.usp.br\/lgp\/wp-content\/uploads\/sites\/639\/2019\/11\/Portf\u00f3lio_Projetos.gif\"><img loading=\"lazy\" decoding=\"async\" class=\"alignnone size-full wp-image-191\" src=\"https:\/\/sites.usp.br\/lgp\/wp-content\/uploads\/sites\/639\/2019\/11\/Portf\u00f3lio_Projetos.gif\" alt=\"\" width=\"399\" height=\"264\" \/><\/a>Como conciliar o crescente de projetos em curso com as novas id\u00e9ias e oportunidades que surgem? Como tratar a disputa por aloca\u00e7\u00e3o de recursos humanos e or\u00e7ament\u00e1rios?<\/p>\n<p>Como, em grande parte das organiza\u00e7\u00f5es, n\u00e3o se tem uma vis\u00e3o clara de todas as propostas e projetos que precisam ser desenvolvidos, em tese, h\u00e1 uma tend\u00eancia de assumir mais projetos do que sua capacidade de execu\u00e7\u00e3o e gerenciamento. \u00c9 a s\u00edndrome da super aloca\u00e7\u00e3o de recursos!<\/p>\n<p>Sem uma gest\u00e3o eficaz do portf\u00f3lio de projetos, o sucesso da organiza\u00e7\u00e3o no que tange aos resultados efetivos de projetos pode ser comprometido.<\/p>\n<p>Nesse contexto, um efetivo<strong>\u00a0gerenciamento do portf\u00f3lio de projetos<\/strong>, que promova um bom alinhamento com a estrat\u00e9gica com os projetos em curso e as novas oportunidades, \u00e9 capaz de dirimir conflitos, mitigar riscos e maximizar o valor do portf\u00f3lio, bem como garantir a sua adequada aloca\u00e7\u00e3o de recursos.<\/p>\n<p>Leia alguns trabalhos nossos nesta \u00e1rea:<\/p>\n<p><a href=\"http:\/\/www.scielo.br\/pdf\/gp\/v17n1\/v17n1a13.pdf\" target=\"_blank\" rel=\"noopener noreferrer\">PADOVANI, M.; CARVALHO, M.M.; MUSCAT, A.R.N. Sele\u00e7\u00e3o e aloca\u00e7\u00e3o de recursos em portf\u00f3lio de projetos: estudo de caso no setor qu\u00edmico.<em>\u00a0Gest. Prod.<\/em>\u00a0[online]. 2010, vol.17, n.1, pp. 157-180.<\/a><\/p>\n<p><a href=\"http:\/\/www.scielo.br\/pdf\/gp\/v17n2\/a06v17n2.pdf\" target=\"_blank\" rel=\"noopener noreferrer\">CASTRO, H.G.;CARVALHO, M.M. Gerenciamento do\u00a0<em>portfolio<\/em>\u00a0de projetos: um estudo explorat\u00f3rio.<em>\u00a0Gest. Prod.<\/em>\u00a0[online]. 2010, vol.17, n.2, pp. 283-296.<\/a><\/p>\n<p><a href=\"http:\/\/www.scielo.br\/pdf\/prod\/v20n3\/aop_t6_0005_0101.pdf\" target=\"_blank\" rel=\"noopener noreferrer\">CASTRO, H.G.; CARVALHO, M.M. Gerenciamento do portf\u00f3lio de projetos (PPM): estudos de caso. Prod. [online]. 2010, vol.20, n.3, pp. 303-321<\/a>.<\/p>\n<p>Conhe\u00e7a alguns projetos em andamento:<\/p>\n<ul>\n<li><a href=\"http:\/\/devpro.poli.usp.br\/development\/lgp2\/projetos\/andreferrarese\">Integra\u00e7\u00e3o do fuzzy front end (FFE) ao desenvolvimento de novos produtos (DNP)<\/a><\/li>\n<li><a href=\"http:\/\/devpro.poli.usp.br\/development\/lgp2\/projetos\/vanderlicorrea\">Alinhamento estrat\u00e9gico de projetos_<\/a><\/li>\n<li><a href=\"http:\/\/devpro.poli.usp.br\/development\/lgp2\/projetos\/marisapadovani\">Impacto da gest\u00e3o de portf\u00f3lio de projetos no desempenho organizacional<\/a><\/li>\n<li><a href=\"http:\/\/devpro.poli.usp.br\/development\/lgp2\/projetos\/danielasantana\">Gest\u00e3o de Portf\u00f3lio de projetos Seis Sigma<\/a><\/li>\n<\/ul>\n<p>&nbsp;<\/p>\n<h1>Projeto 3<\/h1>\n<p><a href=\"https:\/\/sites.usp.br\/lgp\/wp-content\/uploads\/sites\/639\/2019\/11\/FCS_Projetos.gif\"><img loading=\"lazy\" decoding=\"async\" class=\"alignnone size-full wp-image-193\" src=\"https:\/\/sites.usp.br\/lgp\/wp-content\/uploads\/sites\/639\/2019\/11\/FCS_Projetos.gif\" alt=\"\" width=\"428\" height=\"247\" \/><\/a><\/p>\n<p>Fala-se muito em fatores cr\u00edticos de sucesso \u2013 FCSs (<em>Critical Success Factors<\/em>&#8211; CSF) na literatura de gest\u00e3o de projetos.<\/p>\n<p>Pode-se compreender os FCS como uma\u00a0<a href=\"https:\/\/sites.usp.br\/lgp\/modelo\/\" target=\"_blank\" rel=\"noopener noreferrer\"><strong>cadeia de valor<\/strong>\u00a0<\/a>que alimenta o sucesso em projetos, que envolvem desde boas pr\u00e1ticas de gest\u00e3o (\u00e1reas, processo e pr\u00e1ticas), estrutura e compet\u00eancias apropriadas, que conduziriam a maturidade, e ao alinhamento estrat\u00e9gico.<\/p>\n<p>\u00c9 preciso entender que os FCSs s\u00e3o as vari\u00e1veis cr\u00edticas (X) que tem impacto positivo e significativo no sucesso de projetos (Y), sendo o gerente o respons\u00e1vel por manter a equa\u00e7\u00e3o de sucesso funcionando (Y= F(X)).<\/p>\n<p>A grande quest\u00e3o \u00e9 definir quais deles s\u00e3o relevantes em um dado contexto, de acordo com a cultura organizacional e as conting\u00eancias do projeto, tais como os tipos de projetos e os\u00a0<em>stakeholders<\/em>.<\/p>\n<p>Leia alguns trabalhos nossos nesta \u00e1rea:<\/p>\n<p><a href=\"http:\/\/www.mundopm.com.br\/destaquesEd32.shtml\" target=\"_blank\" rel=\"noopener noreferrer\">CARVALHO, M.M; RABECHINI JR; R. Modelo I4 de Gest\u00e3o Contingencial de Projetos. Mundo PM, v.6, n.32, p. 67-73, 2010.<\/a><\/p>\n<p><a href=\"http:\/\/www.revistarai.org\/ojs-2.2.4\/index.php\/rai\/article\/view\/382\/244\" target=\"_blank\" rel=\"noopener noreferrer\">RABECHINI JR, R.; CARVALHO, M.M. Gest\u00e3o de projetos inovadores em uma perspectiva contingencial: an\u00e1lise te\u00f3rico-conceitual e proposi\u00e7\u00e3o de um modelo. RAI \u2013 Revista de Administra\u00e7\u00e3o e Inova\u00e7\u00e3o, S\u00e3o Paulo, v. 6, n. 3, p. 63-78, set.\/dez. 2009.<\/a><\/p>\n<p><a href=\"http:\/\/pmd.hostcentral.com.br\/revistas\/vol_07\/nr_2\/v7n2a7209.pdf\" target=\"_blank\" rel=\"noopener noreferrer\">PATAH, L.A.; CARVALHO, M.M.;. The value of project management methodology: a case study. Product: Management &amp; Development, v.7, n.2, 2009.<\/a><\/p>\n<p>Conhe\u00e7a alguns projetos em andamento:<\/p>\n<ul>\n<li><a href=\"http:\/\/devpro.poli.usp.br\/development\/lgp2\/links\/roquerabechini\">Impacto da gest\u00e3o de risco no desempenho dos projetos<\/a><\/li>\n<li><a href=\"http:\/\/devpro.poli.usp.br\/development\/lgp2\/links\/adonismaitino\">Identifica\u00e7\u00e3o de fatores cr\u00edticos de sucesso em projetos um estudo explorat\u00f3rio<\/a><\/li>\n<li><a href=\"http:\/\/devpro.poli.usp.br\/development\/lgp2\/links\/estevaozeppone\">Identifica\u00e7\u00e3o de fatores cr\u00edticos de sucesso em projetos de eventos esportivos<\/a><\/li>\n<li><a href=\"http:\/\/devpro.poli.usp.br\/development\/lgp2\/links\/roquerabechini\">Impacto da gest\u00e3o de risco no desempenho dos projetos<\/a><\/li>\n<li><a href=\"http:\/\/devpro.poli.usp.br\/development\/lgp2\/links\/brunoteixeira\">Indicadores de desempenho como fatores cr\u00edticos de sucesso em gerenciamento de projetos<\/a><\/li>\n<\/ul>\n<p>&nbsp;<\/p>\n<h1>Projeto 4<\/h1>\n<p><a href=\"https:\/\/sites.usp.br\/lgp\/wp-content\/uploads\/sites\/639\/2019\/11\/Fatores_Projetos.gif\"><img loading=\"lazy\" decoding=\"async\" class=\"alignnone size-full wp-image-194\" src=\"https:\/\/sites.usp.br\/lgp\/wp-content\/uploads\/sites\/639\/2019\/11\/Fatores_Projetos.gif\" alt=\"\" width=\"429\" height=\"263\" \/><\/a>Os impactos ambientais causados por projetos deixam a opini\u00e3o p\u00fablica, muitas vezes perplexa, insegura e com desconfian\u00e7a no projeto e seus gestores. Em geral, tais impactos ocorrem por falta de gest\u00e3o adequada tanto dos aspectos de planejamento e controle mais tradicionais da gest\u00e3o de projetos como risco e qualidade, mas principalmente da falta de processos, ferramentas e t\u00e9cnicas ligados \u00e0 sustentabilidade.<\/p>\n<p>No entanto, a inclus\u00e3o dos aspectos de desenvolvimento sustent\u00e1vel no \u00e2mbito do gerenciamento de projetos ainda \u00e9 incipiente, tanto do ponto de vista acad\u00eamico quanto pr\u00e1tico, mas urgente!<\/p>\n<p>Leia alguns trabalhos nossos nesta \u00e1rea:<\/p>\n<p>Conhe\u00e7a alguns projetos em andamento:<\/p>\n<ul>\n<li><a href=\"http:\/\/devpro.poli.usp.br\/development\/lgp2\/links\/veridianarotondaro\"><strong>Servi\u00e7os na manufatura: fatores motivadores para a servitiza\u00e7\u00e3o e a orienta\u00e7\u00e3o de uso do produto<\/strong><\/a><\/li>\n<li><a href=\"http:\/\/devpro.poli.usp.br\/development\/lgp2\/links\/joaopinheiro\">SMS em projetos do setor petroqu\u00edmico<\/a><\/li>\n<\/ul>\n<p>&nbsp;<\/p>\n<h1>Projeto 5<\/h1>\n<ul>\n<li><a href=\"https:\/\/sites.usp.br\/lgp\/wp-content\/uploads\/sites\/639\/2019\/11\/Maturidade-Compet\u00eancia_Projetos.gif\"><img loading=\"lazy\" decoding=\"async\" class=\"alignnone size-full wp-image-195\" src=\"https:\/\/sites.usp.br\/lgp\/wp-content\/uploads\/sites\/639\/2019\/11\/Maturidade-Compet\u00eancia_Projetos.gif\" alt=\"\" width=\"399\" height=\"264\" \/><\/a><\/li>\n<\/ul>\n<p>Em constru\u00e7\u00e3o\u2026<\/p>\n<p>Leia alguns trabalhos nossos nesta \u00e1rea:<\/p>\n<p>Conhe\u00e7a alguns projetos em andamento:<\/p>\n<p>&nbsp;<\/p>\n<h1>Projeto 6<\/h1>\n<p><a href=\"https:\/\/sites.usp.br\/lgp\/wp-content\/uploads\/sites\/639\/2019\/11\/Inova\u00e7\u00e3o_projetos.gif\"><img loading=\"lazy\" decoding=\"async\" class=\"alignnone size-full wp-image-197\" src=\"https:\/\/sites.usp.br\/lgp\/wp-content\/uploads\/sites\/639\/2019\/11\/Inova\u00e7\u00e3o_projetos.gif\" alt=\"\" width=\"399\" height=\"264\" \/><\/a><\/p>\n<p>Em constru\u00e7\u00e3o\u2026<\/p>\n<p>Leia alguns trabalhos nossos nesta \u00e1rea:<\/p>\n<p>Conhe\u00e7a alguns projetos em andamento:<\/p>\n","protected":false},"excerpt":{"rendered":"<p>Projeto 1 Existe muita controv\u00e9rsia na literatura a respeito de como medir o desempenho\u00a0ou\u00a0sucesso\u00a0em projetos. O sucesso pode ser visto&#46;&#46;&#46;<\/p>\n","protected":false},"author":1228,"featured_media":0,"parent":0,"menu_order":0,"comment_status":"closed","ping_status":"closed","template":"","meta":{"footnotes":"","_links_to":"","_links_to_target":""},"class_list":["post-174","page","type-page","status-publish","hentry"],"_links":{"self":[{"href":"https:\/\/sites.usp.br\/lgp\/en\/wp-json\/wp\/v2\/pages\/174","targetHints":{"allow":["GET"]}}],"collection":[{"href":"https:\/\/sites.usp.br\/lgp\/en\/wp-json\/wp\/v2\/pages"}],"about":[{"href":"https:\/\/sites.usp.br\/lgp\/en\/wp-json\/wp\/v2\/types\/page"}],"author":[{"embeddable":true,"href":"https:\/\/sites.usp.br\/lgp\/en\/wp-json\/wp\/v2\/users\/1228"}],"replies":[{"embeddable":true,"href":"https:\/\/sites.usp.br\/lgp\/en\/wp-json\/wp\/v2\/comments?post=174"}],"version-history":[{"count":5,"href":"https:\/\/sites.usp.br\/lgp\/en\/wp-json\/wp\/v2\/pages\/174\/revisions"}],"predecessor-version":[{"id":534,"href":"https:\/\/sites.usp.br\/lgp\/en\/wp-json\/wp\/v2\/pages\/174\/revisions\/534"}],"wp:attachment":[{"href":"https:\/\/sites.usp.br\/lgp\/en\/wp-json\/wp\/v2\/media?parent=174"}],"curies":[{"name":"wp","href":"https:\/\/api.w.org\/{rel}","templated":true}]}}