{"id":178,"date":"2019-11-19T15:19:41","date_gmt":"2019-11-19T17:19:41","guid":{"rendered":"https:\/\/sites.usp.br\/lgp\/?page_id=178"},"modified":"2020-02-14T15:19:55","modified_gmt":"2020-02-14T17:19:55","slug":"home","status":"publish","type":"page","link":"https:\/\/sites.usp.br\/lgp\/en\/","title":{"rendered":"Home"},"content":{"rendered":"<p>\r\n\t<div class=\"slideshow_container slideshow_container_style-light\" style=\"height: 292px; \" data-slideshow-id=\"491\" data-style-name=\"style-light\" data-style-version=\"2.3.1\" >\r\n\r\n\t\t\t\t\t<div class=\"slideshow_loading_icon\"><\/div>\r\n\t\t\r\n\t\t<div class=\"slideshow_content\" style=\"display: none;\">\r\n\r\n\t\t\t<div class=\"slideshow_view\">\r\n\t\t\t\t<div class=\"slideshow_slide slideshow_slide_image\">\r\n\t\t\t\t\t<a href=\"https:\/\/sites.usp.br\/lgp\/teses-dissertacoes-e-monografias\/\" target=\"_self\" >\t\t\t\t\t\t<img src=\"https:\/\/sites.usp.br\/lgp\/wp-content\/uploads\/sites\/639\/2019\/11\/publicacoes-home.jpg\" alt=\"Publica\u00e7\u00f5es\" width=\"149\" height=\"188\" \/>\r\n\t\t\t\t\t<\/a>\t\t\t\t\t<div class=\"slideshow_description_box slideshow_transparent\">\r\n\t\t\t\t\t\t<div class=\"slideshow_title\"><a href=\"https:\/\/sites.usp.br\/lgp\/teses-dissertacoes-e-monografias\/\" target=\"_self\" >Publica\u00e7\u00f5es<\/a><\/div>\t\t\t\t\t\t<div class=\"slideshow_description\"><a href=\"https:\/\/sites.usp.br\/lgp\/teses-dissertacoes-e-monografias\/\" target=\"_self\" >Leia e discuta conosco nossos trabalhos. S\u00e3o centenas de publica\u00e7\u00f5es entre livros, artigos e entrevistas, v\u00e1rios deles dispon\u00edveis para leitura (free download). Os artigos mais recentes  dispon\u00edveis para dowload Leia mais!<\/a><\/div>\t\t\t\t\t<\/div>\r\n\t\t\t\t<\/div>\r\n\r\n\t\t\t\t\t\t<div style=\"clear: both;\"><\/div><\/div><div class=\"slideshow_view\">\r\n\t\t\t\t<div class=\"slideshow_slide slideshow_slide_image\">\r\n\t\t\t\t\t<a href=\"https:\/\/sites.usp.br\/lgp\/projects\/\" target=\"_self\" >\t\t\t\t\t\t<img src=\"https:\/\/sites.usp.br\/lgp\/wp-content\/uploads\/sites\/639\/2019\/11\/projetos-home.jpg\" alt=\"Projetos\" width=\"172\" height=\"99\" \/>\r\n\t\t\t\t\t<\/a>\t\t\t\t\t<div class=\"slideshow_description_box slideshow_transparent\">\r\n\t\t\t\t\t\t<div class=\"slideshow_title\"><a href=\"https:\/\/sites.usp.br\/lgp\/projects\/\" target=\"_self\" >Projetos<\/a><\/div>\t\t\t\t\t\t<div class=\"slideshow_description\"><a href=\"https:\/\/sites.usp.br\/lgp\/projects\/\" target=\"_self\" >Conhe\u00e7a e participe de nossos projetos, desenvolvidos por uma equipe multidisciplinar de pesquisadores e em v\u00e1rios est\u00e1gios de forma\u00e7\u00e3o da gradua\u00e7\u00e3o ao p\u00f3s-doutorado, bem como profissionais e comunidades de pr\u00e1tica.Voc\u00ea ou sua empresa podem participar apoiando os projetos ou o LGP. Fale conosco.H\u00e1 alguns levantamentos de pesquisas abertos que voc\u00ea pode participar e, posteriormente, receber em primeira m\u00e3o os relat\u00f3rios de resultado.Participe da pesquisa sobre alinhamento estrat\u00e9gico.<\/a><\/div>\t\t\t\t\t<\/div>\r\n\t\t\t\t<\/div>\r\n\r\n\t\t\t\t\t\t<div style=\"clear: both;\"><\/div><\/div><div class=\"slideshow_view\">\r\n\t<div class=\"slideshow_slide slideshow_slide_text\" style=\"background-color: #FFFFFF;\">\r\n\t\t\t\t<div class=\"slideshow_title\" style=\"color: #000000;\">\r\n\t\t\t\t\t\t\tCall for Papers\t\t\t\t\t<\/div>\r\n\t\t\r\n\t\t\t\t<div class=\"slideshow_description\" style=\"color: #000000;\">\r\n\t\t\t\t\t\t\tCall for papers 18th International DSM Conference 2016, S\u00e3o Paulo, Brazil, 29-31 August, 2016.\r\nSustainability in Modern Project Management.\r\n Papers of four (4) to ten (10) pages can be submitted for review until May 6th, 2016.\r\nSubmit here\t\t\t\t\t<\/div>\r\n\t\t\r\n\t\t<a  class=\"slideshow_background_anchor\"><\/a>\r\n\t<\/div>\r\n<div style=\"clear: both;\"><\/div><\/div><div class=\"slideshow_view\">\r\n\t<div class=\"slideshow_slide slideshow_slide_video\">\r\n\t\t<div class=\"slideshow_slide_video_id\" style=\"display: none;\" data-show-related-videos=\"0\">uD-ifPC_YnY<\/div>\r\n\t<\/div>\r\n<div style=\"clear: both;\"><\/div><\/div><div class=\"slideshow_view\">\r\n\t\t\t\t<div class=\"slideshow_slide slideshow_slide_image\">\r\n\t\t\t\t\t<a href=\"https:\/\/sites.usp.br\/lgp\/coordenadora-do-lgp-recebe-homenagem-da-abepro\/\" target=\"_self\" >\t\t\t\t\t\t<img src=\"https:\/\/sites.usp.br\/lgp\/wp-content\/uploads\/sites\/639\/2019\/11\/Pr\u00eamio-ABEPRO.jpg\" alt=\"Pr\u00eamio ABEPRO\" width=\"594\" height=\"444\" \/>\r\n\t\t\t\t\t<\/a>\t\t\t\t\t<div class=\"slideshow_description_box slideshow_transparent\">\r\n\t\t\t\t\t\t<div class=\"slideshow_title\"><a href=\"https:\/\/sites.usp.br\/lgp\/coordenadora-do-lgp-recebe-homenagem-da-abepro\/\" target=\"_self\" >Pr\u00eamio ABEPRO<\/a><\/div>\t\t\t\t\t\t<div class=\"slideshow_description\"><a href=\"https:\/\/sites.usp.br\/lgp\/coordenadora-do-lgp-recebe-homenagem-da-abepro\/\" target=\"_self\" >Coordenadora do LGP recebe homenagem da ABEPRO<\/a><\/div>\t\t\t\t\t<\/div>\r\n\t\t\t\t<\/div>\r\n\r\n\t\t\t\t\t\t<div style=\"clear: both;\"><\/div><\/div><div class=\"slideshow_view\">\r\n\t\t\t\t<div class=\"slideshow_slide slideshow_slide_image\">\r\n\t\t\t\t\t<a href=\"https:\/\/sites.usp.br\/lgp\/acontece\/\" target=\"_self\" >\t\t\t\t\t\t<img src=\"https:\/\/sites.usp.br\/lgp\/wp-content\/uploads\/sites\/639\/2020\/02\/foruns-lgp.png\" alt=\"F\u00f3runs LGP\" width=\"240\" height=\"130\" \/>\r\n\t\t\t\t\t<\/a>\t\t\t\t\t<div class=\"slideshow_description_box slideshow_transparent\">\r\n\t\t\t\t\t\t<div class=\"slideshow_title\"><a href=\"https:\/\/sites.usp.br\/lgp\/acontece\/\" target=\"_self\" >F\u00f3runs LGP<\/a><\/div>\t\t\t\t\t\t<div class=\"slideshow_description\"><a href=\"https:\/\/sites.usp.br\/lgp\/acontece\/\" target=\"_self\" >O LGP organiza f\u00f3runs sobre temas de interesse da comunidade de pesquisa e profissional.Os f\u00f3runs t\u00eam transmiss\u00e3o simult\u00e2nea pela IPTV-USP.Veja nossa programa\u00e7\u00e3o.Veja os videos dos f\u00f3runs e semin\u00e1rios anteriores.Perguntas podem ser enviadas pelo e-mail lgp.usp@gmail.com.\r\nConhe\u00e7a nosso pr\u00f3ximo evento<\/a><\/div>\t\t\t\t\t<\/div>\r\n\t\t\t\t<\/div>\r\n\r\n\t\t\t\t\t\t<div style=\"clear: both;\"><\/div><\/div><div class=\"slideshow_view\">\r\n\t\t\t\t<div class=\"slideshow_slide slideshow_slide_image\">\r\n\t\t\t\t\t\t\t\t\t\t\t<img src=\"https:\/\/sites.usp.br\/lgp\/wp-content\/uploads\/sites\/639\/2020\/02\/sobre-o-lgp2.jpg\" alt=\"Sobre o LGP\" width=\"651\" height=\"186\" \/>\r\n\t\t\t\t\t\t\t\t\t\t<div class=\"slideshow_description_box slideshow_transparent\">\r\n\t\t\t\t\t\t<div class=\"slideshow_title\">Sobre o LGP<\/div>\t\t\t\t\t\t\t\t\t\t\t<\/div>\r\n\t\t\t\t<\/div>\r\n\r\n\t\t\t\t\t\t<div style=\"clear: both;\"><\/div><\/div><div class=\"slideshow_view\">\r\n\t\t\t\t<div class=\"slideshow_slide slideshow_slide_image\">\r\n\t\t\t\t\t<a href=\"http:\/\/www.veduca.com.br\/assistir\/gestao-de-projetos\" target=\"_blank\" >\t\t\t\t\t\t<img src=\"https:\/\/sites.usp.br\/lgp\/wp-content\/uploads\/sites\/639\/2020\/02\/Video-Veduca2-1.png\" alt=\"V\u00eddeo aulas dispon\u00edveis na plataforma Veduca\" width=\"1222\" height=\"846\" \/>\r\n\t\t\t\t\t<\/a>\t\t\t\t\t<div class=\"slideshow_description_box slideshow_transparent\">\r\n\t\t\t\t\t\t<div class=\"slideshow_title\"><a href=\"http:\/\/www.veduca.com.br\/assistir\/gestao-de-projetos\" target=\"_blank\" >V\u00eddeo aulas dispon\u00edveis na plataforma Veduca<\/a><\/div>\t\t\t\t\t\t\t\t\t\t\t<\/div>\r\n\t\t\t\t<\/div>\r\n\r\n\t\t\t\t\t\t<div style=\"clear: both;\"><\/div><\/div><div class=\"slideshow_view\">\r\n\t\t\t\t<div class=\"slideshow_slide slideshow_slide_image\">\r\n\t\t\t\t\t<a href=\"http:\/\/nagi-pro.poli.usp.br\/mod\/page\/view.php?id=75\" target=\"_blank\" >\t\t\t\t\t\t<img src=\"https:\/\/sites.usp.br\/lgp\/wp-content\/uploads\/sites\/639\/2020\/02\/Vi\u0301deo-Nagi-1.png\" alt=\"V\u00eddeo aulas sobre Gest\u00e3o de Portf\u00f3lio\" width=\"848\" height=\"480\" \/>\r\n\t\t\t\t\t<\/a>\t\t\t\t\t<div class=\"slideshow_description_box slideshow_transparent\">\r\n\t\t\t\t\t\t<div class=\"slideshow_title\"><a href=\"http:\/\/nagi-pro.poli.usp.br\/mod\/page\/view.php?id=75\" target=\"_blank\" >V\u00eddeo aulas sobre Gest\u00e3o de Portf\u00f3lio<\/a><\/div>\t\t\t\t\t\t\t\t\t\t\t<\/div>\r\n\t\t\t\t<\/div>\r\n\r\n\t\t\t\t\t\t<div style=\"clear: both;\"><\/div><\/div><div class=\"slideshow_view\">\r\n\t\t\t\t<div class=\"slideshow_slide slideshow_slide_image\">\r\n\t\t\t\t\t<a href=\"https:\/\/sites.usp.br\/lgp\/acontece\/\" target=\"_self\" >\t\t\t\t\t\t<img src=\"https:\/\/sites.usp.br\/lgp\/wp-content\/uploads\/sites\/639\/2020\/02\/564199.png\" alt=\"Apresenta\u00e7\u00f5es dispon\u00edveis\" width=\"512\" height=\"512\" \/>\r\n\t\t\t\t\t<\/a>\t\t\t\t\t<div class=\"slideshow_description_box slideshow_transparent\">\r\n\t\t\t\t\t\t<div class=\"slideshow_title\"><a href=\"https:\/\/sites.usp.br\/lgp\/acontece\/\" target=\"_self\" >Apresenta\u00e7\u00f5es dispon\u00edveis<\/a><\/div>\t\t\t\t\t\t\t\t\t\t\t<\/div>\r\n\t\t\t\t<\/div>\r\n\r\n\t\t\t\t\t\t<div style=\"clear: both;\"><\/div><\/div>\r\n\t\t<\/div>\r\n\r\n\t\t<div class=\"slideshow_controlPanel slideshow_transparent\" style=\"display: none;\"><ul><li class=\"slideshow_togglePlay\" data-play-text=\"Play\" data-pause-text=\"Pause\"><\/li><\/ul><\/div>\r\n\r\n\t\t<div class=\"slideshow_button slideshow_previous slideshow_transparent\" role=\"button\" data-previous-text=\"Previous\" style=\"display: none;\"><\/div>\r\n\t\t<div class=\"slideshow_button slideshow_next slideshow_transparent\" role=\"button\" data-next-text=\"Next\" style=\"display: none;\"><\/div>\r\n\r\n\t\t<div class=\"slideshow_pagination\" style=\"display: none;\" data-go-to-text=\"Go to slide\"><div class=\"slideshow_pagination_center\"><\/div><\/div>\r\n\r\n\t\t<!-- WordPress Slideshow Version 2.3.1 -->\r\n\r\n\t\t\t<\/div>\r\n\r\n<\/p>\n<p>&nbsp;<\/p>\n<h2>Projects<\/h2>\n<p><img loading=\"lazy\" decoding=\"async\" class=\"alignleft size-full wp-image-216\" src=\"https:\/\/sites.usp.br\/lgp\/wp-content\/uploads\/sites\/639\/2019\/11\/projetos-home.jpg\" alt=\"\" width=\"172\" height=\"99\" \/> <a href=\"https:\/\/sites.usp.br\/lgp\/projects\/\">Join to our projects, developed by a multidisciplinary team of researchers.<\/a><\/p>\n<p>&nbsp;<\/p>\n<p>&nbsp;<\/p>\n<h2>Publications<\/h2>\n<p><img loading=\"lazy\" decoding=\"async\" class=\"alignleft size-full wp-image-241\" src=\"https:\/\/sites.usp.br\/lgp\/wp-content\/uploads\/sites\/639\/2019\/11\/publicacoes.gif\" alt=\"\" width=\"240\" height=\"130\" \/><a href=\"https:\/\/sites.usp.br\/lgp\/teses-dissertacoes-e-monografias\/\">Learn more about LGP reading our publications. There are several of publications, many of them available for free downloading, including books and research articles.<\/a><\/p>\n<p>&nbsp;<\/p>\n<p>&nbsp;<\/p>\n<p>&nbsp;<\/p>\n<h2>Events<\/h2>\n<p><img loading=\"lazy\" decoding=\"async\" class=\"alignleft size-full wp-image-489\" src=\"https:\/\/sites.usp.br\/lgp\/wp-content\/uploads\/sites\/639\/2020\/02\/foruns-lgp.png\" alt=\"\" width=\"240\" height=\"130\" \/><a href=\"https:\/\/sites.usp.br\/lgp\/acontece\/\">Come discuss with us emerging issues on Project Management and Innovation in our forums and seminars. Many of them are free to the LGP community and transmitted by USP IPTV.<\/a><\/p>\n<p>&nbsp;<\/p>\n<p>&nbsp;<\/p>\n<p>&nbsp;<\/p>\n<h2>Pro-Value Model<\/h2>\n<p><img loading=\"lazy\" decoding=\"async\" class=\"alignleft size-full wp-image-501\" src=\"https:\/\/sites.usp.br\/lgp\/wp-content\/uploads\/sites\/639\/2020\/02\/img-modelo.gif\" alt=\"\" width=\"240\" height=\"130\" \/><a href=\"https:\/\/sites.usp.br\/lgp\/modelo\/\">Learn more about the Pro-Value Model that links several dimensions of Project Management &amp; Innovation, from best practices to the strategic dimension, building a value chain.<\/a><\/p>\n<p>&nbsp;<\/p>\n<p>&nbsp;<\/p>\n<p>&nbsp;<\/p>\n<p>&nbsp;<\/p>\n<p><em>Conference 2016, S\u00e3o Paulo, Brazil, 29-31 August, 2016Sustainability in Modern Project Management<\/em><\/p>\n<p><em>Call for papers18th International DSM Conference 2016, S\u00e3o Paulo, Brazil, 29-31 August, 2016Sustainability in Modern Project ManagementPapers of four (4) to ten (10) pages can be submitted for review until May 6th, 2016.Submit here<\/em><\/p>\n<p><em>Call for papers18th International DSM Conference 2016, S\u00e3o Paulo, Brazil, 29-31 August, 2016Sustainability in Modern Project ManagementPapers of four (4) to ten (10) pages can be submitted for review until May 6th, 2016.Submit here<\/em><\/p>","protected":false},"excerpt":{"rendered":"<p>&nbsp; Projects Join to our projects, developed by a multidisciplinary team of researchers. &nbsp; &nbsp; Publications Learn more about LGP&#46;&#46;&#46;<\/p>\n","protected":false},"author":1228,"featured_media":0,"parent":0,"menu_order":0,"comment_status":"closed","ping_status":"closed","template":"","meta":{"footnotes":"","_links_to":"","_links_to_target":""},"class_list":["post-178","page","type-page","status-publish","hentry"],"_links":{"self":[{"href":"https:\/\/sites.usp.br\/lgp\/en\/wp-json\/wp\/v2\/pages\/178","targetHints":{"allow":["GET"]}}],"collection":[{"href":"https:\/\/sites.usp.br\/lgp\/en\/wp-json\/wp\/v2\/pages"}],"about":[{"href":"https:\/\/sites.usp.br\/lgp\/en\/wp-json\/wp\/v2\/types\/page"}],"author":[{"embeddable":true,"href":"https:\/\/sites.usp.br\/lgp\/en\/wp-json\/wp\/v2\/users\/1228"}],"replies":[{"embeddable":true,"href":"https:\/\/sites.usp.br\/lgp\/en\/wp-json\/wp\/v2\/comments?post=178"}],"version-history":[{"count":4,"href":"https:\/\/sites.usp.br\/lgp\/en\/wp-json\/wp\/v2\/pages\/178\/revisions"}],"predecessor-version":[{"id":525,"href":"https:\/\/sites.usp.br\/lgp\/en\/wp-json\/wp\/v2\/pages\/178\/revisions\/525"}],"wp:attachment":[{"href":"https:\/\/sites.usp.br\/lgp\/en\/wp-json\/wp\/v2\/media?parent=178"}],"curies":[{"name":"wp","href":"https:\/\/api.w.org\/{rel}","templated":true}]}}