{"id":181,"date":"2019-11-19T15:20:15","date_gmt":"2019-11-19T17:20:15","guid":{"rendered":"https:\/\/sites.usp.br\/lgp\/?page_id=181"},"modified":"2020-02-14T15:23:08","modified_gmt":"2020-02-14T17:23:08","slug":"equipe","status":"publish","type":"page","link":"https:\/\/sites.usp.br\/lgp\/en\/equipe\/","title":{"rendered":"People"},"content":{"rendered":"<p><a href=\"https:\/\/sites.usp.br\/lgp\/equipe\/download\/\" rel=\"attachment wp-att-246\"><img loading=\"lazy\" decoding=\"async\" class=\"alignnone size-full wp-image-246\" src=\"https:\/\/sites.usp.br\/lgp\/wp-content\/uploads\/sites\/639\/2019\/12\/download.jpg\" alt=\"\" width=\"429\" height=\"333\" srcset=\"https:\/\/sites.usp.br\/lgp\/wp-content\/uploads\/sites\/639\/2019\/12\/download.jpg 429w, https:\/\/sites.usp.br\/lgp\/wp-content\/uploads\/sites\/639\/2019\/12\/download-300x233.jpg 300w, https:\/\/sites.usp.br\/lgp\/wp-content\/uploads\/sites\/639\/2019\/12\/download-400x310.jpg 400w\" sizes=\"auto, (max-width: 429px) 100vw, 429px\" \/><\/a><\/p>\n<p>Meus Projetos:\u00a0<a href=\"http:\/\/sistemas-producao.net\/lgp\/equipe\/marly\" target=\"_blank\" rel=\"noopener noreferrer\">1<\/a>;\u00a0<a href=\"http:\/\/sistemas-producao.net\/lgp\/equipe\/adonismaitino\" target=\"_blank\" rel=\"noopener noreferrer\">2<\/a>; <a href=\"http:\/\/sistemas-producao.net\/lgp\/equipe\/anapaula\" target=\"_blank\" rel=\"noopener noreferrer\">3<\/a>; <a href=\"http:\/\/sistemas-producao.net\/lgp\/equipe\/andreferrarese\" target=\"_blank\" rel=\"noopener noreferrer\">4<\/a>; <a href=\"http:\/\/sistemas-producao.net\/lgp\/equipe\/brunoteixeira\" target=\"_blank\" rel=\"noopener noreferrer\">5<\/a>; <a href=\"http:\/\/sistemas-producao.net\/lgp\/equipe\/danielasantana\" target=\"_blank\" rel=\"noopener noreferrer\">6<\/a>; <a href=\"http:\/\/sistemas-producao.net\/lgp\/equipe\/estevaozeppone\" target=\"_blank\" rel=\"noopener noreferrer\">7<\/a>;\u00a0<a href=\"http:\/\/sistemas-producao.net\/lgp\/equipe\/josetalamo\" target=\"_blank\" rel=\"noopener noreferrer\">8<\/a>;\u00a0<a href=\"http:\/\/sistemas-producao.net\/lgp\/equipe\/marisapadovani\" target=\"_blank\" rel=\"noopener noreferrer\">9<\/a>;\u00a0<a href=\"http:\/\/sistemas-producao.net\/lgp\/equipe\/silviamayumi\" target=\"_blank\" rel=\"noopener noreferrer\">10<\/a>;\u00a0<a href=\"http:\/\/sistemas-producao.net\/lgp\/equipe\/vanderlicorrea\" target=\"_blank\" rel=\"noopener noreferrer\">11<\/a>;\u00a0<a href=\"http:\/\/sistemas-producao.net\/lgp\/equipe\/veridianarotondaro\" target=\"_blank\" rel=\"noopener noreferrer\">12<\/a>;\u00a0<a href=\"http:\/\/sistemas-producao.net\/lgp\/equipe\/sandranaomi\" target=\"_blank\" rel=\"noopener noreferrer\">13<\/a>;\u00a0<a href=\"http:\/\/sistemas-producao.net\/lgp\/equipe\/roquerabechini\" target=\"_blank\" rel=\"noopener noreferrer\">14<\/a><\/p>\n<p><a href=\"http:\/\/devpro.poli.usp.br\/development\/lgp2\/wp-admin\/videos\" target=\"_blank\" rel=\"noopener noreferrer\">Meus V\u00eddeos<\/a><\/p>\n<p><a href=\"https:\/\/sites.usp.br\/lgp\/equipe\/download-1\/\" rel=\"attachment wp-att-247\"><img loading=\"lazy\" decoding=\"async\" class=\"alignnone size-full wp-image-247\" src=\"https:\/\/sites.usp.br\/lgp\/wp-content\/uploads\/sites\/639\/2019\/12\/download-1.jpg\" alt=\"\" width=\"429\" height=\"323\" srcset=\"https:\/\/sites.usp.br\/lgp\/wp-content\/uploads\/sites\/639\/2019\/12\/download-1.jpg 429w, https:\/\/sites.usp.br\/lgp\/wp-content\/uploads\/sites\/639\/2019\/12\/download-1-300x226.jpg 300w, https:\/\/sites.usp.br\/lgp\/wp-content\/uploads\/sites\/639\/2019\/12\/download-1-80x60.jpg 80w, https:\/\/sites.usp.br\/lgp\/wp-content\/uploads\/sites\/639\/2019\/12\/download-1-400x301.jpg 400w\" sizes=\"auto, (max-width: 429px) 100vw, 429px\" \/><\/a><\/p>\n<p><a href=\"http:\/\/sistemas-producao.net\/lgp\/equipe\/anapaula\">Meus Projetos<\/a><\/p>\n<p><a href=\"http:\/\/sistemas-producao.net\/lgp\/equipe\/#\">Meus V\u00eddeos<\/a><\/p>\n<p><a href=\"https:\/\/sites.usp.br\/lgp\/equipe\/download-2\/\" rel=\"attachment wp-att-248\"><img loading=\"lazy\" decoding=\"async\" class=\"alignnone size-full wp-image-248\" src=\"https:\/\/sites.usp.br\/lgp\/wp-content\/uploads\/sites\/639\/2019\/12\/download-2.jpg\" alt=\"\" width=\"437\" height=\"305\" srcset=\"https:\/\/sites.usp.br\/lgp\/wp-content\/uploads\/sites\/639\/2019\/12\/download-2.jpg 437w, https:\/\/sites.usp.br\/lgp\/wp-content\/uploads\/sites\/639\/2019\/12\/download-2-300x209.jpg 300w, https:\/\/sites.usp.br\/lgp\/wp-content\/uploads\/sites\/639\/2019\/12\/download-2-400x279.jpg 400w\" sizes=\"auto, (max-width: 437px) 100vw, 437px\" \/><\/a><\/p>\n<p><a href=\"http:\/\/sistemas-producao.net\/lgp\/equipe\/andreferrarese\">Meus Projetos<\/a><\/p>\n<p>Meus V\u00eddeos<\/p>\n<p><a href=\"https:\/\/sites.usp.br\/lgp\/equipe\/download-3\/\" rel=\"attachment wp-att-249\"><img loading=\"lazy\" decoding=\"async\" class=\"alignnone size-full wp-image-249\" src=\"https:\/\/sites.usp.br\/lgp\/wp-content\/uploads\/sites\/639\/2019\/12\/download-3.jpg\" alt=\"\" width=\"435\" height=\"284\" srcset=\"https:\/\/sites.usp.br\/lgp\/wp-content\/uploads\/sites\/639\/2019\/12\/download-3.jpg 435w, https:\/\/sites.usp.br\/lgp\/wp-content\/uploads\/sites\/639\/2019\/12\/download-3-300x196.jpg 300w, https:\/\/sites.usp.br\/lgp\/wp-content\/uploads\/sites\/639\/2019\/12\/download-3-400x261.jpg 400w\" sizes=\"auto, (max-width: 435px) 100vw, 435px\" \/><\/a><\/p>\n<p><a href=\"http:\/\/sistemas-producao.net\/lgp\/equipe\/danielasantana\">Meus Projetos<\/a><\/p>\n<p><a href=\"http:\/\/sistemas-producao.net\/lgp\/equipe\/#\">Meus V\u00eddeos<\/a><\/p>\n<p><a href=\"https:\/\/sites.usp.br\/lgp\/equipe\/download-4\/\" rel=\"attachment wp-att-250\"><img loading=\"lazy\" decoding=\"async\" class=\"alignnone size-full wp-image-250\" src=\"https:\/\/sites.usp.br\/lgp\/wp-content\/uploads\/sites\/639\/2019\/12\/download-4.jpg\" alt=\"\" width=\"428\" height=\"327\" srcset=\"https:\/\/sites.usp.br\/lgp\/wp-content\/uploads\/sites\/639\/2019\/12\/download-4.jpg 428w, https:\/\/sites.usp.br\/lgp\/wp-content\/uploads\/sites\/639\/2019\/12\/download-4-300x229.jpg 300w, https:\/\/sites.usp.br\/lgp\/wp-content\/uploads\/sites\/639\/2019\/12\/download-4-80x60.jpg 80w, https:\/\/sites.usp.br\/lgp\/wp-content\/uploads\/sites\/639\/2019\/12\/download-4-400x306.jpg 400w\" sizes=\"auto, (max-width: 428px) 100vw, 428px\" \/><\/a><\/p>\n<p><a href=\"http:\/\/sistemas-producao.net\/lgp\/equipe\/eduardozancul\">Meus Projetos<\/a><\/p>\n<p><a href=\"http:\/\/sistemas-producao.net\/lgp\/equipe\/#\">Meus V\u00eddeos<\/a><\/p>\n<p><a href=\"https:\/\/sites.usp.br\/lgp\/equipe\/download-5\/\" rel=\"attachment wp-att-251\"><img loading=\"lazy\" decoding=\"async\" class=\"alignnone size-full wp-image-251\" src=\"https:\/\/sites.usp.br\/lgp\/wp-content\/uploads\/sites\/639\/2019\/12\/download-5.jpg\" alt=\"\" width=\"440\" height=\"343\" srcset=\"https:\/\/sites.usp.br\/lgp\/wp-content\/uploads\/sites\/639\/2019\/12\/download-5.jpg 440w, https:\/\/sites.usp.br\/lgp\/wp-content\/uploads\/sites\/639\/2019\/12\/download-5-300x234.jpg 300w, https:\/\/sites.usp.br\/lgp\/wp-content\/uploads\/sites\/639\/2019\/12\/download-5-400x312.jpg 400w\" sizes=\"auto, (max-width: 440px) 100vw, 440px\" \/><\/a><\/p>\n<p><a href=\"http:\/\/sistemas-producao.net\/lgp\/equipe\/eduardozancul\">Meus Projetos<\/a><\/p>\n<p><a href=\"http:\/\/sistemas-producao.net\/lgp\/equipe\/#\">Meus V\u00eddeos<\/a><\/p>\n<p><a href=\"https:\/\/sites.usp.br\/lgp\/equipe\/download-6\/\" rel=\"attachment wp-att-252\"><img loading=\"lazy\" decoding=\"async\" class=\"alignnone size-full wp-image-252\" src=\"https:\/\/sites.usp.br\/lgp\/wp-content\/uploads\/sites\/639\/2019\/12\/download-6.jpg\" alt=\"\" width=\"437\" height=\"284\" srcset=\"https:\/\/sites.usp.br\/lgp\/wp-content\/uploads\/sites\/639\/2019\/12\/download-6.jpg 437w, https:\/\/sites.usp.br\/lgp\/wp-content\/uploads\/sites\/639\/2019\/12\/download-6-300x195.jpg 300w, https:\/\/sites.usp.br\/lgp\/wp-content\/uploads\/sites\/639\/2019\/12\/download-6-400x260.jpg 400w\" sizes=\"auto, (max-width: 437px) 100vw, 437px\" \/><\/a><\/p>\n<p>Meus Projetos<\/p>\n<p>Meus V\u00eddeos<\/p>\n<p><a href=\"https:\/\/sites.usp.br\/lgp\/equipe\/download-7\/\" rel=\"attachment wp-att-253\"><img loading=\"lazy\" decoding=\"async\" class=\"alignnone size-full wp-image-253\" src=\"https:\/\/sites.usp.br\/lgp\/wp-content\/uploads\/sites\/639\/2019\/12\/download-7.jpg\" alt=\"\" width=\"478\" height=\"298\" srcset=\"https:\/\/sites.usp.br\/lgp\/wp-content\/uploads\/sites\/639\/2019\/12\/download-7.jpg 478w, https:\/\/sites.usp.br\/lgp\/wp-content\/uploads\/sites\/639\/2019\/12\/download-7-300x187.jpg 300w, https:\/\/sites.usp.br\/lgp\/wp-content\/uploads\/sites\/639\/2019\/12\/download-7-400x249.jpg 400w\" sizes=\"auto, (max-width: 478px) 100vw, 478px\" \/><\/a><\/p>\n<p><a href=\"http:\/\/sistemas-producao.net\/lgp\/equipe\/joaopinheiro\">Meus Projetos<\/a><\/p>\n<p>Meus V\u00eddeos<\/p>\n<p><a href=\"https:\/\/sites.usp.br\/lgp\/equipe\/download-8\/\" rel=\"attachment wp-att-254\"><img loading=\"lazy\" decoding=\"async\" class=\"alignnone size-full wp-image-254\" src=\"https:\/\/sites.usp.br\/lgp\/wp-content\/uploads\/sites\/639\/2019\/12\/download-8.jpg\" alt=\"\" width=\"448\" height=\"327\" srcset=\"https:\/\/sites.usp.br\/lgp\/wp-content\/uploads\/sites\/639\/2019\/12\/download-8.jpg 448w, https:\/\/sites.usp.br\/lgp\/wp-content\/uploads\/sites\/639\/2019\/12\/download-8-300x219.jpg 300w, https:\/\/sites.usp.br\/lgp\/wp-content\/uploads\/sites\/639\/2019\/12\/download-8-400x292.jpg 400w\" sizes=\"auto, (max-width: 448px) 100vw, 448px\" \/><\/a><\/p>\n<p>Meus Projetos<\/p>\n<p>Meus V\u00eddeos<\/p>\n<p><a href=\"https:\/\/sites.usp.br\/lgp\/equipe\/download-9\/\" rel=\"attachment wp-att-255\"><img loading=\"lazy\" decoding=\"async\" class=\"alignnone size-full wp-image-255\" src=\"https:\/\/sites.usp.br\/lgp\/wp-content\/uploads\/sites\/639\/2019\/12\/download-9.jpg\" alt=\"\" width=\"476\" height=\"330\" srcset=\"https:\/\/sites.usp.br\/lgp\/wp-content\/uploads\/sites\/639\/2019\/12\/download-9.jpg 476w, https:\/\/sites.usp.br\/lgp\/wp-content\/uploads\/sites\/639\/2019\/12\/download-9-300x208.jpg 300w, https:\/\/sites.usp.br\/lgp\/wp-content\/uploads\/sites\/639\/2019\/12\/download-9-400x277.jpg 400w\" sizes=\"auto, (max-width: 476px) 100vw, 476px\" \/><\/a><\/p>\n<p><a href=\"http:\/\/sistemas-producao.net\/lgp\/equipe\/eduardozancul\">Meus Projetos<\/a><\/p>\n<p><a href=\"http:\/\/sistemas-producao.net\/lgp\/equipe\/#\">Meus<\/a><\/p>\n<p><a href=\"https:\/\/sites.usp.br\/lgp\/equipe\/download-10\/\" rel=\"attachment wp-att-256\"><img loading=\"lazy\" decoding=\"async\" class=\"alignnone size-full wp-image-256\" src=\"https:\/\/sites.usp.br\/lgp\/wp-content\/uploads\/sites\/639\/2019\/12\/download-10.jpg\" alt=\"\" width=\"433\" height=\"297\" srcset=\"https:\/\/sites.usp.br\/lgp\/wp-content\/uploads\/sites\/639\/2019\/12\/download-10.jpg 433w, https:\/\/sites.usp.br\/lgp\/wp-content\/uploads\/sites\/639\/2019\/12\/download-10-300x206.jpg 300w, https:\/\/sites.usp.br\/lgp\/wp-content\/uploads\/sites\/639\/2019\/12\/download-10-400x274.jpg 400w\" sizes=\"auto, (max-width: 433px) 100vw, 433px\" \/><\/a><\/p>\n<p><a href=\"http:\/\/sistemas-producao.net\/lgp\/equipe\/josetalamo\">Meus Projetos<\/a><\/p>\n<p>Meus V\u00eddeos<\/p>\n<p><a href=\"https:\/\/sites.usp.br\/lgp\/equipe\/download-11\/\" rel=\"attachment wp-att-257\"><img loading=\"lazy\" decoding=\"async\" class=\"alignnone size-full wp-image-257\" src=\"https:\/\/sites.usp.br\/lgp\/wp-content\/uploads\/sites\/639\/2019\/12\/download-11.jpg\" alt=\"\" width=\"437\" height=\"284\" srcset=\"https:\/\/sites.usp.br\/lgp\/wp-content\/uploads\/sites\/639\/2019\/12\/download-11.jpg 437w, https:\/\/sites.usp.br\/lgp\/wp-content\/uploads\/sites\/639\/2019\/12\/download-11-300x195.jpg 300w, https:\/\/sites.usp.br\/lgp\/wp-content\/uploads\/sites\/639\/2019\/12\/download-11-400x260.jpg 400w\" sizes=\"auto, (max-width: 437px) 100vw, 437px\" \/><\/a><\/p>\n<p><a href=\"http:\/\/sistemas-producao.net\/lgp\/equipe\/marisapadovani\">Meus Projetos<\/a><\/p>\n<p><a href=\"http:\/\/sistemas-producao.net\/lgp\/equipe\/#\">Meus V\u00eddeos<\/a><\/p>\n<p><a href=\"https:\/\/sites.usp.br\/lgp\/equipe\/download-12\/\" rel=\"attachment wp-att-258\"><img loading=\"lazy\" decoding=\"async\" class=\"alignnone size-full wp-image-258\" src=\"https:\/\/sites.usp.br\/lgp\/wp-content\/uploads\/sites\/639\/2019\/12\/download-12.jpg\" alt=\"\" width=\"434\" height=\"326\" srcset=\"https:\/\/sites.usp.br\/lgp\/wp-content\/uploads\/sites\/639\/2019\/12\/download-12.jpg 434w, https:\/\/sites.usp.br\/lgp\/wp-content\/uploads\/sites\/639\/2019\/12\/download-12-300x225.jpg 300w, https:\/\/sites.usp.br\/lgp\/wp-content\/uploads\/sites\/639\/2019\/12\/download-12-80x60.jpg 80w, https:\/\/sites.usp.br\/lgp\/wp-content\/uploads\/sites\/639\/2019\/12\/download-12-400x300.jpg 400w\" sizes=\"auto, (max-width: 434px) 100vw, 434px\" \/><\/a><\/p>\n<p>Meus Projetos<\/p>\n<p>Meus V\u00eddeos<\/p>\n<p><a href=\"https:\/\/sites.usp.br\/lgp\/equipe\/download-13\/\" rel=\"attachment wp-att-259\"><img loading=\"lazy\" decoding=\"async\" class=\"alignnone size-full wp-image-259\" src=\"https:\/\/sites.usp.br\/lgp\/wp-content\/uploads\/sites\/639\/2019\/12\/download-13.jpg\" alt=\"\" width=\"430\" height=\"325\" srcset=\"https:\/\/sites.usp.br\/lgp\/wp-content\/uploads\/sites\/639\/2019\/12\/download-13.jpg 430w, https:\/\/sites.usp.br\/lgp\/wp-content\/uploads\/sites\/639\/2019\/12\/download-13-300x227.jpg 300w, https:\/\/sites.usp.br\/lgp\/wp-content\/uploads\/sites\/639\/2019\/12\/download-13-80x60.jpg 80w, https:\/\/sites.usp.br\/lgp\/wp-content\/uploads\/sites\/639\/2019\/12\/download-13-400x302.jpg 400w\" sizes=\"auto, (max-width: 430px) 100vw, 430px\" \/><\/a><\/p>\n<p><a href=\"http:\/\/sistemas-producao.net\/lgp\/equipe\/renatomoraes\">Meus Projetos<\/a><\/p>\n<p><a href=\"http:\/\/sistemas-producao.net\/lgp\/equipe\/#\">Meus V\u00eddeos<\/a><\/p>\n<p><a href=\"https:\/\/sites.usp.br\/lgp\/equipe\/download-14\/\" rel=\"attachment wp-att-260\"><img loading=\"lazy\" decoding=\"async\" class=\"alignnone size-full wp-image-260\" src=\"https:\/\/sites.usp.br\/lgp\/wp-content\/uploads\/sites\/639\/2019\/12\/download-14.jpg\" alt=\"\" width=\"436\" height=\"325\" srcset=\"https:\/\/sites.usp.br\/lgp\/wp-content\/uploads\/sites\/639\/2019\/12\/download-14.jpg 436w, https:\/\/sites.usp.br\/lgp\/wp-content\/uploads\/sites\/639\/2019\/12\/download-14-300x224.jpg 300w, https:\/\/sites.usp.br\/lgp\/wp-content\/uploads\/sites\/639\/2019\/12\/download-14-80x60.jpg 80w, https:\/\/sites.usp.br\/lgp\/wp-content\/uploads\/sites\/639\/2019\/12\/download-14-400x298.jpg 400w\" sizes=\"auto, (max-width: 436px) 100vw, 436px\" \/><\/a><\/p>\n<p>Meus Projetos:<a href=\"http:\/\/devpro.poli.usp.br\/development\/lgp2\/wp-admin\/marly\" target=\"_blank\" rel=\"noopener noreferrer\">1<\/a>;\u00a0<a href=\"http:\/\/sistemas-producao.net\/lgp\/equipe\/roquerabechini\">2<\/a><\/p>\n<p><a href=\"http:\/\/sistemas-producao.net\/lgp\/equipe\/videos\" target=\"_blank\" rel=\"noopener noreferrer\">Meus V\u00eddeos<\/a><\/p>\n<p><a href=\"https:\/\/sites.usp.br\/lgp\/equipe\/download-15\/\" rel=\"attachment wp-att-261\"><img loading=\"lazy\" decoding=\"async\" class=\"alignnone size-full wp-image-261\" src=\"https:\/\/sites.usp.br\/lgp\/wp-content\/uploads\/sites\/639\/2019\/12\/download-15.jpg\" alt=\"\" width=\"431\" height=\"328\" srcset=\"https:\/\/sites.usp.br\/lgp\/wp-content\/uploads\/sites\/639\/2019\/12\/download-15.jpg 431w, https:\/\/sites.usp.br\/lgp\/wp-content\/uploads\/sites\/639\/2019\/12\/download-15-300x228.jpg 300w, https:\/\/sites.usp.br\/lgp\/wp-content\/uploads\/sites\/639\/2019\/12\/download-15-80x60.jpg 80w, https:\/\/sites.usp.br\/lgp\/wp-content\/uploads\/sites\/639\/2019\/12\/download-15-400x304.jpg 400w\" sizes=\"auto, (max-width: 431px) 100vw, 431px\" \/><\/a><\/p>\n<p><a href=\"http:\/\/sistemas-producao.net\/lgp\/equipe\/sandranaomi\">Meus Projetos<\/a><\/p>\n<p><a href=\"http:\/\/sistemas-producao.net\/lgp\/equipe\/#\">Meus V\u00eddeos<\/a><\/p>\n<p><a href=\"https:\/\/sites.usp.br\/lgp\/equipe\/download-16\/\" rel=\"attachment wp-att-262\"><img loading=\"lazy\" decoding=\"async\" class=\"alignnone size-full wp-image-262\" src=\"https:\/\/sites.usp.br\/lgp\/wp-content\/uploads\/sites\/639\/2019\/12\/download-16.jpg\" alt=\"\" width=\"431\" height=\"328\" srcset=\"https:\/\/sites.usp.br\/lgp\/wp-content\/uploads\/sites\/639\/2019\/12\/download-16.jpg 431w, https:\/\/sites.usp.br\/lgp\/wp-content\/uploads\/sites\/639\/2019\/12\/download-16-300x228.jpg 300w, https:\/\/sites.usp.br\/lgp\/wp-content\/uploads\/sites\/639\/2019\/12\/download-16-80x60.jpg 80w, https:\/\/sites.usp.br\/lgp\/wp-content\/uploads\/sites\/639\/2019\/12\/download-16-400x304.jpg 400w\" sizes=\"auto, (max-width: 431px) 100vw, 431px\" \/><\/a><\/p>\n<p><a href=\"http:\/\/sistemas-producao.net\/lgp\/equipe\/silviamayumi\">Meus Projetos<\/a><\/p>\n<p><a href=\"http:\/\/sistemas-producao.net\/lgp\/equipe\/#\">Meus V\u00eddeos<\/a><\/p>\n<p><a href=\"https:\/\/sites.usp.br\/lgp\/equipe\/download-17\/\" rel=\"attachment wp-att-263\"><img loading=\"lazy\" decoding=\"async\" class=\"alignnone size-full wp-image-263\" src=\"https:\/\/sites.usp.br\/lgp\/wp-content\/uploads\/sites\/639\/2019\/12\/download-17.jpg\" alt=\"\" width=\"429\" height=\"298\" srcset=\"https:\/\/sites.usp.br\/lgp\/wp-content\/uploads\/sites\/639\/2019\/12\/download-17.jpg 429w, https:\/\/sites.usp.br\/lgp\/wp-content\/uploads\/sites\/639\/2019\/12\/download-17-300x208.jpg 300w, https:\/\/sites.usp.br\/lgp\/wp-content\/uploads\/sites\/639\/2019\/12\/download-17-400x278.jpg 400w\" sizes=\"auto, (max-width: 429px) 100vw, 429px\" \/><\/a><\/p>\n<p><a href=\"http:\/\/sistemas-producao.net\/lgp\/equipe\/vanderlicorrea\">Meus Projetos<\/a><\/p>\n<p><a href=\"http:\/\/sistemas-producao.net\/lgp\/equipe\/#\">Meus V\u00eddeos<\/a><\/p>\n<p><a href=\"https:\/\/sites.usp.br\/lgp\/equipe\/download-18\/\" rel=\"attachment wp-att-264\"><img loading=\"lazy\" decoding=\"async\" class=\"alignnone size-full wp-image-264\" src=\"https:\/\/sites.usp.br\/lgp\/wp-content\/uploads\/sites\/639\/2019\/12\/download-18.jpg\" alt=\"\" width=\"478\" height=\"298\" srcset=\"https:\/\/sites.usp.br\/lgp\/wp-content\/uploads\/sites\/639\/2019\/12\/download-18.jpg 478w, https:\/\/sites.usp.br\/lgp\/wp-content\/uploads\/sites\/639\/2019\/12\/download-18-300x187.jpg 300w, https:\/\/sites.usp.br\/lgp\/wp-content\/uploads\/sites\/639\/2019\/12\/download-18-400x249.jpg 400w\" sizes=\"auto, (max-width: 478px) 100vw, 478px\" \/><\/a><\/p>\n<p><a href=\"http:\/\/sistemas-producao.net\/lgp\/equipe\/veridianarotondaro\">Meus Projetos<\/a><br \/>\n<a href=\"http:\/\/sistemas-producao.net\/lgp\/equipe\/#\">Meus V\u00eddeos<\/a><\/p>\n<p><a href=\"https:\/\/sites.usp.br\/lgp\/equipe\/download-19-2\/\" rel=\"attachment wp-att-266\"><img loading=\"lazy\" decoding=\"async\" class=\"alignnone size-full wp-image-266\" src=\"https:\/\/sites.usp.br\/lgp\/wp-content\/uploads\/sites\/639\/2019\/12\/download-19-1.jpg\" alt=\"\" width=\"443\" height=\"324\" srcset=\"https:\/\/sites.usp.br\/lgp\/wp-content\/uploads\/sites\/639\/2019\/12\/download-19-1.jpg 443w, https:\/\/sites.usp.br\/lgp\/wp-content\/uploads\/sites\/639\/2019\/12\/download-19-1-300x219.jpg 300w, https:\/\/sites.usp.br\/lgp\/wp-content\/uploads\/sites\/639\/2019\/12\/download-19-1-80x60.jpg 80w, https:\/\/sites.usp.br\/lgp\/wp-content\/uploads\/sites\/639\/2019\/12\/download-19-1-400x293.jpg 400w\" sizes=\"auto, (max-width: 443px) 100vw, 443px\" \/><\/a><\/p>\n<p>&nbsp;<\/p>\n<p><a href=\"https:\/\/sites.usp.br\/lgp\/equipe\/download-20\/\" rel=\"attachment wp-att-267\"><img loading=\"lazy\" decoding=\"async\" class=\"alignnone size-full wp-image-267\" src=\"https:\/\/sites.usp.br\/lgp\/wp-content\/uploads\/sites\/639\/2019\/12\/download-20.jpg\" alt=\"\" width=\"443\" height=\"279\" srcset=\"https:\/\/sites.usp.br\/lgp\/wp-content\/uploads\/sites\/639\/2019\/12\/download-20.jpg 443w, https:\/\/sites.usp.br\/lgp\/wp-content\/uploads\/sites\/639\/2019\/12\/download-20-300x189.jpg 300w, https:\/\/sites.usp.br\/lgp\/wp-content\/uploads\/sites\/639\/2019\/12\/download-20-400x252.jpg 400w\" sizes=\"auto, (max-width: 443px) 100vw, 443px\" \/><\/a><\/p>","protected":false},"excerpt":{"rendered":"<p>Meus Projetos:\u00a01;\u00a02; 3; 4; 5; 6; 7;\u00a08;\u00a09;\u00a010;\u00a011;\u00a012;\u00a013;\u00a014 Meus V\u00eddeos Meus Projetos Meus V\u00eddeos Meus Projetos Meus V\u00eddeos Meus Projetos Meus&#46;&#46;&#46;<\/p>\n","protected":false},"author":1228,"featured_media":0,"parent":0,"menu_order":0,"comment_status":"closed","ping_status":"closed","template":"","meta":{"footnotes":"","_links_to":"","_links_to_target":""},"class_list":["post-181","page","type-page","status-publish","hentry"],"_links":{"self":[{"href":"https:\/\/sites.usp.br\/lgp\/en\/wp-json\/wp\/v2\/pages\/181","targetHints":{"allow":["GET"]}}],"collection":[{"href":"https:\/\/sites.usp.br\/lgp\/en\/wp-json\/wp\/v2\/pages"}],"about":[{"href":"https:\/\/sites.usp.br\/lgp\/en\/wp-json\/wp\/v2\/types\/page"}],"author":[{"embeddable":true,"href":"https:\/\/sites.usp.br\/lgp\/en\/wp-json\/wp\/v2\/users\/1228"}],"replies":[{"embeddable":true,"href":"https:\/\/sites.usp.br\/lgp\/en\/wp-json\/wp\/v2\/comments?post=181"}],"version-history":[{"count":4,"href":"https:\/\/sites.usp.br\/lgp\/en\/wp-json\/wp\/v2\/pages\/181\/revisions"}],"predecessor-version":[{"id":529,"href":"https:\/\/sites.usp.br\/lgp\/en\/wp-json\/wp\/v2\/pages\/181\/revisions\/529"}],"wp:attachment":[{"href":"https:\/\/sites.usp.br\/lgp\/en\/wp-json\/wp\/v2\/media?parent=181"}],"curies":[{"name":"wp","href":"https:\/\/api.w.org\/{rel}","templated":true}]}}