{"id":200,"date":"2019-11-19T15:34:39","date_gmt":"2019-11-19T17:34:39","guid":{"rendered":"https:\/\/sites.usp.br\/lgp\/?page_id=200"},"modified":"2020-02-14T15:27:11","modified_gmt":"2020-02-14T17:27:11","slug":"videos","status":"publish","type":"page","link":"https:\/\/sites.usp.br\/lgp\/en\/videos\/","title":{"rendered":"Videos"},"content":{"rendered":"<h1>Workshop FAPESP\/ Newton Fund 2016 \u00a0&#8211;\u00a0Enhancing Relevance and Impact in Brazil for Research in Green Technology Management &amp; Product Service Systems<\/h1>\n<p>The British Council under the Newton Fund Researcher Links scheme \u00a0sponsored the workshop. The workshop is being coordinated by Prof Dr Tim Baines from the Aston Business School, and Prof Dr Marly Monteiro de Carvalho from the Polytechnic School, University of S\u00e3o Paulo.\u00a0 They have contributions from other leading researchers Dr Breno Nunes, Dr Andreas Schroeder, Prof Dr Henrique Rozenfeld and Dr Eduardo Zancul and also Early Career Researchers from the UK or Brazil.\u00a0<a href=\"https:\/\/www.youtube.com\/results?search_query=Workshop+FAPESP%2FNewton+Fund+2016\" target=\"_blank\" rel=\"noopener noreferrer\">Ver link no Youtube<\/a><\/p>\n<p>&nbsp;<\/p>\n<h1>F\u00f3rum LGP 10\/2012 Gest\u00e3o de Portf\u00f3lio<\/h1>\n<p><strong>Convidados:<\/strong><\/p>\n<p>Roberto Camanho \u2013 Consultor dos Softwares Expert Choice e Decision Lens<\/p>\n<p>Marcelo Machado Fernandes \u2013 Doutor pela UNESP, Projetos Seis Sigma Nielsen<\/p>\n<p><strong>Debatedor:<\/strong><\/p>\n<p>Marly Monteiro de Carvalho \u2013 Prof.a Livre-docente da Escola Polit\u00e9cnica POLI\/USP, Coordenadora do LGP<\/p>\n<p><a href=\"http:\/\/youtu.be\/DKwiLCaIW1M\" target=\"_blank\" rel=\"noopener noreferrer\">Ver link no Youtube<\/a><\/p>\n<p>&nbsp;<\/p>\n<h1>F\u00f3rum LGP 08\/2012 \u2013 Apresenta\u00e7\u00e3o da P\u00f3s Gradua\u00e7\u00e3o Produto<\/h1>\n<p>Excepcionalmente em agosto o f\u00f3rim LGP d\u00e1 espa\u00e7o \u00e0 apresenta\u00e7\u00e3o da abertura do processo de p\u00f3s-gradua\u00e7\u00e3o em Engenharia de Produ\u00e7\u00e3o na POLI\/SUP \u2013 \u00c1rea de Qualidade e Engenharia do Produto (QEP).<\/p>\n<p><strong>Palestrantes<\/strong>: Profa. Linda Lee Ho e Profa. Marly Monteiro de Carvalho<\/p>\n<p><a title=\"F\u00f3rum LGP 08\/2012 Apresenta\u00e7\u00e3o da P\u00f3s Gradua\u00e7\u00e3o - PRO\/POLI-USP *linha de pesquisa: QEP - Qualidade e Engenharia do Produto\" href=\"http:\/\/youtu.be\/SjSyBFhJ6WE\" target=\"_blank\" rel=\"noopener noreferrer\">Ver v\u00eddeo no youtube<\/a><\/p>\n<p>&nbsp;<\/p>\n<h1>F\u00f3rum LGP 06\/2012 \u2013 Projetos Internacionais<\/h1>\n<p><strong>Debatedor:<\/strong><br \/>\nMarly Monteiro de Carvalho- Prof.a Livre-docente da Escola Polit\u00e9cnica POLI\/USP. Coordenadora do LGP<\/p>\n<p><strong>Convidados:<\/strong><br \/>\nIvete Rodrigues \u2013 Doutora pela FEA\/USP. Professora da Funda\u00e7\u00e3o Instituto de Administra\u00e7\u00e3o (FIA)<\/p>\n<p>Leandro Alves Patah. Doutor pela Poli\/USP. Gerente Corporativo de Sistemas de Gest\u00e3o e Sustentabilidade da InterCement do Grupo Camargo Corr\u00eaa. Prof. do Mestrado em Administra\u00e7\u00e3o de Projetos da Universidade Nove de Julho.<\/p>\n<p><a href=\"http:\/\/youtu.be\/ykqaxYtElFU\" target=\"_blank\" rel=\"noopener noreferrer\">Ver v\u00eddeo no Youtube<\/a><\/p>\n<p>&nbsp;<\/p>\n<h1>F\u00f3rum LGP 05\/2012 \u2013 Riscos<\/h1>\n<p><strong>Debatedor<\/strong>:<\/p>\n<p>Marly Monteiro de Carvalho \u2013 Prof.a Livre-docente da Escola Polit\u00e9cnica POLI\/USP. Coordenadora do LGP<\/p>\n<p><strong>Convidados<\/strong>:<\/p>\n<p>Roque Rabechini Jr \u2013 Professor Associado da Mestrado Profissional em Gest\u00e3o de Projetos \u2013 Universidade Nove de Julho \u2013 Editor da Revista Gest\u00e3o &amp; Projetos<\/p>\n<p>Jos\u00e9 Eduardo M\u00f3dica \u2013 Engenheiro de Perfura\u00e7\u00e3o de Po\u00e7os de Petr\u00f3leo. Consultor da Transpetro<\/p>\n<div><\/div>\n<div>\n<h1>F\u00f3rum LGP 04\/2012 \u2013 Compet\u00eancias<\/h1>\n<p><strong>Debatedor<\/strong>:<\/p>\n<p>Marly Monteiro de Carvalho \u2013 Prof.a Livre-docente da Escola Polit\u00e9cnica POLI\/USP, Coordenadora do LGP<\/p>\n<p><strong>Convidados<\/strong>:<\/p>\n<p>Silvia Takey \u2013 Analista operacional do PMO (Planejamento F\u00edsico) da Promon Engenharia, Eng. de Produ\u00e7\u00e3o da POLI\/USP<\/p>\n<p>Patricia Sibinelli \u2013 Diretora de Opera\u00e7\u00f5es de Servi\u00e7os Profissionais; titular do Centro de Compet\u00eancia de Gerenciamento de Projetos da Promon Engenharia<\/p>\n<p><a href=\"http:\/\/youtu.be\/dEi7B_wuyFs\" target=\"_blank\" rel=\"noopener noreferrer\">Ver v\u00eddeo no Youtube<\/a><\/p>\n<\/div>\n<p>&nbsp;<\/p>\n<h1>F\u00f3rum LGP 03\/2012 \u2013 Gest\u00e3o \u00c1gil de Projetos<\/h1>\n<p><strong>Debatedor<\/strong>:<\/p>\n<p>Marly Monteiro de Carvalho. Prof.a Livre-docente da Escola Polit\u00e9cnica POLI\/USP. Coordenadora do LGP<\/p>\n<p><strong>Convidados<\/strong>:<\/p>\n<p>Daniel Capaldo Amaral\u2013 rof.a Livre-docente da EESC\/USP. Autor do livro Gest\u00e3o \u00c1gil de Projetos pela editora Saraiva.<\/p>\n<p>&nbsp;<\/p>\n<h1>F\u00f3rum LGP 11\/2011 Sustentabilidade \u2013 Parte 1<\/h1>\n<p><strong>Debatedor<\/strong>:<\/p>\n<p>Marly Monteiro de Carvalho \u2013 Prof.a Livre-docente da Escola Polit\u00e9cnica POLI\/USP, Coordenadora do LGP<\/p>\n<p><strong>Convidados<\/strong>:<\/p>\n<p>Roque Rabechini Junior \u2013 professor da Universidade Nove de Julho.<\/p>\n<p>Michelle Sabino \u2013 mestranda Universidade Nove de Julho<\/p>\n<p>Jairo Cardoso de Oliveira \u2013 PMO Siemens<\/p>\n<p>&nbsp;<\/p>\n<h1>F\u00f3rum LGP 11\/2011 \u2013 Sustentabilidade \u2013 Parte 2<\/h1>\n<p><strong>Debatedor<\/strong>:<\/p>\n<p>Marly Monteiro de Carvalho \u2013 Prof.a Livre-docente da Escola Polit\u00e9cnica POLI\/USP, Coordenadora do LGP<\/p>\n<p><strong>Convidados<\/strong>:<\/p>\n<p>Roque Rabechini Junior \u2013 professor da Universidade Nove de Julho.<\/p>\n<p>Michelle Sabino \u2013 mestranda Universidade Nove de Julho<\/p>\n<p>Jairo Cardoso de Oliveira \u2013 PMO Siemens<\/p>\n<p>&nbsp;<\/p>\n<h1>Semin\u00e1rio Anual LGP: Indicadores<\/h1>\n<p>Roberto Martins: Departamento de Engenharia de Produ\u00e7\u00e3o da UFSCar<\/p>\n<p>&nbsp;<\/p>\n<h1>Semin\u00e1rio Anual LGP: Maturidade<\/h1>\n<p>Darci Prado: consultor-s\u00f3cio do INDG<\/p>\n<p>&nbsp;<\/p>\n<h1>Semin\u00e1rio Anual LGP 2011: Gest\u00e3o \u00c1gil de Projetos<\/h1>\n<p>Daniel Capaldo do Amaral: Escola de Engenharia de S\u00e3o Carlos \u2013 USP<\/p>\n<p>&nbsp;<\/p>\n<h1>Semin\u00e1rio Anual LGP 2011: Modelo I4 de GP<\/h1>\n<p>Roque Rabechini Junior: Universidade Nove de Julho<\/p>\n<p>&nbsp;<\/p>\n<h1>Semin\u00e1rio Anual LGP 2011: Indicadores de Sucesso<\/h1>\n<p>Marly Monteiro de Carvalho: Escola Polit\u00e9cnica da USP<\/p>\n","protected":false},"excerpt":{"rendered":"<p>Workshop FAPESP\/ Newton Fund 2016 \u00a0&#8211;\u00a0Enhancing Relevance and Impact in Brazil for Research in Green Technology Management &amp; Product Service&#46;&#46;&#46;<\/p>\n","protected":false},"author":1228,"featured_media":0,"parent":0,"menu_order":0,"comment_status":"closed","ping_status":"closed","template":"","meta":{"footnotes":"","_links_to":"","_links_to_target":""},"class_list":["post-200","page","type-page","status-publish","hentry"],"_links":{"self":[{"href":"https:\/\/sites.usp.br\/lgp\/en\/wp-json\/wp\/v2\/pages\/200","targetHints":{"allow":["GET"]}}],"collection":[{"href":"https:\/\/sites.usp.br\/lgp\/en\/wp-json\/wp\/v2\/pages"}],"about":[{"href":"https:\/\/sites.usp.br\/lgp\/en\/wp-json\/wp\/v2\/types\/page"}],"author":[{"embeddable":true,"href":"https:\/\/sites.usp.br\/lgp\/en\/wp-json\/wp\/v2\/users\/1228"}],"replies":[{"embeddable":true,"href":"https:\/\/sites.usp.br\/lgp\/en\/wp-json\/wp\/v2\/comments?post=200"}],"version-history":[{"count":5,"href":"https:\/\/sites.usp.br\/lgp\/en\/wp-json\/wp\/v2\/pages\/200\/revisions"}],"predecessor-version":[{"id":536,"href":"https:\/\/sites.usp.br\/lgp\/en\/wp-json\/wp\/v2\/pages\/200\/revisions\/536"}],"wp:attachment":[{"href":"https:\/\/sites.usp.br\/lgp\/en\/wp-json\/wp\/v2\/media?parent=200"}],"curies":[{"name":"wp","href":"https:\/\/api.w.org\/{rel}","templated":true}]}}