{"id":153,"date":"2019-11-19T14:36:32","date_gmt":"2019-11-19T16:36:32","guid":{"rendered":"https:\/\/sites.usp.br\/lgp\/?page_id=153"},"modified":"2020-02-14T15:25:01","modified_gmt":"2020-02-14T17:25:01","slug":"teses-dissertacoes-e-monografias","status":"publish","type":"page","link":"https:\/\/sites.usp.br\/lgp\/teses-dissertacoes-e-monografias\/","title":{"rendered":"Teses, Disserta\u00e7\u00f5es e Monografias"},"content":{"rendered":"<p><a href=\"https:\/\/sites.usp.br\/lgp\/wp-content\/uploads\/sites\/639\/2019\/11\/publicacoes.gif\"><img loading=\"lazy\" decoding=\"async\" class=\"alignnone size-full wp-image-241\" src=\"https:\/\/sites.usp.br\/lgp\/wp-content\/uploads\/sites\/639\/2019\/11\/publicacoes.gif\" alt=\"\" width=\"240\" height=\"130\" \/><\/a><\/p>\n<p>Teses<\/p>\n<p><a href=\"http:\/\/www.pro.poli.usp.br\/publicacoes\/teses\/fatores-determinantes-para-a-traducao-da-estrategia-em-acoes-e-resultados-a-disciplina-da-execucao\">Fatores determinantes para a tradu\u00e7\u00e3o da estrat\u00e9gia em a\u00e7\u00f5es e resultados: a disciplina da execu\u00e7\u00e3o<\/a><\/p>\n<p><a href=\"http:\/\/www.pro.poli.usp.br\/publicacoes\/teses\/formacao-e-gestao-de-redes-de-cooperacao-empresarial\">Forma\u00e7\u00e3o e gest\u00e3o de redes de coopera\u00e7\u00e3o empresarial<\/a><\/p>\n<p><a href=\"http:\/\/www.pro.poli.usp.br\/publicacoes\/teses\/a-concentracao-geografica-de-empresas-no-agronegocio-de-flores-uma-analise-das-localidades-de-holambra-e-mogi-das-cruzes\">A concentra\u00e7\u00e3o geogr\u00e1fica de empresas no agroneg\u00f3cio de flores: uma an\u00e1lise das localidades de Holambra e Mogi das Cruzes<\/a><\/p>\n<p><a href=\"http:\/\/www.pro.poli.usp.br\/publicacoes\/teses\/tendencias-dos-programas-de-melhoria-da-qualidade-um-survey-em-empresas-de-grande-porte-no-brasil\">Tend\u00eancias dos Programas de Melhoria da Qualidade: Um Survey em Empresas de Grande Porte no Brasil<\/a><\/p>\n<p>&nbsp;<\/p>\n<p>Disserta\u00e7\u00f5es<\/p>\n<p><a href=\"http:\/\/www.pro.poli.usp.br\/publicacoes\/dissertacoes\/analise-da-gestao-de-portfolio-de-produtos-um-estudo-no-setor-de-alimentos\">An\u00e1lise da Gest\u00e3o de Portfolio de Produtos: Um Estudo no Setor de Alimentos<\/a><\/p>\n<p><a href=\"http:\/\/www.pro.poli.usp.br\/publicacoes\/dissertacoes\/analise-de-modelos-de-alinhamento-estrategico-interno\">An\u00e1lise de Modelos de Alinhamento Estrat\u00e9gico Interno<\/a><\/p>\n<p><a href=\"http:\/\/www.pro.poli.usp.br\/publicacoes\/dissertacoes\/alinhamento-estrategico-de-estrutura-organizacional-de-projetos-uma-analise-de-multiplos-casos\">Alinhamento estrat\u00e9gico de estrutura organizacional de projetos: uma an\u00e1lise de m\u00faltiplos casos<\/a><\/p>\n<p>&nbsp;<\/p>\n<p>Monografias<\/p>\n<p><a href=\"http:\/\/www.pro.poli.usp.br\/publicacoes\/trabalhos-de-formatura\/gestao-de-portfolio-um-estudo-em-uma-empresa-do-setor-de-varejo-alimentar\">Gest\u00e3o de portf\u00f3lio: um estudo em uma empresa do setor de varejo alimentar<\/a><\/p>\n<p><a href=\"http:\/\/www.pro.poli.usp.br\/publicacoes\/trabalhos-de-formatura\/sistemas-de-indicadores-de-desempenho-em-projetos-um-estudo-exploratorio\">Sistemas de indicadores de desempenho em projetos: um estudo explorat\u00f3rio<\/a><\/p>\n<p><a href=\"http:\/\/www.pro.poli.usp.br\/publicacoes\/trabalhos-de-formatura\/analise-de-fatores-criticos-de-sucesso-de-projetos-em-uma-empresa-de-varejo\">An\u00e1lise de fatores cr\u00edticos de sucesso de projetos em uma empresa de varejo<\/a><\/p>\n<p><a href=\"http:\/\/www.pro.poli.usp.br\/publicacoes\/trabalhos-de-formatura\/analise-de-maturidade-em-gestao-de-projetos-em-uma-empresa-varejista\">An\u00e1lise de maturidade em gest\u00e3o de projetos em uma empresa varejista<\/a><\/p>\n<p><a href=\"http:\/\/www.pro.poli.usp.br\/publicacoes\/trabalhos-de-formatura\/selecao-e-acompanhamento-de-oportunidades-de-investimento-tipo-venture-capital-em-empresas-inovadoras\">Sele\u00e7\u00e3o e acompanhamento de oportunidades de investimento tipo venture capital em empresas inovadoras<\/a><\/p>\n<p><a href=\"http:\/\/www.pro.poli.usp.br\/publicacoes\/trabalhos-de-formatura\/um-estudo-do-mercado-brasileiro-b2b-de-conteudos-moveis-mobile\">Um estudo do mercado brasileiro B2B de conte\u00fados m\u00f3veis (mobile)<\/a><\/p>\n<p><a href=\"http:\/\/www.pro.poli.usp.br\/publicacoes\/trabalhos-de-formatura\/gestao-do-conhecimento-o-caso-em-uma-empresa-de-consultoria-estrategica\">gest\u00e3o do conhecimento: o caso em uma empresa de consultoria estrat\u00e9gica<\/a><\/p>\n<p><a href=\"http:\/\/www.pro.poli.usp.br\/publicacoes\/trabalhos-de-formatura\/controle-e-avaliacao-de-projetos-o-caso-de-uma-empresa-de-consultoria\">Controle e avalia\u00e7\u00e3o de projetos: o caso de uma empresa de consultoria<\/a><\/p>\n<p><a href=\"http:\/\/www.pro.poli.usp.br\/publicacoes\/trabalhos-de-formatura\/o-mercado-brasileiro-b2c-de-conteudos-moveis-mobile-um-estudo-exploratorio\">O mercado brasileiro B2C de conte\u00fados m\u00f3veis (mobile): um estudo explorat\u00f3rio<\/a><\/p>\n<p><a href=\"http:\/\/www.pro.poli.usp.br\/publicacoes\/trabalhos-de-formatura\/parcerias-em-projetos-um-estudo-exploratorio\">Parcerias em projetos: um estudo explorat\u00f3rio<\/a><\/p>\n<p><a href=\"http:\/\/www.pro.poli.usp.br\/publicacoes\/trabalhos-de-formatura\/analise-dos-criterios-competitivos-um-estudo-de-caso-do-setor-textil-brasileiro\">An\u00e1lise dos crit\u00e9rios competitivos: um estudo de caso do setor t\u00eaxtil brasileiro<\/a><\/p>\n<p><a href=\"http:\/\/www.pro.poli.usp.br\/publicacoes\/trabalhos-de-formatura\/selecao-de-provedor-de-servicos-logisticos-terceirizado-uma-abordagem-mesclando-conceitos-de-gestao-de-projetos-e-ahp\">Sele\u00e7\u00e3o de provedor de servi\u00e7os log\u00edsticos terceirizado: uma abordagem mesclando conceitos de gest\u00e3o de projetos e AHP<\/a><\/p>\n<p><a href=\"http:\/\/www.pro.poli.usp.br\/publicacoes\/trabalhos-de-formatura\/aplicacao-de-ferramentas-para-o-auxilio-na-selecao-de-portfolio-de-projetos-em-empresas-com-projetos-de-inovacao\">Aplica\u00e7\u00e3o de ferramentas para o aux\u00edlio na sele\u00e7\u00e3o de portfolio de projetos em empresas com projetos de inova\u00e7\u00e3o<\/a><\/p>\n<p><a href=\"http:\/\/www.pro.poli.usp.br\/publicacoes\/trabalhos-de-formatura\/analise-da-maturidade-em-gestao-de-projetos-em-uma-montadora-de-automoveis\">An\u00e1lise da maturidade em gest\u00e3o de projetos em uma montadora de autom\u00f3veis<\/a><\/p>\n<p><a href=\"http:\/\/www.pro.poli.usp.br\/publicacoes\/trabalhos-de-formatura\/analise-da-gestao-de-escopo-em-gestao-de-projetos-um-estudo-de-caso-em-empresa-do-setor-de-bens-duraveis\">An\u00e1lise da gest\u00e3o de escopo em gest\u00e3o de projetos: um estudo de caso em empresa do setor de bens dur\u00e1veis<\/a><\/p>\n<p><a href=\"http:\/\/www.pro.poli.usp.br\/publicacoes\/trabalhos-de-formatura\/analise-do-portfolio-de-produtos-um-estudo-de-caso\">An\u00e1lise do portfolio de produtos: um estudo de caso<\/a><\/p>\n<p><a href=\"http:\/\/www.pro.poli.usp.br\/publicacoes\/trabalhos-de-formatura\/estudo-dos-criterios-competitivos-um-estudo-de-caso-em-empresa-do-setor-de-bebidas\">Estudo dos crit\u00e9rios competitivos: um estudo de caso em empresa do setor de bebidas<\/a><\/p>\n<p><a href=\"http:\/\/www.pro.poli.usp.br\/publicacoes\/trabalhos-de-formatura\/analise-da-concorrencia-um-estudo-de-caso-do-setor-de-bebidas\">An\u00e1lise da concorr\u00eancia: um estudo de caso do setor de bebidas<\/a><\/p>\n<p>Carvalho, MM. (2014) \u201cAn Investigation of the Role of Communication in IT Projects\u201d, International Journal of Operations &amp; Production Management, 34(1), 36-64.<\/p>\n","protected":false},"excerpt":{"rendered":"<p>Teses Fatores determinantes para a tradu\u00e7\u00e3o da estrat\u00e9gia em a\u00e7\u00f5es e resultados: a disciplina da execu\u00e7\u00e3o Forma\u00e7\u00e3o e gest\u00e3o de&#46;&#46;&#46;<\/p>\n","protected":false},"author":1228,"featured_media":0,"parent":0,"menu_order":0,"comment_status":"closed","ping_status":"closed","template":"","meta":{"footnotes":"","_links_to":"","_links_to_target":""},"class_list":["post-153","page","type-page","status-publish","hentry"],"_links":{"self":[{"href":"https:\/\/sites.usp.br\/lgp\/wp-json\/wp\/v2\/pages\/153","targetHints":{"allow":["GET"]}}],"collection":[{"href":"https:\/\/sites.usp.br\/lgp\/wp-json\/wp\/v2\/pages"}],"about":[{"href":"https:\/\/sites.usp.br\/lgp\/wp-json\/wp\/v2\/types\/page"}],"author":[{"embeddable":true,"href":"https:\/\/sites.usp.br\/lgp\/wp-json\/wp\/v2\/users\/1228"}],"replies":[{"embeddable":true,"href":"https:\/\/sites.usp.br\/lgp\/wp-json\/wp\/v2\/comments?post=153"}],"version-history":[{"count":4,"href":"https:\/\/sites.usp.br\/lgp\/wp-json\/wp\/v2\/pages\/153\/revisions"}],"predecessor-version":[{"id":533,"href":"https:\/\/sites.usp.br\/lgp\/wp-json\/wp\/v2\/pages\/153\/revisions\/533"}],"wp:attachment":[{"href":"https:\/\/sites.usp.br\/lgp\/wp-json\/wp\/v2\/media?parent=153"}],"curies":[{"name":"wp","href":"https:\/\/api.w.org\/{rel}","templated":true}]}}