{"id":184,"date":"2019-11-19T15:22:53","date_gmt":"2019-11-19T17:22:53","guid":{"rendered":"https:\/\/sites.usp.br\/lgp\/?page_id=184"},"modified":"2020-02-14T15:26:26","modified_gmt":"2020-02-14T17:26:26","slug":"184-2","status":"publish","type":"page","link":"https:\/\/sites.usp.br\/lgp\/184-2\/","title":{"rendered":"Cursos"},"content":{"rendered":"\r\n\t<div class=\"slideshow_container slideshow_container_style-light\" style=\"height: 292px; \" data-slideshow-id=\"508\" data-style-name=\"style-light\" data-style-version=\"2.3.1\" >\r\n\r\n\t\t\t\t\t<div class=\"slideshow_loading_icon\"><\/div>\r\n\t\t\r\n\t\t<div class=\"slideshow_content\" style=\"display: none;\">\r\n\r\n\t\t\t<div class=\"slideshow_view\">\r\n\t\t\t\t<div class=\"slideshow_slide slideshow_slide_image\">\r\n\t\t\t\t\t<a href=\"http:\/\/pro.poli.usp.br\/\" target=\"_blank\" >\t\t\t\t\t\t<img src=\"https:\/\/sites.usp.br\/lgp\/wp-content\/uploads\/sites\/639\/2020\/02\/logo-pro.png\" alt=\"Engenharia de Produ\u00e7\u00e3o (PRO)\" width=\"93\" height=\"109\" \/>\r\n\t\t\t\t\t<\/a>\t\t\t\t\t<div class=\"slideshow_description_box slideshow_transparent\">\r\n\t\t\t\t\t\t<div class=\"slideshow_title\"><a href=\"http:\/\/pro.poli.usp.br\/\" target=\"_blank\" >Engenharia de Produ\u00e7\u00e3o (PRO)<\/a><\/div>\t\t\t\t\t\t<div class=\"slideshow_description\"><a href=\"http:\/\/pro.poli.usp.br\/\" target=\"_blank\" >Na d\u00e9cada passada, percebendo a import\u00e2ncia crescente do tema de Gest\u00e3o de Projetos, criamos disciplinas de gest\u00e3o de projetos n\u00e3o s\u00f3 na gradua\u00e7\u00e3o da Engenharia de Produ\u00e7\u00e3o (PRO), mas tamb\u00e9m nas demais habilita\u00e7\u00f5es da Escola Polit\u00e9cnica.O curso \u201cGest\u00e3o de Projetos\u201d (PRO 2801) tem quatro cr\u00e9ditos e \u00e9 ministrado no oitavo semestre do curso de engenharia de produ\u00e7\u00e3o, cuja ementa trata n\u00e3o somente o gerenciamento do projeto, mas tamb\u00e9m as implica\u00e7\u00f5es organizacionais em termos de compet\u00eancias, maturidade e estrutura. O outro curso, \u201cPrinc\u00edpios da Gest\u00e3o de Projetos (PRO 2305), \u00e9 ministrado para as demais habilita\u00e7\u00f5es em engenharia da POLI, com carga de dois cr\u00e9ditos, aborda apenas os temas de gest\u00e3o de projeto. Conhe\u00e7a livro-texto e material do professor.\r\nNo programa de p\u00f3s-gradua\u00e7\u00e3o em Engenharia de Produ\u00e7\u00e3o Stricto Sensu (mestrado e doutorado) tamb\u00e9m oferecemos a disciplina \u201cOrganiza\u00e7\u00f5es orientadas a Projetos\u201d (PRO 5824) e desenvolvemos projetos de pesquisa, orientamos pesquisadores. Conhe\u00e7a alguns de nossos projetos e publica\u00e7\u00f5es.<\/a><\/div>\t\t\t\t\t<\/div>\r\n\t\t\t\t<\/div>\r\n\r\n\t\t\t\t\t\t<div style=\"clear: both;\"><\/div><\/div><div class=\"slideshow_view\">\r\n\t\t\t\t<div class=\"slideshow_slide slideshow_slide_image\">\r\n\t\t\t\t\t<a href=\"http:\/\/www.veduca.com.br\/assistir\/gestao-de-projetos\" target=\"_blank\" >\t\t\t\t\t\t<img src=\"https:\/\/sites.usp.br\/lgp\/wp-content\/uploads\/sites\/639\/2020\/02\/Video-Veduca2-1.png\" alt=\"V\u00eddeo aulas dispon\u00edveis na plataforma Veduca\" width=\"1222\" height=\"846\" \/>\r\n\t\t\t\t\t<\/a>\t\t\t\t\t<div class=\"slideshow_description_box slideshow_transparent\">\r\n\t\t\t\t\t\t<div class=\"slideshow_title\"><a href=\"http:\/\/www.veduca.com.br\/assistir\/gestao-de-projetos\" target=\"_blank\" >V\u00eddeo aulas dispon\u00edveis na plataforma Veduca<\/a><\/div>\t\t\t\t\t\t\t\t\t\t\t<\/div>\r\n\t\t\t\t<\/div>\r\n\r\n\t\t\t\t\t\t<div style=\"clear: both;\"><\/div><\/div><div class=\"slideshow_view\">\r\n\t\t\t\t<div class=\"slideshow_slide slideshow_slide_image\">\r\n\t\t\t\t\t<a href=\"http:\/\/nagi-pro.poli.usp.br\/mod\/page\/view.php?id=75\" target=\"_blank\" >\t\t\t\t\t\t<img src=\"https:\/\/sites.usp.br\/lgp\/wp-content\/uploads\/sites\/639\/2020\/02\/Vi\u0301deo-Nagi-2.png\" alt=\"V\u00eddeo aulas sobre Gest\u00e3o de Portf\u00f3lio\" width=\"848\" height=\"480\" \/>\r\n\t\t\t\t\t<\/a>\t\t\t\t\t<div class=\"slideshow_description_box slideshow_transparent\">\r\n\t\t\t\t\t\t<div class=\"slideshow_title\"><a href=\"http:\/\/nagi-pro.poli.usp.br\/mod\/page\/view.php?id=75\" target=\"_blank\" >V\u00eddeo aulas sobre Gest\u00e3o de Portf\u00f3lio<\/a><\/div>\t\t\t\t\t\t\t\t\t\t\t<\/div>\r\n\t\t\t\t<\/div>\r\n\r\n\t\t\t\t\t\t<div style=\"clear: both;\"><\/div><\/div><div class=\"slideshow_view\">\r\n\t\t\t\t<div class=\"slideshow_slide slideshow_slide_image\">\r\n\t\t\t\t\t<a href=\"http:\/\/www.vanzolini.org.br\/hotsite.asp?cod_site=8&amp;tipo=pos\" target=\"_blank\" >\t\t\t\t\t\t<img src=\"https:\/\/sites.usp.br\/lgp\/wp-content\/uploads\/sites\/639\/2020\/02\/CEGP_Cursos1.jpg\" alt=\"Curso de Especializa\u00e7\u00e3o em Gest\u00e3o de Projetos (CEGP)\" width=\"960\" height=\"184\" \/>\r\n\t\t\t\t\t<\/a>\t\t\t\t\t<div class=\"slideshow_description_box slideshow_transparent\">\r\n\t\t\t\t\t\t<div class=\"slideshow_title\"><a href=\"http:\/\/www.vanzolini.org.br\/hotsite.asp?cod_site=8&amp;tipo=pos\" target=\"_blank\" >Curso de Especializa\u00e7\u00e3o em Gest\u00e3o de Projetos (CEGP)<\/a><\/div>\t\t\t\t\t\t<div class=\"slideshow_description\"><a href=\"http:\/\/www.vanzolini.org.br\/hotsite.asp?cod_site=8&amp;tipo=pos\" target=\"_blank\" >O Curso de Especializa\u00e7\u00e3o em Gest\u00e3o de Projetos (CEGP) \u00e9 uma p\u00f3s-gradua\u00e7\u00e3o (lato sensu) oferecida pela Universidade de S\u00e3o Paulo e operacionalizada pela Funda\u00e7\u00e3o Vanzolini, mediante conv\u00eanio.\r\nO CEGP \u00e9 um dos cursos pioneiros no pa\u00eds na \u00e1rea de Gest\u00e3o de Projetos, criado em 1998.\r\n\r\nEle congrega uma comunidade profissional na \u00e1rea de Gest\u00e3o de Projetos, com mais de 200 alunos matriculados, distribu\u00eddos e seis turmas simult\u00e2neas, al\u00e9m da comunidade de ex-alunos formada ao longo de mais de uma d\u00e9cada. \u00c9 um ambiente f\u00e9rtil para a aprendizagem, discuss\u00e3o, pesquisas e f\u00f3runs tem\u00e1ticos na \u00e1rea de Gest\u00e3o de Projetos. Saiba mais\u2026<\/a><\/div>\t\t\t\t\t<\/div>\r\n\t\t\t\t<\/div>\r\n\r\n\t\t\t\t\t\t<div style=\"clear: both;\"><\/div><\/div><div class=\"slideshow_view\">\r\n\t\t\t\t<div class=\"slideshow_slide slideshow_slide_image\">\r\n\t\t\t\t\t\t\t\t\t\t\t<img src=\"https:\/\/sites.usp.br\/lgp\/wp-content\/uploads\/sites\/639\/2016\/05\/Cursos-e-Palestras1.jpg\" alt=\"Cursos de curta dura\u00e7\u00e3o\" width=\"238\" height=\"178\" \/>\r\n\t\t\t\t\t\t\t\t\t\t<div class=\"slideshow_description_box slideshow_transparent\">\r\n\t\t\t\t\t\t<div class=\"slideshow_title\">Cursos de curta dura\u00e7\u00e3o<\/div>\t\t\t\t\t\t<div class=\"slideshow_description\">Nos temas de expertise do LGP oferecemos uma variada gama de cursos de curta dura\u00e7\u00e3o, que s\u00e3o oferecidos ao longo do ano (inscreva-se) no Centro de Treinamento da Funda\u00e7\u00e3o Vanzolini, na Av. Paulista, 967, 5\u00ba andar, S\u00e3o Paulo (SP).\r\nOs cursos de curta dura\u00e7\u00e3o oferecidos s\u00e3o:\r\n\r\nGest\u00e3o de Porf\u00f3lio de Projetos\r\n\r\nConstru\u00e7\u00e3o de roteiros de gerenciamento de projetos customizados por tipo\r\n\r\nControle de Projetos\r\n\r\nGest\u00e3o de Riscos em Projetos\r\n\r\nSistemas de Indicadores de Desempenho em Projetos\r\n\r\nVoc\u00ea tamb\u00e9m pode pedir uma palestra ou curso customizado para suas necessidades, que pode ser ministrado in company ou no Centro de Treinamento da Funda\u00e7\u00e3o Vanzolini. Fale conosco\r\n\r\nN\u00e3o deixe tamb\u00e9m de participar de nossos f\u00f3runs mensais tem\u00e1ticos, ao vivo no Audit\u00f3rio da Engenharia de Produ\u00e7\u00e3o, com transmiss\u00e3o simult\u00e2nea pela IPTV-USP.<\/div>\t\t\t\t\t<\/div>\r\n\t\t\t\t<\/div>\r\n\r\n\t\t\t\t\t\t<div style=\"clear: both;\"><\/div><\/div>\r\n\t\t<\/div>\r\n\r\n\t\t<div class=\"slideshow_controlPanel slideshow_transparent\" style=\"display: none;\"><ul><li class=\"slideshow_togglePlay\" data-play-text=\"Acionar\" data-pause-text=\"Pausar\"><\/li><\/ul><\/div>\r\n\r\n\t\t<div class=\"slideshow_button slideshow_previous slideshow_transparent\" role=\"button\" data-previous-text=\"Anterior\" style=\"display: none;\"><\/div>\r\n\t\t<div class=\"slideshow_button slideshow_next slideshow_transparent\" role=\"button\" data-next-text=\"Pr\u00f3ximo\" style=\"display: none;\"><\/div>\r\n\r\n\t\t<div class=\"slideshow_pagination\" style=\"display: none;\" data-go-to-text=\"Ir para o slide\"><div class=\"slideshow_pagination_center\"><\/div><\/div>\r\n\r\n\t\t<!-- WordPress Slideshow Version 2.3.1 -->\r\n\r\n\t\t\t<\/div>\r\n\r\n\n<p>&nbsp;<\/p>\n<h2>Cursos<\/h2>\n<p><img loading=\"lazy\" decoding=\"async\" class=\"alignnone size-full wp-image-487\" src=\"https:\/\/sites.usp.br\/lgp\/wp-content\/uploads\/sites\/639\/2020\/02\/Sala-de-Aula4.jpg\" alt=\"\" width=\"231\" height=\"152\" \/><\/p>\n<p>Conhe\u00e7a e participe de nossos cursos abertos e por encomenda incompany.<\/p>\n<p><a href=\"https:\/\/sites.usp.br\/lgp\/acontece\/\" target=\"_blank\" rel=\"noopener noreferrer\">Conhe\u00e7a a agenda dos cursos<\/a><\/p>\n<p>&nbsp;<\/p>\n<h2>Especializa\u00e7\u00e3o<\/h2>\n<p><img loading=\"lazy\" decoding=\"async\" class=\"alignnone size-full wp-image-488\" src=\"https:\/\/sites.usp.br\/lgp\/wp-content\/uploads\/sites\/639\/2020\/02\/Especializac\u0327a\u0303o1.jpg\" alt=\"\" width=\"223\" height=\"117\" \/><\/p>\n<p><a href=\"https:\/\/sites.usp.br\/lgp\/teses-dissertacoes-e-monografias\/\">O Curso de Especializa\u00e7\u00e3o em Gest\u00e3o de Projetos (CEGP) \u00e9 uma p\u00f3s-gradua\u00e7\u00e3o (lato sensu) oferecida pela Universidade de S\u00e3o Paulo e operacionalizada pela Funda\u00e7\u00e3o Vanzolini, mediante conv\u00eanio.<br \/>\n<\/a><a href=\"http:\/\/www.vanzolini.org.br\/hotsite.asp?cod_site=8&amp;tipo=pos\" target=\"_blank\" rel=\"noopener noreferrer\">Saiba mais<\/a><\/p>\n<p>&nbsp;<\/p>\n<h2>Eventos<\/h2>\n<p><img loading=\"lazy\" decoding=\"async\" class=\"alignnone size-full wp-image-489\" src=\"https:\/\/sites.usp.br\/lgp\/wp-content\/uploads\/sites\/639\/2020\/02\/foruns-lgp.png\" alt=\"\" width=\"240\" height=\"130\" \/><\/p>\n<p><a href=\"https:\/\/sites.usp.br\/lgp\/acontece\/\">Venha discutir conosco temas de Gest\u00e3o de Projetos e Inova\u00e7\u00e3o em nossos f\u00f3runs ou semin\u00e1rios, v\u00e1rios deles abertos a comunidade quer presencial quer a dist\u00e2ncia.<\/a><\/p>\n","protected":false},"excerpt":{"rendered":"<p>&nbsp; Cursos Conhe\u00e7a e participe de nossos cursos abertos e por encomenda incompany. Conhe\u00e7a a agenda dos cursos &nbsp; Especializa\u00e7\u00e3o&#46;&#46;&#46;<\/p>\n","protected":false},"author":1228,"featured_media":0,"parent":0,"menu_order":0,"comment_status":"closed","ping_status":"closed","template":"","meta":{"footnotes":"","_links_to":"","_links_to_target":""},"class_list":["post-184","page","type-page","status-publish","hentry"],"_links":{"self":[{"href":"https:\/\/sites.usp.br\/lgp\/wp-json\/wp\/v2\/pages\/184","targetHints":{"allow":["GET"]}}],"collection":[{"href":"https:\/\/sites.usp.br\/lgp\/wp-json\/wp\/v2\/pages"}],"about":[{"href":"https:\/\/sites.usp.br\/lgp\/wp-json\/wp\/v2\/types\/page"}],"author":[{"embeddable":true,"href":"https:\/\/sites.usp.br\/lgp\/wp-json\/wp\/v2\/users\/1228"}],"replies":[{"embeddable":true,"href":"https:\/\/sites.usp.br\/lgp\/wp-json\/wp\/v2\/comments?post=184"}],"version-history":[{"count":4,"href":"https:\/\/sites.usp.br\/lgp\/wp-json\/wp\/v2\/pages\/184\/revisions"}],"predecessor-version":[{"id":535,"href":"https:\/\/sites.usp.br\/lgp\/wp-json\/wp\/v2\/pages\/184\/revisions\/535"}],"wp:attachment":[{"href":"https:\/\/sites.usp.br\/lgp\/wp-json\/wp\/v2\/media?parent=184"}],"curies":[{"name":"wp","href":"https:\/\/api.w.org\/{rel}","templated":true}]}}