{"id":326,"date":"2019-12-11T18:57:42","date_gmt":"2019-12-11T20:57:42","guid":{"rendered":"https:\/\/sites.usp.br\/lgp\/?page_id=326"},"modified":"2019-12-12T13:37:11","modified_gmt":"2019-12-12T15:37:11","slug":"titulo-do-trabalho","status":"publish","type":"page","link":"https:\/\/sites.usp.br\/lgp\/titulo-do-trabalho\/","title":{"rendered":"T\u00edtulo do trabalho"},"content":{"rendered":"<p><\/p>\n<h1><span class=\"Apple-style-span\">Projeto de p\u00f3s Doutorado<\/span><\/h1>\n<div><strong>Pesquisador:\u00a0<\/strong><br \/>\n<a href=\"https:\/\/sites.usp.br\/lgp\/titulo-do-trabalho\/vanderli-correa\/\" rel=\"attachment wp-att-327\"><img loading=\"lazy\" decoding=\"async\" class=\"alignnone size-full wp-image-327\" src=\"https:\/\/sites.usp.br\/lgp\/wp-content\/uploads\/sites\/639\/2019\/12\/vanderli-correa.gif\" alt=\"\" width=\"133\" height=\"179\" \/><\/a><\/div>\n<div><span class=\"Apple-style-span\"><strong>Dra. Vanderli Correa Prieto.<\/strong><br \/>\n<\/span><span class=\"Apple-style-span\">Poli\/USP<br \/>\n<\/span><span class=\"Apple-style-span\">Contato: vanderli.prieto@usp.br<\/span><\/div>\n<div><strong>Orientador\/ Coordenador do Projeto:<\/strong><br \/>\n<a href=\"https:\/\/sites.usp.br\/lgp\/identificacao-de-fatores-criticos-de-sucesso-em-projetos-um-estudo-exploratorio-2\/marly-3\/\" rel=\"attachment wp-att-287\"><img loading=\"lazy\" decoding=\"async\" class=\"alignnone size-full wp-image-287\" src=\"https:\/\/sites.usp.br\/lgp\/wp-content\/uploads\/sites\/639\/2019\/12\/marly-2.gif\" alt=\"\" width=\"133\" height=\"179\" \/><\/a><\/div>\n<div><strong>Marly Monteiro de Carvalho, Prof. Dr.<\/strong><br \/>\nPOLI\/USP<br \/>\nContato: marlymc@usp.br<\/div>\n<div>\n<p>Projeto Guarda- chuva: Perspectiva estrat\u00e9gica de Projetos, Inova\u00e7\u00e3o e Sustentabilidade (P&amp;I&amp;S)<\/p>\n<p>Resumo: A implementa\u00e7\u00e3o bem sucedida da estrat\u00e9gia \u00e9 uma das quatro pr\u00e1ticas mais relevantes para o sucesso empresarial. Tamb\u00e9m h\u00e1 um consenso de que empresas mais bem alinhadas apresentam desempenho superior. O alinhamento trata do ajuste entre a estrat\u00e9gia e o ambiente da organiza\u00e7\u00e3o e da sua implementa\u00e7\u00e3o. Executar a estrat\u00e9gia envolve a coopera\u00e7\u00e3o de diferentes \u00e1reas da organiza\u00e7\u00e3o e a coordena\u00e7\u00e3o de m\u00faltiplas vari\u00e1veis, como pessoas, processos, necessidades dos clientes, entre outras. Os executivos se ressentem da falta de modelos para gerenciar e controlar as diversas atividades desse processo. Este projeto operacionaliza um modelo de alinhamento e analisa a sua rela\u00e7\u00e3o com o desempenho organizacional.<\/p>\n<p>Palavras-chave: alinhamento estrat\u00e9gico, execu\u00e7\u00e3o da estrat\u00e9gia, estrat\u00e9gia organizacional, desempenho organizacional.<\/p>\n<p>Parceiros\/ Patrocinadores:<\/p>\n<p>V\u00eddeo\/ Apresenta\u00e7\u00f5es:<\/p>\n<p>Participe da pesquisa:\u00a0<a href=\"http:\/\/www.pro.poli.usp.br\/alinhamento\" target=\"_blank\" rel=\"noopener noreferrer\">www.pro.poli.usp.br\/alinhamento<\/a><\/p>\n<p>Leia mais a respeito: PRIETO, V.C.; CARVALHO, M.M.; FISCHMANN, A.A. An\u00e1lise comparativa de modelos de alinhamento estrat\u00e9gico. Produ\u00e7\u00e3o, v. 19, n. 2, p. 317-331, 2009. Dispon\u00edvel em:<a href=\"http:\/\/www.scielo.br\/pdf\/prod\/v19n2\/v19n2a08.pdf\" target=\"_blank\" rel=\"noopener noreferrer\">\u00a0http:\/\/www.scielo.br\/pdf\/prod\/v19n2\/v19n2a08.pdf<\/a><\/p>\n<p>PRIETO, V.C; PEREIRA, F.L.A.; CARVALHO, M.M.; LAURINDO, F.J.B. Fatores cr\u00edticos na implementa\u00e7\u00e3o do Balanced Scorecard. Gest\u00e3o &amp; Produ\u00e7\u00e3o, v. 13, n. 1, p. 81-92. Dispon\u00edvel em:\u00a0<a href=\"http:\/\/www.scielo.br\/pdf\/gp\/v13n1\/29578.pdf\" target=\"_blank\" rel=\"noopener noreferrer\">http:\/\/www.scielo.br\/pdf\/gp\/v13n1\/29578.pdf<\/a><\/p>\n<p><a href=\"https:\/\/sites.usp.br\/lgp\/vanderli-correa\/\">Clique aqui<\/a><\/p>\n<\/div>\n<p><\/p>","protected":false},"excerpt":{"rendered":"<p>Projeto de p\u00f3s Doutorado Pesquisador:\u00a0 Dra. Vanderli Correa Prieto. Poli\/USP Contato: vanderli.prieto@usp.br Orientador\/ Coordenador do Projeto: Marly Monteiro de Carvalho,&#46;&#46;&#46;<\/p>\n","protected":false},"author":1228,"featured_media":0,"parent":0,"menu_order":0,"comment_status":"closed","ping_status":"closed","template":"","meta":{"footnotes":"","_links_to":"","_links_to_target":""},"class_list":["post-326","page","type-page","status-publish","hentry"],"_links":{"self":[{"href":"https:\/\/sites.usp.br\/lgp\/wp-json\/wp\/v2\/pages\/326","targetHints":{"allow":["GET"]}}],"collection":[{"href":"https:\/\/sites.usp.br\/lgp\/wp-json\/wp\/v2\/pages"}],"about":[{"href":"https:\/\/sites.usp.br\/lgp\/wp-json\/wp\/v2\/types\/page"}],"author":[{"embeddable":true,"href":"https:\/\/sites.usp.br\/lgp\/wp-json\/wp\/v2\/users\/1228"}],"replies":[{"embeddable":true,"href":"https:\/\/sites.usp.br\/lgp\/wp-json\/wp\/v2\/comments?post=326"}],"version-history":[{"count":4,"href":"https:\/\/sites.usp.br\/lgp\/wp-json\/wp\/v2\/pages\/326\/revisions"}],"predecessor-version":[{"id":457,"href":"https:\/\/sites.usp.br\/lgp\/wp-json\/wp\/v2\/pages\/326\/revisions\/457"}],"wp:attachment":[{"href":"https:\/\/sites.usp.br\/lgp\/wp-json\/wp\/v2\/media?parent=326"}],"curies":[{"name":"wp","href":"https:\/\/api.w.org\/{rel}","templated":true}]}}