{"id":363,"date":"2019-12-12T11:36:56","date_gmt":"2019-12-12T13:36:56","guid":{"rendered":"https:\/\/sites.usp.br\/lgp\/?page_id=363"},"modified":"2019-12-12T13:26:01","modified_gmt":"2019-12-12T15:26:01","slug":"sms-em-projetos-do-setor-petroquimico","status":"publish","type":"page","link":"https:\/\/sites.usp.br\/lgp\/sms-em-projetos-do-setor-petroquimico\/","title":{"rendered":"SMS em projetos do setor petroqu\u00edmico"},"content":{"rendered":"<p><\/p>\n<div id=\"page\">\n<div id=\"columns\">\n<div id=\"centercol\">\n<div id=\"post-386\" class=\"box post full\">\n<div class=\"content border\">\n<h1><span class=\"Apple-style-span\">Projeto de Pesquisa<\/span><\/h1>\n<div><strong>Pesquisador:\u00a0<\/strong><br \/>\n<a href=\"https:\/\/sites.usp.br\/lgp\/sms-em-projetos-do-setor-petroquimico\/joao-alexandre\/\" rel=\"attachment wp-att-364\"><img loading=\"lazy\" decoding=\"async\" class=\"alignnone size-full wp-image-364\" src=\"https:\/\/sites.usp.br\/lgp\/wp-content\/uploads\/sites\/639\/2019\/12\/Jo\u00e3o-Alexandre.jpg\" alt=\"\" width=\"115\" height=\"155\" \/><\/a><\/div>\n<div><span class=\"Apple-style-span\"><strong>Jo\u00e3o Alexandre Pinheiro Silva, Prof. Msc.<\/strong><br \/>\n<\/span><span class=\"Apple-style-span\">ESEG; UFSCar; A&amp;M Ergonomia &amp; Gest\u00e3o<br \/>\n<\/span><span class=\"Apple-style-span\">Contato: xanpinheiro@dep.ufscar.br<\/span><\/div>\n<div><strong>Pesquisador:<\/strong><br \/>\n<a href=\"https:\/\/sites.usp.br\/lgp\/identificacao-de-fatores-criticos-de-sucesso-em-projetos-um-estudo-exploratorio-2\/marly-3\/\" rel=\"attachment wp-att-287\"><img loading=\"lazy\" decoding=\"async\" class=\"alignnone size-full wp-image-287\" src=\"https:\/\/sites.usp.br\/lgp\/wp-content\/uploads\/sites\/639\/2019\/12\/marly-2.gif\" alt=\"\" width=\"133\" height=\"179\" \/><\/a><\/div>\n<div><strong>Marly Monteiro de Carvalho, Prof. Dr.<\/strong><br \/>\nPOLI\/USP<br \/>\nContato: marlymc@usp.br<\/div>\n<div>\n<p>Projeto Guarda- chuva: Sustentabilidade<\/p>\n<p>Resumo: A reestrutura\u00e7\u00e3o dos processos produtivos ao longo de toda a cadeia petroqu\u00edmica trouxe impactos sobre a divis\u00e3o do trabalho resultando em uma s\u00e9rie de novas demandas por conhecimentos e habilidades, que se agregaram as antigas j\u00e1 constru\u00eddas pelos trabalhadores, para a manuten\u00e7\u00e3o da estabilidade e confiabilidade do sistema produtivo sob sua responsabilidade.\u00a0O objetivo desta pesquisa \u00e9 identificar as quest\u00f5es relacionadas a confiabilidade humana, sa\u00fade e seguran\u00e7a no contexto do setor petroqu\u00edmico a partir da perspectiva metodol\u00f3gica da ergonomia.<\/p>\n<p>Palavras-chave: Sa\u00fade e Seguran\u00e7a no trabalho; ergonomia; setor petroqu\u00edmico<\/p>\n<p>Parceiros\/ Patrocinadores:<\/p>\n<p>V\u00eddeo\/ Apresenta\u00e7\u00f5es:<\/p>\n<p>Participe da pesquisa:<\/p>\n<p>Leia mais a respeito:\u00a0<a href=\"https:\/\/sites.usp.br\/lgp\/joao-pinheiro\/\">Clique aqui<\/a><\/p>\n<\/div>\n<\/div>\n<\/div>\n<\/div>\n<div id=\"rightcol\"><\/div>\n<div class=\"clr\"><\/div>\n<\/div>\n<div class=\"clr\"><\/div>\n<\/div>\n<div class=\"footer2\"><\/div>\n<div id=\"page_bottom\">\n<div id=\"footer\"><\/div>\n<\/div>\n<p><\/p>","protected":false},"excerpt":{"rendered":"<p>Projeto de Pesquisa Pesquisador:\u00a0 Jo\u00e3o Alexandre Pinheiro Silva, Prof. Msc. ESEG; UFSCar; A&amp;M Ergonomia &amp; Gest\u00e3o Contato: xanpinheiro@dep.ufscar.br Pesquisador: Marly&#46;&#46;&#46;<\/p>\n","protected":false},"author":1228,"featured_media":0,"parent":0,"menu_order":0,"comment_status":"closed","ping_status":"closed","template":"","meta":{"footnotes":"","_links_to":"","_links_to_target":""},"class_list":["post-363","page","type-page","status-publish","hentry"],"_links":{"self":[{"href":"https:\/\/sites.usp.br\/lgp\/wp-json\/wp\/v2\/pages\/363","targetHints":{"allow":["GET"]}}],"collection":[{"href":"https:\/\/sites.usp.br\/lgp\/wp-json\/wp\/v2\/pages"}],"about":[{"href":"https:\/\/sites.usp.br\/lgp\/wp-json\/wp\/v2\/types\/page"}],"author":[{"embeddable":true,"href":"https:\/\/sites.usp.br\/lgp\/wp-json\/wp\/v2\/users\/1228"}],"replies":[{"embeddable":true,"href":"https:\/\/sites.usp.br\/lgp\/wp-json\/wp\/v2\/comments?post=363"}],"version-history":[{"count":3,"href":"https:\/\/sites.usp.br\/lgp\/wp-json\/wp\/v2\/pages\/363\/revisions"}],"predecessor-version":[{"id":447,"href":"https:\/\/sites.usp.br\/lgp\/wp-json\/wp\/v2\/pages\/363\/revisions\/447"}],"wp:attachment":[{"href":"https:\/\/sites.usp.br\/lgp\/wp-json\/wp\/v2\/media?parent=363"}],"curies":[{"name":"wp","href":"https:\/\/api.w.org\/{rel}","templated":true}]}}