{"id":381,"date":"2019-12-12T12:06:43","date_gmt":"2019-12-12T14:06:43","guid":{"rendered":"https:\/\/sites.usp.br\/lgp\/?page_id=381"},"modified":"2019-12-12T13:40:45","modified_gmt":"2019-12-12T15:40:45","slug":"sustentabilidade-em-gestao-de-projetos","status":"publish","type":"page","link":"https:\/\/sites.usp.br\/lgp\/sustentabilidade-em-gestao-de-projetos\/","title":{"rendered":"Sustentabilidade em gest\u00e3o de Projetos"},"content":{"rendered":"<p><\/p>\n<h1><span class=\"Apple-style-span\">Projeto de Pesquisa<\/span><\/h1>\n<div><strong>Pesquisador:<\/strong><br \/>\n<a href=\"https:\/\/sites.usp.br\/lgp\/english-sustentabilidade-em-gestao-de-projetos\/roque-rabechini\/\" rel=\"attachment wp-att-271\"><img loading=\"lazy\" decoding=\"async\" class=\"alignnone size-full wp-image-271\" src=\"https:\/\/sites.usp.br\/lgp\/wp-content\/uploads\/sites\/639\/2019\/12\/roque-rabechini.gif\" alt=\"\" width=\"133\" height=\"179\" \/><\/a><\/div>\n<div><span class=\"Apple-style-span\"><strong>Roque Rabechini Jr., Prof. Dr.<\/strong><br \/>\n<\/span><span class=\"Apple-style-span\">UNINOVE<br \/>\n<\/span><span class=\"Apple-style-span\">Contato: roquejr@usp.br<\/span><\/div>\n<div><strong>Pesquisador:<\/strong><br \/>\n<a href=\"https:\/\/sites.usp.br\/lgp\/identificacao-de-fatores-criticos-de-sucesso-em-projetos-um-estudo-exploratorio-2\/marly-3\/\" rel=\"attachment wp-att-287\"><img loading=\"lazy\" decoding=\"async\" class=\"alignnone size-full wp-image-287\" src=\"https:\/\/sites.usp.br\/lgp\/wp-content\/uploads\/sites\/639\/2019\/12\/marly-2.gif\" alt=\"\" width=\"133\" height=\"179\" \/><\/a><\/div>\n<div><strong>Marly Monteiro de Carvalho, Prof. Dr.<\/strong><br \/>\nPOLI\/USP<br \/>\nContato: marlymc@usp.br<\/div>\n<div>\n<p>Projeto Guarda- chuva: Sustentabilidade<\/p>\n<p>Resumo: A inclus\u00e3o dos aspectos de desenvolvimento sustent\u00e1vel no \u00e2mbito do gerenciamento de projetos ainda \u00e9 incipiente, tanto do ponto de vista acad\u00eamico quanto pr\u00e1tico, mas urgente!Este projeto de pesquisa tem por objetivo identificar a ado\u00e7\u00e3o de processos, ferramentas e t\u00e9cnicas ligadas \u00e0 sustentabilidade em projetos. O estudo adota abordagem metodol\u00f3gica h\u00edbrida com estrat\u00e9gia qualitativa (estudo de casos) e quantitativa (survey). \u00a0O estudo prop\u00f5e\u00a0 verificar n\u00e3o somente o grau de implementa\u00e7\u00e3o como as principais lacunas para a ado\u00e7\u00e3o de pr\u00e1ticas de sustentabilidade no contexto de projetos.<\/p>\n<p>Palavras-chave: sustentabilidade, gest\u00e3o de projetos.<\/p>\n<p>Parceiros\/ Patrocinadores:<\/p>\n<p><a href=\"http:\/\/devpro.poli.usp.br\/development\/lgp2\/wp-content\/uploads\/2011\/10\/Capes-pequeno1.png\"><img loading=\"lazy\" decoding=\"async\" class=\"alignnone size-full wp-image-1001\" title=\"Capes pequeno\" src=\"http:\/\/devpro.poli.usp.br\/development\/lgp2\/wp-content\/uploads\/2011\/10\/Capes-pequeno1.png\" alt=\"\" width=\"59\" height=\"51\" \/><\/a><\/p>\n<p>V\u00eddeo\/ Apresenta\u00e7\u00f5es:<\/p>\n<p>Participe da pesquisa:<\/p>\n<p>Leia mais a respeito:<\/p>\n<\/div>\n<p><\/p>","protected":false},"excerpt":{"rendered":"<p>Projeto de Pesquisa Pesquisador: Roque Rabechini Jr., Prof. Dr. UNINOVE Contato: roquejr@usp.br Pesquisador: Marly Monteiro de Carvalho, Prof. Dr. POLI\/USP&#46;&#46;&#46;<\/p>\n","protected":false},"author":1228,"featured_media":0,"parent":0,"menu_order":0,"comment_status":"closed","ping_status":"closed","template":"","meta":{"footnotes":"","_links_to":"","_links_to_target":""},"class_list":["post-381","page","type-page","status-publish","hentry"],"_links":{"self":[{"href":"https:\/\/sites.usp.br\/lgp\/wp-json\/wp\/v2\/pages\/381","targetHints":{"allow":["GET"]}}],"collection":[{"href":"https:\/\/sites.usp.br\/lgp\/wp-json\/wp\/v2\/pages"}],"about":[{"href":"https:\/\/sites.usp.br\/lgp\/wp-json\/wp\/v2\/types\/page"}],"author":[{"embeddable":true,"href":"https:\/\/sites.usp.br\/lgp\/wp-json\/wp\/v2\/users\/1228"}],"replies":[{"embeddable":true,"href":"https:\/\/sites.usp.br\/lgp\/wp-json\/wp\/v2\/comments?post=381"}],"version-history":[{"count":3,"href":"https:\/\/sites.usp.br\/lgp\/wp-json\/wp\/v2\/pages\/381\/revisions"}],"predecessor-version":[{"id":459,"href":"https:\/\/sites.usp.br\/lgp\/wp-json\/wp\/v2\/pages\/381\/revisions\/459"}],"wp:attachment":[{"href":"https:\/\/sites.usp.br\/lgp\/wp-json\/wp\/v2\/media?parent=381"}],"curies":[{"name":"wp","href":"https:\/\/api.w.org\/{rel}","templated":true}]}}