{"id":388,"date":"2019-12-12T12:09:54","date_gmt":"2019-12-12T14:09:54","guid":{"rendered":"https:\/\/sites.usp.br\/lgp\/?page_id=388"},"modified":"2019-12-12T13:30:42","modified_gmt":"2019-12-12T15:30:42","slug":"competencias-do-gerente-de-projetos-2","status":"publish","type":"page","link":"https:\/\/sites.usp.br\/lgp\/competencias-do-gerente-de-projetos-2\/","title":{"rendered":"Compet\u00eancias do Gerente de Projetos"},"content":{"rendered":"<p><\/p>\n<div id=\"page\">\n<div id=\"columns\">\n<div id=\"centercol\">\n<div id=\"post-407\" class=\"box post full\">\n<div class=\"content border\">\n<h1><span class=\"Apple-style-span\">Projeto de Trabalho de Formatura<\/span><\/h1>\n<div><strong>Pesquisador:\u00a0<\/strong><br \/>\n<a href=\"https:\/\/sites.usp.br\/lgp\/competencias-do-gerente-de-projetos\/silvia-mayumi\/\" rel=\"attachment wp-att-323\"><img loading=\"lazy\" decoding=\"async\" class=\"alignnone size-full wp-image-323\" src=\"https:\/\/sites.usp.br\/lgp\/wp-content\/uploads\/sites\/639\/2019\/12\/silvia-mayumi.gif\" alt=\"\" width=\"133\" height=\"179\" \/><\/a><\/div>\n<div><span class=\"Apple-style-span\"><strong>Silvia Mayumi Takey<\/strong><br \/>\n<\/span><span class=\"Apple-style-span\">PROMON \u2013 Poli\/USP<br \/>\n<\/span><span class=\"Apple-style-span\">Contato: silvia.takey@usp.br<\/span><\/div>\n<div><strong>Orientador\/ Coordenador do Projeto:<\/strong><br \/>\n<a href=\"https:\/\/sites.usp.br\/lgp\/identificacao-de-fatores-criticos-de-sucesso-em-projetos-um-estudo-exploratorio-2\/marly-3\/\" rel=\"attachment wp-att-287\"><img loading=\"lazy\" decoding=\"async\" class=\"alignnone size-full wp-image-287\" src=\"https:\/\/sites.usp.br\/lgp\/wp-content\/uploads\/sites\/639\/2019\/12\/marly-2.gif\" alt=\"\" width=\"133\" height=\"179\" \/><\/a><\/div>\n<div><strong>Marly Monteiro de Carvalho, Prof. Dr.<\/strong><br \/>\nPOLI\/USP<br \/>\nContato: marlymc@usp.br<\/div>\n<div>\n<p>Projeto Guarda- chuva: Maturidade &amp; Compet\u00eancias<\/p>\n<p>Resumo: O trabalho de formatura consiste na constru\u00e7\u00e3o do mapa de compet\u00eancias individuais de gerenciamento de projetos para empresa que oferta servi\u00e7os profissionais e solu\u00e7\u00f5es integradas de engenharia. Os objetivos s\u00e3o: definir as compet\u00eancias necess\u00e1rias para cada fun\u00e7\u00e3o e n\u00edvel de senioridade de gerenciamento de projetos, estabelecer m\u00e9todos de avalia\u00e7\u00e3o eficientes e indicar os tipos de experi\u00eancia relevantes para o desenvolvimento das compet\u00eancias. Visa possibilitar a gest\u00e3o por compet\u00eancias na \u00e1rea de gerenciamento de projetos, orientando trajet\u00f3rias de carreiras profissionais, planos de capacita\u00e7\u00e3o corporativa, atribui\u00e7\u00e3o de cargos e aloca\u00e7\u00e3o dos recursos.<\/p>\n<p>Palavras-chave: compet\u00eancias; gest\u00e3o de projetos; engenharia.<\/p>\n<p>Parceiros\/ Patrocinadores:<\/p>\n<p>V\u00eddeo\/ Apresenta\u00e7\u00f5es:<\/p>\n<p>Participe da pesquisa:<\/p>\n<p>Leia mais a respeito:\u00a0<a href=\"https:\/\/sites.usp.br\/lgp\/silvia-mayumi\/\">clique aqui<\/a><\/p>\n<\/div>\n<\/div>\n<\/div>\n<\/div>\n<div id=\"rightcol\"><\/div>\n<div class=\"clr\"><\/div>\n<\/div>\n<div class=\"clr\"><\/div>\n<\/div>\n<div class=\"footer2\"><\/div>\n<div id=\"page_bottom\">\n<div id=\"footer\"><\/div>\n<\/div>\n<p><\/p>","protected":false},"excerpt":{"rendered":"<p>Projeto de Trabalho de Formatura Pesquisador:\u00a0 Silvia Mayumi Takey PROMON \u2013 Poli\/USP Contato: silvia.takey@usp.br Orientador\/ Coordenador do Projeto: Marly Monteiro&#46;&#46;&#46;<\/p>\n","protected":false},"author":1228,"featured_media":0,"parent":0,"menu_order":0,"comment_status":"closed","ping_status":"closed","template":"","meta":{"footnotes":"","_links_to":"","_links_to_target":""},"class_list":["post-388","page","type-page","status-publish","hentry"],"_links":{"self":[{"href":"https:\/\/sites.usp.br\/lgp\/wp-json\/wp\/v2\/pages\/388","targetHints":{"allow":["GET"]}}],"collection":[{"href":"https:\/\/sites.usp.br\/lgp\/wp-json\/wp\/v2\/pages"}],"about":[{"href":"https:\/\/sites.usp.br\/lgp\/wp-json\/wp\/v2\/types\/page"}],"author":[{"embeddable":true,"href":"https:\/\/sites.usp.br\/lgp\/wp-json\/wp\/v2\/users\/1228"}],"replies":[{"embeddable":true,"href":"https:\/\/sites.usp.br\/lgp\/wp-json\/wp\/v2\/comments?post=388"}],"version-history":[{"count":2,"href":"https:\/\/sites.usp.br\/lgp\/wp-json\/wp\/v2\/pages\/388\/revisions"}],"predecessor-version":[{"id":454,"href":"https:\/\/sites.usp.br\/lgp\/wp-json\/wp\/v2\/pages\/388\/revisions\/454"}],"wp:attachment":[{"href":"https:\/\/sites.usp.br\/lgp\/wp-json\/wp\/v2\/media?parent=388"}],"curies":[{"name":"wp","href":"https:\/\/api.w.org\/{rel}","templated":true}]}}